{"id":8094,"date":"2024-04-17T18:33:29","date_gmt":"2024-04-17T16:33:29","guid":{"rendered":"https:\/\/fotomagico.com\/?page_id=8094"},"modified":"2024-07-03T13:35:38","modified_gmt":"2024-07-03T11:35:38","slug":"nyheter_fotomagico","status":"publish","type":"page","link":"https:\/\/fotomagico.com\/sv\/news_fotomagico\/","title":{"rendered":"Nyheter FotoMagico"},"content":{"rendered":"<div data-elementor-type=\"wp-page\" data-elementor-id=\"8094\" class=\"elementor elementor-8094\" data-elementor-post-type=\"page\">\n\t\t\t\t<div class=\"elementor-element elementor-element-4ab966b e-flex e-con-boxed e-con e-parent\" data-id=\"4ab966b\" data-element_type=\"container\" data-e-type=\"container\">\n\t\t\t\t\t<div class=\"e-con-inner\">\n\t\t<div class=\"elementor-element elementor-element-6bb9a05 e-con-full e-flex e-con e-child\" data-id=\"6bb9a05\" data-element_type=\"container\" data-e-type=\"container\">\n\t\t<div class=\"elementor-element elementor-element-172cbf6 e-con-full e-flex e-con e-child\" data-id=\"172cbf6\" data-element_type=\"container\" data-e-type=\"container\">\n\t\t\t\t<div class=\"elementor-element elementor-element-17c5500 elementor-widget elementor-widget-heading\" data-id=\"17c5500\" data-element_type=\"widget\" data-e-type=\"widget\" data-widget_type=\"heading.default\">\n\t\t\t\t<div class=\"elementor-widget-container\">\n\t\t\t\t\t<h1 class=\"elementor-heading-title elementor-size-default\">FotoMagico Nyheter<\/h1>\t\t\t\t<\/div>\n\t\t\t\t<\/div>\n\t\t\t\t<div class=\"elementor-element elementor-element-645889c elementor-widget elementor-widget-text-editor\" data-id=\"645889c\" data-element_type=\"widget\" data-e-type=\"widget\" data-widget_type=\"text-editor.default\">\n\t\t\t\t<div class=\"elementor-widget-container\">\n\t\t\t\t\t\t\t\t\t<p class=\"p1\">H\u00e5ll dig uppdaterad med den senaste utvecklingen, tips och handledning f\u00f6r FotoMagico, den fr\u00e4msta bildspelsredigeraren f\u00f6r Mac. Oavsett om du \u00e4r ett erfaret proffs eller en passionerad hobbyist ger FotoMagico News dig insiktsfulla artiklar, funktionsuppdateringar och kreativ inspiration som hj\u00e4lper dig att f\u00e5 ut det mesta av dina bildspelspresentationer.<\/p>\t\t\t\t\t\t\t\t<\/div>\n\t\t\t\t<\/div>\n\t\t\t\t<\/div>\n\t\t\t\t<div class=\"elementor-element elementor-element-e065f64 elementor-grid-3 elementor-grid-tablet-2 elementor-grid-mobile-1 elementor-posts--thumbnail-top elementor-posts--show-avatar elementor-card-shadow-yes elementor-posts__hover-gradient elementor-widget elementor-widget-posts\" data-id=\"e065f64\" data-element_type=\"widget\" data-e-type=\"widget\" data-settings=\"{&quot;pagination_type&quot;:&quot;load_more_infinite_scroll&quot;,&quot;cards_columns&quot;:&quot;3&quot;,&quot;cards_columns_tablet&quot;:&quot;2&quot;,&quot;cards_columns_mobile&quot;:&quot;1&quot;,&quot;cards_row_gap&quot;:{&quot;unit&quot;:&quot;px&quot;,&quot;size&quot;:35,&quot;sizes&quot;:[]},&quot;cards_row_gap_tablet&quot;:{&quot;unit&quot;:&quot;px&quot;,&quot;size&quot;:&quot;&quot;,&quot;sizes&quot;:[]},&quot;cards_row_gap_mobile&quot;:{&quot;unit&quot;:&quot;px&quot;,&quot;size&quot;:&quot;&quot;,&quot;sizes&quot;:[]},&quot;load_more_spinner&quot;:{&quot;value&quot;:&quot;fas fa-spinner&quot;,&quot;library&quot;:&quot;fa-solid&quot;}}\" data-widget_type=\"posts.cards\">\n\t\t\t\t<div class=\"elementor-widget-container\">\n\t\t\t\t\t\t\t<div class=\"elementor-posts-container elementor-posts elementor-posts--skin-cards elementor-grid\" role=\"list\">\n\t\t\t\t<article class=\"elementor-post elementor-grid-item post-8808 post type-post status-publish format-standard has-post-thumbnail hentry category-news\" role=\"listitem\">\n\t\t\t<div class=\"elementor-post__card\">\n\t\t\t\t<a class=\"elementor-post__thumbnail__link\" href=\"https:\/\/fotomagico.com\/sv\/exciting-news-fotomagico-6-7-1-update-now-available\/\" tabindex=\"-1\" ><div class=\"elementor-post__thumbnail\"><picture><source srcset=\"https:\/\/fotomagico.com\/wp-content\/uploads\/2024\/09\/IMAGE-2024-06-10-195336-300x168.jpg.webp 300w, https:\/\/fotomagico.com\/wp-content\/uploads\/2024\/09\/IMAGE-2024-06-10-195336-1024x574.jpg.webp 1024w, https:\/\/fotomagico.com\/wp-content\/uploads\/2024\/09\/IMAGE-2024-06-10-195336-768x431.jpg.webp 768w, https:\/\/fotomagico.com\/wp-content\/uploads\/2024\/09\/IMAGE-2024-06-10-195336-18x10.jpg.webp 18w, https:\/\/fotomagico.com\/wp-content\/uploads\/2024\/09\/IMAGE-2024-06-10-195336.jpg.webp 1280w\" sizes=\"(max-width: 300px) 100vw, 300px\" type=\"image\/webp\"><img fetchpriority=\"high\" decoding=\"async\" width=\"300\" height=\"168\" src=\"https:\/\/fotomagico.com\/wp-content\/uploads\/2024\/09\/IMAGE-2024-06-10-195336-300x168.jpg\" class=\"attachment-medium size-medium wp-image-8811 webpexpress-processed\" alt=\"\" srcset=\"https:\/\/fotomagico.com\/wp-content\/uploads\/2024\/09\/IMAGE-2024-06-10-195336-300x168.jpg 300w, https:\/\/fotomagico.com\/wp-content\/uploads\/2024\/09\/IMAGE-2024-06-10-195336-1024x574.jpg 1024w, https:\/\/fotomagico.com\/wp-content\/uploads\/2024\/09\/IMAGE-2024-06-10-195336-768x431.jpg 768w, https:\/\/fotomagico.com\/wp-content\/uploads\/2024\/09\/IMAGE-2024-06-10-195336-18x10.jpg 18w, https:\/\/fotomagico.com\/wp-content\/uploads\/2024\/09\/IMAGE-2024-06-10-195336.jpg 1280w\" sizes=\"(max-width: 300px) 100vw, 300px\"><\/picture><\/div><\/a>\n\t\t\t\t<div class=\"elementor-post__avatar\">\n\t\t\t\t\t<\/div>\n\t\t\t\t<div class=\"elementor-post__text\">\n\t\t\t\t<h3 class=\"elementor-post__title\">\n\t\t\t<a href=\"https:\/\/fotomagico.com\/sv\/exciting-news-fotomagico-6-7-1-update-now-available\/\" >\n\t\t\t\tSp\u00e4nnande nyheter: FotoMagico 6.7.1 Uppdatering nu tillg\u00e4nglig!\t\t\t<\/a>\n\t\t<\/h3>\n\t\t\n\t\t<a class=\"elementor-post__read-more\" href=\"https:\/\/fotomagico.com\/sv\/exciting-news-fotomagico-6-7-1-update-now-available\/\" aria-label=\"L\u00e4s mer om Sp\u00e4nnande nyheter: FotoMagico 6.7.1 Uppdatering nu tillg\u00e4nglig!\" tabindex=\"-1\" >\n\t\t\tL\u00e4s mer \"\t\t<\/a>\n\n\t\t\t\t<\/div>\n\t\t\t\t<div class=\"elementor-post__meta-data\">\n\t\t\t\t\t<span class=\"elementor-post-date\">\n\t\t\t17 september 2024\t\t<\/span>\n\t\t\t\t<\/div>\n\t\t\t\t\t<\/div>\n\t\t<\/article>\n\t\t\t\t<article class=\"elementor-post elementor-grid-item post-8775 post type-post status-publish format-standard has-post-thumbnail hentry category-news category-allgemein tag-fotomagico\" role=\"listitem\">\n\t\t\t<div class=\"elementor-post__card\">\n\t\t\t\t<a class=\"elementor-post__thumbnail__link\" href=\"https:\/\/fotomagico.com\/sv\/new-fotomagico-remote\/\" tabindex=\"-1\" ><div class=\"elementor-post__thumbnail\"><picture><source srcset=\"https:\/\/fotomagico.com\/wp-content\/uploads\/2024\/08\/ipad-laptop-Remote-1-300x200.jpg.webp 300w, https:\/\/fotomagico.com\/wp-content\/uploads\/2024\/08\/ipad-laptop-Remote-1-1024x682.jpg.webp 1024w, https:\/\/fotomagico.com\/wp-content\/uploads\/2024\/08\/ipad-laptop-Remote-1-768x512.jpg.webp 768w, https:\/\/fotomagico.com\/wp-content\/uploads\/2024\/08\/ipad-laptop-Remote-1-18x12.jpg.webp 18w, https:\/\/fotomagico.com\/wp-content\/uploads\/2024\/08\/ipad-laptop-Remote-1.jpg.webp 1400w\" sizes=\"(max-width: 300px) 100vw, 300px\" type=\"image\/webp\"><img decoding=\"async\" width=\"300\" height=\"200\" src=\"https:\/\/fotomagico.com\/wp-content\/uploads\/2024\/08\/ipad-laptop-Remote-1-300x200.jpg\" class=\"attachment-medium size-medium wp-image-8734 webpexpress-processed\" alt=\"\" srcset=\"https:\/\/fotomagico.com\/wp-content\/uploads\/2024\/08\/ipad-laptop-Remote-1-300x200.jpg 300w, https:\/\/fotomagico.com\/wp-content\/uploads\/2024\/08\/ipad-laptop-Remote-1-1024x682.jpg 1024w, https:\/\/fotomagico.com\/wp-content\/uploads\/2024\/08\/ipad-laptop-Remote-1-768x512.jpg 768w, https:\/\/fotomagico.com\/wp-content\/uploads\/2024\/08\/ipad-laptop-Remote-1-18x12.jpg 18w, https:\/\/fotomagico.com\/wp-content\/uploads\/2024\/08\/ipad-laptop-Remote-1.jpg 1400w\" sizes=\"(max-width: 300px) 100vw, 300px\"><\/picture><\/div><\/a>\n\t\t\t\t<div class=\"elementor-post__avatar\">\n\t\t\t\t\t<\/div>\n\t\t\t\t<div class=\"elementor-post__text\">\n\t\t\t\t<h3 class=\"elementor-post__title\">\n\t\t\t<a href=\"https:\/\/fotomagico.com\/sv\/new-fotomagico-remote\/\" >\n\t\t\t\t\ud83d\udce2 - Ny - FotoMagico Fj\u00e4rrkontroll\t\t\t<\/a>\n\t\t<\/h3>\n\t\t\n\t\t<a class=\"elementor-post__read-more\" href=\"https:\/\/fotomagico.com\/sv\/new-fotomagico-remote\/\" aria-label=\"L\u00e4s mer om \ud83d\udce2 - Ny - FotoMagico Remote\" tabindex=\"-1\" >\n\t\t\tL\u00e4s mer \"\t\t<\/a>\n\n\t\t\t\t<\/div>\n\t\t\t\t<div class=\"elementor-post__meta-data\">\n\t\t\t\t\t<span class=\"elementor-post-date\">\n\t\t\t8 augusti 2024\t\t<\/span>\n\t\t\t\t<\/div>\n\t\t\t\t\t<\/div>\n\t\t<\/article>\n\t\t\t\t<article class=\"elementor-post elementor-grid-item post-8336 post type-post status-publish format-standard has-post-thumbnail hentry category-news category-pressrelease\" role=\"listitem\">\n\t\t\t<div class=\"elementor-post__card\">\n\t\t\t\t<a class=\"elementor-post__thumbnail__link\" href=\"https:\/\/fotomagico.com\/sv\/exciting-updates-in-fotomagico-6-6-may-2024\/\" tabindex=\"-1\" ><div class=\"elementor-post__thumbnail\"><picture><source srcset=\"https:\/\/fotomagico.com\/wp-content\/uploads\/2024\/05\/fotomagico_6_6_wordpress-Cover-300x195.jpg.webp 300w, https:\/\/fotomagico.com\/wp-content\/uploads\/2024\/05\/fotomagico_6_6_wordpress-Cover-1024x666.jpg.webp 1024w, https:\/\/fotomagico.com\/wp-content\/uploads\/2024\/05\/fotomagico_6_6_wordpress-Cover-768x500.jpg.webp 768w, https:\/\/fotomagico.com\/wp-content\/uploads\/2024\/05\/fotomagico_6_6_wordpress-Cover-1536x999.jpg.webp 1536w, https:\/\/fotomagico.com\/wp-content\/uploads\/2024\/05\/fotomagico_6_6_wordpress-Cover-18x12.jpg.webp 18w, https:\/\/fotomagico.com\/wp-content\/uploads\/2024\/05\/fotomagico_6_6_wordpress-Cover.jpg.webp 1660w\" sizes=\"(max-width: 300px) 100vw, 300px\" type=\"image\/webp\"><img decoding=\"async\" width=\"300\" height=\"195\" src=\"https:\/\/fotomagico.com\/wp-content\/uploads\/2024\/05\/fotomagico_6_6_wordpress-Cover-300x195.jpg\" class=\"attachment-medium size-medium wp-image-8311 webpexpress-processed\" alt=\"\" srcset=\"https:\/\/fotomagico.com\/wp-content\/uploads\/2024\/05\/fotomagico_6_6_wordpress-Cover-300x195.jpg 300w, https:\/\/fotomagico.com\/wp-content\/uploads\/2024\/05\/fotomagico_6_6_wordpress-Cover-1024x666.jpg 1024w, https:\/\/fotomagico.com\/wp-content\/uploads\/2024\/05\/fotomagico_6_6_wordpress-Cover-768x500.jpg 768w, https:\/\/fotomagico.com\/wp-content\/uploads\/2024\/05\/fotomagico_6_6_wordpress-Cover-1536x999.jpg 1536w, https:\/\/fotomagico.com\/wp-content\/uploads\/2024\/05\/fotomagico_6_6_wordpress-Cover-18x12.jpg 18w, https:\/\/fotomagico.com\/wp-content\/uploads\/2024\/05\/fotomagico_6_6_wordpress-Cover.jpg 1660w\" sizes=\"(max-width: 300px) 100vw, 300px\"><\/picture><\/div><\/a>\n\t\t\t\t<div class=\"elementor-post__avatar\">\n\t\t\t\t\t<\/div>\n\t\t\t\t<div class=\"elementor-post__text\">\n\t\t\t\t<h3 class=\"elementor-post__title\">\n\t\t\t<a href=\"https:\/\/fotomagico.com\/sv\/exciting-updates-in-fotomagico-6-6-may-2024\/\" >\n\t\t\t\tSp\u00e4nnande uppdateringar i FotoMagico 6.6 - maj 2024\t\t\t<\/a>\n\t\t<\/h3>\n\t\t\n\t\t<a class=\"elementor-post__read-more\" href=\"https:\/\/fotomagico.com\/sv\/exciting-updates-in-fotomagico-6-6-may-2024\/\" aria-label=\"L\u00e4s mer om Sp\u00e4nnande uppdateringar i FotoMagico 6.6 - maj 2024\" tabindex=\"-1\" >\n\t\t\tL\u00e4s mer \"\t\t<\/a>\n\n\t\t\t\t<\/div>\n\t\t\t\t<div class=\"elementor-post__meta-data\">\n\t\t\t\t\t<span class=\"elementor-post-date\">\n\t\t\t14 maj 2024\t\t<\/span>\n\t\t\t\t<\/div>\n\t\t\t\t\t<\/div>\n\t\t<\/article>\n\t\t\t\t<article class=\"elementor-post elementor-grid-item post-7942 post type-post status-publish format-standard has-post-thumbnail hentry category-news tag-addon tag-fotomagico tag-music-pack\" role=\"listitem\">\n\t\t\t<div class=\"elementor-post__card\">\n\t\t\t\t<a class=\"elementor-post__thumbnail__link\" href=\"https:\/\/fotomagico.com\/sv\/new-music-pack-10\/\" tabindex=\"-1\" ><div class=\"elementor-post__thumbnail\"><picture><source srcset=\"https:\/\/fotomagico.com\/wp-content\/uploads\/2024\/03\/Soundtrack-300x300.png.webp 300w, https:\/\/fotomagico.com\/wp-content\/uploads\/2024\/03\/Soundtrack-150x150.png.webp 150w, https:\/\/fotomagico.com\/wp-content\/uploads\/2024\/03\/Soundtrack-12x12.png.webp 12w, https:\/\/fotomagico.com\/wp-content\/uploads\/2024\/03\/Soundtrack.png.webp 512w\" sizes=\"(max-width: 300px) 100vw, 300px\" type=\"image\/webp\"><img loading=\"lazy\" decoding=\"async\" width=\"300\" height=\"300\" src=\"https:\/\/fotomagico.com\/wp-content\/uploads\/2024\/03\/Soundtrack-300x300.png\" class=\"attachment-medium size-medium wp-image-7950 webpexpress-processed\" alt=\"\" srcset=\"https:\/\/fotomagico.com\/wp-content\/uploads\/2024\/03\/Soundtrack-300x300.png 300w, https:\/\/fotomagico.com\/wp-content\/uploads\/2024\/03\/Soundtrack-150x150.png 150w, https:\/\/fotomagico.com\/wp-content\/uploads\/2024\/03\/Soundtrack-12x12.png 12w, https:\/\/fotomagico.com\/wp-content\/uploads\/2024\/03\/Soundtrack.png 512w\" sizes=\"(max-width: 300px) 100vw, 300px\"><\/picture><\/div><\/a>\n\t\t\t\t<div class=\"elementor-post__avatar\">\n\t\t\t\t\t<\/div>\n\t\t\t\t<div class=\"elementor-post__text\">\n\t\t\t\t<h3 class=\"elementor-post__title\">\n\t\t\t<a href=\"https:\/\/fotomagico.com\/sv\/new-music-pack-10\/\" >\n\t\t\t\tNytt inkluderat - Music Pack 10\t\t\t<\/a>\n\t\t<\/h3>\n\t\t\n\t\t<a class=\"elementor-post__read-more\" href=\"https:\/\/fotomagico.com\/sv\/new-music-pack-10\/\" aria-label=\"L\u00e4s mer om New included - Music Pack 10\" tabindex=\"-1\" >\n\t\t\tL\u00e4s mer \"\t\t<\/a>\n\n\t\t\t\t<\/div>\n\t\t\t\t<div class=\"elementor-post__meta-data\">\n\t\t\t\t\t<span class=\"elementor-post-date\">\n\t\t\t18 mars 2024\t\t<\/span>\n\t\t\t\t<\/div>\n\t\t\t\t\t<\/div>\n\t\t<\/article>\n\t\t\t\t<article class=\"elementor-post elementor-grid-item post-7508 post type-post status-publish format-standard has-post-thumbnail hentry category-news category-pressrelease\" role=\"listitem\">\n\t\t\t<div class=\"elementor-post__card\">\n\t\t\t\t<a class=\"elementor-post__thumbnail__link\" href=\"https:\/\/fotomagico.com\/sv\/elevating-photo-storytelling-peakto-and-fotomagicos-unified-approach\/\" tabindex=\"-1\" ><div class=\"elementor-post__thumbnail\"><img loading=\"lazy\" decoding=\"async\" width=\"300\" height=\"169\" src=\"https:\/\/fotomagico.com\/wp-content\/uploads\/2023\/10\/37874000013495271_zc_v1_1698241722178_fotomagico_visuel.005_copy-300x169.webp\" class=\"attachment-medium size-medium wp-image-7509\" alt=\"\" srcset=\"https:\/\/fotomagico.com\/wp-content\/uploads\/2023\/10\/37874000013495271_zc_v1_1698241722178_fotomagico_visuel.005_copy-300x169.webp 300w, https:\/\/fotomagico.com\/wp-content\/uploads\/2023\/10\/37874000013495271_zc_v1_1698241722178_fotomagico_visuel.005_copy-18x10.webp 18w, https:\/\/fotomagico.com\/wp-content\/uploads\/2023\/10\/37874000013495271_zc_v1_1698241722178_fotomagico_visuel.005_copy.webp 600w\" sizes=\"(max-width: 300px) 100vw, 300px\" \/><\/div><\/a>\n\t\t\t\t<div class=\"elementor-post__avatar\">\n\t\t\t\t\t<\/div>\n\t\t\t\t<div class=\"elementor-post__text\">\n\t\t\t\t<h3 class=\"elementor-post__title\">\n\t\t\t<a href=\"https:\/\/fotomagico.com\/sv\/elevating-photo-storytelling-peakto-and-fotomagicos-unified-approach\/\" >\n\t\t\t\tF\u00f6rb\u00e4ttra ber\u00e4ttandet om foton: Peakto och FotoMagicos enhetliga tillv\u00e4gag\u00e5ngss\u00e4tt\t\t\t<\/a>\n\t\t<\/h3>\n\t\t\n\t\t<a class=\"elementor-post__read-more\" href=\"https:\/\/fotomagico.com\/sv\/elevating-photo-storytelling-peakto-and-fotomagicos-unified-approach\/\" aria-label=\"L\u00e4s mer om Att lyfta fram fotostorytelling: Peakto och FotoMagicos enhetliga tillv\u00e4gag\u00e5ngss\u00e4tt\" tabindex=\"-1\" >\n\t\t\tL\u00e4s mer \"\t\t<\/a>\n\n\t\t\t\t<\/div>\n\t\t\t\t<div class=\"elementor-post__meta-data\">\n\t\t\t\t\t<span class=\"elementor-post-date\">\n\t\t\t30 oktober 2023\t\t<\/span>\n\t\t\t\t<\/div>\n\t\t\t\t\t<\/div>\n\t\t<\/article>\n\t\t\t\t<article class=\"elementor-post elementor-grid-item post-7108 post type-post status-publish format-standard has-post-thumbnail hentry category-news tag-fotomagico-6-5 tag-update\" role=\"listitem\">\n\t\t\t<div class=\"elementor-post__card\">\n\t\t\t\t<a class=\"elementor-post__thumbnail__link\" href=\"https:\/\/fotomagico.com\/sv\/introducing-fotomagico-6-5-the-next-evolution-in-photo-presentation-software\/\" tabindex=\"-1\" ><div class=\"elementor-post__thumbnail\"><picture><source srcset=\"https:\/\/fotomagico.com\/wp-content\/uploads\/2023\/09\/CleanShot-Film-Noir-1440-300x204.jpg.webp 300w, https:\/\/fotomagico.com\/wp-content\/uploads\/2023\/09\/CleanShot-Film-Noir-1440-1024x698.jpg.webp 1024w, https:\/\/fotomagico.com\/wp-content\/uploads\/2023\/09\/CleanShot-Film-Noir-1440-768x523.jpg.webp 768w, https:\/\/fotomagico.com\/wp-content\/uploads\/2023\/09\/CleanShot-Film-Noir-1440-18x12.jpg.webp 18w, https:\/\/fotomagico.com\/wp-content\/uploads\/2023\/09\/CleanShot-Film-Noir-1440.jpg.webp 1440w\" sizes=\"(max-width: 300px) 100vw, 300px\" type=\"image\/webp\"><img loading=\"lazy\" decoding=\"async\" width=\"300\" height=\"204\" src=\"https:\/\/fotomagico.com\/wp-content\/uploads\/2023\/09\/CleanShot-Film-Noir-1440-300x204.jpg\" class=\"attachment-medium size-medium wp-image-7151 webpexpress-processed\" alt=\"\" srcset=\"https:\/\/fotomagico.com\/wp-content\/uploads\/2023\/09\/CleanShot-Film-Noir-1440-300x204.jpg 300w, https:\/\/fotomagico.com\/wp-content\/uploads\/2023\/09\/CleanShot-Film-Noir-1440-1024x698.jpg 1024w, https:\/\/fotomagico.com\/wp-content\/uploads\/2023\/09\/CleanShot-Film-Noir-1440-768x523.jpg 768w, https:\/\/fotomagico.com\/wp-content\/uploads\/2023\/09\/CleanShot-Film-Noir-1440-18x12.jpg 18w, https:\/\/fotomagico.com\/wp-content\/uploads\/2023\/09\/CleanShot-Film-Noir-1440.jpg 1440w\" sizes=\"(max-width: 300px) 100vw, 300px\"><\/picture><\/div><\/a>\n\t\t\t\t<div class=\"elementor-post__avatar\">\n\t\t\t\t\t<\/div>\n\t\t\t\t<div class=\"elementor-post__text\">\n\t\t\t\t<h3 class=\"elementor-post__title\">\n\t\t\t<a href=\"https:\/\/fotomagico.com\/sv\/introducing-fotomagico-6-5-the-next-evolution-in-photo-presentation-software\/\" >\n\t\t\t\tFotoMagico 6.5: N\u00e4sta utveckling inom programvara f\u00f6r presentation av foton\t\t\t<\/a>\n\t\t<\/h3>\n\t\t\n\t\t<a class=\"elementor-post__read-more\" href=\"https:\/\/fotomagico.com\/sv\/introducing-fotomagico-6-5-the-next-evolution-in-photo-presentation-software\/\" aria-label=\"L\u00e4s mer om Introduktion av FotoMagico 6.5: N\u00e4sta utveckling inom programvara f\u00f6r bildpresentation\" tabindex=\"-1\" >\n\t\t\tL\u00e4s mer \"\t\t<\/a>\n\n\t\t\t\t<\/div>\n\t\t\t\t<div class=\"elementor-post__meta-data\">\n\t\t\t\t\t<span class=\"elementor-post-date\">\n\t\t\t7. september 2023\t\t<\/span>\n\t\t\t\t<\/div>\n\t\t\t\t\t<\/div>\n\t\t<\/article>\n\t\t\t\t<\/div>\n\t\t\t\t\t<span class=\"e-load-more-spinner\">\n\t\t\t\t<svg aria-hidden=\"true\" class=\"e-font-icon-svg e-fas-spinner\" viewbox=\"0 0 512 512\" xmlns=\"http:\/\/www.w3.org\/2000\/svg\"><path d=\"M304 48c0 26.51-21.49 48-48 48s-48-21.49-48-48 21.49-48 48-48 48 21.49 48 48zm-48 368c-26.51 0-48 21.49-48 48s21.49 48 48 48 48-21.49 48-48-21.49-48-48-48zm208-208c-26.51 0-48 21.49-48 48s21.49 48 48 48 48-21.49 48-48-21.49-48-48-48zM96 256c0-26.51-21.49-48-48-48S0 229.49 0 256s21.49 48 48 48 48-21.49 48-48zm12.922 99.078c-26.51 0-48 21.49-48 48s21.49 48 48 48 48-21.49 48-48c0-26.509-21.491-48-48-48zm294.156 0c-26.51 0-48 21.49-48 48s21.49 48 48 48 48-21.49 48-48c0-26.509-21.49-48-48-48zM108.922 60.922c-26.51 0-48 21.49-48 48s21.49 48 48 48 48-21.49 48-48-21.491-48-48-48z\"><\/path><\/svg>\t\t\t<\/span>\n\t\t\n\t\t\t\t<div class=\"e-load-more-anchor\" data-page=\"1\" data-max-page=\"4\" data-next-page=\"https:\/\/fotomagico.com\/sv\/wp-json\/wp\/v2\/pages\/8094\/page\/2\/\"><\/div>\n\t\t\t\t<div class=\"e-load-more-message\"><\/div>\n\t\t\t\t\t\t<\/div>\n\t\t\t\t<\/div>\n\t\t\t\t<\/div>\n\t\t\t\t\t<\/div>\n\t\t\t\t<\/div>\n\t\t\t\t<\/div>","protected":false},"excerpt":{"rendered":"<p>FotoMagico News H\u00e5ll dig uppdaterad med den senaste utvecklingen, tips och handledning f\u00f6r FotoMagico, den fr\u00e4msta bildspelsredigeraren f\u00f6r Mac. Oavsett om du \u00e4r ett erfaret proffs eller en passionerad hobbyist, ger FotoMagico News dig insiktsfulla artiklar, funktioner<\/p>","protected":false},"author":1,"featured_media":0,"parent":0,"menu_order":0,"comment_status":"closed","ping_status":"closed","template":"","meta":{"_acf_changed":false,"footnotes":""},"class_list":["post-8094","page","type-page","status-publish","hentry"],"acf":[],"_links":{"self":[{"href":"https:\/\/fotomagico.com\/sv\/wp-json\/wp\/v2\/pages\/8094","targetHints":{"allow":["GET"]}}],"collection":[{"href":"https:\/\/fotomagico.com\/sv\/wp-json\/wp\/v2\/pages"}],"about":[{"href":"https:\/\/fotomagico.com\/sv\/wp-json\/wp\/v2\/types\/page"}],"author":[{"embeddable":true,"href":"https:\/\/fotomagico.com\/sv\/wp-json\/wp\/v2\/users\/1"}],"replies":[{"embeddable":true,"href":"https:\/\/fotomagico.com\/sv\/wp-json\/wp\/v2\/comments?post=8094"}],"version-history":[{"count":5,"href":"https:\/\/fotomagico.com\/sv\/wp-json\/wp\/v2\/pages\/8094\/revisions"}],"predecessor-version":[{"id":8638,"href":"https:\/\/fotomagico.com\/sv\/wp-json\/wp\/v2\/pages\/8094\/revisions\/8638"}],"wp:attachment":[{"href":"https:\/\/fotomagico.com\/sv\/wp-json\/wp\/v2\/media?parent=8094"}],"curies":[{"name":"wp","href":"https:\/\/api.w.org\/{rel}","templated":true}]}}