{"id":5776,"date":"2023-03-01T19:31:55","date_gmt":"2023-03-01T18:31:55","guid":{"rendered":"https:\/\/fotomagico.com\/?page_id=5776"},"modified":"2024-05-14T15:19:07","modified_gmt":"2024-05-14T13:19:07","slug":"ai-verktyg","status":"publish","type":"page","link":"https:\/\/fotomagico.com\/sv\/ai-tools\/","title":{"rendered":"Ai Verktyg"},"content":{"rendered":"<div data-elementor-type=\"wp-page\" data-elementor-id=\"5776\" class=\"elementor elementor-5776\" data-elementor-post-type=\"page\">\n\t\t\t\t<div class=\"elementor-element elementor-element-84f9474 e-flex e-con-boxed e-con e-parent\" data-id=\"84f9474\" data-element_type=\"container\" data-e-type=\"container\">\n\t\t\t\t\t<div class=\"e-con-inner\">\n\t\t<div class=\"elementor-element elementor-element-fb70a3e e-con-full e-flex e-con e-child\" data-id=\"fb70a3e\" data-element_type=\"container\" data-e-type=\"container\">\n\t\t\t\t<div class=\"elementor-element elementor-element-8f2c781 elementor-widget elementor-widget-heading\" data-id=\"8f2c781\" data-element_type=\"widget\" data-e-type=\"widget\" data-widget_type=\"heading.default\">\n\t\t\t\t<div class=\"elementor-widget-container\">\n\t\t\t\t\t<h1 class=\"elementor-heading-title elementor-size-default\">Ai Verktyg<\/h1>\t\t\t\t<\/div>\n\t\t\t\t<\/div>\n\t\t\t\t<div class=\"elementor-element elementor-element-0444eee elementor-widget elementor-widget-heading\" data-id=\"0444eee\" data-element_type=\"widget\" data-e-type=\"widget\" data-widget_type=\"heading.default\">\n\t\t\t\t<div class=\"elementor-widget-container\">\n\t\t\t\t\t<h4 class=\"elementor-heading-title elementor-size-default\">Letar du efter ett s\u00e4tt att spara tid och effektivisera ditt arbetsfl\u00f6de f\u00f6r foto- och videoredigering? <\/h4>\t\t\t\t<\/div>\n\t\t\t\t<\/div>\n\t\t\t\t<\/div>\n\t\t\t\t\t<\/div>\n\t\t\t\t<\/div>\n\t\t<div class=\"elementor-element elementor-element-0f6578c e-flex e-con-boxed e-con e-parent\" data-id=\"0f6578c\" data-element_type=\"container\" data-e-type=\"container\">\n\t\t\t\t\t<div class=\"e-con-inner\">\n\t\t\t\t<div class=\"elementor-element elementor-element-067d84f elementor-widget elementor-widget-heading\" data-id=\"067d84f\" data-element_type=\"widget\" data-e-type=\"widget\" data-widget_type=\"heading.default\">\n\t\t\t\t<div class=\"elementor-widget-container\">\n\t\t\t\t\t<h3 class=\"elementor-heading-title elementor-size-default\">Dynamiska animationer\n <sup>Ai<\/sup><\/h3>\t\t\t\t<\/div>\n\t\t\t\t<\/div>\n\t\t<div class=\"elementor-element elementor-element-54cb190 e-flex e-con-boxed e-con e-child\" data-id=\"54cb190\" data-element_type=\"container\" data-e-type=\"container\">\n\t\t\t\t\t<div class=\"e-con-inner\">\n\t\t\t\t<div class=\"elementor-element elementor-element-e375ae4 elementor-widget elementor-widget-video\" data-id=\"e375ae4\" data-element_type=\"widget\" data-e-type=\"widget\" data-settings=\"{&quot;video_type&quot;:&quot;hosted&quot;,&quot;autoplay&quot;:&quot;yes&quot;,&quot;mute&quot;:&quot;yes&quot;,&quot;loop&quot;:&quot;yes&quot;}\" data-widget_type=\"video.default\">\n\t\t\t\t<div class=\"elementor-widget-container\">\n\t\t\t\t\t\t\t<div class=\"e-hosted-video elementor-wrapper elementor-open-inline\">\n\t\t\t\t\t<video class=\"elementor-video\" src=\"https:\/\/fotomagico.com\/wp-content\/uploads\/2024\/05\/fotomagico_6_6_wordpress.mp4\" autoplay=\"\" loop=\"\" muted=\"muted\" controlslist=\"nodownload\" poster=\"https:\/\/fotomagico.com\/wp-content\/uploads\/2024\/05\/fotomagico_6_6_wordpress-Cover.jpg\"><\/video>\n\t\t\t\t<\/div>\n\t\t\t\t\t\t<\/div>\n\t\t\t\t<\/div>\n\t\t\t\t\t<\/div>\n\t\t\t\t<\/div>\n\t\t\t\t<div class=\"elementor-element elementor-element-f33559f elementor-widget elementor-widget-text-editor\" data-id=\"f33559f\" data-element_type=\"widget\" data-e-type=\"widget\" data-widget_type=\"text-editor.default\">\n\t\t\t\t<div class=\"elementor-widget-container\">\n\t\t\t\t\t\t\t\t\t<h4>AI-bildanalys f\u00f6r dynamiska animationer<\/h4><p class=\"translation-block\">F\u00f6rh\u00f6j dina bildspel med det senaste genombrottet fr\u00e5n FotoMagico: <b>AI Image Analysis!<\/b> Denna innovativa funktion f\u00f6rb\u00e4ttrar automatiska panorerings- och zoomanimationer, vilket s\u00e4kerst\u00e4ller att varje bild i ditt bildspel k\u00e4nns levande och engagerande. Med AI-drivna insikter ramar FotoMagico p\u00e5 ett intelligent s\u00e4tt in de viktigaste elementen i dina foton, vilket g\u00f6r varje \u00f6verg\u00e5ng s\u00f6ml\u00f6s och effektfull.<\/p><p>Oavsett om du \u00e4r professionell och vill ge dina presentationer en dynamisk touch eller om du \u00e4r en hobbyfotograf som vill ge liv \u00e5t dina bildber\u00e4ttelser, s\u00e5 anpassar sig verktyget AI Image Analysis efter dina behov. Du kan l\u00e5ta AI g\u00f6ra grovjobbet med helt automatiserade animationer eller g\u00e5 in och anv\u00e4nda din kreativa touch genom att finjustera animationerna manuellt. Den h\u00e4r blandningen av automatisering och anpassning s\u00e4kerst\u00e4ller att dina bildspel inte bara \u00e4r vackra utan ocks\u00e5 unika.\u00a0<\/p><h4>Ken Burns Effekt 2.0<\/h4><p style=\"border: 0px solid #e3e3e3; --tw-border-spacing-x: 0; --tw-border-spacing-y: 0; --tw-translate-x: 0; --tw-translate-y: 0; --tw-rotate: 0; --tw-skew-x: 0; --tw-skew-y: 0; --tw-scale-x: 1; --tw-scale-y: 1; --tw-scroll-snap-strictness: proximity; --tw-ring-offset-width: 0px; --tw-ring-offset-color: #fff; --tw-ring-color: rgba(69,89,164,.5); --tw-ring-offset-shadow: 0 0 transparent; --tw-ring-shadow: 0 0 transparent; --tw-shadow: 0 0 transparent; --tw-shadow-colored: 0 0 transparent; margin: 1.25em 0px; font-family: S\u00f6hne, ui-sans-serif, system-ui, -apple-system, 'Segoe UI', Roboto, Ubuntu, Cantarell, 'Noto Sans', sans-serif, 'Helvetica Neue', Arial, 'Apple Color Emoji', 'Segoe UI Emoji', 'Segoe UI Symbol', 'Noto Color Emoji'; white-space-collapse: preserve;\">Du kan kalla den Ken Burns 2.0 eftersom den kombinerar den klassiska effekten med AI-teknik f\u00f6r att identifiera de mest intressanta omr\u00e5dena i dina foton. Denna innovativa funktion i FotoMagico 6.6 skapar mjuka, dynamiska panorerings- och zoomr\u00f6relser som ger dina bilder liv med filmisk kvalitet.<\/p><p style=\"border: 0px solid #e3e3e3; --tw-border-spacing-x: 0; --tw-border-spacing-y: 0; --tw-translate-x: 0; --tw-translate-y: 0; --tw-rotate: 0; --tw-skew-x: 0; --tw-skew-y: 0; --tw-scale-x: 1; --tw-scale-y: 1; --tw-scroll-snap-strictness: proximity; --tw-ring-offset-width: 0px; --tw-ring-offset-color: #fff; --tw-ring-color: rgba(69,89,164,.5); --tw-ring-offset-shadow: 0 0 transparent; --tw-ring-shadow: 0 0 transparent; --tw-shadow: 0 0 transparent; --tw-shadow-colored: 0 0 transparent; margin: 1.25em 0px; font-family: S\u00f6hne, ui-sans-serif, system-ui, -apple-system, 'Segoe UI', Roboto, Ubuntu, Cantarell, 'Noto Sans', sans-serif, 'Helvetica Neue', Arial, 'Apple Color Emoji', 'Segoe UI Emoji', 'Segoe UI Symbol', 'Noto Color Emoji'; white-space-collapse: preserve;\">Oavsett om det handlar om att framh\u00e4va en persons uttryck eller f\u00e5nga ett landskaps storslagenhet, s\u00e4kerst\u00e4ller Ken Burns Effect 2.0 att varje bild \u00e4r engagerande och effektfull. Anpassa animationerna s\u00e5 att de passar din ber\u00e4ttelse, eller l\u00e5t AI sk\u00f6ta det \u00e5t dig. F\u00f6rh\u00f6j dina bildspel med den h\u00e4r perfekta blandningen av konstn\u00e4rskap och teknik.<\/p><div>\u00a0<\/div><p>Uppgradera till FotoMagico 6.7 nu och utnyttja kraften i AI f\u00f6r att f\u00f6rvandla dina foto- och videoprojekt till f\u00e4ngslande upplevelser. Din publik kommer att f\u00e5 en visuellt fantastisk upplevelse!<\/p><p>\u00a0<\/p>\t\t\t\t\t\t\t\t<\/div>\n\t\t\t\t<\/div>\n\t\t\t\t<div class=\"elementor-element elementor-element-553e534 elementor-align-center elementor-widget elementor-widget-button\" data-id=\"553e534\" data-element_type=\"widget\" data-e-type=\"widget\" data-widget_type=\"button.default\">\n\t\t\t\t<div class=\"elementor-widget-container\">\n\t\t\t\t\t\t\t\t\t<div class=\"elementor-button-wrapper\">\n\t\t\t\t\t<a class=\"elementor-button elementor-button-link elementor-size-sm\" href=\"https:\/\/fotomagico.com\/sv\/nedladdning\/kostnadsfri-provperiod\/\">\n\t\t\t\t\t\t<span class=\"elementor-button-content-wrapper\">\n\t\t\t\t\t\t\t\t\t<span class=\"elementor-button-text\">Prova den fullst\u00e4ndiga versionen i 14 dagar.<\/span>\n\t\t\t\t\t<\/span>\n\t\t\t\t\t<\/a>\n\t\t\t\t<\/div>\n\t\t\t\t\t\t\t\t<\/div>\n\t\t\t\t<\/div>\n\t\t\t\t\t<\/div>\n\t\t\t\t<\/div>\n\t\t<div class=\"elementor-element elementor-element-8a2e26f e-flex e-con-boxed e-con e-parent\" data-id=\"8a2e26f\" data-element_type=\"container\" data-e-type=\"container\">\n\t\t\t\t\t<div class=\"e-con-inner\">\n\t\t\t\t<div class=\"elementor-element elementor-element-eb392c7 elementor-widget elementor-widget-heading\" data-id=\"eb392c7\" data-element_type=\"widget\" data-e-type=\"widget\" data-widget_type=\"heading.default\">\n\t\t\t\t<div class=\"elementor-widget-container\">\n\t\t\t\t\t<h3 class=\"elementor-heading-title elementor-size-default\">Borttagning av bakgrund <sup>Ai<\/sup><\/h3>\t\t\t\t<\/div>\n\t\t\t\t<\/div>\n\t\t\t\t<div class=\"elementor-element elementor-element-30c5132 elementor-widget elementor-widget-image\" data-id=\"30c5132\" data-element_type=\"widget\" data-e-type=\"widget\" data-widget_type=\"image.default\">\n\t\t\t\t<div class=\"elementor-widget-container\">\n\t\t\t\t\t\t\t\t\t\t\t\t\t\t\t<img fetchpriority=\"high\" decoding=\"async\" width=\"738\" height=\"480\" src=\"https:\/\/fotomagico.com\/wp-content\/uploads\/2023\/03\/Background-Removal-Demo-V2-480p-gif.gif\" class=\"attachment-large size-large wp-image-5781\" alt=\"\" \/>\t\t\t\t\t\t\t\t\t\t\t\t\t\t\t<\/div>\n\t\t\t\t<\/div>\n\t\t\t\t<div class=\"elementor-element elementor-element-781d80f elementor-widget elementor-widget-text-editor\" data-id=\"781d80f\" data-element_type=\"widget\" data-e-type=\"widget\" data-widget_type=\"text-editor.default\">\n\t\t\t\t<div class=\"elementor-widget-container\">\n\t\t\t\t\t\t\t\t\t<p>Vi presenterar den revolutionerande nya funktionen fr\u00e5n FotoMagico: Automatisk borttagning av bakgrunder! S\u00e4g adj\u00f6 till timmar av tr\u00e5kig redigering och hej till fantastiska professionella bildspel p\u00e5 bara n\u00e5gra minuter.<\/p><p>Med detta banbrytande verktyg kan du enkelt ta bort bakgrunden p\u00e5 alla bilder med bara n\u00e5gra f\u00e5 klick. Oavsett om du skapar en presentation, ett fotoalbum eller en video kommer FotoMagicos verktyg f\u00f6r automatisk borttagning av bakgrunden att ge ditt projekt en polerad och professionell look.<\/p><p>T\u00e4nk dig att omedelbart kunna ta bort st\u00f6rande element fr\u00e5n dina bilder och fokusera p\u00e5 huvudmotivet. Med FotoMagicos automatiska bakgrundsborttagning kan du g\u00f6ra just det! Du kommer att bli f\u00f6rv\u00e5nad \u00f6ver hur mycket tid och arbete du sparar, vilket ger dig mer tid att fokusera p\u00e5 det som verkligen betyder n\u00e5got - att skapa fantastiska bilder som f\u00e4ngslar din publik.<\/p><p>S\u00e5 varf\u00f6r v\u00e4nta? Uppgradera till den senaste versionen av FotoMagico idag och uppt\u00e4ck kraften i automatisk bakgrundsborttagning. Din publik kommer att tacka dig f\u00f6r det!<\/p>\t\t\t\t\t\t\t\t<\/div>\n\t\t\t\t<\/div>\n\t\t\t\t<div class=\"elementor-element elementor-element-4e88cf2 elementor-align-center elementor-widget elementor-widget-button\" data-id=\"4e88cf2\" data-element_type=\"widget\" data-e-type=\"widget\" data-widget_type=\"button.default\">\n\t\t\t\t<div class=\"elementor-widget-container\">\n\t\t\t\t\t\t\t\t\t<div class=\"elementor-button-wrapper\">\n\t\t\t\t\t<a class=\"elementor-button elementor-button-link elementor-size-sm\" href=\"https:\/\/fotomagico.com\/sv\/nedladdning\/kostnadsfri-provperiod\/\">\n\t\t\t\t\t\t<span class=\"elementor-button-content-wrapper\">\n\t\t\t\t\t\t\t\t\t<span class=\"elementor-button-text\">Prova den fullst\u00e4ndiga versionen i 14 dagar.<\/span>\n\t\t\t\t\t<\/span>\n\t\t\t\t\t<\/a>\n\t\t\t\t<\/div>\n\t\t\t\t\t\t\t\t<\/div>\n\t\t\t\t<\/div>\n\t\t\t\t\t<\/div>\n\t\t\t\t<\/div>\n\t\t\t\t<\/div>","protected":false},"excerpt":{"rendered":"<p>Ai Tools Looking for a way to save time and streamline your photo and video editing workflow? Dynamic Animations Ai https:\/\/fotomagico.com\/wp-content\/uploads\/2024\/05\/fotomagico_6_6_wordpress.mp4 AI Image Analysis for Dynamic Animations Elevate your slideshow creations with the latest breakthrough from FotoMagico: AI Image Analysis! This innovative feature enhances automatic pan and zoom animations, ensuring that every frame in your [&hellip;]<\/p>\n","protected":false},"author":1,"featured_media":0,"parent":0,"menu_order":0,"comment_status":"closed","ping_status":"closed","template":"","meta":{"_acf_changed":false,"footnotes":""},"class_list":["post-5776","page","type-page","status-publish","hentry"],"acf":[],"_links":{"self":[{"href":"https:\/\/fotomagico.com\/sv\/wp-json\/wp\/v2\/pages\/5776","targetHints":{"allow":["GET"]}}],"collection":[{"href":"https:\/\/fotomagico.com\/sv\/wp-json\/wp\/v2\/pages"}],"about":[{"href":"https:\/\/fotomagico.com\/sv\/wp-json\/wp\/v2\/types\/page"}],"author":[{"embeddable":true,"href":"https:\/\/fotomagico.com\/sv\/wp-json\/wp\/v2\/users\/1"}],"replies":[{"embeddable":true,"href":"https:\/\/fotomagico.com\/sv\/wp-json\/wp\/v2\/comments?post=5776"}],"version-history":[{"count":5,"href":"https:\/\/fotomagico.com\/sv\/wp-json\/wp\/v2\/pages\/5776\/revisions"}],"predecessor-version":[{"id":8335,"href":"https:\/\/fotomagico.com\/sv\/wp-json\/wp\/v2\/pages\/5776\/revisions\/8335"}],"wp:attachment":[{"href":"https:\/\/fotomagico.com\/sv\/wp-json\/wp\/v2\/media?parent=5776"}],"curies":[{"name":"wp","href":"https:\/\/api.w.org\/{rel}","templated":true}]}}