{"id":5638,"date":"2023-01-25T10:58:57","date_gmt":"2023-01-25T09:58:57","guid":{"rendered":"https:\/\/fotomagico.com\/?page_id=5638"},"modified":"2024-10-16T11:04:32","modified_gmt":"2024-10-16T09:04:32","slug":"lagg-till-animerade-kartor-och-skapa-ett-fantastiskt-bildspel-om-resor","status":"publish","type":"page","link":"https:\/\/fotomagico.com\/sv\/add-animated-maps-and-create-a-stunning-travel-slideshow\/","title":{"rendered":"L\u00e4gg till animerade kartor och skapa ett fantastiskt bildspel om resor"},"content":{"rendered":"<div data-elementor-type=\"wp-page\" data-elementor-id=\"5638\" class=\"elementor elementor-5638\" data-elementor-post-type=\"page\">\n\t\t\t\t<div class=\"elementor-element elementor-element-d69035c e-flex e-con-boxed e-con e-parent\" data-id=\"d69035c\" data-element_type=\"container\" data-e-type=\"container\">\n\t\t\t\t\t<div class=\"e-con-inner\">\n\t\t\t\t<div class=\"elementor-element elementor-element-d3baa40 elementor-widget elementor-widget-heading\" data-id=\"d3baa40\" data-element_type=\"widget\" data-e-type=\"widget\" data-widget_type=\"heading.default\">\n\t\t\t\t<div class=\"elementor-widget-container\">\n\t\t\t\t\t<h1 class=\"elementor-heading-title elementor-size-default\">Skapa fantastiska bildspel om resor<\/h1>\t\t\t\t<\/div>\n\t\t\t\t<\/div>\n\t\t\t\t<div class=\"elementor-element elementor-element-2279970 elementor-widget elementor-widget-heading\" data-id=\"2279970\" data-element_type=\"widget\" data-e-type=\"widget\" data-widget_type=\"heading.default\">\n\t\t\t\t<div class=\"elementor-widget-container\">\n\t\t\t\t\t<h4 class=\"elementor-heading-title elementor-size-default\">F\u00f6rb\u00e4ttra f\u00f6rst\u00e5elsen, \u00f6ka engagemanget <br>och g\u00f6r dina presentationer mer dynamiska<\/h4>\t\t\t\t<\/div>\n\t\t\t\t<\/div>\n\t\t\t\t<div class=\"elementor-element elementor-element-25025d0 elementor-widget elementor-widget-video\" data-id=\"25025d0\" data-element_type=\"widget\" data-e-type=\"widget\" data-settings=\"{&quot;video_type&quot;:&quot;hosted&quot;,&quot;loop&quot;:&quot;yes&quot;,&quot;mute&quot;:&quot;yes&quot;,&quot;controls&quot;:&quot;yes&quot;}\" data-widget_type=\"video.default\">\n\t\t\t\t<div class=\"elementor-widget-container\">\n\t\t\t\t\t\t\t<div class=\"e-hosted-video elementor-wrapper elementor-open-inline\">\n\t\t\t\t\t<video class=\"elementor-video\" src=\"https:\/\/fotomagico.com\/wp-content\/uploads\/2024\/06\/map_demo_non_audio.mp4\" loop=\"\" controls=\"\" preload=\"metadata\" muted=\"muted\" controlslist=\"nodownload\" poster=\"https:\/\/fotomagico.com\/wp-content\/uploads\/2023\/03\/Screenshot-2023-03-01-at-18.23.29.png\"><\/video>\n\t\t\t\t<\/div>\n\t\t\t\t\t\t<\/div>\n\t\t\t\t<\/div>\n\t\t\t\t\t<\/div>\n\t\t\t\t<\/div>\n\t\t<div class=\"elementor-element elementor-element-eaf67c9 e-flex e-con-boxed e-con e-parent\" data-id=\"eaf67c9\" data-element_type=\"container\" data-e-type=\"container\">\n\t\t\t\t\t<div class=\"e-con-inner\">\n\t\t<div class=\"elementor-element elementor-element-70a00df e-flex e-con-boxed e-con e-child\" data-id=\"70a00df\" data-element_type=\"container\" data-e-type=\"container\">\n\t\t\t\t\t<div class=\"e-con-inner\">\n\t\t\t\t<div class=\"elementor-element elementor-element-8264c85 elementor-widget elementor-widget-heading\" data-id=\"8264c85\" data-element_type=\"widget\" data-e-type=\"widget\" data-widget_type=\"heading.default\">\n\t\t\t\t<div class=\"elementor-widget-container\">\n\t\t\t\t\t<h2 class=\"elementor-heading-title elementor-size-default\">De nya kartstilarna<\/h2>\t\t\t\t<\/div>\n\t\t\t\t<\/div>\n\t\t\t\t<div class=\"elementor-element elementor-element-4e92559 translation-block elementor-widget elementor-widget-text-editor\" data-id=\"4e92559\" data-element_type=\"widget\" data-e-type=\"widget\" data-widget_type=\"text-editor.default\">\n\t\t\t\t<div class=\"elementor-widget-container\">\n\t\t\t\t\t\t\t\t\t<p><strong>Animering av kartor<\/strong> kan ge ett bildspel ett visuellt intresse och engagemang genom att visa hur information r\u00f6r sig eller utvecklas \u00f6ver tid eller rum. Det kan ocks\u00e5 g\u00f6ra det l\u00e4ttare att f\u00f6rst\u00e5 och tolka den information som presenteras. Dessutom kan animerade kartor hj\u00e4lpa till att h\u00e5lla publikens uppm\u00e4rksamhet och g\u00f6ra presentationen mer dynamisk.<\/p> <\/div>\n\t\t\t\t<\/div>\n\t\t<div class=\"elementor-element elementor-element-c48f36f e-flex e-con-boxed e-con e-child\" data-id=\"c48f36f\" data-element_type=\"container\" data-e-type=\"container\">\n\t\t\t\t\t<div class=\"e-con-inner\">\n\t\t\t\t<div class=\"elementor-element elementor-element-6333ba0 elementor-widget elementor-widget-gallery\" data-id=\"6333ba0\" data-element_type=\"widget\" data-e-type=\"widget\" data-settings=\"{&quot;lazyload&quot;:&quot;yes&quot;,&quot;gallery_layout&quot;:&quot;grid&quot;,&quot;columns&quot;:4,&quot;columns_tablet&quot;:2,&quot;columns_mobile&quot;:1,&quot;gap&quot;:{&quot;unit&quot;:&quot;px&quot;,&quot;size&quot;:10,&quot;sizes&quot;:[]},&quot;gap_tablet&quot;:{&quot;unit&quot;:&quot;px&quot;,&quot;size&quot;:10,&quot;sizes&quot;:[]},&quot;gap_mobile&quot;:{&quot;unit&quot;:&quot;px&quot;,&quot;size&quot;:10,&quot;sizes&quot;:[]},&quot;link_to&quot;:&quot;file&quot;,&quot;aspect_ratio&quot;:&quot;3:2&quot;,&quot;overlay_background&quot;:&quot;yes&quot;,&quot;content_hover_animation&quot;:&quot;fade-in&quot;}\" data-widget_type=\"gallery.default\">\n\t\t\t\t<div class=\"elementor-widget-container\">\n\t\t\t\t\t\t\t<div class=\"elementor-gallery__container\">\n\t\t\t\t\t\t\t<a class=\"e-gallery-item elementor-gallery-item elementor-animated-content\" href=\"https:\/\/fotomagico.com\/wp-content\/uploads\/2023\/08\/Bild-A-01.jpg\" data-elementor-open-lightbox=\"yes\" data-elementor-lightbox-slideshow=\"6333ba0\" data-elementor-lightbox-title=\"City Walks\" data-e-action-hash=\"#elementor-action%3Aaction%3Dlightbox%26settings%3DeyJpZCI6NjczNywidXJsIjoiaHR0cHM6XC9cL2ZvdG9tYWdpY28uY29tXC93cC1jb250ZW50XC91cGxvYWRzXC8yMDIzXC8wOFwvQmlsZC1BLTAxLmpwZyIsInNsaWRlc2hvdyI6IjYzMzNiYTAifQ%3D%3D\">\n\t\t\t\t\t<div class=\"e-gallery-image elementor-gallery-item__image\" data-thumbnail=\"https:\/\/fotomagico.com\/wp-content\/uploads\/2023\/08\/Bild-A-01-768x480.jpg\" data-width=\"768\" data-height=\"480\" aria-label=\"\" role=\"img\" ><\/div>\n\t\t\t\t\t\t\t\t\t\t\t<div class=\"elementor-gallery-item__overlay\"><\/div>\n\t\t\t\t\t\t\t\t\t\t\t\t\t\t<\/a>\n\t\t\t\t\t\t\t<a class=\"e-gallery-item elementor-gallery-item elementor-animated-content\" href=\"https:\/\/fotomagico.com\/wp-content\/uploads\/2023\/08\/Bild-12.jpg\" data-elementor-open-lightbox=\"yes\" data-elementor-lightbox-slideshow=\"6333ba0\" data-elementor-lightbox-title=\"Roadtrips\" data-e-action-hash=\"#elementor-action%3Aaction%3Dlightbox%26settings%3DeyJpZCI6NjczOCwidXJsIjoiaHR0cHM6XC9cL2ZvdG9tYWdpY28uY29tXC93cC1jb250ZW50XC91cGxvYWRzXC8yMDIzXC8wOFwvQmlsZC0xMi5qcGciLCJzbGlkZXNob3ciOiI2MzMzYmEwIn0%3D\">\n\t\t\t\t\t<div class=\"e-gallery-image elementor-gallery-item__image\" data-thumbnail=\"https:\/\/fotomagico.com\/wp-content\/uploads\/2023\/08\/Bild-12-768x480.jpg\" data-width=\"768\" data-height=\"480\" aria-label=\"\" role=\"img\" ><\/div>\n\t\t\t\t\t\t\t\t\t\t\t<div class=\"elementor-gallery-item__overlay\"><\/div>\n\t\t\t\t\t\t\t\t\t\t\t\t\t\t<\/a>\n\t\t\t\t\t\t\t<a class=\"e-gallery-item elementor-gallery-item elementor-animated-content\" href=\"https:\/\/fotomagico.com\/wp-content\/uploads\/2023\/08\/Bild-11.jpg\" data-elementor-open-lightbox=\"yes\" data-elementor-lightbox-slideshow=\"6333ba0\" data-elementor-lightbox-title=\"Adventure Rides\" data-e-action-hash=\"#elementor-action%3Aaction%3Dlightbox%26settings%3DeyJpZCI6NjczOSwidXJsIjoiaHR0cHM6XC9cL2ZvdG9tYWdpY28uY29tXC93cC1jb250ZW50XC91cGxvYWRzXC8yMDIzXC8wOFwvQmlsZC0xMS5qcGciLCJzbGlkZXNob3ciOiI2MzMzYmEwIn0%3D\">\n\t\t\t\t\t<div class=\"e-gallery-image elementor-gallery-item__image\" data-thumbnail=\"https:\/\/fotomagico.com\/wp-content\/uploads\/2023\/08\/Bild-11-768x480.jpg\" data-width=\"768\" data-height=\"480\" aria-label=\"\" role=\"img\" ><\/div>\n\t\t\t\t\t\t\t\t\t\t\t<div class=\"elementor-gallery-item__overlay\"><\/div>\n\t\t\t\t\t\t\t\t\t\t\t\t\t\t<\/a>\n\t\t\t\t\t\t\t<a class=\"e-gallery-item elementor-gallery-item elementor-animated-content\" href=\"https:\/\/fotomagico.com\/wp-content\/uploads\/2023\/08\/Bild-01.jpg\" data-elementor-open-lightbox=\"yes\" data-elementor-lightbox-slideshow=\"6333ba0\" data-elementor-lightbox-title=\"City Cruises\" data-e-action-hash=\"#elementor-action%3Aaction%3Dlightbox%26settings%3DeyJpZCI6Njc0MCwidXJsIjoiaHR0cHM6XC9cL2ZvdG9tYWdpY28uY29tXC93cC1jb250ZW50XC91cGxvYWRzXC8yMDIzXC8wOFwvQmlsZC0wMS5qcGciLCJzbGlkZXNob3ciOiI2MzMzYmEwIn0%3D\">\n\t\t\t\t\t<div class=\"e-gallery-image elementor-gallery-item__image\" data-thumbnail=\"https:\/\/fotomagico.com\/wp-content\/uploads\/2023\/08\/Bild-01-768x480.jpg\" data-width=\"768\" data-height=\"480\" aria-label=\"\" role=\"img\" ><\/div>\n\t\t\t\t\t\t\t\t\t\t\t<div class=\"elementor-gallery-item__overlay\"><\/div>\n\t\t\t\t\t\t\t\t\t\t\t\t\t\t<\/a>\n\t\t\t\t\t\t\t<a class=\"e-gallery-item elementor-gallery-item elementor-animated-content\" href=\"https:\/\/fotomagico.com\/wp-content\/uploads\/2023\/08\/Bild-13.jpg\" data-elementor-open-lightbox=\"yes\" data-elementor-lightbox-slideshow=\"6333ba0\" data-elementor-lightbox-title=\"Bild-13\" data-e-action-hash=\"#elementor-action%3Aaction%3Dlightbox%26settings%3DeyJpZCI6Njc0MSwidXJsIjoiaHR0cHM6XC9cL2ZvdG9tYWdpY28uY29tXC93cC1jb250ZW50XC91cGxvYWRzXC8yMDIzXC8wOFwvQmlsZC0xMy5qcGciLCJzbGlkZXNob3ciOiI2MzMzYmEwIn0%3D\">\n\t\t\t\t\t<div class=\"e-gallery-image elementor-gallery-item__image\" data-thumbnail=\"https:\/\/fotomagico.com\/wp-content\/uploads\/2023\/08\/Bild-13-768x480.jpg\" data-width=\"768\" data-height=\"480\" aria-label=\"\" role=\"img\" ><\/div>\n\t\t\t\t\t\t\t\t\t\t\t<div class=\"elementor-gallery-item__overlay\"><\/div>\n\t\t\t\t\t\t\t\t\t\t\t\t\t\t<\/a>\n\t\t\t\t\t\t\t<a class=\"e-gallery-item elementor-gallery-item elementor-animated-content\" href=\"https:\/\/fotomagico.com\/wp-content\/uploads\/2023\/08\/Bild-08.jpg\" data-elementor-open-lightbox=\"yes\" data-elementor-lightbox-slideshow=\"6333ba0\" data-elementor-lightbox-title=\"Futuristic Style\" data-e-action-hash=\"#elementor-action%3Aaction%3Dlightbox%26settings%3DeyJpZCI6Njc0MiwidXJsIjoiaHR0cHM6XC9cL2ZvdG9tYWdpY28uY29tXC93cC1jb250ZW50XC91cGxvYWRzXC8yMDIzXC8wOFwvQmlsZC0wOC5qcGciLCJzbGlkZXNob3ciOiI2MzMzYmEwIn0%3D\">\n\t\t\t\t\t<div class=\"e-gallery-image elementor-gallery-item__image\" data-thumbnail=\"https:\/\/fotomagico.com\/wp-content\/uploads\/2023\/08\/Bild-08-768x480.jpg\" data-width=\"768\" data-height=\"480\" aria-label=\"\" role=\"img\" ><\/div>\n\t\t\t\t\t\t\t\t\t\t\t<div class=\"elementor-gallery-item__overlay\"><\/div>\n\t\t\t\t\t\t\t\t\t\t\t\t\t\t<\/a>\n\t\t\t\t\t\t\t<a class=\"e-gallery-item elementor-gallery-item elementor-animated-content\" href=\"https:\/\/fotomagico.com\/wp-content\/uploads\/2023\/08\/Bild-07.jpg\" data-elementor-open-lightbox=\"yes\" data-elementor-lightbox-slideshow=\"6333ba0\" data-elementor-lightbox-title=\"Postcards\" data-e-action-hash=\"#elementor-action%3Aaction%3Dlightbox%26settings%3DeyJpZCI6Njc0MywidXJsIjoiaHR0cHM6XC9cL2ZvdG9tYWdpY28uY29tXC93cC1jb250ZW50XC91cGxvYWRzXC8yMDIzXC8wOFwvQmlsZC0wNy5qcGciLCJzbGlkZXNob3ciOiI2MzMzYmEwIn0%3D\">\n\t\t\t\t\t<div class=\"e-gallery-image elementor-gallery-item__image\" data-thumbnail=\"https:\/\/fotomagico.com\/wp-content\/uploads\/2023\/08\/Bild-07-768x480.jpg\" data-width=\"768\" data-height=\"480\" aria-label=\"\" role=\"img\" ><\/div>\n\t\t\t\t\t\t\t\t\t\t\t<div class=\"elementor-gallery-item__overlay\"><\/div>\n\t\t\t\t\t\t\t\t\t\t\t\t\t\t<\/a>\n\t\t\t\t\t\t\t<a class=\"e-gallery-item elementor-gallery-item elementor-animated-content\" href=\"https:\/\/fotomagico.com\/wp-content\/uploads\/2023\/08\/Bild-06.jpg\" data-elementor-open-lightbox=\"yes\" data-elementor-lightbox-slideshow=\"6333ba0\" data-elementor-lightbox-title=\"Comic Style\" data-e-action-hash=\"#elementor-action%3Aaction%3Dlightbox%26settings%3DeyJpZCI6Njc0NCwidXJsIjoiaHR0cHM6XC9cL2ZvdG9tYWdpY28uY29tXC93cC1jb250ZW50XC91cGxvYWRzXC8yMDIzXC8wOFwvQmlsZC0wNi5qcGciLCJzbGlkZXNob3ciOiI2MzMzYmEwIn0%3D\">\n\t\t\t\t\t<div class=\"e-gallery-image elementor-gallery-item__image\" data-thumbnail=\"https:\/\/fotomagico.com\/wp-content\/uploads\/2023\/08\/Bild-06-768x480.jpg\" data-width=\"768\" data-height=\"480\" aria-label=\"\" role=\"img\" ><\/div>\n\t\t\t\t\t\t\t\t\t\t\t<div class=\"elementor-gallery-item__overlay\"><\/div>\n\t\t\t\t\t\t\t\t\t\t\t\t\t\t<\/a>\n\t\t\t\t\t\t\t<a class=\"e-gallery-item elementor-gallery-item elementor-animated-content\" href=\"https:\/\/fotomagico.com\/wp-content\/uploads\/2023\/08\/Bild-05.jpg\" data-elementor-open-lightbox=\"yes\" data-elementor-lightbox-slideshow=\"6333ba0\" data-elementor-lightbox-title=\"Classic Travels\" data-e-action-hash=\"#elementor-action%3Aaction%3Dlightbox%26settings%3DeyJpZCI6Njc0NSwidXJsIjoiaHR0cHM6XC9cL2ZvdG9tYWdpY28uY29tXC93cC1jb250ZW50XC91cGxvYWRzXC8yMDIzXC8wOFwvQmlsZC0wNS5qcGciLCJzbGlkZXNob3ciOiI2MzMzYmEwIn0%3D\">\n\t\t\t\t\t<div class=\"e-gallery-image elementor-gallery-item__image\" data-thumbnail=\"https:\/\/fotomagico.com\/wp-content\/uploads\/2023\/08\/Bild-05-768x480.jpg\" data-width=\"768\" data-height=\"480\" aria-label=\"\" role=\"img\" ><\/div>\n\t\t\t\t\t\t\t\t\t\t\t<div class=\"elementor-gallery-item__overlay\"><\/div>\n\t\t\t\t\t\t\t\t\t\t\t\t\t\t<\/a>\n\t\t\t\t\t\t\t<a class=\"e-gallery-item elementor-gallery-item elementor-animated-content\" href=\"https:\/\/fotomagico.com\/wp-content\/uploads\/2023\/08\/Bild-04.jpg\" data-elementor-open-lightbox=\"yes\" data-elementor-lightbox-slideshow=\"6333ba0\" data-elementor-lightbox-title=\"Game Style\" data-e-action-hash=\"#elementor-action%3Aaction%3Dlightbox%26settings%3DeyJpZCI6Njc0NiwidXJsIjoiaHR0cHM6XC9cL2ZvdG9tYWdpY28uY29tXC93cC1jb250ZW50XC91cGxvYWRzXC8yMDIzXC8wOFwvQmlsZC0wNC5qcGciLCJzbGlkZXNob3ciOiI2MzMzYmEwIn0%3D\">\n\t\t\t\t\t<div class=\"e-gallery-image elementor-gallery-item__image\" data-thumbnail=\"https:\/\/fotomagico.com\/wp-content\/uploads\/2023\/08\/Bild-04-768x480.jpg\" data-width=\"768\" data-height=\"480\" aria-label=\"\" role=\"img\" ><\/div>\n\t\t\t\t\t\t\t\t\t\t\t<div class=\"elementor-gallery-item__overlay\"><\/div>\n\t\t\t\t\t\t\t\t\t\t\t\t\t\t<\/a>\n\t\t\t\t\t\t\t<a class=\"e-gallery-item elementor-gallery-item elementor-animated-content\" href=\"https:\/\/fotomagico.com\/wp-content\/uploads\/2023\/08\/Bild-02.jpg\" data-elementor-open-lightbox=\"yes\" data-elementor-lightbox-slideshow=\"6333ba0\" data-elementor-lightbox-title=\"Antique Style\" data-e-action-hash=\"#elementor-action%3Aaction%3Dlightbox%26settings%3DeyJpZCI6Njc0NywidXJsIjoiaHR0cHM6XC9cL2ZvdG9tYWdpY28uY29tXC93cC1jb250ZW50XC91cGxvYWRzXC8yMDIzXC8wOFwvQmlsZC0wMi5qcGciLCJzbGlkZXNob3ciOiI2MzMzYmEwIn0%3D\">\n\t\t\t\t\t<div class=\"e-gallery-image elementor-gallery-item__image\" data-thumbnail=\"https:\/\/fotomagico.com\/wp-content\/uploads\/2023\/08\/Bild-02-768x480.jpg\" data-width=\"768\" data-height=\"480\" aria-label=\"\" role=\"img\" ><\/div>\n\t\t\t\t\t\t\t\t\t\t\t<div class=\"elementor-gallery-item__overlay\"><\/div>\n\t\t\t\t\t\t\t\t\t\t\t\t\t\t<\/a>\n\t\t\t\t\t\t\t<a class=\"e-gallery-item elementor-gallery-item elementor-animated-content\" href=\"https:\/\/fotomagico.com\/wp-content\/uploads\/2023\/08\/Bild-03.jpg\" data-elementor-open-lightbox=\"yes\" data-elementor-lightbox-slideshow=\"6333ba0\" data-elementor-lightbox-title=\"Traditional Sailing Vessel\" data-e-action-hash=\"#elementor-action%3Aaction%3Dlightbox%26settings%3DeyJpZCI6Njc0OCwidXJsIjoiaHR0cHM6XC9cL2ZvdG9tYWdpY28uY29tXC93cC1jb250ZW50XC91cGxvYWRzXC8yMDIzXC8wOFwvQmlsZC0wMy5qcGciLCJzbGlkZXNob3ciOiI2MzMzYmEwIn0%3D\">\n\t\t\t\t\t<div class=\"e-gallery-image elementor-gallery-item__image\" data-thumbnail=\"https:\/\/fotomagico.com\/wp-content\/uploads\/2023\/08\/Bild-03-768x480.jpg\" data-width=\"768\" data-height=\"480\" aria-label=\"\" role=\"img\" ><\/div>\n\t\t\t\t\t\t\t\t\t\t\t<div class=\"elementor-gallery-item__overlay\"><\/div>\n\t\t\t\t\t\t\t\t\t\t\t\t\t\t<\/a>\n\t\t\t\t\t<\/div>\n\t\t\t\t\t<\/div>\n\t\t\t\t<\/div>\n\t\t\t\t\t<\/div>\n\t\t\t\t<\/div>\n\t\t\t\t\t<\/div>\n\t\t\t\t<\/div>\n\t\t<div class=\"elementor-element elementor-element-bed992f e-con-full e-flex e-con e-child\" data-id=\"bed992f\" data-element_type=\"container\" data-e-type=\"container\">\n\t\t\t\t<div class=\"elementor-element elementor-element-0c16d63 translation-block elementor-widget elementor-widget-text-editor\" data-id=\"0c16d63\" data-element_type=\"widget\" data-e-type=\"widget\" data-widget_type=\"text-editor.default\">\n\t\t\t\t<div class=\"elementor-widget-container\">\n\t\t\t\t\t\t\t\t\t<ul>\n \t<li>Ett par enkla, raka stilar med plats f\u00f6r anteckningar eller videor f\u00f6r bil-, motorcykel- och flygresor<\/li>\n \t<li>Karta i stil med navigationssystem<\/li>\n \t<li><b>Explorer<\/b> karta i skattletarstil<\/li>\n \t<li>Actionfilmstil <b>Cyber<\/b> karta<\/li>\n \t<li><b>Route 66<\/b> minnesv\u00e4rd roadtrip karta i retrostil<\/li>\n \t<li><b>Karta i serietidningsstil<\/li>\n \t<li class=\"translation-block\"><b>Silent<\/b> karta i filmstil<\/li>\n \t<li><b>\u00c4ventyr<\/b> karta i \u00e4ventyrsstil<\/li>\n \t<li><b>Artist<\/b> stilkarta<\/li>\n \t<li>Anpassad f\u00e4rgkarta<\/li>\n<\/ul> <\/div>\n\t\t\t\t<\/div>\n\t\t\t\t<\/div>\n\t\t\t\t\t<\/div>\n\t\t\t\t<\/div>\n\t\t<div class=\"elementor-element elementor-element-4677fe0 e-flex e-con-boxed e-con e-parent\" data-id=\"4677fe0\" data-element_type=\"container\" data-e-type=\"container\">\n\t\t\t\t\t<div class=\"e-con-inner\">\n\t\t\t\t<div class=\"elementor-element elementor-element-fdfd329 elementor-widget elementor-widget-heading\" data-id=\"fdfd329\" data-element_type=\"widget\" data-e-type=\"widget\" data-widget_type=\"heading.default\">\n\t\t\t\t<div class=\"elementor-widget-container\">\n\t\t\t\t\t<h3 class=\"elementor-heading-title elementor-size-default\">M\u00f6jligheterna \u00e4r o\u00e4ndliga med den h\u00e4r funktionen, och vi ser fram emot att se vilka kreativa och innovativa s\u00e4tt du kommer att anv\u00e4nda den p\u00e5.<\/h3>\t\t\t\t<\/div>\n\t\t\t\t<\/div>\n\t\t\t\t\t<\/div>\n\t\t\t\t<\/div>\n\t\t<div class=\"elementor-element elementor-element-49ac84e e-flex e-con-boxed e-con e-parent\" data-id=\"49ac84e\" data-element_type=\"container\" data-e-type=\"container\">\n\t\t\t\t\t<div class=\"e-con-inner\">\n\t\t<div class=\"elementor-element elementor-element-cf71171 e-con-full e-flex e-con e-child\" data-id=\"cf71171\" data-element_type=\"container\" data-e-type=\"container\">\n\t\t\t\t<div class=\"elementor-element elementor-element-85dc130 elementor-widget elementor-widget-video\" data-id=\"85dc130\" data-element_type=\"widget\" data-e-type=\"widget\" data-settings=\"{&quot;video_type&quot;:&quot;hosted&quot;,&quot;loop&quot;:&quot;yes&quot;,&quot;mute&quot;:&quot;yes&quot;,&quot;controls&quot;:&quot;yes&quot;}\" data-widget_type=\"video.default\">\n\t\t\t\t<div class=\"elementor-widget-container\">\n\t\t\t\t\t\t\t<div class=\"e-hosted-video elementor-wrapper elementor-open-inline\">\n\t\t\t\t\t<video class=\"elementor-video\" src=\"https:\/\/fotomagico.com\/wp-content\/uploads\/2023\/01\/custommapstutorialsf.mp4\" loop=\"\" controls=\"\" preload=\"metadata\" muted=\"muted\" controlslist=\"nodownload\" poster=\"https:\/\/fotomagico.com\/wp-content\/uploads\/2023\/03\/Screenshot-2023-03-01-at-18.22.48.png\"><\/video>\n\t\t\t\t<\/div>\n\t\t\t\t\t\t<\/div>\n\t\t\t\t<\/div>\n\t\t\t\t<\/div>\n\t\t\t\t\t<\/div>\n\t\t\t\t<\/div>\n\t\t<div class=\"elementor-element elementor-element-8fa0786 e-flex e-con-boxed e-con e-parent\" data-id=\"8fa0786\" data-element_type=\"container\" data-e-type=\"container\">\n\t\t\t\t\t<div class=\"e-con-inner\">\n\t\t\t\t<div class=\"elementor-element elementor-element-d6c1410 elementor-widget elementor-widget-heading\" data-id=\"d6c1410\" data-element_type=\"widget\" data-e-type=\"widget\" data-widget_type=\"heading.default\">\n\t\t\t\t<div class=\"elementor-widget-container\">\n\t\t\t\t\t<h2 class=\"elementor-heading-title elementor-size-default\">Nya s\u00e4tt att visa upp dina resor<\/h2>\t\t\t\t<\/div>\n\t\t\t\t<\/div>\n\t\t\t\t<div class=\"elementor-element elementor-element-d2def20 elementor-widget elementor-widget-text-editor\" data-id=\"d2def20\" data-element_type=\"widget\" data-e-type=\"widget\" data-widget_type=\"text-editor.default\">\n\t\t\t\t<div class=\"elementor-widget-container\">\n\t\t\t\t\t\t\t\t\t<p>Vi \u00e4r glada att kunna presentera det senaste tillskottet till v\u00e5r plattform: m\u00f6jligheten att l\u00e4gga till animerade kartor i dina bildspel! Denna sp\u00e4nnande nya funktion kommer s\u00e4kert att ta dina presentationer till n\u00e4sta niv\u00e5 genom att tillhandah\u00e5lla ett visuellt och engagerande s\u00e4tt att visa r\u00f6relsen p\u00e5 kartor.<\/p>\t\t\t\t\t\t\t\t<\/div>\n\t\t\t\t<\/div>\n\t\t\t\t<div class=\"elementor-element elementor-element-3eda3f3 elementor-align-center elementor-widget elementor-widget-button\" data-id=\"3eda3f3\" data-element_type=\"widget\" data-e-type=\"widget\" data-widget_type=\"button.default\">\n\t\t\t\t<div class=\"elementor-widget-container\">\n\t\t\t\t\t\t\t\t\t<div class=\"elementor-button-wrapper\">\n\t\t\t\t\t<a class=\"elementor-button elementor-button-link elementor-size-sm\" href=\"https:\/\/fotomagico.com\/sv\/nedladdning\/kostnadsfri-provperiod\/\">\n\t\t\t\t\t\t<span class=\"elementor-button-content-wrapper\">\n\t\t\t\t\t\t\t\t\t<span class=\"elementor-button-text\">Prova den fullst\u00e4ndiga versionen i 14 dagar.<\/span>\n\t\t\t\t\t<\/span>\n\t\t\t\t\t<\/a>\n\t\t\t\t<\/div>\n\t\t\t\t\t\t\t\t<\/div>\n\t\t\t\t<\/div>\n\t\t\t\t\t<\/div>\n\t\t\t\t<\/div>\n\t\t\t\t<\/div>","protected":false},"excerpt":{"rendered":"<p>Create stunning travel slideshow Enhance understanding, increase engagement and make your presentations more dynamic https:\/\/fotomagico.com\/wp-content\/uploads\/2024\/06\/map_demo_non_audio.mp4 The new map styles Animating maps can add visual interest and engagement to a slideshow by showing the movement or progression of information over time or space. It can also make it easier to understand and interpret the information being [&hellip;]<\/p>\n","protected":false},"author":1,"featured_media":0,"parent":0,"menu_order":0,"comment_status":"closed","ping_status":"closed","template":"","meta":{"_acf_changed":false,"footnotes":""},"class_list":["post-5638","page","type-page","status-publish","hentry"],"acf":[],"_links":{"self":[{"href":"https:\/\/fotomagico.com\/sv\/wp-json\/wp\/v2\/pages\/5638","targetHints":{"allow":["GET"]}}],"collection":[{"href":"https:\/\/fotomagico.com\/sv\/wp-json\/wp\/v2\/pages"}],"about":[{"href":"https:\/\/fotomagico.com\/sv\/wp-json\/wp\/v2\/types\/page"}],"author":[{"embeddable":true,"href":"https:\/\/fotomagico.com\/sv\/wp-json\/wp\/v2\/users\/1"}],"replies":[{"embeddable":true,"href":"https:\/\/fotomagico.com\/sv\/wp-json\/wp\/v2\/comments?post=5638"}],"version-history":[{"count":8,"href":"https:\/\/fotomagico.com\/sv\/wp-json\/wp\/v2\/pages\/5638\/revisions"}],"predecessor-version":[{"id":8872,"href":"https:\/\/fotomagico.com\/sv\/wp-json\/wp\/v2\/pages\/5638\/revisions\/8872"}],"wp:attachment":[{"href":"https:\/\/fotomagico.com\/sv\/wp-json\/wp\/v2\/media?parent=5638"}],"curies":[{"name":"wp","href":"https:\/\/api.w.org\/{rel}","templated":true}]}}