{"id":4871,"date":"2022-11-11T20:34:02","date_gmt":"2022-11-11T19:34:02","guid":{"rendered":"https:\/\/fotomagico.com\/?page_id=4871"},"modified":"2024-05-06T11:44:59","modified_gmt":"2024-05-06T09:44:59","slug":"licensavtal-for-slutanvandare-eula","status":"publish","type":"page","link":"https:\/\/fotomagico.com\/sv\/end-user-license-agreement-eula\/","title":{"rendered":"Licensavtal f\u00f6r slutanv\u00e4ndare (EULA)"},"content":{"rendered":"<div data-elementor-type=\"wp-page\" data-elementor-id=\"4871\" class=\"elementor elementor-4871\" data-elementor-post-type=\"page\">\n\t\t\t\t<div class=\"elementor-element elementor-element-fe5723a e-flex e-con-boxed e-con e-parent\" data-id=\"fe5723a\" data-element_type=\"container\" data-e-type=\"container\">\n\t\t\t\t\t<div class=\"e-con-inner\">\n\t\t\t\t<div class=\"elementor-element elementor-element-4a80700 elementor-widget elementor-widget-text-editor\" data-id=\"4a80700\" data-element_type=\"widget\" data-e-type=\"widget\" data-widget_type=\"text-editor.default\">\n\t\t\t\t<div class=\"elementor-widget-container\">\n\t\t\t\t\t\t\t\t\t<p>Boinx Software International GmbH<br \/>Licensavtal f\u00f6r slutanv\u00e4ndare (EULA)<br \/>Detta avtal \u00e4r ett juridiskt avtal mellan dig (antingen en fysisk eller juridisk person, \"Licenstagaren\") och Boinx Software International GmbH (\"Licensgivaren\") f\u00f6r programvaruprodukten FotoMagico (\"Produkten\"). Produkten best\u00e5r av flera filer inklusive en applikation som distribueras i elektronisk form genom nedladdning fr\u00e5n Internet.<\/p><p>Genom att installera eller p\u00e5 annat s\u00e4tt anv\u00e4nda Produkten samtycker du till att vara bunden av villkoren i detta Licensavtal. Om du inte samtycker till villkoren i detta licensavtal ska du omedelbart radera alla kopior av den oanv\u00e4nda produkten fr\u00e5n dina masslagringsenheter. Produkten skyddas av upphovsr\u00e4ttslagar och internationella upphovsr\u00e4ttsavtal, samt andra lagar och avtal om immateriella r\u00e4ttigheter.<\/p><p>Beviljande av licens<br \/>A. Boinx Software ger Licenstagaren en icke-\u00f6verf\u00f6rbar licens att anv\u00e4nda Produkten p\u00e5 alla Apple-m\u00e4rkta produkter som k\u00f6r Mac OS X, som du \u00e4ger eller kontrollerar och som till\u00e5ts enligt \"Anv\u00e4ndningsreglerna\". Produkten \u00e4r licensierad, inte s\u00e5ld, till dig<\/p><p>B. Denna licens till\u00e5ter dig inte att anv\u00e4nda Produkten p\u00e5 n\u00e5gon Apple-enhet som du inte \u00e4ger eller kontrollerar, och du f\u00e5r inte distribuera eller g\u00f6ra Produkten tillg\u00e4nglig via ett n\u00e4tverk. Du f\u00e5r inte hyra ut, leasa, l\u00e5na ut, s\u00e4lja, omf\u00f6rdela eller underlicensiera den Licensierade Applikationen. Du f\u00e5r inte kopiera, dekompilera, bak\u00e5tkompilera, demontera, f\u00f6rs\u00f6ka h\u00e4rleda k\u00e4llkoden till, modifiera eller skapa derivat av Produkten, uppdateringar eller n\u00e5gon del d\u00e4rav. Varje f\u00f6rs\u00f6k att g\u00f6ra detta \u00e4r en kr\u00e4nkning av licensgivarens och dennes licensgivares r\u00e4ttigheter.<\/p><p>Regler f\u00f6r anv\u00e4ndning<br \/>A. Om du \u00e4r en individ som agerar i din personliga kapacitet f\u00e5r du ladda ner och anv\u00e4nda Produkten f\u00f6r personligt, icke-kommersiellt bruk p\u00e5 alla Apple-m\u00e4rkta produkter som k\u00f6r Mac OS X (\"Mac-dator\") som du \u00e4ger eller kontrollerar.<\/p><p>B. Om du \u00e4r ett kommersiellt f\u00f6retag eller en utbildningsinstitution f\u00e5r du ladda ner Produkten f\u00f6r anv\u00e4ndning av antingen (a) en enskild individ p\u00e5 var och en av de Mac-datorer som anv\u00e4nds av den individen som du \u00e4ger eller kontrollerar eller (b) flera individer p\u00e5 en enda delad Mac-dator som du \u00e4ger eller kontrollerar. Till exempel kan en enskild anst\u00e4lld anv\u00e4nda en Produkt p\u00e5 b\u00e5de den anst\u00e4lldes station\u00e4ra Mac-dator och b\u00e4rbara Mac-dator, eller flera studenter kan seriellt anv\u00e4nda en Produkt p\u00e5 en enda Mac-dator som finns p\u00e5 ett resurscenter eller bibliotek. F\u00f6r tydlighetens skull kr\u00e4ver varje Mac-dator som anv\u00e4nds seriellt av flera anv\u00e4ndare en separat licens.<\/p><p>Samtycke till anv\u00e4ndning av uppgifter<br \/>Du samtycker till att Licensgivaren kan samla in och anv\u00e4nda tekniska data och relaterad information - inklusive men inte begr\u00e4nsat till teknisk information om din enhet, system- och applikationsprogramvara och kringutrustning - som samlas in regelbundet f\u00f6r att underl\u00e4tta tillhandah\u00e5llandet av programuppdateringar, produktsupport och andra tj\u00e4nster till dig (om n\u00e5gon) relaterad till Produkten. Licensgivaren kan anv\u00e4nda denna information, s\u00e5 l\u00e4nge den \u00e4r i en form som inte identifierar dig personligen, f\u00f6r att f\u00f6rb\u00e4ttra sina produkter eller f\u00f6r att tillhandah\u00e5lla tj\u00e4nster eller teknik till dig.<\/p><p>Produktgaranti och ansvar<br \/>LICENSTAGAREN \u00c4R MEDVETEN OM ATT PRODUKTEN SL\u00c4PPS \"I BEFINTLIGT SKICK\" OCH ATT DET INTE FINNS N\u00c5GON UTTRYCKLIG ELLER UNDERF\u00d6RST\u00c5DD GARANTI F\u00d6R FUNKTION, S\u00c4KERHET, PRESTANDA ELLER EFFEKT P\u00c5 ANNAN PROGRAMVARA ELLER MASKINVARA. LICENSGIVAREN \u00c4R INTE SKYLDIG ATT TILLHANDAH\u00c5LLA UNDERH\u00c5LL, SUPPORT ELLER REVIDERING AV PRODUKTEN. DET FINNS INGA GARANTIER ELLER VILLKOR, UTTRYCKTA ELLER UNDERF\u00d6RST\u00c5DDA, LAGSTADGADE ELLER P\u00c5 ANNAT S\u00c4TT TILL\u00c4MPLIGA P\u00c5 PRODUKTEN INKLUSIVE MEN INTE BEGR\u00c4NSAT TILL N\u00c5GON UTTRYCKT ELLER UNDERF\u00d6RST\u00c5DD GARANTI MED AVSEENDE P\u00c5 S\u00c4LJBARHET ELLER L\u00c4MPLIGHET F\u00d6R ETT VISST \u00c4NDAM\u00c5L. LICENSGIVAREN SKALL UNDER INGA OMST\u00c4NDIGHETER H\u00c5LLAS ANSVARIG F\u00d6R SPECIELLA, INDIREKTA, DIREKTA, STRAFFANDE, F\u00d6LJDSKADOR ELLER N\u00c5GON ANNAN TYP AV SKADA, INKLUSIVE UTEBLIVEN VINST, UTEBLIVEN ANV\u00c4NDNING ELLER UTEBLIVEN DATA. LICENSTAGAREN SAMTYCKER TILL ATT VARKEN LICENSGIVAREN ELLER DE PERSONER SOM ANSVARAR F\u00d6R UTVECKLINGEN AV PRODUKTEN SKALL VARA ANSVARIGA GENTEMOT LICENSTAGAREN F\u00d6R F\u00d6RLUSTER, KOSTNADER ELLER SKADOR AV N\u00c5GOT SLAG SOM LICENSTAGAREN DRABBAS AV OCH SOM KAN UPPST\u00c5 GENOM ANV\u00c4NDNING, \u00c4NDRING ELLER DISTRIBUTION AV ARBETET OCH LICENSTAGAREN SAMTYCKER TILL ATT H\u00c5LLA LICENSGIVAREN, DESS TJ\u00c4NSTEM\u00c4N OCH ANST\u00c4LLDA SKADESL\u00d6SA FR\u00c5N ALLA S\u00c5DANA ANSPR\u00c5K.<\/p><p>Om du anv\u00e4nder FotoMagico f\u00f6r att ladda upp video till YouTube, samtycker du till att vara bunden av YouTube Terms of Service.<\/p><p>Detta Avtal utg\u00f6r parternas hela \u00f6verenskommelse och kan inte \u00e4ndras annat \u00e4n skriftligen av Licensgivaren. Detta avtal ska regleras av Tysklands lagar.<\/p><p>Krediter fr\u00e5n tredje part<br \/>F\u00f6ljande \u00e4r en lista \u00f6ver krediter f\u00f6r anv\u00e4ndning av respektive tredjepartskomponenter i k\u00e4llkoden f\u00f6r FotoMagico.<\/p><p>PromiseKit<\/p><p>Copyright 2016-nuvarande, Max Howell; mxcl@me.com<\/p><p>Alla personer som erh\u00e5ller en kopia av denna programvara och tillh\u00f6rande dokumentationsfiler (\"Programvaran\") beviljas h\u00e4rmed kostnadsfritt tillst\u00e5nd att hantera Programvaran utan begr\u00e4nsningar, inklusive utan begr\u00e4nsning r\u00e4tten att anv\u00e4nda, kopiera, \u00e4ndra, sl\u00e5 samman, publicera, distribuera, underlicensiera och\/eller s\u00e4lja kopior av Programvaran, och att till\u00e5ta personer till vilka Programvaran tillhandah\u00e5lls att g\u00f6ra detta, under f\u00f6ruts\u00e4ttning att f\u00f6ljande villkor uppfylls: Ovanst\u00e5ende meddelande om upphovsr\u00e4tt och detta tillst\u00e5ndsmeddelande skall ing\u00e5 i alla kopior eller v\u00e4sentliga delar av programvaran.<\/p><p>PROGRAMVARAN TILLHANDAH\u00c5LLS \"I BEFINTLIGT SKICK\", UTAN GARANTI AV N\u00c5GOT SLAG, UTTRYCKLIG ELLER UNDERF\u00d6RST\u00c5DD, INKLUSIVE MEN INTE BEGR\u00c4NSAT TILL GARANTIER F\u00d6R S\u00c4LJBARHET, L\u00c4MPLIGHET F\u00d6R ETT VISST \u00c4NDAM\u00c5L OCH ICKE-INTR\u00c5NG. F\u00d6RFATTARNA ELLER UPPHOVSR\u00c4TTSINNEHAVARNA SKA UNDER INGA OMST\u00c4NDIGHETER H\u00c5LLAS ANSVARIGA F\u00d6R ANSPR\u00c5K, SKADOR ELLER ANNAT ANSVAR, VARE SIG I EN KONTRAKTSR\u00c4TTSLIG HANDLING, SKADEST\u00c5NDSR\u00c4TTSLIG HANDLING ELLER P\u00c5 ANNAT S\u00c4TT, SOM UPPST\u00c5R FR\u00c5N, UR ELLER I SAMBAND MED PROGRAMVARAN ELLER ANV\u00c4NDNINGEN AV ELLER ANDRA AFF\u00c4RER MED PROGRAMVARAN.<\/p><p>SwiftyStoreKit<\/p><p>Copyright @2015-2016 Andrea Bizzotto<\/p><p>Alla personer som erh\u00e5ller en kopia av denna programvara och tillh\u00f6rande dokumentationsfiler (\"programvaran\") beviljas h\u00e4rmed kostnadsfritt tillst\u00e5nd att hantera programvaran utan begr\u00e4nsningar, inklusive utan begr\u00e4nsning r\u00e4tten att anv\u00e4nda, kopiera, \u00e4ndra, sl\u00e5 samman, publicera, distribuera, underlicensiera och\/eller s\u00e4lja kopior av programvaran, och att till\u00e5ta personer till vilka programvaran tillhandah\u00e5lls att g\u00f6ra detta, under f\u00f6ruts\u00e4ttning att f\u00f6ljande villkor uppfylls:<\/p><p>Ovanst\u00e5ende meddelande om upphovsr\u00e4tt och detta tillst\u00e5ndsmeddelande ska ing\u00e5 i alla kopior eller v\u00e4sentliga delar av programvaran.<\/p><p>PROGRAMVARAN TILLHANDAH\u00c5LLS \"I BEFINTLIGT SKICK\", UTAN GARANTI AV N\u00c5GOT SLAG, UTTRYCKLIG ELLER UNDERF\u00d6RST\u00c5DD, INKLUSIVE MEN INTE BEGR\u00c4NSAT TILL GARANTIER F\u00d6R S\u00c4LJBARHET, L\u00c4MPLIGHET F\u00d6R ETT VISST \u00c4NDAM\u00c5L OCH ICKE-INTR\u00c5NG. F\u00d6RFATTARNA ELLER UPPHOVSR\u00c4TTSINNEHAVARNA SKA UNDER INGA OMST\u00c4NDIGHETER H\u00c5LLAS ANSVARIGA F\u00d6R ANSPR\u00c5K, SKADOR ELLER ANNAT ANSVAR, VARE SIG I EN KONTRAKTSR\u00c4TTSLIG HANDLING, SKADEST\u00c5NDSR\u00c4TTSLIG HANDLING ELLER P\u00c5 ANNAT S\u00c4TT, SOM UPPST\u00c5R FR\u00c5N, UR ELLER I SAMBAND MED PROGRAMVARAN ELLER ANV\u00c4NDNINGEN AV ELLER ANDRA AFF\u00c4RER MED PROGRAMVARAN.<\/p><p>ZIPFoundation<\/p><p>Copyright (c) 2017-2021 Thomas Zoechling (https:\/\/www.peakstep.com) Den som erh\u00e5ller en kopia av denna programvara och tillh\u00f6rande dokumentationsfiler (\"programvaran\") beviljas h\u00e4rmed kostnadsfritt tillst\u00e5nd att hantera programvaran utan begr\u00e4nsningar, inklusive utan begr\u00e4nsning r\u00e4tten att anv\u00e4nda, kopiera, \u00e4ndra, sl\u00e5 samman, publicera, distribuera, underlicensiera och\/eller s\u00e4lja kopior av programvaran, och att till\u00e5ta personer till vilka programvaran tillhandah\u00e5lls att g\u00f6ra detta, under f\u00f6ruts\u00e4ttning att f\u00f6ljande villkor \u00e4r uppfyllda:<\/p><p>Ovanst\u00e5ende meddelande om upphovsr\u00e4tt och detta tillst\u00e5ndsmeddelande ska ing\u00e5 i alla kopior eller v\u00e4sentliga delar av programvaran.<\/p><p>PROGRAMVARAN TILLHANDAH\u00c5LLS \"I BEFINTLIGT SKICK\", UTAN GARANTI AV N\u00c5GOT SLAG, UTTRYCKLIG ELLER UNDERF\u00d6RST\u00c5DD, INKLUSIVE MEN INTE BEGR\u00c4NSAT TILL GARANTIER F\u00d6R S\u00c4LJBARHET, L\u00c4MPLIGHET F\u00d6R ETT VISST \u00c4NDAM\u00c5L OCH ICKE-INTR\u00c5NG. F\u00d6RFATTARNA ELLER UPPHOVSR\u00c4TTSINNEHAVARNA SKA UNDER INGA OMST\u00c4NDIGHETER H\u00c5LLAS ANSVARIGA F\u00d6R ANSPR\u00c5K, SKADOR ELLER ANNAT ANSVAR, VARE SIG I EN KONTRAKTSR\u00c4TTSLIG HANDLING, SKADEST\u00c5NDSR\u00c4TTSLIG HANDLING ELLER P\u00c5 ANNAT S\u00c4TT, SOM UPPST\u00c5R FR\u00c5N, UR ELLER I SAMBAND MED PROGRAMVARAN ELLER ANV\u00c4NDNINGEN AV ELLER ANDRA AFF\u00c4RER MED PROGRAMVARAN.<\/p><p>iMedia webbl\u00e4sare<\/p><p>Copyright \u00a92005-2013 by Karelia Software et al. Copyright \u00a92010-2020 by J\u00f6rg Jacobsen Copyright \u00a92010-2021 by Peter Baumgartner Copyright \u00a92010-2021 by Pierre Bernard<\/p><p>iMedia Browser \u00e4r baserad p\u00e5 kod som ursprungligen utvecklades av Jason Terhorst och vidareutvecklades f\u00f6r Sandvox av Greg Hulands, Dan Wood och Terrence Talbot. Den nya arkitekturen f\u00f6r version 2.0 utvecklades av Peter Baumgartner. Bidrag har ocks\u00e5 l\u00e4mnats av Matt Gough, Martin Wennerberg och andra, vilket framg\u00e5r av k\u00e4llfilerna. iMedia Browser Framework \u00e4r licensierat enligt f\u00f6ljande villkor:<\/p><p>Alla personer som erh\u00e5ller en kopia av denna programvara och tillh\u00f6rande dokumentationsfiler (\"programvaran\") beviljas h\u00e4rmed kostnadsfritt tillst\u00e5nd att hantera alla eller v\u00e4sentliga delar av programvaran utan begr\u00e4nsningar, inklusive utan begr\u00e4nsning r\u00e4tten att anv\u00e4nda, kopiera, \u00e4ndra, sl\u00e5 samman, publicera, distribuera, underlicensiera och\/eller s\u00e4lja kopior av programvaran, och att till\u00e5ta personer till vilka programvaran tillhandah\u00e5lls att g\u00f6ra detta, under f\u00f6ruts\u00e4ttning att f\u00f6ljande villkor \u00e4r uppfyllda:<\/p><p>Vidaredistribution av k\u00e4llkod m\u00e5ste beh\u00e5lla de ursprungliga villkoren som anges h\u00e4r, inklusive denna lista \u00f6ver villkor, ansvarsfriskrivningen som anges nedan och f\u00f6ljande upphovsr\u00e4ttsmeddelande: Copyright (c) 2005-2012 by Karelia Software et al. Vidaredistribution i bin\u00e4r form m\u00e5ste inneh\u00e5lla, p\u00e5 ett f\u00f6r slutanv\u00e4ndaren synligt s\u00e4tt, t.ex. i f\u00f6nstret About, Acknowledgments eller liknande, antingen a) de ursprungliga villkor som anges h\u00e4r, inklusive denna lista \u00f6ver villkor, den friskrivningsklausul som anges nedan och det ovann\u00e4mnda upphovsr\u00e4ttsmeddelandet, eller b) det ovann\u00e4mnda upphovsr\u00e4ttsmeddelandet och en l\u00e4nk till karelia.com\/imedia. Varken namnet Karelia Software, Sandvox eller namnen p\u00e5 bidragsgivarna till iMedia Browser f\u00e5r anv\u00e4ndas f\u00f6r att st\u00f6dja eller marknadsf\u00f6ra produkter som h\u00e4rr\u00f6r fr\u00e5n programvaran utan f\u00f6reg\u00e5ende och uttryckligt skriftligt tillst\u00e5nd fr\u00e5n Karelia Software eller de enskilda bidragsgivarna, beroende p\u00e5 vad som \u00e4r till\u00e4mpligt.<\/p><p>Friskrivningsklausul: Programvaran tillhandah\u00e5lls av upphovsr\u00e4ttsinnehavaren och bidragsgivarna \"i befintligt skick\", UTAN GARANTIER AV N\u00c5GOT SLAG, UTTRYCKLIGA ELLER UNDERF\u00d6RST\u00c5DDA, INKLUDERANDE MEN INTE BEGR\u00c4NSAT TILL GARANTIER OM SALGBARHET, EGNETHET F\u00d6R ETT SPECIFIKT SYFTE OCH INTEGRITET. UNDER INGA OMST\u00c4NDIGHETER SKA F\u00d6RFATTARNA ELLER UPPHOVSR\u00c4TTSINNEHAVARNA VARA ANSVARIGA F\u00d6R N\u00c5GOT ANSPR\u00c5K, SKADEST\u00c5ND ELLER ANNAT ANSVAR, VARE SIG I EN TALAN OM KONTRAKT, SKADEST\u00c5ND ELLER ANNAT, SOM UPPST\u00c5R FR\u00c5N, UR ELLER I SAMBAND MED PROGRAMVARAN ELLER ANV\u00c4NDNINGEN AV, ELLER ANDRA AFF\u00c4RER MED, PROGRAMVARAN. \u00a92004-2013 av Karelia Software<\/p><p>K\u00e4rnGPX<\/p><p>Copyright (c) 2018 Vincent Neo<\/p><p>Alla personer som erh\u00e5ller en kopia av denna programvara och tillh\u00f6rande dokumentationsfiler (\"programvaran\") beviljas h\u00e4rmed kostnadsfritt tillst\u00e5nd att hantera programvaran utan begr\u00e4nsningar, inklusive utan begr\u00e4nsning r\u00e4tten att anv\u00e4nda, kopiera, \u00e4ndra, sl\u00e5 samman, publicera, distribuera, underlicensiera och\/eller s\u00e4lja kopior av programvaran, och att till\u00e5ta personer till vilka programvaran tillhandah\u00e5lls att g\u00f6ra detta, under f\u00f6ruts\u00e4ttning att f\u00f6ljande villkor uppfylls:<\/p><p>Ovanst\u00e5ende meddelande om upphovsr\u00e4tt och detta tillst\u00e5ndsmeddelande ska ing\u00e5 i alla kopior eller v\u00e4sentliga delar av programvaran.<\/p><p>PROGRAMVARAN TILLHANDAH\u00c5LLS \"I BEFINTLIGT SKICK\", UTAN GARANTI AV N\u00c5GOT SLAG, UTTRYCKLIG ELLER UNDERF\u00d6RST\u00c5DD, INKLUSIVE MEN INTE BEGR\u00c4NSAT TILL GARANTIER F\u00d6R S\u00c4LJBARHET, L\u00c4MPLIGHET F\u00d6R ETT VISST \u00c4NDAM\u00c5L OCH ICKE-INTR\u00c5NG. F\u00d6RFATTARNA ELLER UPPHOVSR\u00c4TTSINNEHAVARNA SKA UNDER INGA OMST\u00c4NDIGHETER H\u00c5LLAS ANSVARIGA F\u00d6R ANSPR\u00c5K, SKADOR ELLER ANNAT ANSVAR, VARE SIG I EN KONTRAKTSR\u00c4TTSLIG HANDLING, SKADEST\u00c5NDSR\u00c4TTSLIG HANDLING ELLER P\u00c5 ANNAT S\u00c4TT, SOM UPPST\u00c5R FR\u00c5N, UR ELLER I SAMBAND MED PROGRAMVARAN ELLER ANV\u00c4NDNINGEN AV ELLER ANDRA AFF\u00c4RER MED PROGRAMVARAN.<\/p><p>Gnistrande<\/p><p>Upphovsr\u00e4tt (c) 2006-2013 Andy Matuschak. Upphovsr\u00e4tt (c) 2009-2013 Elgato Systems GmbH. Upphovsr\u00e4tt (c) 2011-2014 Kornel Lesi\u0144ski. Upphovsr\u00e4tt (c) 2015-2017 Mayur Pawashe. Upphovsr\u00e4tt (c) 2014 C.W. Betts. Copyright (c) 2014 Petroules Corporation. Copyright (c) 2014 Big Nerd Ranch. Alla r\u00e4ttigheter f\u00f6rbeh\u00e5llna.<\/p><p>Alla personer som erh\u00e5ller en kopia av denna programvara och tillh\u00f6rande dokumentationsfiler (\"programvaran\") beviljas h\u00e4rmed kostnadsfritt tillst\u00e5nd att hantera programvaran utan begr\u00e4nsningar, inklusive utan begr\u00e4nsning r\u00e4tten att anv\u00e4nda, kopiera, \u00e4ndra, sl\u00e5 samman, publicera, distribuera, underlicensiera och\/eller s\u00e4lja kopior av programvaran, och att till\u00e5ta personer till vilka programvaran tillhandah\u00e5lls att g\u00f6ra detta, under f\u00f6ruts\u00e4ttning att f\u00f6ljande villkor uppfylls:<\/p><p>Ovanst\u00e5ende meddelande om upphovsr\u00e4tt och detta tillst\u00e5ndsmeddelande ska ing\u00e5 i alla kopior eller v\u00e4sentliga delar av programvaran.<\/p><p>PROGRAMVARAN TILLHANDAH\u00c5LLS \"I BEFINTLIGT SKICK\", UTAN GARANTI AV N\u00c5GOT SLAG, UTTRYCKLIG ELLER UNDERF\u00d6RST\u00c5DD, INKLUSIVE MEN INTE BEGR\u00c4NSAT TILL GARANTIER F\u00d6R S\u00c4LJBARHET, L\u00c4MPLIGHET F\u00d6R ETT VISST \u00c4NDAM\u00c5L OCH ICKE-INTR\u00c5NG. F\u00d6RFATTARNA ELLER UPPHOVSR\u00c4TTSINNEHAVARNA SKA UNDER INGA OMST\u00c4NDIGHETER H\u00c5LLAS ANSVARIGA F\u00d6R ANSPR\u00c5K, SKADOR ELLER ANNAT ANSVAR, VARE SIG I EN KONTRAKTSR\u00c4TTSLIG HANDLING, SKADEST\u00c5NDSR\u00c4TTSLIG HANDLING ELLER P\u00c5 ANNAT S\u00c4TT, SOM UPPST\u00c5R FR\u00c5N, UR ELLER I SAMBAND MED PROGRAMVARAN ELLER ANV\u00c4NDNINGEN AV ELLER ANDRA AFF\u00c4RER MED PROGRAMVARAN.<\/p><p>RxSwift<\/p><p>Copyright \u00a9 2015 Krunoslav Zaher, Alla r\u00e4ttigheter f\u00f6rbeh\u00e5llna.<\/p><p>Alla personer som erh\u00e5ller en kopia av denna programvara och tillh\u00f6rande dokumentationsfiler (\"programvaran\") beviljas h\u00e4rmed kostnadsfritt tillst\u00e5nd att hantera programvaran utan begr\u00e4nsningar, inklusive utan begr\u00e4nsning r\u00e4tten att anv\u00e4nda, kopiera, \u00e4ndra, sl\u00e5 samman, publicera, distribuera, underlicensiera och\/eller s\u00e4lja kopior av programvaran, och att till\u00e5ta personer till vilka programvaran tillhandah\u00e5lls att g\u00f6ra detta, under f\u00f6ruts\u00e4ttning att f\u00f6ljande villkor uppfylls:<\/p><p>Ovanst\u00e5ende meddelande om upphovsr\u00e4tt och detta tillst\u00e5ndsmeddelande ska ing\u00e5 i alla kopior eller v\u00e4sentliga delar av programvaran.<\/p><p>PROGRAMVARAN TILLHANDAH\u00c5LLS \"I BEFINTLIGT SKICK\", UTAN GARANTI AV N\u00c5GOT SLAG, UTTRYCKLIG ELLER UNDERF\u00d6RST\u00c5DD, INKLUSIVE MEN INTE BEGR\u00c4NSAT TILL GARANTIER F\u00d6R S\u00c4LJBARHET, L\u00c4MPLIGHET F\u00d6R ETT VISST \u00c4NDAM\u00c5L OCH ICKE-INTR\u00c5NG. F\u00d6RFATTARNA ELLER UPPHOVSR\u00c4TTSINNEHAVARNA SKA UNDER INGA OMST\u00c4NDIGHETER H\u00c5LLAS ANSVARIGA F\u00d6R ANSPR\u00c5K, SKADOR ELLER ANNAT ANSVAR, VARE SIG I EN KONTRAKTSR\u00c4TTSLIG HANDLING, SKADEST\u00c5NDSR\u00c4TTSLIG HANDLING ELLER P\u00c5 ANNAT S\u00c4TT, SOM UPPST\u00c5R FR\u00c5N, UR ELLER I SAMBAND MED PROGRAMVARAN ELLER ANV\u00c4NDNINGEN AV ELLER ANDRA AFF\u00c4RER MED PROGRAMVARAN.<\/p><p>Starscream<\/p><p>Copyright (c) 2014-2016 Dalton Cherry.<\/p><p>Starscream \u00e4r licensierad under Apache v2-licensen.<\/p><p>St\u00f6d f\u00f6r swift-nio-zlib<\/p><p>Copyright 2018, Apple Inc.<\/p><p>Licensierad under Apache License, Version 2.0 (\"Licensen\"); du f\u00e5r inte anv\u00e4nda denna fil annat \u00e4n i enlighet med Licensen. Du kan f\u00e5 en kopia av licensen p\u00e5 http:\/\/www.apache.org\/licenses\/LICENSE-2.0<\/p><p>S\u00e5vida det inte kr\u00e4vs enligt till\u00e4mplig lag eller avtalas skriftligen, distribueras programvaran enligt licensen \"SOM DEN \u00c4R\", UTAN GARANTIER ELLER VILLKOR AV N\u00c5GOT SLAG, vare sig uttryckliga eller underf\u00f6rst\u00e5dda. Se licensen f\u00f6r det specifika spr\u00e5k som styr beh\u00f6righeter och begr\u00e4nsningar under licensen.<\/p><p>SPDX-licens-identifierare: Apache-2.0<\/p><p>SwiftPhoenix-klient<\/p><p>Copyright (c) 2015 David Stump<\/p><p>Alla personer som erh\u00e5ller en kopia av denna programvara och tillh\u00f6rande dokumentationsfiler (\"programvaran\") beviljas h\u00e4rmed kostnadsfritt tillst\u00e5nd att hantera programvaran utan begr\u00e4nsningar, inklusive utan begr\u00e4nsning r\u00e4tten att anv\u00e4nda, kopiera, \u00e4ndra, sl\u00e5 samman, publicera, distribuera, underlicensiera och\/eller s\u00e4lja kopior av programvaran, och att till\u00e5ta personer till vilka programvaran tillhandah\u00e5lls att g\u00f6ra detta, under f\u00f6ruts\u00e4ttning att f\u00f6ljande villkor uppfylls:<\/p><p>Ovanst\u00e5ende meddelande om upphovsr\u00e4tt och detta tillst\u00e5ndsmeddelande ska ing\u00e5 i alla kopior eller v\u00e4sentliga delar av programvaran.<\/p><p>PROGRAMVARAN TILLHANDAH\u00c5LLS \"I BEFINTLIGT SKICK\", UTAN GARANTI AV N\u00c5GOT SLAG, UTTRYCKLIG ELLER UNDERF\u00d6RST\u00c5DD, INKLUSIVE MEN INTE BEGR\u00c4NSAT TILL GARANTIER F\u00d6R S\u00c4LJBARHET, L\u00c4MPLIGHET F\u00d6R ETT VISST \u00c4NDAM\u00c5L OCH ICKE-INTR\u00c5NG. F\u00d6RFATTARNA ELLER UPPHOVSR\u00c4TTSINNEHAVARNA SKA UNDER INGA OMST\u00c4NDIGHETER H\u00c5LLAS ANSVARIGA F\u00d6R ANSPR\u00c5K, SKADOR ELLER ANNAT ANSVAR, VARE SIG I EN KONTRAKTSR\u00c4TTSLIG HANDLING, SKADEST\u00c5NDSR\u00c4TTSLIG HANDLING ELLER P\u00c5 ANNAT S\u00c4TT, SOM UPPST\u00c5R FR\u00c5N, UR ELLER I SAMBAND MED PROGRAMVARAN ELLER ANV\u00c4NDNINGEN AV ELLER ANDRA AFF\u00c4RER MED PROGRAMVARAN.<\/p><p>BeatDetect<\/p><p>Anv\u00e4nds under MIT-licens med tillst\u00e5nd av Daniel Iglesia<\/p><p>Upphovsr\u00e4tt (c) 2021 Daniel Iglesia<\/p><p>Alla personer som erh\u00e5ller en kopia av denna programvara och tillh\u00f6rande dokumentationsfiler (\"Programvaran\") beviljas h\u00e4rmed kostnadsfritt tillst\u00e5nd att hantera Programvaran utan begr\u00e4nsningar, inklusive utan begr\u00e4nsning r\u00e4tten att anv\u00e4nda, kopiera, \u00e4ndra, sl\u00e5 samman, publicera, distribuera, underlicensiera och\/eller s\u00e4lja kopior av Programvaran, och att till\u00e5ta personer till vilka Programvaran tillhandah\u00e5lls att g\u00f6ra detta, under f\u00f6ruts\u00e4ttning att f\u00f6ljande villkor uppfylls: Ovanst\u00e5ende meddelande om upphovsr\u00e4tt och detta tillst\u00e5ndsmeddelande skall ing\u00e5 i alla kopior eller v\u00e4sentliga delar av programvaran. PROGRAMVARAN TILLHANDAH\u00c5LLS \"I BEFINTLIGT SKICK\", UTAN GARANTIER AV N\u00c5GOT SLAG, UTTRYCKLIGA ELLER UNDERF\u00d6RST\u00c5DDA, INKLUSIVE MEN INTE BEGR\u00c4NSAT TILL GARANTIER OM S\u00c4LJBARHET, L\u00c4MPLIGHET F\u00d6R ETT VISST \u00c4NDAM\u00c5L OCH ICKE-INTR\u00c5NG. UPPHOVSM\u00c4NNEN ELLER UPPHOVSR\u00c4TTSINNEHAVARNA SKA UNDER INGA OMST\u00c4NDIGHETER H\u00c5LLAS ANSVARIGA F\u00d6R ANSPR\u00c5K, SKADOR ELLER ANNAT ANSVAR, OAVSETT OM DET G\u00c4LLER AVTAL, SKADEST\u00c5ND ELLER ANNAT, SOM UPPST\u00c5R FR\u00c5N, UR ELLER I SAMBAND MED PROGRAMVARAN ELLER ANV\u00c4NDNINGEN AV ELLER ANDRA AFF\u00c4RER MED PROGRAMVARAN.<\/p>\t\t\t\t\t\t\t\t<\/div>\n\t\t\t\t<\/div>\n\t\t\t\t\t<\/div>\n\t\t\t\t<\/div>\n\t\t\t\t<\/div>","protected":false},"excerpt":{"rendered":"<p>Boinx Software International GmbHEnd User License Agreement (EULA)This Agreement is a legal agreement between you (either an individual or a legal entity, &#8220;The Licensee&#8221;) and Boinx Software International GmbH (&#8220;The Licensor&#8221;) for the software product FotoMagico (&#8220;The Product&#8221;). The Product consists of several files including an application which is distributed in electronic form by download [&hellip;]<\/p>\n","protected":false},"author":1,"featured_media":0,"parent":0,"menu_order":0,"comment_status":"closed","ping_status":"closed","template":"","meta":{"_acf_changed":false,"footnotes":""},"class_list":["post-4871","page","type-page","status-publish","hentry"],"acf":[],"_links":{"self":[{"href":"https:\/\/fotomagico.com\/sv\/wp-json\/wp\/v2\/pages\/4871","targetHints":{"allow":["GET"]}}],"collection":[{"href":"https:\/\/fotomagico.com\/sv\/wp-json\/wp\/v2\/pages"}],"about":[{"href":"https:\/\/fotomagico.com\/sv\/wp-json\/wp\/v2\/types\/page"}],"author":[{"embeddable":true,"href":"https:\/\/fotomagico.com\/sv\/wp-json\/wp\/v2\/users\/1"}],"replies":[{"embeddable":true,"href":"https:\/\/fotomagico.com\/sv\/wp-json\/wp\/v2\/comments?post=4871"}],"version-history":[{"count":5,"href":"https:\/\/fotomagico.com\/sv\/wp-json\/wp\/v2\/pages\/4871\/revisions"}],"predecessor-version":[{"id":8298,"href":"https:\/\/fotomagico.com\/sv\/wp-json\/wp\/v2\/pages\/4871\/revisions\/8298"}],"wp:attachment":[{"href":"https:\/\/fotomagico.com\/sv\/wp-json\/wp\/v2\/media?parent=4871"}],"curies":[{"name":"wp","href":"https:\/\/api.w.org\/{rel}","templated":true}]}}