{"id":1323,"date":"2021-10-20T12:01:49","date_gmt":"2021-10-20T10:01:49","guid":{"rendered":"https:\/\/fotomagico.com\/?page_id=1323"},"modified":"2024-08-09T10:44:40","modified_gmt":"2024-08-09T08:44:40","slug":"fordelar-med-abonnemangslicens","status":"publish","type":"page","link":"https:\/\/fotomagico.com\/sv\/benefits-of-access-based-licences\/","title":{"rendered":"F\u00f6rdelar med Access-baserade licenser"},"content":{"rendered":"<div data-elementor-type=\"wp-page\" data-elementor-id=\"1323\" class=\"elementor elementor-1323\" data-elementor-post-type=\"page\">\n\t\t\t\t<div class=\"elementor-element elementor-element-87dd49c e-flex e-con-boxed e-con e-parent\" data-id=\"87dd49c\" data-element_type=\"container\" data-e-type=\"container\">\n\t\t\t\t\t<div class=\"e-con-inner\">\n\t\t<div class=\"elementor-element elementor-element-10c9c3a e-con-full e-flex e-con e-child\" data-id=\"10c9c3a\" data-element_type=\"container\" data-e-type=\"container\">\n\t\t\t\t<div class=\"elementor-element elementor-element-a35297b elementor-widget elementor-widget-heading\" data-id=\"a35297b\" data-element_type=\"widget\" data-e-type=\"widget\" data-widget_type=\"heading.default\">\n\t\t\t\t<div class=\"elementor-widget-container\">\n\t\t\t\t\t<h1 class=\"elementor-heading-title elementor-size-default\">F\u00f6rdelar med accessbaserade licenser<\/h1>\t\t\t\t<\/div>\n\t\t\t\t<\/div>\n\t\t\t\t<div class=\"elementor-element elementor-element-6f743df elementor-widget elementor-widget-text-editor\" data-id=\"6f743df\" data-element_type=\"widget\" data-e-type=\"widget\" data-widget_type=\"text-editor.default\">\n\t\t\t\t<div class=\"elementor-widget-container\">\n\t\t\t\t\t\t\t\t\t<p>Vi \u00e4r glada \u00f6ver att kunna presentera FotoMagico 6, som inneh\u00e5ller en m\u00e4ngd nya funktioner. Vi vill ta tillf\u00e4llet i akt att f\u00f6rklara varf\u00f6r vi har valt att g\u00e5 mot en accessbaserad licensmodell.&nbsp;<\/p>\t\t\t\t\t\t\t\t<\/div>\n\t\t\t\t<\/div>\n\t\t\t\t<div class=\"elementor-element elementor-element-c620281 elementor-widget elementor-widget-heading\" data-id=\"c620281\" data-element_type=\"widget\" data-e-type=\"widget\" data-widget_type=\"heading.default\">\n\t\t\t\t<div class=\"elementor-widget-container\">\n\t\t\t\t\t<h3 class=\"elementor-heading-title elementor-size-default\">Uppt\u00e4ck f\u00f6rdelarna med att bara betala f\u00f6r tillg\u00e5ng till FotoMagico n\u00e4r du beh\u00f6ver det: Den optimala modellen f\u00f6r anv\u00e4ndare<\/h3>\t\t\t\t<\/div>\n\t\t\t\t<\/div>\n\t\t\t\t<div class=\"elementor-element elementor-element-f2cf732 elementor-widget elementor-widget-text-editor\" data-id=\"f2cf732\" data-element_type=\"widget\" data-e-type=\"widget\" data-widget_type=\"text-editor.default\">\n\t\t\t\t<div class=\"elementor-widget-container\">\n\t\t\t\t\t\t\t\t\t<p data-renderer-start-pos=\"1\">Under de senaste \u00e5ren har det skett en f\u00f6r\u00e4ndring av licensmodellerna f\u00f6r programvara. Den gamla modellen, som byggde p\u00e5 distribution av datalagringsmedia och pappershandb\u00f6cker f\u00f6r relativt sm\u00e5 och enkla till\u00e4mpningar, var beroende av uppdateringscykler med t\u00e4ta betalningar f\u00f6r att f\u00f6rse anv\u00e4ndarna med nya funktioner, buggfixar och kompatibilitetsuppdateringar via fysisk leverans av nya installations-CD-skivor.\u00a0<\/p>\n<h4>Inga fler betalande uppgraderingar, omk\u00f6p och r\u00e4dsla f\u00f6r att g\u00e5 miste om nya funktioner<\/h4>\n<p data-renderer-start-pos=\"356\">Idag erbjuder internet ett snabbt och effektivt s\u00e4tt att distribuera uppdateringar som kan vara mer regelbundna och f\u00f6rse anv\u00e4ndarna med buggfixar, nya funktioner och st\u00f6d f\u00f6r ny h\u00e5rdvara, operativsystem och programvara n\u00e4r de blir tillg\u00e4ngliga. Detta \u00e4r ocks\u00e5 n\u00f6dv\u00e4ndigt, eftersom din datormilj\u00f6 \u00e4r mycket mer komplex och f\u00f6r\u00e4ndras mycket snabbare \u00e4n n\u00e5gonsin.\u00a0<\/p>\n<p data-renderer-start-pos=\"703\">Pay-per-use-prenumerationer \u00e4r den aff\u00e4rsmodell som b\u00e4r upp denna nya v\u00e4rld och det finns m\u00e5nga s\u00e4tt p\u00e5 vilka ni, anv\u00e4ndarna, drar nytta av denna nya modell:<\/p>\n<h4 data-renderer-start-pos=\"859\">Du betalar bara f\u00f6r den tid du anv\u00e4nder programvaran<\/h4>\n<p data-renderer-start-pos=\"907\">Om du \u00e4r en regelbunden anv\u00e4ndare kommer prenumerationen att se till att du alltid har en giltig licens och tillg\u00e5ng till de senaste versionerna av programmet, vilket h\u00e5ller j\u00e4mna steg med dina systemuppdateringar, ny h\u00e5rdvara och \u00e4ndringar i de onlineplattformar som du anv\u00e4nder.\u00a0<\/p>\n<p data-renderer-start-pos=\"1162\">Om du bara anv\u00e4nder appen ibland kan du spara mycket pengar genom att bara k\u00f6pa en licens f\u00f6r den tid du faktiskt anv\u00e4nder programvaran.<\/p>\n<p data-renderer-start-pos=\"1313\">Allt handlar om detta: Det \u00e4r billigare att betala per anv\u00e4ndning i st\u00e4llet f\u00f6r i f\u00f6rskott f\u00f6r en obest\u00e4md tidsperiod.<\/p>\n<h4 data-renderer-start-pos=\"1422\">Du sparar fr\u00e5n den mer effektiva distributionsmodellen<\/h4>\n<p data-renderer-start-pos=\"1475\">Du betalar inte l\u00e4ngre f\u00f6r distributionskanalen, tryckning, f\u00f6rpackning, produktion av disketter eller CD-skivor och s\u00e5 vidare. Detta kunde i vissa fall utg\u00f6ra mer \u00e4n 50% av detaljhandelspriset.<\/p>\n<p data-renderer-start-pos=\"1657\">Du betalar ocks\u00e5 mycket l\u00e4gre omkostnader f\u00f6r den faktiska betalningshanteringen eftersom kreditkortsf\u00f6retagen har anpassat sig till att hantera st\u00f6rre volymer av mindre betalningar. Allt detta g\u00f6r att det idag \u00e4r mycket billigare att anv\u00e4nda programvaran.<\/p>\n<h4 data-renderer-start-pos=\"1875\">Du \u00e4r alltid uppdaterad med den senaste tekniken\u00a0<\/h4>\n<p data-renderer-start-pos=\"1929\">Du kan vara s\u00e4ker p\u00e5 att programvaran h\u00e5ller j\u00e4mna steg med dina uppdateringar av andra program, de st\u00e4ndigt f\u00f6r\u00e4nderliga onlineplattformarna, ditt operativsystem och din utrustning. Det finns faktiskt inte ens n\u00e5gon FotoMagico Version 6 l\u00e4ngre! Med en prenumerationsmodell k\u00f6per du den senaste versionen och h\u00e5ller dig alltid uppdaterad. Det finns ingen kommande version 7 &amp; 8 som du m\u00e5ste uppgradera och betala f\u00f6r. Vi r\u00e4knar bara versionsnumret f\u00f6r varje release, f\u00f6r dokumentation, support och buggfixning, och du h\u00e5ller dig alltid uppdaterad med den senaste versionen.\u00a0<\/p>\n<h4 data-renderer-start-pos=\"2116\">Du b\u00e4r en l\u00e4gre risk<\/h4>\n<p data-renderer-start-pos=\"2140\">Om leverant\u00f6ren av en applikation inte l\u00e4ngre kan tillhandah\u00e5lla uppdateringar kan du sluta anv\u00e4nda appen och kommer inte l\u00e4ngre att betala f\u00f6r den. Du har d\u00e5 inte gjort en stor investering som du aldrig kommer att kunna anv\u00e4nda.<\/p>\n<h4 data-renderer-start-pos=\"2342\">Dina kostnader \u00e4r f\u00f6ruts\u00e4gbara<\/h4>\n<p data-renderer-start-pos=\"2370\">Med abonnemangsmodellen pay-per-use vet du n\u00e4r n\u00e4sta (lilla) betalning ska g\u00f6ras och det finns inga dolda kostnader i form av \u00f6verraskande uppgraderingskostnader f\u00f6r att f\u00e5 appen att fungera p\u00e5 ett nytt operativsystem eller st\u00f6dja en ny kamera. \"For Life\"-licenser har aldrig riktigt existerat. N\u00e4r du uppdaterade till ett nytt operativsystem eller en ny dator var du tvungen att k\u00f6pa en uppgradering f\u00f6r att f\u00e5 en fungerande version av programmet. Kostnaderna f\u00f6r denna uppgradering var ofta ok\u00e4nda i f\u00f6rv\u00e4g och kom med slumpm\u00e4ssiga intervall.<\/p>\n<p data-renderer-start-pos=\"2868\">Detta \u00e4r \u00e4nnu b\u00e4ttre om du har ett f\u00f6retag. Att f\u00f6rdela kostnaderna \u00f6ver en tillg\u00e5ngs anv\u00e4ndningsperiod underl\u00e4ttar kassafl\u00f6det och aff\u00e4rsplaneringen.<\/p>\n<h4 data-renderer-start-pos=\"3010\">M\u00e5nga andra saker i ditt liv fungerar p\u00e5 samma s\u00e4tt, inklusive, troligen, din egen inkomst<\/h4>\n<p data-renderer-start-pos=\"3096\">Du har redan m\u00e5nga andra saker i ditt liv som \u00e4r pay-per-use. Hyra en bostad eller betala ett bol\u00e5n, k\u00f6ra bil (betala f\u00f6r gas eller el n\u00e4r du k\u00f6r), Netflix, din kabel-TV, din telefon, alla dessa saker som du njuter av p\u00e5 m\u00e5nadsbasis. Vissa m\u00e4nniskor hyr till och med sina datorer f\u00f6r att ha r\u00e5d med ett b\u00e4ttre och snabbare system.<\/p>\n<p data-renderer-start-pos=\"3447\">Och slutligen, om du har en mer eller mindre regelbunden inkomst som de flesta m\u00e4nniskor, t\u00e4nk ocks\u00e5 p\u00e5 alla de f\u00f6rdelar du har av att sj\u00e4lv bli betald \"genom anv\u00e4ndning\".<\/p>\t\t\t\t\t\t\t\t<\/div>\n\t\t\t\t<\/div>\n\t\t\t\t<\/div>\n\t\t\t\t\t<\/div>\n\t\t\t\t<\/div>\n\t\t\t\t<\/div>","protected":false},"excerpt":{"rendered":"<p>Benefits of Access-based licenses We are excited to announce the release of FotoMagico 6, which includes a variety of new features. We want to take the opportunity to explain why we have chosen to move towards a access-based license model.&nbsp; Discover the Benefits of only paying for access FotoMagico when you need it: The Optimal [&hellip;]<\/p>\n","protected":false},"author":2,"featured_media":0,"parent":0,"menu_order":0,"comment_status":"closed","ping_status":"closed","template":"","meta":{"_acf_changed":false,"footnotes":""},"class_list":["post-1323","page","type-page","status-publish","hentry"],"acf":[],"_links":{"self":[{"href":"https:\/\/fotomagico.com\/sv\/wp-json\/wp\/v2\/pages\/1323","targetHints":{"allow":["GET"]}}],"collection":[{"href":"https:\/\/fotomagico.com\/sv\/wp-json\/wp\/v2\/pages"}],"about":[{"href":"https:\/\/fotomagico.com\/sv\/wp-json\/wp\/v2\/types\/page"}],"author":[{"embeddable":true,"href":"https:\/\/fotomagico.com\/sv\/wp-json\/wp\/v2\/users\/2"}],"replies":[{"embeddable":true,"href":"https:\/\/fotomagico.com\/sv\/wp-json\/wp\/v2\/comments?post=1323"}],"version-history":[{"count":5,"href":"https:\/\/fotomagico.com\/sv\/wp-json\/wp\/v2\/pages\/1323\/revisions"}],"predecessor-version":[{"id":8797,"href":"https:\/\/fotomagico.com\/sv\/wp-json\/wp\/v2\/pages\/1323\/revisions\/8797"}],"wp:attachment":[{"href":"https:\/\/fotomagico.com\/sv\/wp-json\/wp\/v2\/media?parent=1323"}],"curies":[{"name":"wp","href":"https:\/\/api.w.org\/{rel}","templated":true}]}}