{"id":7112,"date":"2023-09-07T13:10:06","date_gmt":"2023-09-07T11:10:06","guid":{"rendered":"https:\/\/fotomagico.com\/?page_id=7112"},"modified":"2023-09-12T09:47:52","modified_gmt":"2023-09-12T07:47:52","slug":"efeito-comico","status":"publish","type":"page","link":"https:\/\/fotomagico.com\/pt-pt\/comic-effect\/","title":{"rendered":"Efeito c\u00f3mico"},"content":{"rendered":"<div data-elementor-type=\"wp-page\" data-elementor-id=\"7112\" class=\"elementor elementor-7112\" data-elementor-post-type=\"page\">\n\t\t\t\t<div class=\"elementor-element elementor-element-6e73158 e-flex e-con-boxed e-con e-parent\" data-id=\"6e73158\" data-element_type=\"container\" data-e-type=\"container\">\n\t\t\t\t\t<div class=\"e-con-inner\">\n\t\t<div class=\"elementor-element elementor-element-9a711fa e-flex e-con-boxed e-con e-parent\" data-id=\"9a711fa\" data-element_type=\"container\" data-e-type=\"container\">\n\t\t\t\t\t<div class=\"e-con-inner\">\n\t\t<div class=\"elementor-element elementor-element-cb02b8e e-con-full e-flex e-con e-parent\" data-id=\"cb02b8e\" data-element_type=\"container\" data-e-type=\"container\">\n\t\t\t\t<div class=\"elementor-element elementor-element-a4277fe elementor-widget elementor-widget-heading\" data-id=\"a4277fe\" data-element_type=\"widget\" data-e-type=\"widget\" data-widget_type=\"heading.default\">\n\t\t\t\t<div class=\"elementor-widget-container\">\n\t\t\t\t\t<h1 class=\"elementor-heading-title elementor-size-default\">Efeito c\u00f3mico no FotoMagico<\/h1>\t\t\t\t<\/div>\n\t\t\t\t<\/div>\n\t\t\t\t<div class=\"elementor-element elementor-element-67cb681 elementor-widget elementor-widget-text-editor\" data-id=\"67cb681\" data-element_type=\"widget\" data-e-type=\"widget\" data-widget_type=\"text-editor.default\">\n\t\t\t\t<div class=\"elementor-widget-container\">\n\t\t\t\t\t\t\t\t\tDescubra o fasc\u00ednio cinematogr\u00e1fico do Film Noir na sua <br>apresenta\u00e7\u00f5es de diapositivos com o novo Efeito C\u00f3mico do FotoMagico.\t\t\t\t\t\t\t\t<\/div>\n\t\t\t\t<\/div>\n\t\t\t\t<\/div>\n\t\t\t\t\t<\/div>\n\t\t\t\t<\/div>\n\t\t\t\t\t<\/div>\n\t\t\t\t<\/div>\n\t\t<div class=\"elementor-element elementor-element-9a2ef6b e-flex e-con-boxed e-con e-parent\" data-id=\"9a2ef6b\" data-element_type=\"container\" data-e-type=\"container\">\n\t\t\t\t\t<div class=\"e-con-inner\">\n\t\t\t\t<div class=\"elementor-element elementor-element-03ee993 elementor-widget elementor-widget-video\" data-id=\"03ee993\" data-element_type=\"widget\" data-e-type=\"widget\" data-settings=\"{&quot;video_type&quot;:&quot;hosted&quot;,&quot;controls&quot;:&quot;yes&quot;}\" data-widget_type=\"video.default\">\n\t\t\t\t<div class=\"elementor-widget-container\">\n\t\t\t\t\t\t\t<div class=\"e-hosted-video elementor-wrapper elementor-open-inline\">\n\t\t\t\t\t<video class=\"elementor-video\" src=\"https:\/\/fotomagico.com\/wp-content\/uploads\/2023\/09\/Film_Noir_FotoMagico_6_5-B.mp4\" controls=\"\" preload=\"metadata\" controlslist=\"nodownload\"><\/video>\n\t\t\t\t<\/div>\n\t\t\t\t\t\t<\/div>\n\t\t\t\t<\/div>\n\t\t\t\t\t<\/div>\n\t\t\t\t<\/div>\n\t\t<div class=\"elementor-element elementor-element-7bbc60e e-flex e-con-boxed e-con e-parent\" data-id=\"7bbc60e\" data-element_type=\"container\" data-e-type=\"container\">\n\t\t\t\t\t<div class=\"e-con-inner\">\n\t\t<div class=\"elementor-element elementor-element-78e708a e-flex e-con-boxed e-con e-parent\" data-id=\"78e708a\" data-element_type=\"container\" data-e-type=\"container\">\n\t\t\t\t\t<div class=\"e-con-inner\">\n\t\t<div class=\"elementor-element elementor-element-94644d2 e-con-full e-flex e-con e-parent\" data-id=\"94644d2\" data-element_type=\"container\" data-e-type=\"container\">\n\t\t\t\t<div class=\"elementor-element elementor-element-0599cdd elementor-widget elementor-widget-heading\" data-id=\"0599cdd\" data-element_type=\"widget\" data-e-type=\"widget\" data-widget_type=\"heading.default\">\n\t\t\t\t<div class=\"elementor-widget-container\">\n\t\t\t\t\t<h2 class=\"elementor-heading-title elementor-size-default\">Efeito de banda desenhada Film Noir<\/h2>\t\t\t\t<\/div>\n\t\t\t\t<\/div>\n\t\t\t\t<div class=\"elementor-element elementor-element-4292eba elementor-widget elementor-widget-text-editor\" data-id=\"4292eba\" data-element_type=\"widget\" data-e-type=\"widget\" data-widget_type=\"text-editor.default\">\n\t\t\t\t<div class=\"elementor-widget-container\">\n\t\t\t\t\t\t\t\t\t<p>Mergulhe no misterioso mundo do Film Noir e d\u00ea \u00e0s suas fotografias um toque de charme cinematogr\u00e1fico. Com o novo Efeito BD da FotoMagico, transporte os seus espectadores diretamente para uma banda desenhada de suspense criminal a preto e branco - sem esfor\u00e7o.<\/p>\t\t\t\t\t\t\t\t<\/div>\n\t\t\t\t<\/div>\n\t\t\t\t<\/div>\n\t\t\t\t\t<\/div>\n\t\t\t\t<\/div>\n\t\t\t\t\t<\/div>\n\t\t\t\t<\/div>\n\t\t<div class=\"elementor-element elementor-element-863a676 e-flex e-con-boxed e-con e-parent\" data-id=\"863a676\" data-element_type=\"container\" data-e-type=\"container\">\n\t\t\t\t\t<div class=\"e-con-inner\">\n\t\t\t\t<div class=\"elementor-element elementor-element-0017b33 elementor-widget elementor-widget-image\" data-id=\"0017b33\" data-element_type=\"widget\" data-e-type=\"widget\" data-widget_type=\"image.default\">\n\t\t\t\t<div class=\"elementor-widget-container\">\n\t\t\t\t\t\t\t\t\t\t\t\t\t\t\t<picture><source srcset=\"https:\/\/fotomagico.com\/wp-content\/uploads\/2023\/09\/Screenshot-2023-09-07-at-13.12.21-1024x607.png.webp 1024w, https:\/\/fotomagico.com\/wp-content\/uploads\/2023\/09\/Screenshot-2023-09-07-at-13.12.21-300x178.png.webp 300w, https:\/\/fotomagico.com\/wp-content\/uploads\/2023\/09\/Screenshot-2023-09-07-at-13.12.21-768x456.png.webp 768w, https:\/\/fotomagico.com\/wp-content\/uploads\/2023\/09\/Screenshot-2023-09-07-at-13.12.21-1536x911.png.webp 1536w, https:\/\/fotomagico.com\/wp-content\/uploads\/2023\/09\/Screenshot-2023-09-07-at-13.12.21-18x12.png.webp 18w, https:\/\/fotomagico.com\/wp-content\/uploads\/2023\/09\/Screenshot-2023-09-07-at-13.12.21.png.webp 1600w\" sizes=\"(max-width: 800px) 100vw, 800px\" type=\"image\/webp\"><img fetchpriority=\"high\" decoding=\"async\" width=\"800\" height=\"474\" src=\"https:\/\/fotomagico.com\/wp-content\/uploads\/2023\/09\/Screenshot-2023-09-07-at-13.12.21-1024x607.png\" class=\"attachment-large size-large wp-image-7118 webpexpress-processed\" alt=\"\" srcset=\"https:\/\/fotomagico.com\/wp-content\/uploads\/2023\/09\/Screenshot-2023-09-07-at-13.12.21-1024x607.png 1024w, https:\/\/fotomagico.com\/wp-content\/uploads\/2023\/09\/Screenshot-2023-09-07-at-13.12.21-300x178.png 300w, https:\/\/fotomagico.com\/wp-content\/uploads\/2023\/09\/Screenshot-2023-09-07-at-13.12.21-768x456.png 768w, https:\/\/fotomagico.com\/wp-content\/uploads\/2023\/09\/Screenshot-2023-09-07-at-13.12.21-1536x911.png 1536w, https:\/\/fotomagico.com\/wp-content\/uploads\/2023\/09\/Screenshot-2023-09-07-at-13.12.21-18x12.png 18w, https:\/\/fotomagico.com\/wp-content\/uploads\/2023\/09\/Screenshot-2023-09-07-at-13.12.21.png 1600w\" sizes=\"(max-width: 800px) 100vw, 800px\"><\/picture>\t\t\t\t\t\t\t\t\t\t\t\t\t\t\t<\/div>\n\t\t\t\t<\/div>\n\t\t\t\t\t<\/div>\n\t\t\t\t<\/div>\n\t\t<div class=\"elementor-element elementor-element-59f49a1 e-flex e-con-boxed e-con e-parent\" data-id=\"59f49a1\" data-element_type=\"container\" data-e-type=\"container\">\n\t\t\t\t\t<div class=\"e-con-inner\">\n\t\t<div class=\"elementor-element elementor-element-5d30cbf e-flex e-con-boxed e-con e-parent\" data-id=\"5d30cbf\" data-element_type=\"container\" data-e-type=\"container\">\n\t\t\t\t\t<div class=\"e-con-inner\">\n\t\t<div class=\"elementor-element elementor-element-999b4f3 e-con-full e-flex e-con e-parent\" data-id=\"999b4f3\" data-element_type=\"container\" data-e-type=\"container\">\n\t\t\t\t<div class=\"elementor-element elementor-element-00e8e78 elementor-widget elementor-widget-heading\" data-id=\"00e8e78\" data-element_type=\"widget\" data-e-type=\"widget\" data-widget_type=\"heading.default\">\n\t\t\t\t<div class=\"elementor-widget-container\">\n\t\t\t\t\t<h2 class=\"elementor-heading-title elementor-size-default\">Integra\u00e7\u00e3o perfeita, resultados not\u00e1veis<\/h2>\t\t\t\t<\/div>\n\t\t\t\t<\/div>\n\t\t\t\t<div class=\"elementor-element elementor-element-534da79 elementor-widget elementor-widget-text-editor\" data-id=\"534da79\" data-element_type=\"widget\" data-e-type=\"widget\" data-widget_type=\"text-editor.default\">\n\t\t\t\t<div class=\"elementor-widget-container\">\n\t\t\t\t\t\t\t\t\t<p>Com apenas alguns cliques, transforme as suas fotografias em impressionantes bandas desenhadas a preto e branco, reminiscentes da era cl\u00e1ssica do Film Noir. Quer se trate de uma apresenta\u00e7\u00e3o de diapositivos narrativa, de um \u00e1lbum de fotografias evocativo ou de um v\u00eddeo envolvente, o Comic Effect \u00e9 a chave para criar imagens atraentes que prendem o seu p\u00fablico do in\u00edcio ao fim.<\/p>\t\t\t\t\t\t\t\t<\/div>\n\t\t\t\t<\/div>\n\t\t\t\t<\/div>\n\t\t\t\t\t<\/div>\n\t\t\t\t<\/div>\n\t\t\t\t\t<\/div>\n\t\t\t\t<\/div>\n\t\t<div class=\"elementor-element elementor-element-2fef6f7 e-flex e-con-boxed e-con e-parent\" data-id=\"2fef6f7\" data-element_type=\"container\" data-e-type=\"container\">\n\t\t\t\t\t<div class=\"e-con-inner\">\n\t\t<div class=\"elementor-element elementor-element-8f7cbf8 e-flex e-con-boxed e-con e-parent\" data-id=\"8f7cbf8\" data-element_type=\"container\" data-e-type=\"container\">\n\t\t\t\t\t<div class=\"e-con-inner\">\n\t\t\t\t<div class=\"elementor-element elementor-element-c57d045 elementor-align-center elementor-widget elementor-widget-button\" data-id=\"c57d045\" data-element_type=\"widget\" data-e-type=\"widget\" data-widget_type=\"button.default\">\n\t\t\t\t<div class=\"elementor-widget-container\">\n\t\t\t\t\t\t\t\t\t<div class=\"elementor-button-wrapper\">\n\t\t\t\t\t<a class=\"elementor-button elementor-button-link elementor-size-sm\" href=\"https:\/\/fotomagico.com\/pt-pt\/descarregar\/julgamento-livre\/\">\n\t\t\t\t\t\t<span class=\"elementor-button-content-wrapper\">\n\t\t\t\t\t\t\t\t\t<span class=\"elementor-button-text\">Experimente a vers\u00e3o completa durante 14 dias.<\/span>\n\t\t\t\t\t<\/span>\n\t\t\t\t\t<\/a>\n\t\t\t\t<\/div>\n\t\t\t\t\t\t\t\t<\/div>\n\t\t\t\t<\/div>\n\t\t\t\t\t<\/div>\n\t\t\t\t<\/div>\n\t\t\t\t\t<\/div>\n\t\t\t\t<\/div>\n\t\t<div class=\"elementor-element elementor-element-ffe68a9 e-flex e-con-boxed e-con e-parent\" data-id=\"ffe68a9\" data-element_type=\"container\" data-e-type=\"container\">\n\t\t\t\t\t<div class=\"e-con-inner\">\n\t\t\t\t<div class=\"elementor-element elementor-element-260484a elementor-widget elementor-widget-image\" data-id=\"260484a\" data-element_type=\"widget\" data-e-type=\"widget\" data-widget_type=\"image.default\">\n\t\t\t\t<div class=\"elementor-widget-container\">\n\t\t\t\t\t\t\t\t\t\t\t\t\t\t\t<picture><source srcset=\"https:\/\/fotomagico.com\/wp-content\/uploads\/2023\/09\/Screenshot-2023-09-07-at-13.09.37-1024x601.png.webp 1024w, https:\/\/fotomagico.com\/wp-content\/uploads\/2023\/09\/Screenshot-2023-09-07-at-13.09.37-300x176.png.webp 300w, https:\/\/fotomagico.com\/wp-content\/uploads\/2023\/09\/Screenshot-2023-09-07-at-13.09.37-768x451.png.webp 768w, https:\/\/fotomagico.com\/wp-content\/uploads\/2023\/09\/Screenshot-2023-09-07-at-13.09.37-1536x901.png.webp 1536w, https:\/\/fotomagico.com\/wp-content\/uploads\/2023\/09\/Screenshot-2023-09-07-at-13.09.37-18x12.png.webp 18w, https:\/\/fotomagico.com\/wp-content\/uploads\/2023\/09\/Screenshot-2023-09-07-at-13.09.37.png.webp 2032w\" sizes=\"(max-width: 800px) 100vw, 800px\" type=\"image\/webp\"><img decoding=\"async\" width=\"800\" height=\"470\" src=\"https:\/\/fotomagico.com\/wp-content\/uploads\/2023\/09\/Screenshot-2023-09-07-at-13.09.37-1024x601.png\" class=\"attachment-large size-large wp-image-7113 webpexpress-processed\" alt=\"\" srcset=\"https:\/\/fotomagico.com\/wp-content\/uploads\/2023\/09\/Screenshot-2023-09-07-at-13.09.37-1024x601.png 1024w, https:\/\/fotomagico.com\/wp-content\/uploads\/2023\/09\/Screenshot-2023-09-07-at-13.09.37-300x176.png 300w, https:\/\/fotomagico.com\/wp-content\/uploads\/2023\/09\/Screenshot-2023-09-07-at-13.09.37-768x451.png 768w, https:\/\/fotomagico.com\/wp-content\/uploads\/2023\/09\/Screenshot-2023-09-07-at-13.09.37-1536x901.png 1536w, https:\/\/fotomagico.com\/wp-content\/uploads\/2023\/09\/Screenshot-2023-09-07-at-13.09.37-18x12.png 18w, https:\/\/fotomagico.com\/wp-content\/uploads\/2023\/09\/Screenshot-2023-09-07-at-13.09.37.png 2032w\" sizes=\"(max-width: 800px) 100vw, 800px\"><\/picture>\t\t\t\t\t\t\t\t\t\t\t\t\t\t\t<\/div>\n\t\t\t\t<\/div>\n\t\t\t\t\t<\/div>\n\t\t\t\t<\/div>\n\t\t\t\t<\/div>","protected":false},"excerpt":{"rendered":"<p>Comic Effect in FotoMagico Unveil the cinematic allure of Film Noir in your slideshows with FotoMagico&#8217;s new Comic Effect.https:\/\/fotomagico.com\/wp-content\/uploads\/2023\/09\/Film_Noir_FotoMagico_6_5-B.mp4 Film Noir Comic Effect Dive into the mysterious world of Film Noir and give your photos a touch of cinematic charm. With FotoMagico&#8217;s brand-new Comic Effect, transport your viewers straight into a black and white crime [&hellip;]<\/p>\n","protected":false},"author":1,"featured_media":7118,"parent":0,"menu_order":0,"comment_status":"closed","ping_status":"closed","template":"","meta":{"_acf_changed":false,"footnotes":""},"class_list":["post-7112","page","type-page","status-publish","has-post-thumbnail","hentry"],"acf":[],"_links":{"self":[{"href":"https:\/\/fotomagico.com\/pt-pt\/wp-json\/wp\/v2\/pages\/7112","targetHints":{"allow":["GET"]}}],"collection":[{"href":"https:\/\/fotomagico.com\/pt-pt\/wp-json\/wp\/v2\/pages"}],"about":[{"href":"https:\/\/fotomagico.com\/pt-pt\/wp-json\/wp\/v2\/types\/page"}],"author":[{"embeddable":true,"href":"https:\/\/fotomagico.com\/pt-pt\/wp-json\/wp\/v2\/users\/1"}],"replies":[{"embeddable":true,"href":"https:\/\/fotomagico.com\/pt-pt\/wp-json\/wp\/v2\/comments?post=7112"}],"version-history":[{"count":5,"href":"https:\/\/fotomagico.com\/pt-pt\/wp-json\/wp\/v2\/pages\/7112\/revisions"}],"predecessor-version":[{"id":7312,"href":"https:\/\/fotomagico.com\/pt-pt\/wp-json\/wp\/v2\/pages\/7112\/revisions\/7312"}],"wp:featuredmedia":[{"embeddable":true,"href":"https:\/\/fotomagico.com\/pt-pt\/wp-json\/wp\/v2\/media\/7118"}],"wp:attachment":[{"href":"https:\/\/fotomagico.com\/pt-pt\/wp-json\/wp\/v2\/media?parent=7112"}],"curies":[{"name":"wp","href":"https:\/\/api.w.org\/{rel}","templated":true}]}}