{"id":5776,"date":"2023-03-01T19:31:55","date_gmt":"2023-03-01T18:31:55","guid":{"rendered":"https:\/\/fotomagico.com\/?page_id=5776"},"modified":"2024-05-14T15:19:07","modified_gmt":"2024-05-14T13:19:07","slug":"ai-ferramentas","status":"publish","type":"page","link":"https:\/\/fotomagico.com\/pt-pt\/ai-tools\/","title":{"rendered":"Ferramentas Ai"},"content":{"rendered":"<div data-elementor-type=\"wp-page\" data-elementor-id=\"5776\" class=\"elementor elementor-5776\" data-elementor-post-type=\"page\">\n\t\t\t\t<div class=\"elementor-element elementor-element-84f9474 e-flex e-con-boxed e-con e-parent\" data-id=\"84f9474\" data-element_type=\"container\" data-e-type=\"container\">\n\t\t\t\t\t<div class=\"e-con-inner\">\n\t\t<div class=\"elementor-element elementor-element-fb70a3e e-con-full e-flex e-con e-child\" data-id=\"fb70a3e\" data-element_type=\"container\" data-e-type=\"container\">\n\t\t\t\t<div class=\"elementor-element elementor-element-8f2c781 elementor-widget elementor-widget-heading\" data-id=\"8f2c781\" data-element_type=\"widget\" data-e-type=\"widget\" data-widget_type=\"heading.default\">\n\t\t\t\t<div class=\"elementor-widget-container\">\n\t\t\t\t\t<h1 class=\"elementor-heading-title elementor-size-default\">Ferramentas Ai<\/h1>\t\t\t\t<\/div>\n\t\t\t\t<\/div>\n\t\t\t\t<div class=\"elementor-element elementor-element-0444eee elementor-widget elementor-widget-heading\" data-id=\"0444eee\" data-element_type=\"widget\" data-e-type=\"widget\" data-widget_type=\"heading.default\">\n\t\t\t\t<div class=\"elementor-widget-container\">\n\t\t\t\t\t<h4 class=\"elementor-heading-title elementor-size-default\">Procura uma forma de poupar tempo e agilizar o seu fluxo de trabalho de edi\u00e7\u00e3o de fotografia e v\u00eddeo? <\/h4>\t\t\t\t<\/div>\n\t\t\t\t<\/div>\n\t\t\t\t<\/div>\n\t\t\t\t\t<\/div>\n\t\t\t\t<\/div>\n\t\t<div class=\"elementor-element elementor-element-0f6578c e-flex e-con-boxed e-con e-parent\" data-id=\"0f6578c\" data-element_type=\"container\" data-e-type=\"container\">\n\t\t\t\t\t<div class=\"e-con-inner\">\n\t\t\t\t<div class=\"elementor-element elementor-element-067d84f elementor-widget elementor-widget-heading\" data-id=\"067d84f\" data-element_type=\"widget\" data-e-type=\"widget\" data-widget_type=\"heading.default\">\n\t\t\t\t<div class=\"elementor-widget-container\">\n\t\t\t\t\t<h3 class=\"elementor-heading-title elementor-size-default\">Anima\u00e7\u00f5es din\u00e2micas\n <sup>Ai<\/sup><\/h3>\t\t\t\t<\/div>\n\t\t\t\t<\/div>\n\t\t<div class=\"elementor-element elementor-element-54cb190 e-flex e-con-boxed e-con e-child\" data-id=\"54cb190\" data-element_type=\"container\" data-e-type=\"container\">\n\t\t\t\t\t<div class=\"e-con-inner\">\n\t\t\t\t<div class=\"elementor-element elementor-element-e375ae4 elementor-widget elementor-widget-video\" data-id=\"e375ae4\" data-element_type=\"widget\" data-e-type=\"widget\" data-settings=\"{&quot;video_type&quot;:&quot;hosted&quot;,&quot;autoplay&quot;:&quot;yes&quot;,&quot;mute&quot;:&quot;yes&quot;,&quot;loop&quot;:&quot;yes&quot;}\" data-widget_type=\"video.default\">\n\t\t\t\t<div class=\"elementor-widget-container\">\n\t\t\t\t\t\t\t<div class=\"e-hosted-video elementor-wrapper elementor-open-inline\">\n\t\t\t\t\t<video class=\"elementor-video\" src=\"https:\/\/fotomagico.com\/wp-content\/uploads\/2024\/05\/fotomagico_6_6_wordpress.mp4\" autoplay=\"\" loop=\"\" muted=\"muted\" controlslist=\"nodownload\" poster=\"https:\/\/fotomagico.com\/wp-content\/uploads\/2024\/05\/fotomagico_6_6_wordpress-Cover.jpg\"><\/video>\n\t\t\t\t<\/div>\n\t\t\t\t\t\t<\/div>\n\t\t\t\t<\/div>\n\t\t\t\t\t<\/div>\n\t\t\t\t<\/div>\n\t\t\t\t<div class=\"elementor-element elementor-element-f33559f elementor-widget elementor-widget-text-editor\" data-id=\"f33559f\" data-element_type=\"widget\" data-e-type=\"widget\" data-widget_type=\"text-editor.default\">\n\t\t\t\t<div class=\"elementor-widget-container\">\n\t\t\t\t\t\t\t\t\t<h4>An\u00e1lise de imagens com IA para anima\u00e7\u00f5es din\u00e2micas<\/h4><p class=\"translation-block\">Eleve as suas cria\u00e7\u00f5es de apresenta\u00e7\u00f5es de slides com o mais recente avan\u00e7o do FotoMagico: <b>An\u00e1lise de imagem de IA!<\/b> Este recurso inovador aprimora as anima\u00e7\u00f5es autom\u00e1ticas de panor\u00e2mica e zoom, garantindo que cada quadro da sua apresenta\u00e7\u00e3o de slides pare\u00e7a vivo e envolvente. Com insights orientados por IA, o FotoMagico enquadra de forma inteligente os elementos mais importantes das suas fotos, tornando cada transi\u00e7\u00e3o perfeita e impactante.<\/p><p>Quer seja um profissional que pretende dar um toque din\u00e2mico \u00e0s suas apresenta\u00e7\u00f5es ou um amador ansioso por dar vida \u00e0s suas hist\u00f3rias fotogr\u00e1ficas, a ferramenta AI Image Analysis adapta-se \u00e0s suas necessidades. Pode deixar a IA fazer o trabalho pesado com anima\u00e7\u00f5es totalmente automatizadas ou intervir e aplicar o seu toque criativo, afinando as anima\u00e7\u00f5es manualmente. Esta mistura de automatiza\u00e7\u00e3o e personaliza\u00e7\u00e3o garante que as suas apresenta\u00e7\u00f5es de diapositivos n\u00e3o s\u00e3o apenas bonitas, mas tamb\u00e9m exclusivamente suas.\u00a0<\/p><h4>Efeito Ken Burns 2.0<\/h4><p style=\"border: 0px solid #e3e3e3; --tw-border-spacing-x: 0; --tw-border-spacing-y: 0; --tw-translate-x: 0; --tw-translate-y: 0; --tw-rotate: 0; --tw-skew-x: 0; --tw-skew-y: 0; --tw-scale-x: 1; --tw-scale-y: 1; --tw-scroll-snap-strictness: proximity; --tw-ring-offset-width: 0px; --tw-ring-offset-color: #fff; --tw-ring-color: rgba(69,89,164,.5); --tw-ring-offset-shadow: 0 0 transparent; --tw-ring-shadow: 0 0 transparent; --tw-shadow: 0 0 transparent; --tw-shadow-colored: 0 0 transparent; margin: 1.25em 0px; font-family: S\u00f6hne, ui-sans-serif, system-ui, -apple-system, 'Segoe UI', Roboto, Ubuntu, Cantarell, 'Noto Sans', sans-serif, 'Helvetica Neue', Arial, 'Apple Color Emoji', 'Segoe UI Emoji', 'Segoe UI Symbol', 'Noto Color Emoji'; white-space-collapse: preserve;\">Pode chamar-lhe Ken Burns 2.0 porque combina o efeito cl\u00e1ssico com a tecnologia de IA para identificar as \u00e1reas mais interessantes das suas fotografias. Esta funcionalidade inovadora do FotoMagico 6.6 cria movimentos de panor\u00e2mica e zoom suaves e din\u00e2micos, dando vida \u00e0s suas imagens com qualidade cinematogr\u00e1fica.<\/p><p style=\"border: 0px solid #e3e3e3; --tw-border-spacing-x: 0; --tw-border-spacing-y: 0; --tw-translate-x: 0; --tw-translate-y: 0; --tw-rotate: 0; --tw-skew-x: 0; --tw-skew-y: 0; --tw-scale-x: 1; --tw-scale-y: 1; --tw-scroll-snap-strictness: proximity; --tw-ring-offset-width: 0px; --tw-ring-offset-color: #fff; --tw-ring-color: rgba(69,89,164,.5); --tw-ring-offset-shadow: 0 0 transparent; --tw-ring-shadow: 0 0 transparent; --tw-shadow: 0 0 transparent; --tw-shadow-colored: 0 0 transparent; margin: 1.25em 0px; font-family: S\u00f6hne, ui-sans-serif, system-ui, -apple-system, 'Segoe UI', Roboto, Ubuntu, Cantarell, 'Noto Sans', sans-serif, 'Helvetica Neue', Arial, 'Apple Color Emoji', 'Segoe UI Emoji', 'Segoe UI Symbol', 'Noto Color Emoji'; white-space-collapse: preserve;\">Quer realce a express\u00e3o de um sujeito ou capte a grandiosidade de uma paisagem, o Ken Burns Effect 2.0 assegura que cada diapositivo \u00e9 cativante e impactante. Personalize as anima\u00e7\u00f5es de acordo com a sua hist\u00f3ria ou deixe a IA tratar disso por si. Melhore as suas apresenta\u00e7\u00f5es de diapositivos com esta combina\u00e7\u00e3o perfeita de arte e tecnologia.<\/p><div>\u00a0<\/div><p>Actualize j\u00e1 para o FotoMagico 6.7 e aproveite o poder da IA para transformar os seus projectos de fotografia e v\u00eddeo em experi\u00eancias cativantes. O seu p\u00fablico vai ter um prazer visualmente deslumbrante!<\/p><p>\u00a0<\/p>\t\t\t\t\t\t\t\t<\/div>\n\t\t\t\t<\/div>\n\t\t\t\t<div class=\"elementor-element elementor-element-553e534 elementor-align-center elementor-widget elementor-widget-button\" data-id=\"553e534\" data-element_type=\"widget\" data-e-type=\"widget\" data-widget_type=\"button.default\">\n\t\t\t\t<div class=\"elementor-widget-container\">\n\t\t\t\t\t\t\t\t\t<div class=\"elementor-button-wrapper\">\n\t\t\t\t\t<a class=\"elementor-button elementor-button-link elementor-size-sm\" href=\"https:\/\/fotomagico.com\/pt-pt\/descarregar\/julgamento-livre\/\">\n\t\t\t\t\t\t<span class=\"elementor-button-content-wrapper\">\n\t\t\t\t\t\t\t\t\t<span class=\"elementor-button-text\">Experimente a vers\u00e3o completa durante 14 dias.<\/span>\n\t\t\t\t\t<\/span>\n\t\t\t\t\t<\/a>\n\t\t\t\t<\/div>\n\t\t\t\t\t\t\t\t<\/div>\n\t\t\t\t<\/div>\n\t\t\t\t\t<\/div>\n\t\t\t\t<\/div>\n\t\t<div class=\"elementor-element elementor-element-8a2e26f e-flex e-con-boxed e-con e-parent\" data-id=\"8a2e26f\" data-element_type=\"container\" data-e-type=\"container\">\n\t\t\t\t\t<div class=\"e-con-inner\">\n\t\t\t\t<div class=\"elementor-element elementor-element-eb392c7 elementor-widget elementor-widget-heading\" data-id=\"eb392c7\" data-element_type=\"widget\" data-e-type=\"widget\" data-widget_type=\"heading.default\">\n\t\t\t\t<div class=\"elementor-widget-container\">\n\t\t\t\t\t<h3 class=\"elementor-heading-title elementor-size-default\">Remo\u00e7\u00e3o de antecedentes <sup>Ai<\/sup><\/h3>\t\t\t\t<\/div>\n\t\t\t\t<\/div>\n\t\t\t\t<div class=\"elementor-element elementor-element-30c5132 elementor-widget elementor-widget-image\" data-id=\"30c5132\" data-element_type=\"widget\" data-e-type=\"widget\" data-widget_type=\"image.default\">\n\t\t\t\t<div class=\"elementor-widget-container\">\n\t\t\t\t\t\t\t\t\t\t\t\t\t\t\t<img fetchpriority=\"high\" decoding=\"async\" width=\"738\" height=\"480\" src=\"https:\/\/fotomagico.com\/wp-content\/uploads\/2023\/03\/Background-Removal-Demo-V2-480p-gif.gif\" class=\"attachment-large size-large wp-image-5781\" alt=\"\" \/>\t\t\t\t\t\t\t\t\t\t\t\t\t\t\t<\/div>\n\t\t\t\t<\/div>\n\t\t\t\t<div class=\"elementor-element elementor-element-781d80f elementor-widget elementor-widget-text-editor\" data-id=\"781d80f\" data-element_type=\"widget\" data-e-type=\"widget\" data-widget_type=\"text-editor.default\">\n\t\t\t\t<div class=\"elementor-widget-container\">\n\t\t\t\t\t\t\t\t\t<p>Apresentando a nova e revolucion\u00e1ria funcionalidade da FotoMagico: Remo\u00e7\u00e3o Autom\u00e1tica do Fundo! Diga adeus a horas de edi\u00e7\u00e3o enfadonha e ol\u00e1 a apresenta\u00e7\u00f5es de diapositivos profissionais espantosamente profissionais em poucos minutos.<\/p><p>Com esta ferramenta de vanguarda, pode remover sem esfor\u00e7o o fundo de qualquer imagem com apenas alguns cliques. Quer esteja a criar uma apresenta\u00e7\u00e3o, um \u00e1lbum de fotografias, ou um v\u00eddeo, a ferramenta de remo\u00e7\u00e3o autom\u00e1tica de fundo da FotoMagico dar\u00e1 ao seu projecto um aspecto polido e profissional.<\/p><p>Imagine ser capaz de remover instantaneamente elementos de distrac\u00e7\u00e3o das suas fotografias e concentrar-se no assunto principal. Com a remo\u00e7\u00e3o autom\u00e1tica do fundo da FotoMagico, pode fazer exactamente isso! Ficar\u00e1 espantado com o tempo e esfor\u00e7o que poupar\u00e1, deixando-o com mais tempo para se concentrar no que realmente importa - criar visuais deslumbrantes que cativam o seu p\u00fablico.<\/p><p>Ent\u00e3o, porqu\u00ea esperar? Actualize hoje a \u00faltima vers\u00e3o da FotoMagico e descubra o poder da remo\u00e7\u00e3o autom\u00e1tica do fundo. O seu p\u00fablico vai agradecer-lhe por isso!<\/p>\t\t\t\t\t\t\t\t<\/div>\n\t\t\t\t<\/div>\n\t\t\t\t<div class=\"elementor-element elementor-element-4e88cf2 elementor-align-center elementor-widget elementor-widget-button\" data-id=\"4e88cf2\" data-element_type=\"widget\" data-e-type=\"widget\" data-widget_type=\"button.default\">\n\t\t\t\t<div class=\"elementor-widget-container\">\n\t\t\t\t\t\t\t\t\t<div class=\"elementor-button-wrapper\">\n\t\t\t\t\t<a class=\"elementor-button elementor-button-link elementor-size-sm\" href=\"https:\/\/fotomagico.com\/pt-pt\/descarregar\/julgamento-livre\/\">\n\t\t\t\t\t\t<span class=\"elementor-button-content-wrapper\">\n\t\t\t\t\t\t\t\t\t<span class=\"elementor-button-text\">Experimente a vers\u00e3o completa durante 14 dias.<\/span>\n\t\t\t\t\t<\/span>\n\t\t\t\t\t<\/a>\n\t\t\t\t<\/div>\n\t\t\t\t\t\t\t\t<\/div>\n\t\t\t\t<\/div>\n\t\t\t\t\t<\/div>\n\t\t\t\t<\/div>\n\t\t\t\t<\/div>","protected":false},"excerpt":{"rendered":"<p>Ai Tools Looking for a way to save time and streamline your photo and video editing workflow? Dynamic Animations Ai https:\/\/fotomagico.com\/wp-content\/uploads\/2024\/05\/fotomagico_6_6_wordpress.mp4 AI Image Analysis for Dynamic Animations Elevate your slideshow creations with the latest breakthrough from FotoMagico: AI Image Analysis! This innovative feature enhances automatic pan and zoom animations, ensuring that every frame in your [&hellip;]<\/p>\n","protected":false},"author":1,"featured_media":0,"parent":0,"menu_order":0,"comment_status":"closed","ping_status":"closed","template":"","meta":{"_acf_changed":false,"footnotes":""},"class_list":["post-5776","page","type-page","status-publish","hentry"],"acf":[],"_links":{"self":[{"href":"https:\/\/fotomagico.com\/pt-pt\/wp-json\/wp\/v2\/pages\/5776","targetHints":{"allow":["GET"]}}],"collection":[{"href":"https:\/\/fotomagico.com\/pt-pt\/wp-json\/wp\/v2\/pages"}],"about":[{"href":"https:\/\/fotomagico.com\/pt-pt\/wp-json\/wp\/v2\/types\/page"}],"author":[{"embeddable":true,"href":"https:\/\/fotomagico.com\/pt-pt\/wp-json\/wp\/v2\/users\/1"}],"replies":[{"embeddable":true,"href":"https:\/\/fotomagico.com\/pt-pt\/wp-json\/wp\/v2\/comments?post=5776"}],"version-history":[{"count":5,"href":"https:\/\/fotomagico.com\/pt-pt\/wp-json\/wp\/v2\/pages\/5776\/revisions"}],"predecessor-version":[{"id":8335,"href":"https:\/\/fotomagico.com\/pt-pt\/wp-json\/wp\/v2\/pages\/5776\/revisions\/8335"}],"wp:attachment":[{"href":"https:\/\/fotomagico.com\/pt-pt\/wp-json\/wp\/v2\/media?parent=5776"}],"curies":[{"name":"wp","href":"https:\/\/api.w.org\/{rel}","templated":true}]}}