{"id":4871,"date":"2022-11-11T20:34:02","date_gmt":"2022-11-11T19:34:02","guid":{"rendered":"https:\/\/fotomagico.com\/?page_id=4871"},"modified":"2024-05-06T11:44:59","modified_gmt":"2024-05-06T09:44:59","slug":"utilizador-final-licenca-acordo-eula","status":"publish","type":"page","link":"https:\/\/fotomagico.com\/pt-pt\/end-user-license-agreement-eula\/","title":{"rendered":"Contrato de Licen\u00e7a de Utilizador Final (EULA)"},"content":{"rendered":"<div data-elementor-type=\"wp-page\" data-elementor-id=\"4871\" class=\"elementor elementor-4871\" data-elementor-post-type=\"page\">\n\t\t\t\t<div class=\"elementor-element elementor-element-fe5723a e-flex e-con-boxed e-con e-parent\" data-id=\"fe5723a\" data-element_type=\"container\" data-e-type=\"container\">\n\t\t\t\t\t<div class=\"e-con-inner\">\n\t\t\t\t<div class=\"elementor-element elementor-element-4a80700 elementor-widget elementor-widget-text-editor\" data-id=\"4a80700\" data-element_type=\"widget\" data-e-type=\"widget\" data-widget_type=\"text-editor.default\">\n\t\t\t\t<div class=\"elementor-widget-container\">\n\t\t\t\t\t\t\t\t\t<p>Boinx Software International GmbH<br \/>Contrato de Licen\u00e7a de Utilizador Final (EULA)<br \/>O presente Acordo \u00e9 um acordo legal entre o utilizador (um indiv\u00edduo ou uma entidade jur\u00eddica, \"O Licenciado\") e a Boinx Software International GmbH (\"O Licenciador\") para o produto de software FotoMagico (\"O Produto\"). O Produto consiste em v\u00e1rios ficheiros, incluindo uma aplica\u00e7\u00e3o que \u00e9 distribu\u00edda em formato electr\u00f3nico por download a partir da Internet.<\/p><p>Ao instalar ou utilizar o Produto, concorda em ficar vinculado aos termos do presente Contrato de Licen\u00e7a. Caso n\u00e3o concorde com os termos do presente Contrato de Licen\u00e7a, elimine imediatamente todas as c\u00f3pias do Produto n\u00e3o utilizado dos seus dispositivos de armazenamento em massa. O Produto \u00e9 protegido por leis de direitos de autor e tratados internacionais de direitos de autor, bem como por outras leis e tratados de propriedade intelectual.<\/p><p>Concess\u00e3o de licen\u00e7a<br \/>A. A Boinx Software concede ao Licenciado uma licen\u00e7a n\u00e3o transfer\u00edvel para utilizar o Produto em qualquer produto da marca Apple que execute Mac OS X, que possua ou controle e conforme permitido pelas \"Regras de Utiliza\u00e7\u00e3o\". O Produto \u00e9 licenciado, n\u00e3o vendido, ao utilizador<\/p><p>B. Esta licen\u00e7a n\u00e3o lhe permite utilizar o Produto em qualquer Dispositivo Apple que n\u00e3o possua ou controle, e n\u00e3o pode distribuir ou tornar o Produto dispon\u00edvel atrav\u00e9s de uma rede. N\u00e3o pode alugar, alugar, emprestar, vender, redistribuir, ou sublicenciar a Aplica\u00e7\u00e3o Licenciada. N\u00e3o poder\u00e1 copiar, descompilar, fazer engenharia inversa, desmontar, tentar derivar o c\u00f3digo fonte, modificar, ou criar obras derivadas do Produto, quaisquer actualiza\u00e7\u00f5es, ou qualquer parte do mesmo. Qualquer tentativa de o fazer constitui uma viola\u00e7\u00e3o dos direitos do Licenciador e dos seus licenciadores.<\/p><p>Regras de utiliza\u00e7\u00e3o<br \/>A. Se for um indiv\u00edduo a agir na sua capacidade pessoal, pode descarregar e utilizar o Produto para uso pessoal e n\u00e3o comercial em qualquer produto da Apple com Mac OS X (\"Mac Computer\") que possua ou controle.<\/p><p>B. Se for uma empresa comercial ou institui\u00e7\u00e3o de ensino, pode descarregar o Produto para ser utilizado por (a) um \u00fanico indiv\u00edduo em cada um dos computadores Mac utilizados por esse indiv\u00edduo que possui ou controla ou (b) v\u00e1rios indiv\u00edduos num \u00fanico computador Mac partilhado que possui ou controla. Por exemplo, um \u00fanico funcion\u00e1rio pode utilizar um Produto tanto no computador Mac de secret\u00e1ria do funcion\u00e1rio como no computador Mac port\u00e1til, ou v\u00e1rios estudantes podem utilizar em s\u00e9rie um Produto num \u00fanico computador Mac localizado num centro de recursos ou biblioteca. Por uma quest\u00e3o de clareza, cada computador Mac utilizado em s\u00e9rie por v\u00e1rios utilizadores requer uma licen\u00e7a separada.<\/p><p>Consentimento de Utiliza\u00e7\u00e3o de Dados<br \/>O utilizador concorda que o Licenciador pode recolher e utilizar dados t\u00e9cnicos e informa\u00e7\u00f5es relacionadas - incluindo mas n\u00e3o se limitando a informa\u00e7\u00f5es t\u00e9cnicas sobre o seu dispositivo, sistema e software de aplica\u00e7\u00e3o, e perif\u00e9ricos - que s\u00e3o recolhidos periodicamente para facilitar o fornecimento de actualiza\u00e7\u00f5es de software, apoio ao produto, e outros servi\u00e7os ao utilizador (se existirem) relacionados com o Produto. O Licenciador pode utilizar estas informa\u00e7\u00f5es, desde que n\u00e3o o identifique pessoalmente, para melhorar os seus produtos ou para lhe fornecer servi\u00e7os ou tecnologias.<\/p><p>Garantia e Responsabilidade do Produto<br \/>O LICENCIADO RECONHECE QUE O PRODUTO \u00c9 LAN\u00c7ADO \"TAL COMO EST\u00c1\", E QUE N\u00c3O EXISTE QUALQUER GARANTIA EXPRESSA OU IMPL\u00cdCITA QUANTO AO FUNCIONAMENTO, SEGURAN\u00c7A, DESEMPENHO OU EFEITO SOBRE OUTRO SOFTWARE OU HARDWARE. O LICENCIANTE N\u00c3O \u00c9 OBRIGADO A FORNECER MANUTEN\u00c7\u00c3O, SUPORTE OU REVIS\u00c3O DO PRODUTO. N\u00c3O EXISTEM GARANTIAS OU CONDI\u00c7\u00d5ES, EXPRESSAS OU IMPL\u00cdCITAS, ESTATUT\u00c1RIAS OU DE OUTRA FORMA APLIC\u00c1VEIS AO PRODUTO, INCLUINDO MAS N\u00c3O SE LIMITANDO A QUALQUER GARANTIA EXPRESSA OU IMPL\u00cdCITA COM RESPEITO \u00c0 COMERCIALIZA\u00c7\u00c3O OU ADEQUA\u00c7\u00c3O PARA UM DETERMINADO FIM. EM NENHUM CASO O LICENCIANTE SER\u00c1 RESPONS\u00c1VEL POR DANOS ESPECIAIS, INDIRECTOS, DIRECTOS, PUNITIVOS, CONSEQUENCIAIS OU QUALQUER OUTRO TIPO DE DANOS, INCLUINDO PERDA DE LUCROS, PERDA DE UTILIZA\u00c7\u00c3O OU PERDA DE DADOS. O LICENCIADO CONCORDA QUE NEM O LICENCIANTE NEM OS INDIV\u00cdDUOS RESPONS\u00c1VEIS PELO DESENVOLVIMENTO DO PRODUTO SER\u00c3O RESPONS\u00c1VEIS PERANTE O LICENCIADO POR QUAISQUER PERDAS, CUSTOS OU DANOS DE QUALQUER TIPO SOFRIDOS PELO LICENCIADO QUE POSSAM RESULTAR DA UTILIZA\u00c7\u00c3O, ALTERA\u00c7\u00c3O OU DISTRIBUI\u00c7\u00c3O DA OBRA E O LICENCIADO CONCORDA EM INDEMNIZAR E ISENTAR O LICENCIANTE, OS SEUS FUNCION\u00c1RIOS E EMPREGADOS DE QUAISQUER RECLAMA\u00c7\u00d5ES DESTE TIPO.<\/p><p>Se utilizar a FotoMagico para carregar v\u00eddeos no YouTube, concorda em estar vinculado aos Termos de Servi\u00e7o do YouTube.<\/p><p>O presente Acordo constitui o entendimento total das partes e n\u00e3o pode ser modificado excepto por escrito pelo Licenciador. O presente Acordo ser\u00e1 regido pelas leis da Alemanha.<\/p><p>Cr\u00e9ditos de terceiros<br \/>Segue-se uma lista de cr\u00e9ditos para a utiliza\u00e7\u00e3o dos respectivos componentes de terceiros no c\u00f3digo fonte da FotoMagico.<\/p><p>PromiseKit<\/p><p>Copyright 2016-presente, Max Howell; mxcl@me.com<\/p><p>\u00c9 concedida permiss\u00e3o, gratuitamente, a qualquer pessoa que obtenha uma c\u00f3pia deste software e ficheiros de documenta\u00e7\u00e3o associados (o \"Software\"), para negociar no Software sem restri\u00e7\u00f5es, incluindo sem limita\u00e7\u00e3o os direitos de utilizar, copiar, modificar, fundir, publicar, distribuir, sublicenciar, e\/ou vender c\u00f3pias do Software, e permitir que as pessoas a quem o Software \u00e9 fornecido o fa\u00e7am, sujeito \u00e0s seguintes condi\u00e7\u00f5es O aviso de direitos de autor acima e este aviso de permiss\u00e3o devem ser inclu\u00eddos em todas as c\u00f3pias ou partes substanciais do Software.<\/p><p>O SOFTWARE \u00c9 FORNECIDO \"TAL COMO EST\u00c1\", SEM QUALQUER TIPO DE GARANTIA, EXPRESSA OU IMPL\u00cdCITA, INCLUINDO MAS N\u00c3O LIMITADA \u00c0S GARANTIAS DE COMERCIABILIDADE, ADEQUA\u00c7\u00c3O A UM DETERMINADO FIM E N\u00c3O INFRAC\u00c7\u00c3O. EM NENHUM CASO OS AUTORES OU TITULARES DE DIREITOS DE AUTOR SER\u00c3O RESPONS\u00c1VEIS POR QUALQUER RECLAMA\u00c7\u00c3O, DANO OU OUTRA RESPONSABILIDADE, QUER NUMA AC\u00c7\u00c3O DE CONTRATO, DELITO OU OUTRO, DECORRENTE, FORA OU EM CONEX\u00c3O COM O SOFTWARE OU A UTILIZA\u00c7\u00c3O OU OUTRAS TRANSAC\u00c7\u00d5ES NO SOFTWARE.<\/p><p>SwiftyStoreKit<\/p><p>Copyright @2015-2016 Andrea Bizzotto<\/p><p>\u00c9 concedida permiss\u00e3o, gratuitamente, a qualquer pessoa que obtenha uma c\u00f3pia deste software e ficheiros de documenta\u00e7\u00e3o associados (o \"Software\"), para negociar no Software sem restri\u00e7\u00f5es, incluindo sem limita\u00e7\u00e3o os direitos de utilizar, copiar, modificar, fundir, publicar, distribuir, sublicenciar, e\/ou vender c\u00f3pias do Software, e permitir que as pessoas a quem o Software \u00e9 fornecido o fa\u00e7am, sujeito \u00e0s seguintes condi\u00e7\u00f5es<\/p><p>O aviso de direitos de autor acima e este aviso de permiss\u00e3o devem ser inclu\u00eddos em todas as c\u00f3pias ou partes substanciais do Software.<\/p><p>O SOFTWARE \u00c9 FORNECIDO \"TAL COMO EST\u00c1\", SEM QUALQUER TIPO DE GARANTIA, EXPRESSA OU IMPL\u00cdCITA, INCLUINDO MAS N\u00c3O LIMITADA \u00c0S GARANTIAS DE COMERCIABILIDADE, ADEQUA\u00c7\u00c3O A UM DETERMINADO FIM E N\u00c3O INFRAC\u00c7\u00c3O. EM NENHUM CASO OS AUTORES OU TITULARES DE DIREITOS DE AUTOR SER\u00c3O RESPONS\u00c1VEIS POR QUALQUER RECLAMA\u00c7\u00c3O, DANO OU OUTRA RESPONSABILIDADE, QUER NUMA AC\u00c7\u00c3O DE CONTRATO, DELITO OU OUTRO, DECORRENTE, FORA OU EM CONEX\u00c3O COM O SOFTWARE OU A UTILIZA\u00c7\u00c3O OU OUTRAS TRANSAC\u00c7\u00d5ES NO SOFTWARE.<\/p><p>Funda\u00e7\u00e3o ZIPFoundation<\/p><p>Copyright (c) 2017-2021 Thomas Zoechling (https:\/\/www.peakstep.com) \u00c9 concedida permiss\u00e3o, gratuitamente, a qualquer pessoa que obtenha uma c\u00f3pia deste software e ficheiros de documenta\u00e7\u00e3o associados (o \"Software\"), para negociar no Software sem restri\u00e7\u00f5es, incluindo sem limita\u00e7\u00e3o os direitos de utilizar, copiar, modificar, fundir, publicar, distribuir, sublicenciar, e\/ou vender c\u00f3pias do Software, e permitir que as pessoas a quem o Software \u00e9 fornecido o fa\u00e7am, sujeito \u00e0s seguintes condi\u00e7\u00f5es<\/p><p>O aviso de direitos de autor acima e este aviso de permiss\u00e3o devem ser inclu\u00eddos em todas as c\u00f3pias ou partes substanciais do Software.<\/p><p>O SOFTWARE \u00c9 FORNECIDO \"TAL COMO EST\u00c1\", SEM QUALQUER TIPO DE GARANTIA, EXPRESSA OU IMPL\u00cdCITA, INCLUINDO MAS N\u00c3O LIMITADA \u00c0S GARANTIAS DE COMERCIABILIDADE, ADEQUA\u00c7\u00c3O A UM DETERMINADO FIM E N\u00c3O INFRAC\u00c7\u00c3O. EM NENHUM CASO OS AUTORES OU TITULARES DE DIREITOS DE AUTOR SER\u00c3O RESPONS\u00c1VEIS POR QUALQUER RECLAMA\u00c7\u00c3O, DANO OU OUTRA RESPONSABILIDADE, QUER NUMA AC\u00c7\u00c3O DE CONTRATO, DELITO OU OUTRO, DECORRENTE, FORA OU EM CONEX\u00c3O COM O SOFTWARE OU A UTILIZA\u00c7\u00c3O OU OUTRAS TRANSAC\u00c7\u00d5ES NO SOFTWARE.<\/p><p>Navegador iMedia<\/p><p>Copyright \u00a92005-2013 por Karelia Software et al. Copyright \u00a92010-2020 por J\u00f6rg Jacobsen Copyright \u00a92010-2021 por Peter Baumgartner Copyright \u00a92010-2021 por Pierre Bernard<\/p><p>O iMedia Browser \u00e9 baseado em c\u00f3digo originalmente desenvolvido por Jason Terhorst, mais desenvolvido para Sandvox por Greg Hulands, Dan Wood, e Terrence Talbot. A nova arquitectura para a vers\u00e3o 2.0 foi desenvolvida por Peter Baumgartner. Foram tamb\u00e9m feitas contribui\u00e7\u00f5es por Matt Gough, Martin Wennerberg e outros, como indicado nos ficheiros-fonte. A estrutura do iMedia Browser \u00e9 licenciada sob os seguintes termos:<\/p><p>\u00c9 concedida permiss\u00e3o, gratuitamente, a qualquer pessoa que obtenha uma c\u00f3pia deste software e dos ficheiros de documenta\u00e7\u00e3o associados (o \"Software\"), para negociar sem restri\u00e7\u00f5es a totalidade ou partes substanciais do Software, incluindo sem limita\u00e7\u00e3o os direitos de utilizar, copiar, modificar, fundir, publicar, distribuir, sublicenciar, e\/ou vender c\u00f3pias do Software, e permitir que as pessoas a quem o Software \u00e9 fornecido o fa\u00e7am, sujeito \u00e0s seguintes condi\u00e7\u00f5es<\/p><p>As redistribui\u00e7\u00f5es do c\u00f3digo fonte devem manter os termos originais aqui indicados, incluindo esta lista de condi\u00e7\u00f5es, a declara\u00e7\u00e3o de exonera\u00e7\u00e3o de responsabilidade mencionada abaixo, e a seguinte declara\u00e7\u00e3o de direitos de autor: Copyright (c) 2005-2012 por Karelia Software et al. Redistribui\u00e7\u00f5es em formato bin\u00e1rio devem incluir, de forma vis\u00edvel para o utilizador final, por exemplo, About window, Acknowledgments window, ou similar, a) os termos originais aqui indicados, incluindo esta lista de condi\u00e7\u00f5es, a ren\u00fancia anotada abaixo, e a notifica\u00e7\u00e3o de copyright acima mencionada, ou b) a notifica\u00e7\u00e3o de copyright acima mencionada e um link para karelia.com\/imedia. Nem o nome de Karelia Software, nem a Sandvox, nem os nomes dos colaboradores do iMedia Browser podem ser utilizados para endossar ou promover produtos derivados do Software sem autoriza\u00e7\u00e3o pr\u00e9via e expressa por escrito da Karelia Software ou de colaboradores individuais, conforme o caso.<\/p><p>Aviso: O SOFTWARE \u00c9 FORNECIDO PELO PROPRIET\u00c1RIO DO DIREITO E CONTRIBUIDORES \"COMO EST\u00c1\", SEM GARANTIA DE QUALQUER TIPO, EXPRESSA OU IMPL\u00cdCITA, INCLUINDO, MAS N\u00c3O LIMITADO A GARANTIAS DE COMERCIALIZA\u00c7\u00c3O, ADEQUA\u00c7\u00c3O A UM PROP\u00d3SITO PARTICULAR, E N\u00c3O INFRAC\u00c7\u00c3O. EM CASO ALGUM OS AUTORES OU TITULARES DE DIREITOS DE AUTOR SER\u00c3O RESPONS\u00c1VEIS POR QUALQUER RECLAMA\u00c7\u00c3O, DANOS, OU OUTRA RESPONSABILIDADE, QUER NUMA AC\u00c7\u00c3O CONTRATUAL, DELITO, OU DE OUTRA FORMA, DECORRENTE, FORA OU EM CONEX\u00c3O COM O SOFTWARE OU A UTILIZA\u00c7\u00c3O DE, OU OUTRAS TRANSAC\u00c7\u00d5ES NO SOFTWARE. \u00a92004-2013 por Karelia Software<\/p><p>CoreGPX<\/p><p>Copyright (c) 2018 Vincent Neo<\/p><p>\u00c9 concedida permiss\u00e3o, gratuitamente, a qualquer pessoa que obtenha uma c\u00f3pia deste software e ficheiros de documenta\u00e7\u00e3o associados (o \"Software\"), para negociar no Software sem restri\u00e7\u00f5es, incluindo sem limita\u00e7\u00e3o os direitos de utilizar, copiar, modificar, fundir, publicar, distribuir, sublicenciar, e\/ou vender c\u00f3pias do Software, e permitir que as pessoas a quem o Software \u00e9 fornecido o fa\u00e7am, sujeito \u00e0s seguintes condi\u00e7\u00f5es<\/p><p>O aviso de direitos de autor acima e este aviso de permiss\u00e3o devem ser inclu\u00eddos em todas as c\u00f3pias ou partes substanciais do Software.<\/p><p>O SOFTWARE \u00c9 FORNECIDO \"TAL COMO EST\u00c1\", SEM QUALQUER TIPO DE GARANTIA, EXPRESSA OU IMPL\u00cdCITA, INCLUINDO MAS N\u00c3O LIMITADA \u00c0S GARANTIAS DE COMERCIABILIDADE, ADEQUA\u00c7\u00c3O A UM DETERMINADO FIM E N\u00c3O INFRAC\u00c7\u00c3O. EM NENHUM CASO OS AUTORES OU TITULARES DE DIREITOS DE AUTOR SER\u00c3O RESPONS\u00c1VEIS POR QUALQUER RECLAMA\u00c7\u00c3O, DANO OU OUTRA RESPONSABILIDADE, QUER NUMA AC\u00c7\u00c3O DE CONTRATO, DELITO OU OUTRO, DECORRENTE, FORA OU EM CONEX\u00c3O COM O SOFTWARE OU A UTILIZA\u00c7\u00c3O OU OUTRAS TRANSAC\u00c7\u00d5ES NO SOFTWARE.<\/p><p>Centelha<\/p><p>Copyright (c) 2006-2013 Andy Matuschak. Direitos de autor (c) 2009-2013 Elgato Systems GmbH. Direitos de autor (c) 2011-2014 Kornel Lesi\u0144ski. Direitos de autor (c) 2015-2017 Mayur Pawashe. Direitos de autor (c) 2014 C.W. Betts. Direitos de autor (c) 2014 Petroules Corporation. Direitos de autor (c) 2014 Big Nerd Ranch. Todos os direitos reservados.<\/p><p>\u00c9 concedida permiss\u00e3o, gratuitamente, a qualquer pessoa que obtenha uma c\u00f3pia deste software e ficheiros de documenta\u00e7\u00e3o associados (o \"Software\"), para negociar no Software sem restri\u00e7\u00f5es, incluindo sem limita\u00e7\u00e3o os direitos de utilizar, copiar, modificar, fundir, publicar, distribuir, sublicenciar, e\/ou vender c\u00f3pias do Software, e permitir que as pessoas a quem o Software \u00e9 fornecido o fa\u00e7am, sujeito \u00e0s seguintes condi\u00e7\u00f5es<\/p><p>O aviso de direitos de autor acima e este aviso de permiss\u00e3o devem ser inclu\u00eddos em todas as c\u00f3pias ou partes substanciais do Software.<\/p><p>O SOFTWARE \u00c9 FORNECIDO \"TAL COMO EST\u00c1\", SEM QUALQUER TIPO DE GARANTIA, EXPRESSA OU IMPL\u00cdCITA, INCLUINDO MAS N\u00c3O LIMITADA \u00c0S GARANTIAS DE COMERCIABILIDADE, ADEQUA\u00c7\u00c3O A UM DETERMINADO FIM E N\u00c3O INFRAC\u00c7\u00c3O. EM NENHUM CASO OS AUTORES OU TITULARES DE DIREITOS DE AUTOR SER\u00c3O RESPONS\u00c1VEIS POR QUALQUER RECLAMA\u00c7\u00c3O, DANO OU OUTRA RESPONSABILIDADE, QUER NUMA AC\u00c7\u00c3O DE CONTRATO, DELITO OU OUTRO, DECORRENTE, FORA OU EM CONEX\u00c3O COM O SOFTWARE OU A UTILIZA\u00c7\u00c3O OU OUTRAS TRANSAC\u00c7\u00d5ES NO SOFTWARE.<\/p><p>RxSwift<\/p><p>Copyright \u00a9 2015 Krunoslav Zaher, Todos os direitos reservados.<\/p><p>\u00c9 concedida permiss\u00e3o, gratuitamente, a qualquer pessoa que obtenha uma c\u00f3pia deste software e ficheiros de documenta\u00e7\u00e3o associados (o \"Software\"), para negociar no Software sem restri\u00e7\u00f5es, incluindo sem limita\u00e7\u00e3o os direitos de utilizar, copiar, modificar, fundir, publicar, distribuir, sublicenciar, e\/ou vender c\u00f3pias do Software, e permitir que as pessoas a quem o Software \u00e9 fornecido o fa\u00e7am, sujeito \u00e0s seguintes condi\u00e7\u00f5es<\/p><p>O aviso de direitos de autor acima e este aviso de permiss\u00e3o devem ser inclu\u00eddos em todas as c\u00f3pias ou partes substanciais do Software.<\/p><p>O SOFTWARE \u00c9 FORNECIDO \"TAL COMO EST\u00c1\", SEM QUALQUER TIPO DE GARANTIA, EXPRESSA OU IMPL\u00cdCITA, INCLUINDO MAS N\u00c3O LIMITADA \u00c0S GARANTIAS DE COMERCIABILIDADE, ADEQUA\u00c7\u00c3O A UM DETERMINADO FIM E N\u00c3O INFRAC\u00c7\u00c3O. EM NENHUM CASO OS AUTORES OU TITULARES DE DIREITOS DE AUTOR SER\u00c3O RESPONS\u00c1VEIS POR QUALQUER RECLAMA\u00c7\u00c3O, DANO OU OUTRA RESPONSABILIDADE, QUER NUMA AC\u00c7\u00c3O DE CONTRATO, DELITO OU OUTRO, DECORRENTE, FORA OU EM CONEX\u00c3O COM O SOFTWARE OU A UTILIZA\u00c7\u00c3O OU OUTRAS TRANSAC\u00c7\u00d5ES NO SOFTWARE.<\/p><p>Starscream<\/p><p>Copyright (c) 2014-2016 Dalton Cherry.<\/p><p>Starscream \u00e9 licenciado sob a licen\u00e7a Apache v2.<\/p><p>swift-nio-zlib-support<\/p><p>Copyright 2018, Apple Inc., Apple Inc., Apple Inc.<\/p><p>Licenciado sob a Licen\u00e7a Apache, Vers\u00e3o 2.0 (a \"Licen\u00e7a\"); n\u00e3o poder\u00e1 utilizar este ficheiro excepto em conformidade com a Licen\u00e7a. Pode obter uma c\u00f3pia da Licen\u00e7a em http:\/\/www.apache.org\/licenses\/LICENSE-2.0<\/p><p>A menos que exigido pela lei aplic\u00e1vel ou acordado por escrito, o software distribu\u00eddo ao abrigo da Licen\u00e7a \u00e9 distribu\u00eddo \"COMO EST\u00c1\", SEM GARANTIAS OU CONDI\u00c7\u00d5ES DE QUALQUER TIPO, quer expressas ou impl\u00edcitas. Ver a Licen\u00e7a para a l\u00edngua espec\u00edfica que rege as permiss\u00f5es e limita\u00e7\u00f5es sob a Licen\u00e7a.<\/p><p>SPDX-License-Identifier: Apache-2.0<\/p><p>SwiftPhoenixClient<\/p><p>Copyright (c) 2015 David Stump<\/p><p>\u00c9 concedida permiss\u00e3o, gratuitamente, a qualquer pessoa que obtenha uma c\u00f3pia deste software e ficheiros de documenta\u00e7\u00e3o associados (o \"Software\"), para negociar no Software sem restri\u00e7\u00f5es, incluindo sem limita\u00e7\u00e3o os direitos de utilizar, copiar, modificar, fundir, publicar, distribuir, sublicenciar, e\/ou vender c\u00f3pias do Software, e permitir que as pessoas a quem o Software \u00e9 fornecido o fa\u00e7am, sujeito \u00e0s seguintes condi\u00e7\u00f5es<\/p><p>O aviso de direitos de autor acima e este aviso de permiss\u00e3o devem ser inclu\u00eddos em todas as c\u00f3pias ou partes substanciais do Software.<\/p><p>O SOFTWARE \u00c9 FORNECIDO \"TAL COMO EST\u00c1\", SEM QUALQUER TIPO DE GARANTIA, EXPRESSA OU IMPL\u00cdCITA, INCLUINDO MAS N\u00c3O LIMITADA \u00c0S GARANTIAS DE COMERCIABILIDADE, ADEQUA\u00c7\u00c3O A UM DETERMINADO FIM E N\u00c3O INFRAC\u00c7\u00c3O. EM NENHUM CASO OS AUTORES OU TITULARES DE DIREITOS DE AUTOR SER\u00c3O RESPONS\u00c1VEIS POR QUALQUER RECLAMA\u00c7\u00c3O, DANO OU OUTRA RESPONSABILIDADE, QUER NUMA AC\u00c7\u00c3O DE CONTRATO, DELITO OU OUTRO, DECORRENTE, FORA OU EM CONEX\u00c3O COM O SOFTWARE OU A UTILIZA\u00c7\u00c3O OU OUTRAS TRANSAC\u00c7\u00d5ES NO SOFTWARE.<\/p><p>BeatDetect<\/p><p>Licen\u00e7a unter MIT usada com permiss\u00e3o de Daniel Iglesia<\/p><p>Copyright (c) 2021 Daniel Iglesia<\/p><p>\u00c9 concedida permiss\u00e3o, gratuitamente, a qualquer pessoa que obtenha uma c\u00f3pia deste software e ficheiros de documenta\u00e7\u00e3o associados (o \"Software\"), para negociar no Software sem restri\u00e7\u00f5es, incluindo sem limita\u00e7\u00e3o os direitos de utilizar, copiar, modificar, fundir, publicar, distribuir, sublicenciar, e\/ou vender c\u00f3pias do Software, e permitir que as pessoas a quem o Software \u00e9 fornecido o fa\u00e7am, sujeito \u00e0s seguintes condi\u00e7\u00f5es O aviso de direitos de autor acima e este aviso de permiss\u00e3o devem ser inclu\u00eddos em todas as c\u00f3pias ou partes substanciais do Software. O SOFTWARE \u00c9 FORNECIDO \"TAL COMO EST\u00c1\", SEM QUALQUER TIPO DE GARANTIA, EXPRESSA OU IMPL\u00cdCITA, INCLUINDO MAS N\u00c3O LIMITADA \u00c0S GARANTIAS DE COMERCIALIZA\u00c7\u00c3O, ADEQUA\u00c7\u00c3O A UM DETERMINADO FIM E N\u00c3O INFRAC\u00c7\u00c3O. EM NENHUM CASO OS AUTORES OU TITULARES DE DIREITOS DE AUTOR SER\u00c3O RESPONS\u00c1VEIS POR QUALQUER RECLAMA\u00c7\u00c3O, DANO OU OUTRA RESPONSABILIDADE, QUER NUMA AC\u00c7\u00c3O DE CONTRATO, DELITO OU OUTRO, DECORRENTE, FORA OU EM CONEX\u00c3O COM O SOFTWARE OU A UTILIZA\u00c7\u00c3O OU OUTRAS TRANSAC\u00c7\u00d5ES NO SOFTWARE.<\/p>\t\t\t\t\t\t\t\t<\/div>\n\t\t\t\t<\/div>\n\t\t\t\t\t<\/div>\n\t\t\t\t<\/div>\n\t\t\t\t<\/div>","protected":false},"excerpt":{"rendered":"<p>Boinx Software International GmbHEnd User License Agreement (EULA)This Agreement is a legal agreement between you (either an individual or a legal entity, &#8220;The Licensee&#8221;) and Boinx Software International GmbH (&#8220;The Licensor&#8221;) for the software product FotoMagico (&#8220;The Product&#8221;). The Product consists of several files including an application which is distributed in electronic form by download [&hellip;]<\/p>\n","protected":false},"author":1,"featured_media":0,"parent":0,"menu_order":0,"comment_status":"closed","ping_status":"closed","template":"","meta":{"_acf_changed":false,"footnotes":""},"class_list":["post-4871","page","type-page","status-publish","hentry"],"acf":[],"_links":{"self":[{"href":"https:\/\/fotomagico.com\/pt-pt\/wp-json\/wp\/v2\/pages\/4871","targetHints":{"allow":["GET"]}}],"collection":[{"href":"https:\/\/fotomagico.com\/pt-pt\/wp-json\/wp\/v2\/pages"}],"about":[{"href":"https:\/\/fotomagico.com\/pt-pt\/wp-json\/wp\/v2\/types\/page"}],"author":[{"embeddable":true,"href":"https:\/\/fotomagico.com\/pt-pt\/wp-json\/wp\/v2\/users\/1"}],"replies":[{"embeddable":true,"href":"https:\/\/fotomagico.com\/pt-pt\/wp-json\/wp\/v2\/comments?post=4871"}],"version-history":[{"count":5,"href":"https:\/\/fotomagico.com\/pt-pt\/wp-json\/wp\/v2\/pages\/4871\/revisions"}],"predecessor-version":[{"id":8298,"href":"https:\/\/fotomagico.com\/pt-pt\/wp-json\/wp\/v2\/pages\/4871\/revisions\/8298"}],"wp:attachment":[{"href":"https:\/\/fotomagico.com\/pt-pt\/wp-json\/wp\/v2\/media?parent=4871"}],"curies":[{"name":"wp","href":"https:\/\/api.w.org\/{rel}","templated":true}]}}