{"id":1653,"date":"2021-10-25T09:34:55","date_gmt":"2021-10-25T07:34:55","guid":{"rendered":"https:\/\/fotomagico.com\/?page_id=1653"},"modified":"2021-10-25T09:34:55","modified_gmt":"2021-10-25T07:34:55","slug":"actualizacao","status":"publish","type":"page","link":"https:\/\/fotomagico.com\/pt-pt\/support\/upgrade\/","title":{"rendered":"Atualiza\u00e7\u00e3o"},"content":{"rendered":"<div data-elementor-type=\"wp-page\" data-elementor-id=\"1653\" class=\"elementor elementor-1653\" data-elementor-post-type=\"page\">\n\t\t\t\t\t\t<section class=\"elementor-section elementor-top-section elementor-element elementor-element-5629150 elementor-section-boxed elementor-section-height-default elementor-section-height-default\" data-id=\"5629150\" data-element_type=\"section\" data-e-type=\"section\">\n\t\t\t\t\t\t<div class=\"elementor-container elementor-column-gap-default\">\n\t\t\t\t\t<div class=\"elementor-column elementor-col-100 elementor-top-column elementor-element elementor-element-e35002d\" data-id=\"e35002d\" data-element_type=\"column\" data-e-type=\"column\">\n\t\t\t<div class=\"elementor-widget-wrap elementor-element-populated\">\n\t\t\t\t\t\t<div class=\"elementor-element elementor-element-e706914 elementor-widget elementor-widget-heading\" data-id=\"e706914\" data-element_type=\"widget\" data-e-type=\"widget\" data-widget_type=\"heading.default\">\n\t\t\t\t<div class=\"elementor-widget-container\">\n\t\t\t\t\t<h1 class=\"elementor-heading-title elementor-size-default\">Actualiza\u00e7\u00e3o e Pol\u00edtica de Actualiza\u00e7\u00e3o<\/h1>\t\t\t\t<\/div>\n\t\t\t\t<\/div>\n\t\t\t\t<div class=\"elementor-element elementor-element-fd9882a elementor-widget elementor-widget-text-editor\" data-id=\"fd9882a\" data-element_type=\"widget\" data-e-type=\"widget\" data-widget_type=\"text-editor.default\">\n\t\t\t\t<div class=\"elementor-widget-container\">\n\t\t\t\t\t\t\t\t\t<h3>Grandes Lan\u00e7amentos ou Actualiza\u00e7\u00f5es<\/h3><p>Uma Vers\u00e3o Principal, tamb\u00e9m conhecida como Upgrade, \u00e9 uma vers\u00e3o geralmente dispon\u00edvel do Software que cont\u00e9m melhorias e extens\u00f5es funcionais, correc\u00e7\u00f5es para bugs de alta severidade e alta prioridade, e \u00e9 designada pela Boinx Software atrav\u00e9s de uma altera\u00e7\u00e3o no d\u00edgito \u00e0 esquerda do primeiro ponto decimal. O FotoMagico 6 \u00e9 uma vers\u00e3o importante. Para a intensifica\u00e7\u00e3o das vers\u00f5es anteriores, \u00e9 obrigat\u00f3ria uma actualiza\u00e7\u00e3o.\u00a0<\/p>\t\t\t\t\t\t\t\t<\/div>\n\t\t\t\t<\/div>\n\t\t\t\t<div class=\"elementor-element elementor-element-ce07e8f elementor-widget elementor-widget-text-editor\" data-id=\"ce07e8f\" data-element_type=\"widget\" data-e-type=\"widget\" data-widget_type=\"text-editor.default\">\n\t\t\t\t<div class=\"elementor-widget-container\">\n\t\t\t\t\t\t\t\t\t<h3><span style=\"letter-spacing: 0px;\">O futuro das actualiza\u00e7\u00f5es e actualiza\u00e7\u00f5es<\/span><\/h3><p><span style=\"color: #333333; font-size: 20px; font-weight: 200; letter-spacing: 0px;\">O FotoMagico 6 \u00e9 a \u00faltima grande actualiza\u00e7\u00e3o. A partir do FotoMagico 6, n\u00e3o haver\u00e1 mais actualiza\u00e7\u00f5es importantes. O FotoMagico 6 torna-se FotoMagico.<\/span><\/p><p><span style=\"color: #333333; font-size: 20px; font-weight: 200; letter-spacing: 0px;\">A nova assinatura cont\u00e9m sempre a licen\u00e7a da vers\u00e3o mais recente. Os clientes podem trabalhar sempre com a vers\u00e3o mais recente. As actualiza\u00e7\u00f5es regulares ir\u00e3o aumentar as caracter\u00edsticas, a seguran\u00e7a e manter a estabilidade, bem como a compatibilidade com o \u00faltimo macOS e iOS. A nova subscri\u00e7\u00e3o \u00e9 um modelo de licen\u00e7a sem riscos para os clientes e traz muitas vantagens. Leia mais sobre o <a href=\"https:\/\/fotomagico.com\/pt-pt\/benefits-of-subscription-license\/\">benef\u00edcios das licen\u00e7as de subscri\u00e7\u00e3o<\/a>.<\/span><\/p>\t\t\t\t\t\t\t\t<\/div>\n\t\t\t\t<\/div>\n\t\t\t\t\t<\/div>\n\t\t<\/div>\n\t\t\t\t\t<\/div>\n\t\t<\/section>\n\t\t\t\t<\/div>","protected":false},"excerpt":{"rendered":"<p>Upgrade and Update Policy Major Releases or Upgrades A Major Release, also known as an Upgrade, is a generally available release of the Software that contains functional enhancements and extensions, fixes for high severity and high priority bugs, and is designated by Boinx Software by means of a change in the digit to the left [&hellip;]<\/p>\n","protected":false},"author":2,"featured_media":0,"parent":457,"menu_order":0,"comment_status":"closed","ping_status":"closed","template":"","meta":{"_acf_changed":false,"footnotes":""},"class_list":["post-1653","page","type-page","status-publish","hentry"],"acf":[],"_links":{"self":[{"href":"https:\/\/fotomagico.com\/pt-pt\/wp-json\/wp\/v2\/pages\/1653","targetHints":{"allow":["GET"]}}],"collection":[{"href":"https:\/\/fotomagico.com\/pt-pt\/wp-json\/wp\/v2\/pages"}],"about":[{"href":"https:\/\/fotomagico.com\/pt-pt\/wp-json\/wp\/v2\/types\/page"}],"author":[{"embeddable":true,"href":"https:\/\/fotomagico.com\/pt-pt\/wp-json\/wp\/v2\/users\/2"}],"replies":[{"embeddable":true,"href":"https:\/\/fotomagico.com\/pt-pt\/wp-json\/wp\/v2\/comments?post=1653"}],"version-history":[{"count":0,"href":"https:\/\/fotomagico.com\/pt-pt\/wp-json\/wp\/v2\/pages\/1653\/revisions"}],"up":[{"embeddable":true,"href":"https:\/\/fotomagico.com\/pt-pt\/wp-json\/wp\/v2\/pages\/457"}],"wp:attachment":[{"href":"https:\/\/fotomagico.com\/pt-pt\/wp-json\/wp\/v2\/media?parent=1653"}],"curies":[{"name":"wp","href":"https:\/\/api.w.org\/{rel}","templated":true}]}}