{"id":1323,"date":"2021-10-20T12:01:49","date_gmt":"2021-10-20T10:01:49","guid":{"rendered":"https:\/\/fotomagico.com\/?page_id=1323"},"modified":"2024-08-09T10:44:40","modified_gmt":"2024-08-09T08:44:40","slug":"beneficios-da-subscricao-licenca","status":"publish","type":"page","link":"https:\/\/fotomagico.com\/pt-pt\/benefits-of-access-based-licences\/","title":{"rendered":"Vantagens das licen\u00e7as baseadas no acesso"},"content":{"rendered":"<div data-elementor-type=\"wp-page\" data-elementor-id=\"1323\" class=\"elementor elementor-1323\" data-elementor-post-type=\"page\">\n\t\t\t\t<div class=\"elementor-element elementor-element-87dd49c e-flex e-con-boxed e-con e-parent\" data-id=\"87dd49c\" data-element_type=\"container\" data-e-type=\"container\">\n\t\t\t\t\t<div class=\"e-con-inner\">\n\t\t<div class=\"elementor-element elementor-element-10c9c3a e-con-full e-flex e-con e-child\" data-id=\"10c9c3a\" data-element_type=\"container\" data-e-type=\"container\">\n\t\t\t\t<div class=\"elementor-element elementor-element-a35297b elementor-widget elementor-widget-heading\" data-id=\"a35297b\" data-element_type=\"widget\" data-e-type=\"widget\" data-widget_type=\"heading.default\">\n\t\t\t\t<div class=\"elementor-widget-container\">\n\t\t\t\t\t<h1 class=\"elementor-heading-title elementor-size-default\">Vantagens das licen\u00e7as baseadas no acesso<\/h1>\t\t\t\t<\/div>\n\t\t\t\t<\/div>\n\t\t\t\t<div class=\"elementor-element elementor-element-6f743df elementor-widget elementor-widget-text-editor\" data-id=\"6f743df\" data-element_type=\"widget\" data-e-type=\"widget\" data-widget_type=\"text-editor.default\">\n\t\t\t\t<div class=\"elementor-widget-container\">\n\t\t\t\t\t\t\t\t\t<p>Temos o prazer de anunciar o lan\u00e7amento do FotoMagico 6, que inclui uma variedade de novas funcionalidades. Gostar\u00edamos de aproveitar a oportunidade para explicar por que raz\u00e3o opt\u00e1mos por um modelo de licen\u00e7a baseado no acesso.&nbsp;<\/p>\t\t\t\t\t\t\t\t<\/div>\n\t\t\t\t<\/div>\n\t\t\t\t<div class=\"elementor-element elementor-element-c620281 elementor-widget elementor-widget-heading\" data-id=\"c620281\" data-element_type=\"widget\" data-e-type=\"widget\" data-widget_type=\"heading.default\">\n\t\t\t\t<div class=\"elementor-widget-container\">\n\t\t\t\t\t<h3 class=\"elementor-heading-title elementor-size-default\">Descubra as vantagens de s\u00f3 pagar o acesso ao FotoMagico quando precisar dele: O modelo ideal para os utilizadores<\/h3>\t\t\t\t<\/div>\n\t\t\t\t<\/div>\n\t\t\t\t<div class=\"elementor-element elementor-element-f2cf732 elementor-widget elementor-widget-text-editor\" data-id=\"f2cf732\" data-element_type=\"widget\" data-e-type=\"widget\" data-widget_type=\"text-editor.default\">\n\t\t\t\t<div class=\"elementor-widget-container\">\n\t\t\t\t\t\t\t\t\t<p data-renderer-start-pos=\"1\">Nos \u00faltimos anos, tem havido uma mudan\u00e7a nos modelos de licenciamento de software. O modelo antigo, baseado na distribui\u00e7\u00e3o de suportes de armazenamento de dados e manuais em papel para aplica\u00e7\u00f5es relativamente pequenas e simples, baseou-se em ciclos de actualiza\u00e7\u00e3o frequentemente pagos para fornecer aos utilizadores novas caracter\u00edsticas, correc\u00e7\u00f5es de bugs e actualiza\u00e7\u00f5es de compatibilidade atrav\u00e9s do envio f\u00edsico de novos CDs de instala\u00e7\u00e3o.\u00a0<\/p>\n<h4>N\u00e3o pague mais actualiza\u00e7\u00f5es, volte a comprar e tenha medo de perder novas funcionalidades<\/h4>\n<p data-renderer-start-pos=\"356\">Hoje em dia, a Internet fornece uma forma r\u00e1pida e eficiente de distribuir actualiza\u00e7\u00f5es que podem ser mais regulares, fornecendo aos utilizadores correc\u00e7\u00f5es de bugs, novas funcionalidades e suporte para novos hardware, sistemas operativos e software \u00e0 medida que estes se tornam dispon\u00edveis. Isto tamb\u00e9m \u00e9 necess\u00e1rio, uma vez que o seu ambiente inform\u00e1tico \u00e9 muito mais complexo e muda muito mais rapidamente do que nunca.\u00a0<\/p>\n<p data-renderer-start-pos=\"703\">As assinaturas pay-per-use s\u00e3o o modelo de neg\u00f3cio que sustenta este novo mundo e h\u00e1 muitas maneiras em que voc\u00eas, os utilizadores, beneficiam deste novo modelo:<\/p>\n<h4 data-renderer-start-pos=\"859\">S\u00f3 paga pelo tempo de utiliza\u00e7\u00e3o do software<\/h4>\n<p data-renderer-start-pos=\"907\">Se for um utilizador regular, a subscri\u00e7\u00e3o garantir\u00e1 que ter\u00e1 sempre uma licen\u00e7a v\u00e1lida e acesso \u00e0s \u00faltimas vers\u00f5es da aplica\u00e7\u00e3o, acompanhando as actualiza\u00e7\u00f5es do seu sistema, novo hardware e altera\u00e7\u00f5es \u00e0s plataformas online que est\u00e1 a utilizar.\u00a0<\/p>\n<p data-renderer-start-pos=\"1162\">Se estiver a utilizar o aplicativo apenas ocasionalmente, pode poupar muito dinheiro comprando apenas uma licen\u00e7a para o tempo em que estiver realmente a utilizar o software.<\/p>\n<p data-renderer-start-pos=\"1313\">Tudo se resume a isso: \u00c9 mais barato pagar por utiliza\u00e7\u00e3o em vez de pagar adiantado por um per\u00edodo de tempo indeterminado.<\/p>\n<h4 data-renderer-start-pos=\"1422\">Poupa a partir do modelo de distribui\u00e7\u00e3o mais eficiente<\/h4>\n<p data-renderer-start-pos=\"1475\">J\u00e1 n\u00e3o se paga pelo canal de distribui\u00e7\u00e3o, impress\u00e3o, embalagem, produ\u00e7\u00e3o de discos ou CDs, etc. Isto costumava constituir mais de 50% do pre\u00e7o de retalho em alguns casos.<\/p>\n<p data-renderer-start-pos=\"1657\">Tamb\u00e9m se paga uma despesa geral muito inferior pelo processamento de pagamentos efectivos, uma vez que as empresas de cart\u00f5es de cr\u00e9dito se adaptaram a um maior volume de processamento de pagamentos mais pequenos. Tudo isto torna a utiliza\u00e7\u00e3o do software muito mais acess\u00edvel nos dias de hoje.<\/p>\n<h4 data-renderer-start-pos=\"1875\">Est\u00e1 sempre actualizado com a mais recente tecnologia\u00a0<\/h4>\n<p data-renderer-start-pos=\"1929\">Pode ter a certeza de que o software est\u00e1 a acompanhar a actualiza\u00e7\u00e3o de outras aplica\u00e7\u00f5es, as plataformas em linha em constante mudan\u00e7a, o seu sistema operativo e equipamento. Na verdade, j\u00e1 nem sequer existe a vers\u00e3o 6 da FotoMagico! Com um modelo de assinatura, compra a vers\u00e3o mais recente e fica sempre com a mais recente. N\u00e3o h\u00e1 nenhuma pr\u00f3xima vers\u00e3o 7 &amp; 8 que tenha de actualizar e pagar. Apenas contamos o n\u00famero da vers\u00e3o com muito lan\u00e7amento, para fins de documenta\u00e7\u00e3o, suporte e correc\u00e7\u00e3o de bugs, e fica sempre actualizado com a vers\u00e3o mais recente.\u00a0<\/p>\n<h4 data-renderer-start-pos=\"2116\">O risco \u00e9 menor<\/h4>\n<p data-renderer-start-pos=\"2140\">Se o fornecedor de uma aplica\u00e7\u00e3o j\u00e1 n\u00e3o for capaz de fornecer actualiza\u00e7\u00f5es, pode deixar de utilizar a aplica\u00e7\u00e3o e n\u00e3o pagar\u00e1 mais por ela. N\u00e3o ter\u00e1 feito um grande investimento inicial que nunca poder\u00e1 utilizar.<\/p>\n<h4 data-renderer-start-pos=\"2342\">Os seus custos s\u00e3o previs\u00edveis<\/h4>\n<p data-renderer-start-pos=\"2370\">Com o modelo de assinatura pay-per-use, sabe quando o pr\u00f3ximo (pequeno) pagamento \u00e9 devido, n\u00e3o h\u00e1 custos ocultos sob a forma de taxas de actualiza\u00e7\u00e3o surpresa para fazer a aplica\u00e7\u00e3o funcionar num novo sistema operativo ou suportar uma nova c\u00e2mara. As licen\u00e7as \"For Life\" nunca existiram realmente. Quando se actualiza para um novo sistema operativo ou um novo computador, a fim de obter uma vers\u00e3o funcional da aplica\u00e7\u00e3o, \u00e9 necess\u00e1rio adquirir uma actualiza\u00e7\u00e3o. Os custos para esta actualiza\u00e7\u00e3o eram muitas vezes desconhecidos de antem\u00e3o e vinham em intervalos aleat\u00f3rios.<\/p>\n<p data-renderer-start-pos=\"2868\">Isto \u00e9 ainda melhor se tiver um neg\u00f3cio. A distribui\u00e7\u00e3o de custos durante o per\u00edodo de utiliza\u00e7\u00e3o de um activo ajuda com o fluxo de caixa e o planeamento do neg\u00f3cio.<\/p>\n<h4 data-renderer-start-pos=\"3010\">Muitas outras coisas na sua vida funcionam desta forma, incluindo, muito provavelmente, os seus pr\u00f3prios rendimentos<\/h4>\n<p data-renderer-start-pos=\"3096\">J\u00e1 tem muitas outras coisas na sua vida que s\u00e3o pay-per-use. Alugar uma casa ou pagar uma hipoteca, conduzir um carro (pagando g\u00e1s ou electricidade \u00e0 medida que avan\u00e7a), Netflix, a sua TV por cabo, o seu telefone, todas estas coisas que est\u00e1 a desfrutar mensalmente. Algumas pessoas at\u00e9 alugam os seus computadores para poderem pagar um sistema melhor e mais r\u00e1pido.<\/p>\n<p data-renderer-start-pos=\"3447\">E finalmente, se tiver um rendimento mais ou menos regular como a maioria das pessoas, por favor, considere tamb\u00e9m todos os benef\u00edcios de ser pago \"por uso\" voc\u00ea mesmo.<\/p>\t\t\t\t\t\t\t\t<\/div>\n\t\t\t\t<\/div>\n\t\t\t\t<\/div>\n\t\t\t\t\t<\/div>\n\t\t\t\t<\/div>\n\t\t\t\t<\/div>","protected":false},"excerpt":{"rendered":"<p>Benefits of Access-based licenses We are excited to announce the release of FotoMagico 6, which includes a variety of new features. We want to take the opportunity to explain why we have chosen to move towards a access-based license model.&nbsp; Discover the Benefits of only paying for access FotoMagico when you need it: The Optimal [&hellip;]<\/p>\n","protected":false},"author":2,"featured_media":0,"parent":0,"menu_order":0,"comment_status":"closed","ping_status":"closed","template":"","meta":{"_acf_changed":false,"footnotes":""},"class_list":["post-1323","page","type-page","status-publish","hentry"],"acf":[],"_links":{"self":[{"href":"https:\/\/fotomagico.com\/pt-pt\/wp-json\/wp\/v2\/pages\/1323","targetHints":{"allow":["GET"]}}],"collection":[{"href":"https:\/\/fotomagico.com\/pt-pt\/wp-json\/wp\/v2\/pages"}],"about":[{"href":"https:\/\/fotomagico.com\/pt-pt\/wp-json\/wp\/v2\/types\/page"}],"author":[{"embeddable":true,"href":"https:\/\/fotomagico.com\/pt-pt\/wp-json\/wp\/v2\/users\/2"}],"replies":[{"embeddable":true,"href":"https:\/\/fotomagico.com\/pt-pt\/wp-json\/wp\/v2\/comments?post=1323"}],"version-history":[{"count":5,"href":"https:\/\/fotomagico.com\/pt-pt\/wp-json\/wp\/v2\/pages\/1323\/revisions"}],"predecessor-version":[{"id":8797,"href":"https:\/\/fotomagico.com\/pt-pt\/wp-json\/wp\/v2\/pages\/1323\/revisions\/8797"}],"wp:attachment":[{"href":"https:\/\/fotomagico.com\/pt-pt\/wp-json\/wp\/v2\/media?parent=1323"}],"curies":[{"name":"wp","href":"https:\/\/api.w.org\/{rel}","templated":true}]}}