{"id":4871,"date":"2022-11-11T20:34:02","date_gmt":"2022-11-11T19:34:02","guid":{"rendered":"https:\/\/fotomagico.com\/?page_id=4871"},"modified":"2024-05-06T11:44:59","modified_gmt":"2024-05-06T09:44:59","slug":"licenza-utente-finale-accordo-eula","status":"publish","type":"page","link":"https:\/\/fotomagico.com\/it-it\/end-user-license-agreement-eula\/","title":{"rendered":"Contratto di licenza con l'utente finale (EULA)"},"content":{"rendered":"<div data-elementor-type=\"wp-page\" data-elementor-id=\"4871\" class=\"elementor elementor-4871\" data-elementor-post-type=\"page\">\n\t\t\t\t<div class=\"elementor-element elementor-element-fe5723a e-flex e-con-boxed e-con e-parent\" data-id=\"fe5723a\" data-element_type=\"container\" data-e-type=\"container\">\n\t\t\t\t\t<div class=\"e-con-inner\">\n\t\t\t\t<div class=\"elementor-element elementor-element-4a80700 elementor-widget elementor-widget-text-editor\" data-id=\"4a80700\" data-element_type=\"widget\" data-e-type=\"widget\" data-widget_type=\"text-editor.default\">\n\t\t\t\t<div class=\"elementor-widget-container\">\n\t\t\t\t\t\t\t\t\t<p>Boinx Software International GmbH<br \/>Contratto di licenza con l'utente finale (EULA)<br \/>Il presente Contratto \u00e8 un accordo legale tra l'utente (persona fisica o giuridica, \"il Licenziatario\") e Boinx Software International GmbH (\"il Licenziante\") per il prodotto software FotoMagico (\"il Prodotto\"). Il Prodotto \u00e8 composto da diversi file, tra cui un'applicazione distribuita in forma elettronica tramite download da Internet.<\/p><p>Installando o utilizzando in altro modo il Prodotto, l'utente accetta di essere vincolato dai termini del presente Contratto di licenza. Se non accettate i termini del presente Contratto di licenza, cancellate immediatamente tutte le copie del Prodotto non utilizzate dai vostri dispositivi di memoria di massa. Il Prodotto \u00e8 protetto dalle leggi sul copyright e dai trattati internazionali sul copyright, nonch\u00e9 da altre leggi e trattati sulla propriet\u00e0 intellettuale.<\/p><p>Concessione di licenza<br \/>A. Boinx Software concede al Licenziatario una licenza non trasferibile per l'utilizzo del Prodotto su qualsiasi prodotto a marchio Apple con sistema operativo Mac OS X, di cui il licenziatario \u00e8 proprietario o che controlla e come consentito dalle \"Regole di utilizzo\". Il Prodotto viene concesso in licenza, non venduto, al licenziatario.<\/p><p>B. La presente licenza non vi consente di utilizzare il Prodotto su alcun Dispositivo Apple che non possediate o controlliate e non potete distribuire o rendere disponibile il Prodotto in rete. Non potete affittare, noleggiare, prestare, vendere, ridistribuire o concedere in sublicenza l'Applicazione concessa in licenza. Non potete copiare, decompilare, decodificare, disassemblare, tentare di ricavare il codice sorgente, modificare o creare opere derivate dal Prodotto, da qualsiasi aggiornamento o da qualsiasi sua parte. Qualsiasi tentativo in tal senso costituisce una violazione dei diritti del Licenziante e dei suoi licenziatari.<\/p><p>Regole d'uso<br \/>A. Se siete un individuo che agisce a titolo personale, potete scaricare e utilizzare il Prodotto per uso personale e non commerciale su qualsiasi prodotto a marchio Apple con sistema operativo Mac OS X (\"Computer Mac\") che possedete o controllate.<\/p><p>B. Se siete un'impresa commerciale o un istituto scolastico, potete scaricare il Prodotto per l'uso da parte di (a) un singolo individuo su ciascuno dei computer Mac utilizzati da quell'individuo che possedete o controllate o (b) pi\u00f9 individui su un singolo computer Mac condiviso che possedete o controllate. Ad esempio, un singolo dipendente pu\u00f2 utilizzare un Prodotto sia sul computer Mac desktop che sul computer Mac portatile del dipendente, oppure pi\u00f9 studenti possono utilizzare in serie un Prodotto su un singolo computer Mac situato in un centro risorse o in una biblioteca. Per chiarezza, ogni computer Mac utilizzato in serie da pi\u00f9 utenti richiede una licenza separata.<\/p><p>Consenso all'utilizzo dei dati<br \/>Accettate che il Concessore di licenza possa raccogliere e utilizzare dati tecnici e informazioni correlate, tra cui, a titolo esemplificativo e non esaustivo, informazioni tecniche sul vostro dispositivo, sul software di sistema e applicativo e sulle periferiche, raccolti periodicamente per facilitare la fornitura di aggiornamenti software, assistenza al prodotto e altri servizi a voi (se presenti) relativi al Prodotto. Il Concessore di licenza pu\u00f2 utilizzare queste informazioni, purch\u00e9 in una forma che non vi identifichi personalmente, per migliorare i propri prodotti o per fornire servizi o tecnologie all'utente.<\/p><p>Garanzia e responsabilit\u00e0 del prodotto<br \/>IL LICENZIATARIO RICONOSCE CHE IL PRODOTTO VIENE RILASCIATO \"COS\u00cc COM'\u00c8\" E CHE NON VI \u00c8 ALCUNA GARANZIA ESPRESSA O IMPLICITA PER QUANTO RIGUARDA IL FUNZIONAMENTO, LA SICUREZZA, LE PRESTAZIONI O L'EFFETTO SU ALTRI SOFTWARE O HARDWARE. IL LICENZIANTE NON \u00c8 TENUTO A FORNIRE MANUTENZIONE, SUPPORTO O REVISIONE DEL PRODOTTO. NON ESISTONO GARANZIE O CONDIZIONI, ESPRESSE O IMPLICITE, LEGALI O DI ALTRO TIPO, APPLICABILI AL PRODOTTO, COMPRESA, A TITOLO ESEMPLIFICATIVO, QUALSIASI GARANZIA ESPRESSA O IMPLICITA RELATIVA ALLA COMMERCIABILIT\u00c0 O ALL'IDONEIT\u00c0 PER UNO SCOPO PARTICOLARE. IN NESSUN CASO IL LICENZIANTE SAR\u00c0 RESPONSABILE DI DANNI SPECIALI, INDIRETTI, DIRETTI, PUNITIVI, CONSEQUENZIALI O DI QUALSIASI ALTRO TIPO, COMPRESI LA PERDITA DI PROFITTI, LA PERDITA DI UTILIZZO O LA PERDITA DI DATI. IL LICENZIATARIO ACCETTA CHE N\u00c9 IL LICENZIANTE N\u00c9 LE PERSONE RESPONSABILI DELLO SVILUPPO DEL PRODOTTO SARANNO RESPONSABILI NEI CONFRONTI DEL LICENZIATARIO PER EVENTUALI PERDITE, COSTI O DANNI DI QUALSIASI TIPO SUBITI DAL LICENZIATARIO CHE POSSANO DERIVARE DALL'USO, DALL'ALTERAZIONE O DALLA DISTRIBUZIONE DELL'OPERA E IL LICENZIATARIO ACCETTA DI INDENNIZZARE E TENERE INDENNE IL LICENZIANTE, I SUOI FUNZIONARI E DIPENDENTI DA TALI RICHIESTE.<\/p><p>Se si utilizza FotoMagico per caricare video su YouTube, si accetta di essere vincolati dai Termini di servizio di YouTube.<\/p><p>Il presente Contratto costituisce l'intera intesa tra le parti e non pu\u00f2 essere modificato se non per iscritto dal Licenziante. Il presente Contratto sar\u00e0 disciplinato dalle leggi della Germania.<\/p><p>Crediti di terze parti<br \/>Di seguito \u00e8 riportato un elenco di crediti per l'utilizzo dei rispettivi componenti di terze parti nel codice sorgente di FotoMagico.<\/p><p>PromiseKit<\/p><p>Copyright 2016-presente, Max Howell; mxcl@me.com<\/p><p>Con la presente si concede il permesso, a titolo gratuito, a chiunque ottenga una copia di questo software e dei file di documentazione associati (il \"Software\"), di trattare il Software senza alcuna restrizione, compresi, senza limitazione, i diritti di utilizzare, copiare, modificare, unire, pubblicare, distribuire, concedere in sublicenza e\/o vendere copie del Software, e di permettere alle persone a cui il Software viene fornito di farlo, alle seguenti condizioni: La suddetta nota sul copyright e la presente nota di autorizzazione devono essere incluse in tutte le copie o parti sostanziali del Software.<\/p><p>IL SOFTWARE VIENE FORNITO \"COS\u00cc COM'\u00c8\", SENZA ALCUN TIPO DI GARANZIA, ESPLICITA O IMPLICITA, INCLUSE, A TITOLO ESEMPLIFICATIVO, LE GARANZIE DI COMMERCIABILIT\u00c0, IDONEIT\u00c0 A UNO SCOPO PARTICOLARE E NON VIOLAZIONE. IN NESSUN CASO GLI AUTORI O I DETENTORI DEI DIRITTI D'AUTORE SARANNO RESPONSABILI PER QUALSIASI RECLAMO, DANNO O ALTRA RESPONSABILIT\u00c0, SIA IN UN'AZIONE CONTRATTUALE, CHE IN UN'AZIONE EXTRACONTRATTUALE O DI ALTRO TIPO, DERIVANTE DA, FUORI O IN CONNESSIONE CON IL SOFTWARE O L'USO O ALTRI RAPPORTI CON IL SOFTWARE.<\/p><p>SwiftyStoreKit<\/p><p>Copyright @2015-2016 Andrea Bizzotto<\/p><p>Con la presente si concede il permesso, a titolo gratuito, a chiunque ottenga una copia di questo software e dei file di documentazione associati (il \"Software\"), di trattare il Software senza alcuna restrizione, compresi, senza limitazione, i diritti di utilizzare, copiare, modificare, unire, pubblicare, distribuire, concedere in sublicenza e\/o vendere copie del Software, e di permettere alle persone a cui il Software viene fornito di farlo, alle seguenti condizioni:<\/p><p>La suddetta nota di copyright e la presente nota di autorizzazione saranno incluse in tutte le copie o parti sostanziali del Software.<\/p><p>IL SOFTWARE VIENE FORNITO \"COS\u00cc COM'\u00c8\", SENZA ALCUN TIPO DI GARANZIA, ESPLICITA O IMPLICITA, INCLUSE, A TITOLO ESEMPLIFICATIVO, LE GARANZIE DI COMMERCIABILIT\u00c0, IDONEIT\u00c0 A UNO SCOPO PARTICOLARE E NON VIOLAZIONE. IN NESSUN CASO GLI AUTORI O I DETENTORI DEI DIRITTI D'AUTORE SARANNO RESPONSABILI PER QUALSIASI RECLAMO, DANNO O ALTRA RESPONSABILIT\u00c0, SIA IN UN'AZIONE CONTRATTUALE, CHE IN UN'AZIONE EXTRACONTRATTUALE O DI ALTRO TIPO, DERIVANTE DA, FUORI O IN CONNESSIONE CON IL SOFTWARE O L'USO O ALTRI RAPPORTI CON IL SOFTWARE.<\/p><p>Fondazione ZIP<\/p><p>Copyright (c) 2017-2021 Thomas Zoechling (https:\/\/www.peakstep.com) Con la presente si concede il permesso, a titolo gratuito, a chiunque ottenga una copia di questo software e dei file di documentazione associati (il \"Software\"), di trattare il Software senza alcuna restrizione, compresi, senza limitazione, i diritti di utilizzare, copiare, modificare, unire, pubblicare, distribuire, concedere in sublicenza e\/o vendere copie del Software, e di permettere alle persone a cui il Software viene fornito di farlo, alle seguenti condizioni:<\/p><p>La suddetta nota di copyright e la presente nota di autorizzazione saranno incluse in tutte le copie o parti sostanziali del Software.<\/p><p>IL SOFTWARE VIENE FORNITO \"COS\u00cc COM'\u00c8\", SENZA ALCUN TIPO DI GARANZIA, ESPLICITA O IMPLICITA, INCLUSE, A TITOLO ESEMPLIFICATIVO, LE GARANZIE DI COMMERCIABILIT\u00c0, IDONEIT\u00c0 A UNO SCOPO PARTICOLARE E NON VIOLAZIONE. IN NESSUN CASO GLI AUTORI O I DETENTORI DEI DIRITTI D'AUTORE SARANNO RESPONSABILI PER QUALSIASI RECLAMO, DANNO O ALTRA RESPONSABILIT\u00c0, SIA IN UN'AZIONE CONTRATTUALE, CHE IN UN'AZIONE EXTRACONTRATTUALE O DI ALTRO TIPO, DERIVANTE DA, FUORI O IN CONNESSIONE CON IL SOFTWARE O L'USO O ALTRI RAPPORTI CON IL SOFTWARE.<\/p><p>Browser iMedia<\/p><p>Copyright \u00a92005-2013 di Karelia Software et al. Copyright \u00a92010-2020 di J\u00f6rg Jacobsen Copyright \u00a92010-2021 di Peter Baumgartner Copyright \u00a92010-2021 di Pierre Bernard<\/p><p>iMedia Browser si basa sul codice originariamente sviluppato da Jason Terhorst, ulteriormente sviluppato per Sandvox da Greg Hulands, Dan Wood e Terrence Talbot. La nuova architettura della versione 2.0 \u00e8 stata sviluppata da Peter Baumgartner. Hanno contribuito anche Matt Gough, Martin Wennerberg e altri, come indicato nei file sorgente. L'iMedia Browser Framework \u00e8 concesso in licenza secondo i seguenti termini:<\/p><p>Con la presente si concede il permesso, a titolo gratuito, a chiunque ottenga una copia di questo software e dei file di documentazione associati (il \"Software\"), di trattare in tutto o in parti sostanziali del Software senza alcuna restrizione, compresi, senza limitazione, i diritti di utilizzare, copiare, modificare, unire, pubblicare, distribuire, concedere in sublicenza e\/o vendere copie del Software, e di permettere alle persone a cui il Software viene fornito di farlo, alle seguenti condizioni:<\/p><p>Le ridistribuzioni del codice sorgente devono mantenere i termini originali qui riportati, incluso il presente elenco di condizioni, la clausola di esclusione della responsabilit\u00e0 riportata di seguito e la seguente nota sul copyright: Copyright (c) 2005-2012 by Karelia Software et al. Le ridistribuzioni in forma binaria devono includere, in modo visibile all'utente finale, ad esempio nella finestra About, nella finestra Acknowledgments o simili, a) i termini originali qui riportati, incluso il presente elenco di condizioni, la clausola di esclusione della responsabilit\u00e0 di cui sotto e la suddetta nota di copyright, oppure b) la suddetta nota di copyright e un link a karelia.com\/imedia. N\u00e9 il nome di Karelia Software, n\u00e9 quello di Sandvox, n\u00e9 i nomi dei collaboratori di iMedia Browser possono essere utilizzati per appoggiare o promuovere prodotti derivati dal Software senza previa ed esplicita autorizzazione scritta da parte di Karelia Software o dei singoli collaboratori, a seconda dei casi.<\/p><p>Esclusione di responsabilit\u00e0: IL SOFTWARE \u00c8 FORNITO DAL PROPRIETARIO DEI COPYRIGHT E DAI CONTRIBUTORI \"COS\u00cc COM'\u00c8\", SENZA GARANZIA DI ALCUN TIPO, ESPRESSA O IMPLICITA, INCLUSE, MA NON SOLO, LE GARANZIE DI COMMERCIABILIT\u00c0, IDONEIT\u00c0 PER UN PARTICOLARE SCOPO E NON VIOLAZIONE. IN NESSUN CASO GLI AUTORI O I DETENTORI DEI DIRITTI D'AUTORE SARANNO RESPONSABILI PER QUALSIASI RECLAMO, DANNO O ALTRA RESPONSABILIT\u00c0, SIA IN UN'AZIONE CONTRATTUALE, CHE IN UN'AZIONE ILLECITA O ALTRO, DERIVANTE DA, FUORI O IN CONNESSIONE CON IL SOFTWARE O L'USO O ALTRI RAPPORTI CON IL SOFTWARE. \u00a92004-2013 di Karelia Software<\/p><p>CoreGPX<\/p><p>Copyright (c) 2018 Vincent Neo<\/p><p>Con la presente si concede il permesso, a titolo gratuito, a chiunque ottenga una copia di questo software e dei file di documentazione associati (il \"Software\"), di trattare il Software senza alcuna restrizione, compresi, senza limitazione, i diritti di utilizzare, copiare, modificare, unire, pubblicare, distribuire, concedere in sublicenza e\/o vendere copie del Software, e di permettere alle persone a cui il Software viene fornito di farlo, alle seguenti condizioni:<\/p><p>La suddetta nota di copyright e la presente nota di autorizzazione saranno incluse in tutte le copie o parti sostanziali del Software.<\/p><p>IL SOFTWARE VIENE FORNITO \"COS\u00cc COM'\u00c8\", SENZA ALCUN TIPO DI GARANZIA, ESPLICITA O IMPLICITA, INCLUSE, A TITOLO ESEMPLIFICATIVO, LE GARANZIE DI COMMERCIABILIT\u00c0, IDONEIT\u00c0 A UNO SCOPO PARTICOLARE E NON VIOLAZIONE. IN NESSUN CASO GLI AUTORI O I DETENTORI DEI DIRITTI D'AUTORE SARANNO RESPONSABILI PER QUALSIASI RECLAMO, DANNO O ALTRA RESPONSABILIT\u00c0, SIA IN UN'AZIONE CONTRATTUALE, CHE IN UN'AZIONE EXTRACONTRATTUALE O DI ALTRO TIPO, DERIVANTE DA, FUORI O IN CONNESSIONE CON IL SOFTWARE O L'USO O ALTRI RAPPORTI CON IL SOFTWARE.<\/p><p>Scintillio<\/p><p>Copyright (c) 2006-2013 Andy Matuschak. Copyright (c) 2009-2013 Elgato Systems GmbH. Copyright (c) 2011-2014 Kornel Lesi\u0144ski. Copyright (c) 2015-2017 Mayur Pawashe. Copyright (c) 2014 C.W. Betts. Copyright (c) 2014 Petroules Corporation. Copyright (c) 2014 Big Nerd Ranch. Tutti i diritti riservati.<\/p><p>Con la presente si concede il permesso, a titolo gratuito, a chiunque ottenga una copia di questo software e dei file di documentazione associati (il \"Software\"), di trattare il Software senza alcuna restrizione, compresi, senza limitazione, i diritti di utilizzare, copiare, modificare, unire, pubblicare, distribuire, concedere in sublicenza e\/o vendere copie del Software, e di permettere alle persone a cui il Software viene fornito di farlo, alle seguenti condizioni:<\/p><p>La suddetta nota di copyright e la presente nota di autorizzazione saranno incluse in tutte le copie o parti sostanziali del Software.<\/p><p>IL SOFTWARE VIENE FORNITO \"COS\u00cc COM'\u00c8\", SENZA ALCUN TIPO DI GARANZIA, ESPLICITA O IMPLICITA, INCLUSE, A TITOLO ESEMPLIFICATIVO, LE GARANZIE DI COMMERCIABILIT\u00c0, IDONEIT\u00c0 A UNO SCOPO PARTICOLARE E NON VIOLAZIONE. IN NESSUN CASO GLI AUTORI O I DETENTORI DEI DIRITTI D'AUTORE SARANNO RESPONSABILI PER QUALSIASI RECLAMO, DANNO O ALTRA RESPONSABILIT\u00c0, SIA IN UN'AZIONE CONTRATTUALE, CHE IN UN'AZIONE EXTRACONTRATTUALE O DI ALTRO TIPO, DERIVANTE DA, FUORI O IN CONNESSIONE CON IL SOFTWARE O L'USO O ALTRI RAPPORTI CON IL SOFTWARE.<\/p><p>RxSwift<\/p><p>Copyright \u00a9 2015 Krunoslav Zaher, Tutti i diritti riservati.<\/p><p>Con la presente si concede il permesso, a titolo gratuito, a chiunque ottenga una copia di questo software e dei file di documentazione associati (il \"Software\"), di trattare il Software senza alcuna restrizione, compresi, senza limitazione, i diritti di utilizzare, copiare, modificare, unire, pubblicare, distribuire, concedere in sublicenza e\/o vendere copie del Software, e di permettere alle persone a cui il Software viene fornito di farlo, alle seguenti condizioni:<\/p><p>La suddetta nota di copyright e la presente nota di autorizzazione saranno incluse in tutte le copie o parti sostanziali del Software.<\/p><p>IL SOFTWARE VIENE FORNITO \"COS\u00cc COM'\u00c8\", SENZA ALCUN TIPO DI GARANZIA, ESPLICITA O IMPLICITA, INCLUSE, A TITOLO ESEMPLIFICATIVO, LE GARANZIE DI COMMERCIABILIT\u00c0, IDONEIT\u00c0 A UNO SCOPO PARTICOLARE E NON VIOLAZIONE. IN NESSUN CASO GLI AUTORI O I DETENTORI DEI DIRITTI D'AUTORE SARANNO RESPONSABILI PER QUALSIASI RECLAMO, DANNO O ALTRA RESPONSABILIT\u00c0, SIA IN UN'AZIONE CONTRATTUALE, CHE IN UN'AZIONE EXTRACONTRATTUALE O DI ALTRO TIPO, DERIVANTE DA, FUORI O IN CONNESSIONE CON IL SOFTWARE O L'USO O ALTRI RAPPORTI CON IL SOFTWARE.<\/p><p>Starscream<\/p><p>Copyright (c) 2014-2016 Dalton Cherry.<\/p><p>Starscream \u00e8 rilasciato sotto licenza Apache v2.<\/p><p>swift-nio-zlib-supporto<\/p><p>Copyright 2018, Apple Inc.<\/p><p>Concesso in licenza secondo la Licenza Apache, versione 2.0 (la \"Licenza\"); l'utente non pu\u00f2 utilizzare questo file se non in conformit\u00e0 con la Licenza. \u00c8 possibile ottenere una copia della licenza all'indirizzo http:\/\/www.apache.org\/licenses\/LICENSE-2.0.<\/p><p>A meno che non sia richiesto dalla legge o concordato per iscritto, il software distribuito con la Licenza \u00e8 distribuito \"COS\u00cc COM'\u00c8\", SENZA GARANZIE O CONDIZIONI DI ALCUN TIPO, n\u00e9 esplicite n\u00e9 implicite. Si veda la Licenza per il linguaggio specifico che regola le autorizzazioni e le limitazioni previste dalla Licenza.<\/p><p>SPDX-Identificatore di licenza: Apache-2.0<\/p><p>SwiftPhoenixClient<\/p><p>Copyright (c) 2015 David Stump<\/p><p>Con la presente si concede il permesso, a titolo gratuito, a chiunque ottenga una copia di questo software e dei file di documentazione associati (il \"Software\"), di trattare il Software senza alcuna restrizione, compresi, senza limitazione, i diritti di utilizzare, copiare, modificare, unire, pubblicare, distribuire, concedere in sublicenza e\/o vendere copie del Software, e di permettere alle persone a cui il Software viene fornito di farlo, alle seguenti condizioni:<\/p><p>La suddetta nota di copyright e la presente nota di autorizzazione saranno incluse in tutte le copie o parti sostanziali del Software.<\/p><p>IL SOFTWARE VIENE FORNITO \"COS\u00cc COM'\u00c8\", SENZA ALCUN TIPO DI GARANZIA, ESPLICITA O IMPLICITA, INCLUSE, A TITOLO ESEMPLIFICATIVO, LE GARANZIE DI COMMERCIABILIT\u00c0, IDONEIT\u00c0 A UNO SCOPO PARTICOLARE E NON VIOLAZIONE. IN NESSUN CASO GLI AUTORI O I DETENTORI DEI DIRITTI D'AUTORE SARANNO RESPONSABILI PER QUALSIASI RECLAMO, DANNO O ALTRA RESPONSABILIT\u00c0, SIA IN UN'AZIONE CONTRATTUALE, CHE IN UN'AZIONE EXTRACONTRATTUALE O DI ALTRO TIPO, DERIVANTE DA, FUORI O IN CONNESSIONE CON IL SOFTWARE O L'USO O ALTRI RAPPORTI CON IL SOFTWARE.<\/p><p>BeatDetect<\/p><p>Utilizzato con licenza MIT con il permesso di Daniel Iglesia<\/p><p>Copyright (c) 2021 Daniel Iglesia<\/p><p>Con la presente si concede il permesso, a titolo gratuito, a chiunque ottenga una copia di questo software e dei file di documentazione associati (il \"Software\"), di trattare il Software senza alcuna restrizione, compresi, senza limitazione, i diritti di utilizzare, copiare, modificare, unire, pubblicare, distribuire, concedere in sublicenza e\/o vendere copie del Software, e di permettere alle persone a cui il Software viene fornito di farlo, alle seguenti condizioni: L'avviso di copyright di cui sopra e questo avviso di autorizzazione devono essere inclusi in tutte le copie o parti sostanziali del Software. IL SOFTWARE VIENE FORNITO \"COS\u00cc COM'\u00c8\", SENZA GARANZIE DI ALCUN TIPO, ESPRESSE O IMPLICITE, INCLUSE, A TITOLO ESEMPLIFICATIVO, LE GARANZIE DI COMMERCIABILIT\u00c0, IDONEIT\u00c0 A UNO SCOPO PARTICOLARE E NON VIOLAZIONE. IN NESSUN CASO GLI AUTORI O I DETENTORI DEI DIRITTI D'AUTORE SARANNO RESPONSABILI PER QUALSIASI RECLAMO, DANNO O ALTRA RESPONSABILIT\u00c0, SIA IN UN'AZIONE CONTRATTUALE, CHE IN UN'AZIONE ILLECITA O ALTRO, DERIVANTE DA, DA O IN RELAZIONE AL SOFTWARE O ALL'USO O AD ALTRI RAPPORTI CON IL SOFTWARE.<\/p>\t\t\t\t\t\t\t\t<\/div>\n\t\t\t\t<\/div>\n\t\t\t\t\t<\/div>\n\t\t\t\t<\/div>\n\t\t\t\t<\/div>","protected":false},"excerpt":{"rendered":"<p>Boinx Software International GmbHEnd User License Agreement (EULA)This Agreement is a legal agreement between you (either an individual or a legal entity, &#8220;The Licensee&#8221;) and Boinx Software International GmbH (&#8220;The Licensor&#8221;) for the software product FotoMagico (&#8220;The Product&#8221;). The Product consists of several files including an application which is distributed in electronic form by download [&hellip;]<\/p>\n","protected":false},"author":1,"featured_media":0,"parent":0,"menu_order":0,"comment_status":"closed","ping_status":"closed","template":"","meta":{"_acf_changed":false,"footnotes":""},"class_list":["post-4871","page","type-page","status-publish","hentry"],"acf":[],"_links":{"self":[{"href":"https:\/\/fotomagico.com\/it-it\/wp-json\/wp\/v2\/pages\/4871","targetHints":{"allow":["GET"]}}],"collection":[{"href":"https:\/\/fotomagico.com\/it-it\/wp-json\/wp\/v2\/pages"}],"about":[{"href":"https:\/\/fotomagico.com\/it-it\/wp-json\/wp\/v2\/types\/page"}],"author":[{"embeddable":true,"href":"https:\/\/fotomagico.com\/it-it\/wp-json\/wp\/v2\/users\/1"}],"replies":[{"embeddable":true,"href":"https:\/\/fotomagico.com\/it-it\/wp-json\/wp\/v2\/comments?post=4871"}],"version-history":[{"count":5,"href":"https:\/\/fotomagico.com\/it-it\/wp-json\/wp\/v2\/pages\/4871\/revisions"}],"predecessor-version":[{"id":8298,"href":"https:\/\/fotomagico.com\/it-it\/wp-json\/wp\/v2\/pages\/4871\/revisions\/8298"}],"wp:attachment":[{"href":"https:\/\/fotomagico.com\/it-it\/wp-json\/wp\/v2\/media?parent=4871"}],"curies":[{"name":"wp","href":"https:\/\/api.w.org\/{rel}","templated":true}]}}