{"id":310,"date":"2021-06-16T16:06:39","date_gmt":"2021-06-16T14:06:39","guid":{"rendered":"https:\/\/fotomagico.com\/?page_id=310"},"modified":"2025-06-27T21:15:04","modified_gmt":"2025-06-27T19:15:04","slug":"impronta","status":"publish","type":"page","link":"https:\/\/fotomagico.com\/it-it\/imprint\/","title":{"rendered":"Impronta"},"content":{"rendered":"<div data-elementor-type=\"wp-page\" data-elementor-id=\"310\" class=\"elementor elementor-310\" data-elementor-post-type=\"page\">\n\t\t\t\t\t\t<section class=\"elementor-section elementor-top-section elementor-element elementor-element-4704cf7 elementor-section-boxed elementor-section-height-default elementor-section-height-default\" data-id=\"4704cf7\" data-element_type=\"section\" data-e-type=\"section\">\n\t\t\t\t\t\t<div class=\"elementor-container elementor-column-gap-default\">\n\t\t\t\t\t<div class=\"elementor-column elementor-col-100 elementor-top-column elementor-element elementor-element-daf42c8\" data-id=\"daf42c8\" data-element_type=\"column\" data-e-type=\"column\">\n\t\t\t<div class=\"elementor-widget-wrap elementor-element-populated\">\n\t\t\t\t\t\t<div class=\"elementor-element elementor-element-618aee2 elementor-widget elementor-widget-heading\" data-id=\"618aee2\" data-element_type=\"widget\" data-e-type=\"widget\" data-widget_type=\"heading.default\">\n\t\t\t\t<div class=\"elementor-widget-container\">\n\t\t\t\t\t<h1 class=\"elementor-heading-title elementor-size-default\">Impronta \/ Impressum<\/h1>\t\t\t\t<\/div>\n\t\t\t\t<\/div>\n\t\t\t\t<div class=\"elementor-element elementor-element-40fc16f elementor-widget elementor-widget-heading\" data-id=\"40fc16f\" data-element_type=\"widget\" data-e-type=\"widget\" data-widget_type=\"heading.default\">\n\t\t\t\t<div class=\"elementor-widget-container\">\n\t\t\t\t\t<h3 class=\"elementor-heading-title elementor-size-default\">Informazioni sull'azienda<\/h3>\t\t\t\t<\/div>\n\t\t\t\t<\/div>\n\t\t\t\t<div class=\"elementor-element elementor-element-0761286 elementor-widget elementor-widget-text-editor\" data-id=\"0761286\" data-element_type=\"widget\" data-e-type=\"widget\" data-widget_type=\"text-editor.default\">\n\t\t\t\t<div class=\"elementor-widget-container\">\n\t\t\t\t\t\t\t\t\t<p data-renderer-start-pos=\"22\"><strong data-renderer-mark=\"true\">Boinx Software International GmbH<\/strong> \u00e8 una societ\u00e0 tedesca di software per computer, con sede a Germering, nell'area metropolitana di Monaco. Boinx \u00e8 storicamente specializzata in software per piattaforme Apple Inc. Nel 1996 Boinx Software \u00e8 stata fondata dai fratelli Achim e Oliver Breidenbach, seguendo la loro passione per il software basato su Mac. Le radici dell'azienda risalgono al 1976, quando il padre port\u00f2 in Europa i primi computer Apple I dopo aver incontrato Steve Jobs.<\/p><p data-renderer-start-pos=\"501\">Boinx Software si \u00e8 guadagnata l'attenzione del pubblico grazie alla vittoria di diversi Apple Design Awards per applicazioni come BoinxTV, mimoLive, iStopMotion e FotoMagico.<\/p>\t\t\t\t\t\t\t\t<\/div>\n\t\t\t\t<\/div>\n\t\t\t\t<div class=\"elementor-element elementor-element-1ac87b1 elementor-widget elementor-widget-heading\" data-id=\"1ac87b1\" data-element_type=\"widget\" data-e-type=\"widget\" data-widget_type=\"heading.default\">\n\t\t\t\t<div class=\"elementor-widget-container\">\n\t\t\t\t\t<h3 class=\"elementor-heading-title elementor-size-default\">Contatto<\/h3>\t\t\t\t<\/div>\n\t\t\t\t<\/div>\n\t\t\t\t<div class=\"elementor-element elementor-element-d362aa9 elementor-widget elementor-widget-text-editor\" data-id=\"d362aa9\" data-element_type=\"widget\" data-e-type=\"widget\" data-widget_type=\"text-editor.default\">\n\t\t\t\t<div class=\"elementor-widget-container\">\n\t\t\t\t\t\t\t\t\t<p>Boinx Software International GmbH<br \/>Industriestr. 9<br \/>82110 Germering<br \/>Germania<\/p><p><strong>Registro commerciale \/ Handelsregister<\/strong><br \/>Registergericht M\u00fcnchen, HRB 247307<br \/>Gesch\u00e4ftsf\u00fchrer (CEO): Oliver Breidenbach<\/p><p><strong><br \/>Copyright<br \/><\/strong>Tutto il materiale di questo sito \u00e8 protetto da copyright \u00a9 di Boinx Software International GmbH.<br \/>Tutti i diritti riservati.<br \/><strong><br \/>Marchi di fabbrica<\/strong><\/p><p>Boinx Software e il logo Boinx Software sono marchi di Boinx Software International GmbH. Mac e il logo Mac sono marchi di Apple Computer, Inc. registrati negli Stati Uniti e in altri Paesi. Apple e il logo Apple sono marchi di Apple Computer, Inc. registrati negli Stati Uniti e in altri Paesi, utilizzati con autorizzazione.<\/p>\t\t\t\t\t\t\t\t<\/div>\n\t\t\t\t<\/div>\n\t\t\t\t\t<\/div>\n\t\t<\/div>\n\t\t\t\t\t<\/div>\n\t\t<\/section>\n\t\t\t\t<section class=\"elementor-section elementor-top-section elementor-element elementor-element-55af328 elementor-section-boxed elementor-section-height-default elementor-section-height-default\" data-id=\"55af328\" data-element_type=\"section\" data-e-type=\"section\">\n\t\t\t\t\t\t<div class=\"elementor-container elementor-column-gap-default\">\n\t\t\t\t\t<div class=\"elementor-column elementor-col-100 elementor-top-column elementor-element elementor-element-3dd5697\" data-id=\"3dd5697\" data-element_type=\"column\" data-e-type=\"column\">\n\t\t\t<div class=\"elementor-widget-wrap elementor-element-populated\">\n\t\t\t\t\t\t<div class=\"elementor-element elementor-element-9aff0f3 elementor-widget elementor-widget-heading\" data-id=\"9aff0f3\" data-element_type=\"widget\" data-e-type=\"widget\" data-widget_type=\"heading.default\">\n\t\t\t\t<div class=\"elementor-widget-container\">\n\t\t\t\t\t<h3 class=\"elementor-heading-title elementor-size-default\">Concetto e realizzazione<\/h3>\t\t\t\t<\/div>\n\t\t\t\t<\/div>\n\t\t\t\t<div class=\"elementor-element elementor-element-f46a850 elementor-widget elementor-widget-text-editor\" data-id=\"f46a850\" data-element_type=\"widget\" data-e-type=\"widget\" data-widget_type=\"text-editor.default\">\n\t\t\t\t<div class=\"elementor-widget-container\">\n\t\t\t\t\t\t\t\t\t<p>Steffen Skopp<\/p><p><a href=\"https:\/\/klartext-tacheles.de\" target=\"_blank\" rel=\"noopener\">klartext-tacheles.de<\/a><\/p><p>\u00a0<\/p>\t\t\t\t\t\t\t\t<\/div>\n\t\t\t\t<\/div>\n\t\t\t\t<div class=\"elementor-element elementor-element-0541ed7 elementor-widget elementor-widget-heading\" data-id=\"0541ed7\" data-element_type=\"widget\" data-e-type=\"widget\" data-widget_type=\"heading.default\">\n\t\t\t\t<div class=\"elementor-widget-container\">\n\t\t\t\t\t<h3 class=\"elementor-heading-title elementor-size-default\">Design<\/h3>\t\t\t\t<\/div>\n\t\t\t\t<\/div>\n\t\t\t\t<div class=\"elementor-element elementor-element-b790005 elementor-widget elementor-widget-text-editor\" data-id=\"b790005\" data-element_type=\"widget\" data-e-type=\"widget\" data-widget_type=\"text-editor.default\">\n\t\t\t\t<div class=\"elementor-widget-container\">\n\t\t\t\t\t\t\t\t\t<p>Peter Schlossnikel<\/p><p><a href=\"http:\/\/petriografie.de\" target=\"_blank\" rel=\"noopener\">http:\/\/petriografie.de<\/a><\/p>\t\t\t\t\t\t\t\t<\/div>\n\t\t\t\t<\/div>\n\t\t\t\t\t<\/div>\n\t\t<\/div>\n\t\t\t\t\t<\/div>\n\t\t<\/section>\n\t\t\t\t<\/div>","protected":false},"excerpt":{"rendered":"<p>Imprint \/ Impressum About the company Boinx Software International GmbH is a German computer software company, incorporated in Germering, in the greater Munich metropolitan area. Boinx has been historically specialized in software for Apple Inc. platforms. In 1996 Boinx Software was founded by the brothers Achim and Oliver Breidenbach, following their passion for mac-based software. [&hellip;]<\/p>\n","protected":false},"author":2,"featured_media":0,"parent":0,"menu_order":0,"comment_status":"closed","ping_status":"closed","template":"elementor_header_footer","meta":{"_acf_changed":false,"footnotes":""},"class_list":["post-310","page","type-page","status-publish","hentry"],"acf":[],"_links":{"self":[{"href":"https:\/\/fotomagico.com\/it-it\/wp-json\/wp\/v2\/pages\/310","targetHints":{"allow":["GET"]}}],"collection":[{"href":"https:\/\/fotomagico.com\/it-it\/wp-json\/wp\/v2\/pages"}],"about":[{"href":"https:\/\/fotomagico.com\/it-it\/wp-json\/wp\/v2\/types\/page"}],"author":[{"embeddable":true,"href":"https:\/\/fotomagico.com\/it-it\/wp-json\/wp\/v2\/users\/2"}],"replies":[{"embeddable":true,"href":"https:\/\/fotomagico.com\/it-it\/wp-json\/wp\/v2\/comments?post=310"}],"version-history":[{"count":10,"href":"https:\/\/fotomagico.com\/it-it\/wp-json\/wp\/v2\/pages\/310\/revisions"}],"predecessor-version":[{"id":9325,"href":"https:\/\/fotomagico.com\/it-it\/wp-json\/wp\/v2\/pages\/310\/revisions\/9325"}],"wp:attachment":[{"href":"https:\/\/fotomagico.com\/it-it\/wp-json\/wp\/v2\/media?parent=310"}],"curies":[{"name":"wp","href":"https:\/\/api.w.org\/{rel}","templated":true}]}}