{"id":1653,"date":"2021-10-25T09:34:55","date_gmt":"2021-10-25T07:34:55","guid":{"rendered":"https:\/\/fotomagico.com\/?page_id=1653"},"modified":"2021-10-25T09:34:55","modified_gmt":"2021-10-25T07:34:55","slug":"aggiornamento","status":"publish","type":"page","link":"https:\/\/fotomagico.com\/it-it\/support\/upgrade\/","title":{"rendered":"Aggiornamento"},"content":{"rendered":"<div data-elementor-type=\"wp-page\" data-elementor-id=\"1653\" class=\"elementor elementor-1653\" data-elementor-post-type=\"page\">\n\t\t\t\t\t\t<section class=\"elementor-section elementor-top-section elementor-element elementor-element-5629150 elementor-section-boxed elementor-section-height-default elementor-section-height-default\" data-id=\"5629150\" data-element_type=\"section\" data-e-type=\"section\">\n\t\t\t\t\t\t<div class=\"elementor-container elementor-column-gap-default\">\n\t\t\t\t\t<div class=\"elementor-column elementor-col-100 elementor-top-column elementor-element elementor-element-e35002d\" data-id=\"e35002d\" data-element_type=\"column\" data-e-type=\"column\">\n\t\t\t<div class=\"elementor-widget-wrap elementor-element-populated\">\n\t\t\t\t\t\t<div class=\"elementor-element elementor-element-e706914 elementor-widget elementor-widget-heading\" data-id=\"e706914\" data-element_type=\"widget\" data-e-type=\"widget\" data-widget_type=\"heading.default\">\n\t\t\t\t<div class=\"elementor-widget-container\">\n\t\t\t\t\t<h1 class=\"elementor-heading-title elementor-size-default\">Politica di aggiornamento e di upgrade<\/h1>\t\t\t\t<\/div>\n\t\t\t\t<\/div>\n\t\t\t\t<div class=\"elementor-element elementor-element-fd9882a elementor-widget elementor-widget-text-editor\" data-id=\"fd9882a\" data-element_type=\"widget\" data-e-type=\"widget\" data-widget_type=\"text-editor.default\">\n\t\t\t\t<div class=\"elementor-widget-container\">\n\t\t\t\t\t\t\t\t\t<h3>Rilasci o aggiornamenti importanti<\/h3><p>Una Major Release, nota anche come Upgrade, \u00e8 una release generalmente disponibile del Software che contiene miglioramenti ed estensioni funzionali, correzioni di bug di elevata gravit\u00e0 e priorit\u00e0, ed \u00e8 designata da Boinx Software mediante una modifica della cifra a sinistra del primo punto decimale. FotoMagico 6 \u00e8 una major release. Per passare dalle versioni precedenti \u00e8 obbligatorio un aggiornamento.\u00a0<\/p>\t\t\t\t\t\t\t\t<\/div>\n\t\t\t\t<\/div>\n\t\t\t\t<div class=\"elementor-element elementor-element-ce07e8f elementor-widget elementor-widget-text-editor\" data-id=\"ce07e8f\" data-element_type=\"widget\" data-e-type=\"widget\" data-widget_type=\"text-editor.default\">\n\t\t\t\t<div class=\"elementor-widget-container\">\n\t\t\t\t\t\t\t\t\t<h3><span style=\"letter-spacing: 0px;\">Il futuro di aggiornamenti e upgrade<\/span><\/h3><p><span style=\"color: #333333; font-size: 20px; font-weight: 200; letter-spacing: 0px;\">FotoMagico 6 \u00e8 l'ultimo aggiornamento importante. A partire da FotoMagico 6 non ci saranno pi\u00f9 aggiornamenti importanti. FotoMagico 6 diventa FotoMagico.<\/span><\/p><p><span style=\"color: #333333; font-size: 20px; font-weight: 200; letter-spacing: 0px;\">Il nuovo abbonamento contiene sempre la licenza dell'ultima versione. I clienti possono lavorare sempre con l'ultima versione. Gli aggiornamenti regolari aumenteranno le funzionalit\u00e0, la sicurezza e manterranno la stabilit\u00e0 e la compatibilit\u00e0 con le ultime versioni di macOS e iOS. Il nuovo abbonamento \u00e8 un modello di licenza senza rischi per i clienti e porta molti vantaggi. Per saperne di pi\u00f9 <a href=\"https:\/\/fotomagico.com\/it-it\/benefits-of-subscription-license\/\">vantaggi delle licenze in abbonamento<\/a>.<\/span><\/p>\t\t\t\t\t\t\t\t<\/div>\n\t\t\t\t<\/div>\n\t\t\t\t\t<\/div>\n\t\t<\/div>\n\t\t\t\t\t<\/div>\n\t\t<\/section>\n\t\t\t\t<\/div>","protected":false},"excerpt":{"rendered":"<p>Upgrade and Update Policy Major Releases or Upgrades A Major Release, also known as an Upgrade, is a generally available release of the Software that contains functional enhancements and extensions, fixes for high severity and high priority bugs, and is designated by Boinx Software by means of a change in the digit to the left [&hellip;]<\/p>\n","protected":false},"author":2,"featured_media":0,"parent":457,"menu_order":0,"comment_status":"closed","ping_status":"closed","template":"","meta":{"_acf_changed":false,"footnotes":""},"class_list":["post-1653","page","type-page","status-publish","hentry"],"acf":[],"_links":{"self":[{"href":"https:\/\/fotomagico.com\/it-it\/wp-json\/wp\/v2\/pages\/1653","targetHints":{"allow":["GET"]}}],"collection":[{"href":"https:\/\/fotomagico.com\/it-it\/wp-json\/wp\/v2\/pages"}],"about":[{"href":"https:\/\/fotomagico.com\/it-it\/wp-json\/wp\/v2\/types\/page"}],"author":[{"embeddable":true,"href":"https:\/\/fotomagico.com\/it-it\/wp-json\/wp\/v2\/users\/2"}],"replies":[{"embeddable":true,"href":"https:\/\/fotomagico.com\/it-it\/wp-json\/wp\/v2\/comments?post=1653"}],"version-history":[{"count":0,"href":"https:\/\/fotomagico.com\/it-it\/wp-json\/wp\/v2\/pages\/1653\/revisions"}],"up":[{"embeddable":true,"href":"https:\/\/fotomagico.com\/it-it\/wp-json\/wp\/v2\/pages\/457"}],"wp:attachment":[{"href":"https:\/\/fotomagico.com\/it-it\/wp-json\/wp\/v2\/media?parent=1653"}],"curies":[{"name":"wp","href":"https:\/\/api.w.org\/{rel}","templated":true}]}}