{"id":1323,"date":"2021-10-20T12:01:49","date_gmt":"2021-10-20T10:01:49","guid":{"rendered":"https:\/\/fotomagico.com\/?page_id=1323"},"modified":"2024-08-09T10:44:40","modified_gmt":"2024-08-09T08:44:40","slug":"vantaggi-della-licenza-di-abbonamento","status":"publish","type":"page","link":"https:\/\/fotomagico.com\/it-it\/benefits-of-access-based-licences\/","title":{"rendered":"Vantaggi delle licenze basate sull'accesso"},"content":{"rendered":"<div data-elementor-type=\"wp-page\" data-elementor-id=\"1323\" class=\"elementor elementor-1323\" data-elementor-post-type=\"page\">\n\t\t\t\t<div class=\"elementor-element elementor-element-87dd49c e-flex e-con-boxed e-con e-parent\" data-id=\"87dd49c\" data-element_type=\"container\" data-e-type=\"container\">\n\t\t\t\t\t<div class=\"e-con-inner\">\n\t\t<div class=\"elementor-element elementor-element-10c9c3a e-con-full e-flex e-con e-child\" data-id=\"10c9c3a\" data-element_type=\"container\" data-e-type=\"container\">\n\t\t\t\t<div class=\"elementor-element elementor-element-a35297b elementor-widget elementor-widget-heading\" data-id=\"a35297b\" data-element_type=\"widget\" data-e-type=\"widget\" data-widget_type=\"heading.default\">\n\t\t\t\t<div class=\"elementor-widget-container\">\n\t\t\t\t\t<h1 class=\"elementor-heading-title elementor-size-default\">Vantaggi delle licenze basate sull'accesso<\/h1>\t\t\t\t<\/div>\n\t\t\t\t<\/div>\n\t\t\t\t<div class=\"elementor-element elementor-element-6f743df elementor-widget elementor-widget-text-editor\" data-id=\"6f743df\" data-element_type=\"widget\" data-e-type=\"widget\" data-widget_type=\"text-editor.default\">\n\t\t\t\t<div class=\"elementor-widget-container\">\n\t\t\t\t\t\t\t\t\t<p>Siamo entusiasti di annunciare il rilascio di FotoMagico 6, che include una serie di nuove funzionalit\u00e0. Vogliamo cogliere l'occasione per spiegare perch\u00e9 abbiamo scelto di passare ad un modello di licenza basato sull'accesso.&nbsp;<\/p>\t\t\t\t\t\t\t\t<\/div>\n\t\t\t\t<\/div>\n\t\t\t\t<div class=\"elementor-element elementor-element-c620281 elementor-widget elementor-widget-heading\" data-id=\"c620281\" data-element_type=\"widget\" data-e-type=\"widget\" data-widget_type=\"heading.default\">\n\t\t\t\t<div class=\"elementor-widget-container\">\n\t\t\t\t\t<h3 class=\"elementor-heading-title elementor-size-default\">Scopra i vantaggi di pagare l'accesso a FotoMagico solo quando ne ha bisogno: Il modello ottimale per gli utenti<\/h3>\t\t\t\t<\/div>\n\t\t\t\t<\/div>\n\t\t\t\t<div class=\"elementor-element elementor-element-f2cf732 elementor-widget elementor-widget-text-editor\" data-id=\"f2cf732\" data-element_type=\"widget\" data-e-type=\"widget\" data-widget_type=\"text-editor.default\">\n\t\t\t\t<div class=\"elementor-widget-container\">\n\t\t\t\t\t\t\t\t\t<p data-renderer-start-pos=\"1\">Negli ultimi anni si \u00e8 assistito a un cambiamento nei modelli di licenza per il software. Il vecchio modello, basato sulla distribuzione di supporti di memorizzazione dei dati e di manuali cartacei per applicazioni relativamente piccole e semplici, si basava su cicli di aggiornamento frequentemente pagati per fornire agli utenti nuove funzionalit\u00e0, correzioni di bug e aggiornamenti di compatibilit\u00e0 tramite la spedizione fisica di nuovi CD di installazione.\u00a0<\/p>\n<h4>Niente pi\u00f9 aggiornamenti a pagamento, ri-acquisti e paura di perdere le nuove funzionalit\u00e0.<\/h4>\n<p data-renderer-start-pos=\"356\">Oggi Internet offre un modo rapido ed efficiente per distribuire aggiornamenti che possono essere pi\u00f9 regolari, fornendo agli utenti correzioni di bug, nuove funzionalit\u00e0 e supporto per nuovi hardware, sistemi operativi e software non appena disponibili. Questo \u00e8 necessario anche perch\u00e9 l'ambiente informatico \u00e8 molto pi\u00f9 complesso e cambia molto pi\u00f9 rapidamente che mai.\u00a0<\/p>\n<p data-renderer-start-pos=\"703\">Gli abbonamenti pay-per-use sono il modello di business che sostiene questo nuovo mondo e ci sono molti modi in cui voi, gli utenti, beneficiate di questo nuovo modello:<\/p>\n<h4 data-renderer-start-pos=\"859\">Si paga solo per il tempo in cui si utilizza il software.<\/h4>\n<p data-renderer-start-pos=\"907\">Se siete utenti abituali, l'abbonamento vi assicurer\u00e0 di avere sempre una licenza valida e l'accesso alle ultime versioni dell'applicazione, tenendo il passo con gli aggiornamenti del sistema, il nuovo hardware e le modifiche alle piattaforme online che utilizzate.\u00a0<\/p>\n<p data-renderer-start-pos=\"1162\">Se si utilizza l'applicazione solo occasionalmente, si pu\u00f2 risparmiare molto denaro acquistando una licenza solo per il tempo in cui si utilizza effettivamente il software.<\/p>\n<p data-renderer-start-pos=\"1313\">Tutto si riduce a: \u00c8 pi\u00f9 conveniente pagare per ogni utilizzo anzich\u00e9 anticipare per un periodo di tempo indeterminato.<\/p>\n<h4 data-renderer-start-pos=\"1422\">Risparmiate grazie al modello di distribuzione pi\u00f9 efficiente<\/h4>\n<p data-renderer-start-pos=\"1475\">Non si paga pi\u00f9 il canale di distribuzione, la stampa, l'imballaggio, la produzione di dischi o CD e cos\u00ec via. In alcuni casi, queste spese rappresentavano pi\u00f9 del 50% del prezzo di vendita al dettaglio.<\/p>\n<p data-renderer-start-pos=\"1657\">Inoltre, le spese generali per l'elaborazione dei pagamenti sono molto pi\u00f9 basse, poich\u00e9 le societ\u00e0 di carte di credito si sono adattate a un volume pi\u00f9 elevato di elaborazione di pagamenti pi\u00f9 piccoli. Tutto ci\u00f2 rende l'utilizzo del software molto pi\u00f9 conveniente al giorno d'oggi.<\/p>\n<h4 data-renderer-start-pos=\"1875\">Siete sempre aggiornati con le ultime tecnologie\u00a0<\/h4>\n<p data-renderer-start-pos=\"1929\">Potete essere certi che il software \u00e8 al passo con voi, aggiornando le altre applicazioni, le piattaforme online in continua evoluzione, il vostro sistema operativo e la vostra attrezzatura. In realt\u00e0 non esiste pi\u00f9 la versione 6 di FotoMagico! Con un modello di abbonamento acquistate l'ultima versione e rimarrete sempre aggiornati. Non c'\u00e8 nessuna versione 7 e 8 in arrivo per la quale si debba fare l'upgrade e pagare. Contiamo solo il numero di versione ad ogni rilascio, per scopi di documentazione, supporto e correzione di bug, e voi rimarrete sempre aggiornati con l'ultima versione.\u00a0<\/p>\n<h4 data-renderer-start-pos=\"2116\">Il rischio \u00e8 minore<\/h4>\n<p data-renderer-start-pos=\"2140\">Se il fornitore di un'applicazione non \u00e8 pi\u00f9 in grado di fornire aggiornamenti, potete smettere di usare l'applicazione e non pagherete pi\u00f9 per essa. Non avrete fatto un grosso investimento iniziale che non potrete mai utilizzare.<\/p>\n<h4 data-renderer-start-pos=\"2342\">I costi sono prevedibili<\/h4>\n<p data-renderer-start-pos=\"2370\">Con il modello di abbonamento pay-per-use, si sa quando il prossimo (piccolo) pagamento \u00e8 dovuto, non ci sono costi nascosti sotto forma di spese di aggiornamento a sorpresa per far funzionare l'app su un nuovo sistema operativo o supportare una nuova fotocamera. Le licenze \"a vita\" non sono mai esistite. Quando si passava a un nuovo sistema operativo o a un nuovo computer, per avere una versione funzionante dell'applicazione era necessario acquistare un aggiornamento. I costi di questo aggiornamento erano spesso sconosciuti in anticipo e arrivavano a intervalli casuali.<\/p>\n<p data-renderer-start-pos=\"2868\">Questo \u00e8 ancora meglio se avete un'azienda. Distribuire i costi sul periodo di utilizzo di un bene aiuta il flusso di cassa e la pianificazione aziendale.<\/p>\n<h4 data-renderer-start-pos=\"3010\">Molte altre cose nella vostra vita funzionano in questo modo, compreso, molto probabilmente, il vostro reddito.<\/h4>\n<p data-renderer-start-pos=\"3096\">Ci sono gi\u00e0 molte altre cose nella vostra vita che sono a pagamento. L'affitto di una casa o il pagamento di un mutuo, la guida di un'auto (pagando la benzina o l'elettricit\u00e0), Netflix, la TV via cavo, il telefono, sono tutte cose di cui si usufruisce su base mensile. Alcuni affittano persino i loro computer per potersi permettere un sistema migliore e pi\u00f9 veloce.<\/p>\n<p data-renderer-start-pos=\"3447\">Infine, se avete un reddito pi\u00f9 o meno regolare come la maggior parte delle persone, considerate anche tutti i vantaggi che derivano dall'essere pagati \"per uso\" in prima persona.<\/p>\t\t\t\t\t\t\t\t<\/div>\n\t\t\t\t<\/div>\n\t\t\t\t<\/div>\n\t\t\t\t\t<\/div>\n\t\t\t\t<\/div>\n\t\t\t\t<\/div>","protected":false},"excerpt":{"rendered":"<p>Benefits of Access-based licenses We are excited to announce the release of FotoMagico 6, which includes a variety of new features. We want to take the opportunity to explain why we have chosen to move towards a access-based license model.&nbsp; Discover the Benefits of only paying for access FotoMagico when you need it: The Optimal [&hellip;]<\/p>\n","protected":false},"author":2,"featured_media":0,"parent":0,"menu_order":0,"comment_status":"closed","ping_status":"closed","template":"","meta":{"_acf_changed":false,"footnotes":""},"class_list":["post-1323","page","type-page","status-publish","hentry"],"acf":[],"_links":{"self":[{"href":"https:\/\/fotomagico.com\/it-it\/wp-json\/wp\/v2\/pages\/1323","targetHints":{"allow":["GET"]}}],"collection":[{"href":"https:\/\/fotomagico.com\/it-it\/wp-json\/wp\/v2\/pages"}],"about":[{"href":"https:\/\/fotomagico.com\/it-it\/wp-json\/wp\/v2\/types\/page"}],"author":[{"embeddable":true,"href":"https:\/\/fotomagico.com\/it-it\/wp-json\/wp\/v2\/users\/2"}],"replies":[{"embeddable":true,"href":"https:\/\/fotomagico.com\/it-it\/wp-json\/wp\/v2\/comments?post=1323"}],"version-history":[{"count":5,"href":"https:\/\/fotomagico.com\/it-it\/wp-json\/wp\/v2\/pages\/1323\/revisions"}],"predecessor-version":[{"id":8797,"href":"https:\/\/fotomagico.com\/it-it\/wp-json\/wp\/v2\/pages\/1323\/revisions\/8797"}],"wp:attachment":[{"href":"https:\/\/fotomagico.com\/it-it\/wp-json\/wp\/v2\/media?parent=1323"}],"curies":[{"name":"wp","href":"https:\/\/api.w.org\/{rel}","templated":true}]}}