{"id":7112,"date":"2023-09-07T13:10:06","date_gmt":"2023-09-07T11:10:06","guid":{"rendered":"https:\/\/fotomagico.com\/?page_id=7112"},"modified":"2023-09-12T09:47:52","modified_gmt":"2023-09-12T07:47:52","slug":"effet-comique","status":"publish","type":"page","link":"https:\/\/fotomagico.com\/fr-fr\/comic-effect\/","title":{"rendered":"Effet comique"},"content":{"rendered":"<div data-elementor-type=\"wp-page\" data-elementor-id=\"7112\" class=\"elementor elementor-7112\" data-elementor-post-type=\"page\">\n\t\t\t\t<div class=\"elementor-element elementor-element-6e73158 e-flex e-con-boxed e-con e-parent\" data-id=\"6e73158\" data-element_type=\"container\" data-e-type=\"container\">\n\t\t\t\t\t<div class=\"e-con-inner\">\n\t\t<div class=\"elementor-element elementor-element-9a711fa e-flex e-con-boxed e-con e-parent\" data-id=\"9a711fa\" data-element_type=\"container\" data-e-type=\"container\">\n\t\t\t\t\t<div class=\"e-con-inner\">\n\t\t<div class=\"elementor-element elementor-element-cb02b8e e-con-full e-flex e-con e-parent\" data-id=\"cb02b8e\" data-element_type=\"container\" data-e-type=\"container\">\n\t\t\t\t<div class=\"elementor-element elementor-element-a4277fe elementor-widget elementor-widget-heading\" data-id=\"a4277fe\" data-element_type=\"widget\" data-e-type=\"widget\" data-widget_type=\"heading.default\">\n\t\t\t\t<div class=\"elementor-widget-container\">\n\t\t\t\t\t<h1 class=\"elementor-heading-title elementor-size-default\">Effet BD dans FotoMagico<\/h1>\t\t\t\t<\/div>\n\t\t\t\t<\/div>\n\t\t\t\t<div class=\"elementor-element elementor-element-67cb681 elementor-widget elementor-widget-text-editor\" data-id=\"67cb681\" data-element_type=\"widget\" data-e-type=\"widget\" data-widget_type=\"text-editor.default\">\n\t\t\t\t<div class=\"elementor-widget-container\">\n\t\t\t\t\t\t\t\t\tD\u00e9couvrez l'attrait cin\u00e9matographique du Film Noir dans votre <br>diaporamas avec le nouvel effet Comic de FotoMagico.\t\t\t\t\t\t\t\t<\/div>\n\t\t\t\t<\/div>\n\t\t\t\t<\/div>\n\t\t\t\t\t<\/div>\n\t\t\t\t<\/div>\n\t\t\t\t\t<\/div>\n\t\t\t\t<\/div>\n\t\t<div class=\"elementor-element elementor-element-9a2ef6b e-flex e-con-boxed e-con e-parent\" data-id=\"9a2ef6b\" data-element_type=\"container\" data-e-type=\"container\">\n\t\t\t\t\t<div class=\"e-con-inner\">\n\t\t\t\t<div class=\"elementor-element elementor-element-03ee993 elementor-widget elementor-widget-video\" data-id=\"03ee993\" data-element_type=\"widget\" data-e-type=\"widget\" data-settings=\"{&quot;video_type&quot;:&quot;hosted&quot;,&quot;controls&quot;:&quot;yes&quot;}\" data-widget_type=\"video.default\">\n\t\t\t\t<div class=\"elementor-widget-container\">\n\t\t\t\t\t\t\t<div class=\"e-hosted-video elementor-wrapper elementor-open-inline\">\n\t\t\t\t\t<video class=\"elementor-video\" src=\"https:\/\/fotomagico.com\/wp-content\/uploads\/2023\/09\/Film_Noir_FotoMagico_6_5-B.mp4\" controls=\"\" preload=\"metadata\" controlslist=\"nodownload\"><\/video>\n\t\t\t\t<\/div>\n\t\t\t\t\t\t<\/div>\n\t\t\t\t<\/div>\n\t\t\t\t\t<\/div>\n\t\t\t\t<\/div>\n\t\t<div class=\"elementor-element elementor-element-7bbc60e e-flex e-con-boxed e-con e-parent\" data-id=\"7bbc60e\" data-element_type=\"container\" data-e-type=\"container\">\n\t\t\t\t\t<div class=\"e-con-inner\">\n\t\t<div class=\"elementor-element elementor-element-78e708a e-flex e-con-boxed e-con e-parent\" data-id=\"78e708a\" data-element_type=\"container\" data-e-type=\"container\">\n\t\t\t\t\t<div class=\"e-con-inner\">\n\t\t<div class=\"elementor-element elementor-element-94644d2 e-con-full e-flex e-con e-parent\" data-id=\"94644d2\" data-element_type=\"container\" data-e-type=\"container\">\n\t\t\t\t<div class=\"elementor-element elementor-element-0599cdd elementor-widget elementor-widget-heading\" data-id=\"0599cdd\" data-element_type=\"widget\" data-e-type=\"widget\" data-widget_type=\"heading.default\">\n\t\t\t\t<div class=\"elementor-widget-container\">\n\t\t\t\t\t<h2 class=\"elementor-heading-title elementor-size-default\">Film noir Effet comique<\/h2>\t\t\t\t<\/div>\n\t\t\t\t<\/div>\n\t\t\t\t<div class=\"elementor-element elementor-element-4292eba elementor-widget elementor-widget-text-editor\" data-id=\"4292eba\" data-element_type=\"widget\" data-e-type=\"widget\" data-widget_type=\"text-editor.default\">\n\t\t\t\t<div class=\"elementor-widget-container\">\n\t\t\t\t\t\t\t\t\t<p>Plongez dans le monde myst\u00e9rieux du film noir et donnez \u00e0 vos photos une touche de charme cin\u00e9matographique. Avec le tout nouvel effet Comic de FotoMagico, transportez vos spectateurs directement dans une bande dessin\u00e9e polici\u00e8re en noir et blanc - sans effort.<\/p>\t\t\t\t\t\t\t\t<\/div>\n\t\t\t\t<\/div>\n\t\t\t\t<\/div>\n\t\t\t\t\t<\/div>\n\t\t\t\t<\/div>\n\t\t\t\t\t<\/div>\n\t\t\t\t<\/div>\n\t\t<div class=\"elementor-element elementor-element-863a676 e-flex e-con-boxed e-con e-parent\" data-id=\"863a676\" data-element_type=\"container\" data-e-type=\"container\">\n\t\t\t\t\t<div class=\"e-con-inner\">\n\t\t\t\t<div class=\"elementor-element elementor-element-0017b33 elementor-widget elementor-widget-image\" data-id=\"0017b33\" data-element_type=\"widget\" data-e-type=\"widget\" data-widget_type=\"image.default\">\n\t\t\t\t<div class=\"elementor-widget-container\">\n\t\t\t\t\t\t\t\t\t\t\t\t\t\t\t<picture><source srcset=\"https:\/\/fotomagico.com\/wp-content\/uploads\/2023\/09\/Screenshot-2023-09-07-at-13.12.21-1024x607.png.webp 1024w, https:\/\/fotomagico.com\/wp-content\/uploads\/2023\/09\/Screenshot-2023-09-07-at-13.12.21-300x178.png.webp 300w, https:\/\/fotomagico.com\/wp-content\/uploads\/2023\/09\/Screenshot-2023-09-07-at-13.12.21-768x456.png.webp 768w, https:\/\/fotomagico.com\/wp-content\/uploads\/2023\/09\/Screenshot-2023-09-07-at-13.12.21-1536x911.png.webp 1536w, https:\/\/fotomagico.com\/wp-content\/uploads\/2023\/09\/Screenshot-2023-09-07-at-13.12.21-18x12.png.webp 18w, https:\/\/fotomagico.com\/wp-content\/uploads\/2023\/09\/Screenshot-2023-09-07-at-13.12.21.png.webp 1600w\" sizes=\"(max-width: 800px) 100vw, 800px\" type=\"image\/webp\"><img fetchpriority=\"high\" decoding=\"async\" width=\"800\" height=\"474\" src=\"https:\/\/fotomagico.com\/wp-content\/uploads\/2023\/09\/Screenshot-2023-09-07-at-13.12.21-1024x607.png\" class=\"attachment-large size-large wp-image-7118 webpexpress-processed\" alt=\"\" srcset=\"https:\/\/fotomagico.com\/wp-content\/uploads\/2023\/09\/Screenshot-2023-09-07-at-13.12.21-1024x607.png 1024w, https:\/\/fotomagico.com\/wp-content\/uploads\/2023\/09\/Screenshot-2023-09-07-at-13.12.21-300x178.png 300w, https:\/\/fotomagico.com\/wp-content\/uploads\/2023\/09\/Screenshot-2023-09-07-at-13.12.21-768x456.png 768w, https:\/\/fotomagico.com\/wp-content\/uploads\/2023\/09\/Screenshot-2023-09-07-at-13.12.21-1536x911.png 1536w, https:\/\/fotomagico.com\/wp-content\/uploads\/2023\/09\/Screenshot-2023-09-07-at-13.12.21-18x12.png 18w, https:\/\/fotomagico.com\/wp-content\/uploads\/2023\/09\/Screenshot-2023-09-07-at-13.12.21.png 1600w\" sizes=\"(max-width: 800px) 100vw, 800px\"><\/picture>\t\t\t\t\t\t\t\t\t\t\t\t\t\t\t<\/div>\n\t\t\t\t<\/div>\n\t\t\t\t\t<\/div>\n\t\t\t\t<\/div>\n\t\t<div class=\"elementor-element elementor-element-59f49a1 e-flex e-con-boxed e-con e-parent\" data-id=\"59f49a1\" data-element_type=\"container\" data-e-type=\"container\">\n\t\t\t\t\t<div class=\"e-con-inner\">\n\t\t<div class=\"elementor-element elementor-element-5d30cbf e-flex e-con-boxed e-con e-parent\" data-id=\"5d30cbf\" data-element_type=\"container\" data-e-type=\"container\">\n\t\t\t\t\t<div class=\"e-con-inner\">\n\t\t<div class=\"elementor-element elementor-element-999b4f3 e-con-full e-flex e-con e-parent\" data-id=\"999b4f3\" data-element_type=\"container\" data-e-type=\"container\">\n\t\t\t\t<div class=\"elementor-element elementor-element-00e8e78 elementor-widget elementor-widget-heading\" data-id=\"00e8e78\" data-element_type=\"widget\" data-e-type=\"widget\" data-widget_type=\"heading.default\">\n\t\t\t\t<div class=\"elementor-widget-container\">\n\t\t\t\t\t<h2 class=\"elementor-heading-title elementor-size-default\">Une int\u00e9gration transparente, des r\u00e9sultats remarquables<\/h2>\t\t\t\t<\/div>\n\t\t\t\t<\/div>\n\t\t\t\t<div class=\"elementor-element elementor-element-534da79 elementor-widget elementor-widget-text-editor\" data-id=\"534da79\" data-element_type=\"widget\" data-e-type=\"widget\" data-widget_type=\"text-editor.default\">\n\t\t\t\t<div class=\"elementor-widget-container\">\n\t\t\t\t\t\t\t\t\t<p>En quelques clics, transformez vos photos en bandes dessin\u00e9es noir et blanc saisissantes rappelant l'\u00e9poque classique du film noir. Qu'il s'agisse d'un diaporama narratif, d'un album photo \u00e9vocateur ou d'une vid\u00e9o immersive, l'effet BD est la cl\u00e9 pour cr\u00e9er des visuels convaincants qui accrochent votre public du d\u00e9but \u00e0 la fin.<\/p>\t\t\t\t\t\t\t\t<\/div>\n\t\t\t\t<\/div>\n\t\t\t\t<\/div>\n\t\t\t\t\t<\/div>\n\t\t\t\t<\/div>\n\t\t\t\t\t<\/div>\n\t\t\t\t<\/div>\n\t\t<div class=\"elementor-element elementor-element-2fef6f7 e-flex e-con-boxed e-con e-parent\" data-id=\"2fef6f7\" data-element_type=\"container\" data-e-type=\"container\">\n\t\t\t\t\t<div class=\"e-con-inner\">\n\t\t<div class=\"elementor-element elementor-element-8f7cbf8 e-flex e-con-boxed e-con e-parent\" data-id=\"8f7cbf8\" data-element_type=\"container\" data-e-type=\"container\">\n\t\t\t\t\t<div class=\"e-con-inner\">\n\t\t\t\t<div class=\"elementor-element elementor-element-c57d045 elementor-align-center elementor-widget elementor-widget-button\" data-id=\"c57d045\" data-element_type=\"widget\" data-e-type=\"widget\" data-widget_type=\"button.default\">\n\t\t\t\t<div class=\"elementor-widget-container\">\n\t\t\t\t\t\t\t\t\t<div class=\"elementor-button-wrapper\">\n\t\t\t\t\t<a class=\"elementor-button elementor-button-link elementor-size-sm\" href=\"https:\/\/fotomagico.com\/fr-fr\/telecharger\/essai-gratuit\/\">\n\t\t\t\t\t\t<span class=\"elementor-button-content-wrapper\">\n\t\t\t\t\t\t\t\t\t<span class=\"elementor-button-text\">Essayez la version compl\u00e8te pendant 14 jours.<\/span>\n\t\t\t\t\t<\/span>\n\t\t\t\t\t<\/a>\n\t\t\t\t<\/div>\n\t\t\t\t\t\t\t\t<\/div>\n\t\t\t\t<\/div>\n\t\t\t\t\t<\/div>\n\t\t\t\t<\/div>\n\t\t\t\t\t<\/div>\n\t\t\t\t<\/div>\n\t\t<div class=\"elementor-element elementor-element-ffe68a9 e-flex e-con-boxed e-con e-parent\" data-id=\"ffe68a9\" data-element_type=\"container\" data-e-type=\"container\">\n\t\t\t\t\t<div class=\"e-con-inner\">\n\t\t\t\t<div class=\"elementor-element elementor-element-260484a elementor-widget elementor-widget-image\" data-id=\"260484a\" data-element_type=\"widget\" data-e-type=\"widget\" data-widget_type=\"image.default\">\n\t\t\t\t<div class=\"elementor-widget-container\">\n\t\t\t\t\t\t\t\t\t\t\t\t\t\t\t<picture><source srcset=\"https:\/\/fotomagico.com\/wp-content\/uploads\/2023\/09\/Screenshot-2023-09-07-at-13.09.37-1024x601.png.webp 1024w, https:\/\/fotomagico.com\/wp-content\/uploads\/2023\/09\/Screenshot-2023-09-07-at-13.09.37-300x176.png.webp 300w, https:\/\/fotomagico.com\/wp-content\/uploads\/2023\/09\/Screenshot-2023-09-07-at-13.09.37-768x451.png.webp 768w, https:\/\/fotomagico.com\/wp-content\/uploads\/2023\/09\/Screenshot-2023-09-07-at-13.09.37-1536x901.png.webp 1536w, https:\/\/fotomagico.com\/wp-content\/uploads\/2023\/09\/Screenshot-2023-09-07-at-13.09.37-18x12.png.webp 18w, https:\/\/fotomagico.com\/wp-content\/uploads\/2023\/09\/Screenshot-2023-09-07-at-13.09.37.png.webp 2032w\" sizes=\"(max-width: 800px) 100vw, 800px\" type=\"image\/webp\"><img decoding=\"async\" width=\"800\" height=\"470\" src=\"https:\/\/fotomagico.com\/wp-content\/uploads\/2023\/09\/Screenshot-2023-09-07-at-13.09.37-1024x601.png\" class=\"attachment-large size-large wp-image-7113 webpexpress-processed\" alt=\"\" srcset=\"https:\/\/fotomagico.com\/wp-content\/uploads\/2023\/09\/Screenshot-2023-09-07-at-13.09.37-1024x601.png 1024w, https:\/\/fotomagico.com\/wp-content\/uploads\/2023\/09\/Screenshot-2023-09-07-at-13.09.37-300x176.png 300w, https:\/\/fotomagico.com\/wp-content\/uploads\/2023\/09\/Screenshot-2023-09-07-at-13.09.37-768x451.png 768w, https:\/\/fotomagico.com\/wp-content\/uploads\/2023\/09\/Screenshot-2023-09-07-at-13.09.37-1536x901.png 1536w, https:\/\/fotomagico.com\/wp-content\/uploads\/2023\/09\/Screenshot-2023-09-07-at-13.09.37-18x12.png 18w, https:\/\/fotomagico.com\/wp-content\/uploads\/2023\/09\/Screenshot-2023-09-07-at-13.09.37.png 2032w\" sizes=\"(max-width: 800px) 100vw, 800px\"><\/picture>\t\t\t\t\t\t\t\t\t\t\t\t\t\t\t<\/div>\n\t\t\t\t<\/div>\n\t\t\t\t\t<\/div>\n\t\t\t\t<\/div>\n\t\t\t\t<\/div>","protected":false},"excerpt":{"rendered":"<p>Comic Effect in FotoMagico Unveil the cinematic allure of Film Noir in your slideshows with FotoMagico&#8217;s new Comic Effect.https:\/\/fotomagico.com\/wp-content\/uploads\/2023\/09\/Film_Noir_FotoMagico_6_5-B.mp4 Film Noir Comic Effect Dive into the mysterious world of Film Noir and give your photos a touch of cinematic charm. With FotoMagico&#8217;s brand-new Comic Effect, transport your viewers straight into a black and white crime [&hellip;]<\/p>\n","protected":false},"author":1,"featured_media":7118,"parent":0,"menu_order":0,"comment_status":"closed","ping_status":"closed","template":"","meta":{"_acf_changed":false,"footnotes":""},"class_list":["post-7112","page","type-page","status-publish","has-post-thumbnail","hentry"],"acf":[],"_links":{"self":[{"href":"https:\/\/fotomagico.com\/fr-fr\/wp-json\/wp\/v2\/pages\/7112","targetHints":{"allow":["GET"]}}],"collection":[{"href":"https:\/\/fotomagico.com\/fr-fr\/wp-json\/wp\/v2\/pages"}],"about":[{"href":"https:\/\/fotomagico.com\/fr-fr\/wp-json\/wp\/v2\/types\/page"}],"author":[{"embeddable":true,"href":"https:\/\/fotomagico.com\/fr-fr\/wp-json\/wp\/v2\/users\/1"}],"replies":[{"embeddable":true,"href":"https:\/\/fotomagico.com\/fr-fr\/wp-json\/wp\/v2\/comments?post=7112"}],"version-history":[{"count":5,"href":"https:\/\/fotomagico.com\/fr-fr\/wp-json\/wp\/v2\/pages\/7112\/revisions"}],"predecessor-version":[{"id":7312,"href":"https:\/\/fotomagico.com\/fr-fr\/wp-json\/wp\/v2\/pages\/7112\/revisions\/7312"}],"wp:featuredmedia":[{"embeddable":true,"href":"https:\/\/fotomagico.com\/fr-fr\/wp-json\/wp\/v2\/media\/7118"}],"wp:attachment":[{"href":"https:\/\/fotomagico.com\/fr-fr\/wp-json\/wp\/v2\/media?parent=7112"}],"curies":[{"name":"wp","href":"https:\/\/api.w.org\/{rel}","templated":true}]}}