{"id":5776,"date":"2023-03-01T19:31:55","date_gmt":"2023-03-01T18:31:55","guid":{"rendered":"https:\/\/fotomagico.com\/?page_id=5776"},"modified":"2024-05-14T15:19:07","modified_gmt":"2024-05-14T13:19:07","slug":"ai-tools","status":"publish","type":"page","link":"https:\/\/fotomagico.com\/fr-fr\/ai-tools\/","title":{"rendered":"Outils Ai"},"content":{"rendered":"<div data-elementor-type=\"wp-page\" data-elementor-id=\"5776\" class=\"elementor elementor-5776\" data-elementor-post-type=\"page\">\n\t\t\t\t<div class=\"elementor-element elementor-element-84f9474 e-flex e-con-boxed e-con e-parent\" data-id=\"84f9474\" data-element_type=\"container\" data-e-type=\"container\">\n\t\t\t\t\t<div class=\"e-con-inner\">\n\t\t<div class=\"elementor-element elementor-element-fb70a3e e-con-full e-flex e-con e-child\" data-id=\"fb70a3e\" data-element_type=\"container\" data-e-type=\"container\">\n\t\t\t\t<div class=\"elementor-element elementor-element-8f2c781 elementor-widget elementor-widget-heading\" data-id=\"8f2c781\" data-element_type=\"widget\" data-e-type=\"widget\" data-widget_type=\"heading.default\">\n\t\t\t\t<div class=\"elementor-widget-container\">\n\t\t\t\t\t<h1 class=\"elementor-heading-title elementor-size-default\">Outils Ai<\/h1>\t\t\t\t<\/div>\n\t\t\t\t<\/div>\n\t\t\t\t<div class=\"elementor-element elementor-element-0444eee elementor-widget elementor-widget-heading\" data-id=\"0444eee\" data-element_type=\"widget\" data-e-type=\"widget\" data-widget_type=\"heading.default\">\n\t\t\t\t<div class=\"elementor-widget-container\">\n\t\t\t\t\t<h4 class=\"elementor-heading-title elementor-size-default\">Vous cherchez un moyen de gagner du temps et de rationaliser votre flux de travail d'\u00e9dition de photos et de vid\u00e9os ? <\/h4>\t\t\t\t<\/div>\n\t\t\t\t<\/div>\n\t\t\t\t<\/div>\n\t\t\t\t\t<\/div>\n\t\t\t\t<\/div>\n\t\t<div class=\"elementor-element elementor-element-0f6578c e-flex e-con-boxed e-con e-parent\" data-id=\"0f6578c\" data-element_type=\"container\" data-e-type=\"container\">\n\t\t\t\t\t<div class=\"e-con-inner\">\n\t\t\t\t<div class=\"elementor-element elementor-element-067d84f elementor-widget elementor-widget-heading\" data-id=\"067d84f\" data-element_type=\"widget\" data-e-type=\"widget\" data-widget_type=\"heading.default\">\n\t\t\t\t<div class=\"elementor-widget-container\">\n\t\t\t\t\t<h3 class=\"elementor-heading-title elementor-size-default\">Animations dynamiques\n <sup>Ai<\/sup><\/h3>\t\t\t\t<\/div>\n\t\t\t\t<\/div>\n\t\t<div class=\"elementor-element elementor-element-54cb190 e-flex e-con-boxed e-con e-child\" data-id=\"54cb190\" data-element_type=\"container\" data-e-type=\"container\">\n\t\t\t\t\t<div class=\"e-con-inner\">\n\t\t\t\t<div class=\"elementor-element elementor-element-e375ae4 elementor-widget elementor-widget-video\" data-id=\"e375ae4\" data-element_type=\"widget\" data-e-type=\"widget\" data-settings=\"{&quot;video_type&quot;:&quot;hosted&quot;,&quot;autoplay&quot;:&quot;yes&quot;,&quot;mute&quot;:&quot;yes&quot;,&quot;loop&quot;:&quot;yes&quot;}\" data-widget_type=\"video.default\">\n\t\t\t\t<div class=\"elementor-widget-container\">\n\t\t\t\t\t\t\t<div class=\"e-hosted-video elementor-wrapper elementor-open-inline\">\n\t\t\t\t\t<video class=\"elementor-video\" src=\"https:\/\/fotomagico.com\/wp-content\/uploads\/2024\/05\/fotomagico_6_6_wordpress.mp4\" autoplay=\"\" loop=\"\" muted=\"muted\" controlslist=\"nodownload\" poster=\"https:\/\/fotomagico.com\/wp-content\/uploads\/2024\/05\/fotomagico_6_6_wordpress-Cover.jpg\"><\/video>\n\t\t\t\t<\/div>\n\t\t\t\t\t\t<\/div>\n\t\t\t\t<\/div>\n\t\t\t\t\t<\/div>\n\t\t\t\t<\/div>\n\t\t\t\t<div class=\"elementor-element elementor-element-f33559f elementor-widget elementor-widget-text-editor\" data-id=\"f33559f\" data-element_type=\"widget\" data-e-type=\"widget\" data-widget_type=\"text-editor.default\">\n\t\t\t\t<div class=\"elementor-widget-container\">\n\t\t\t\t\t\t\t\t\t<h4>Analyse d'images par l'IA pour les animations dynamiques<\/h4><p class=\"translation-block\">Am\u00e9liorez vos cr\u00e9ations de diaporama avec la derni\u00e8re avanc\u00e9e de FotoMagico : <b>AI Image Analysis!<\/b> Cette fonction innovante am\u00e9liore les animations automatiques de panoramique et de zoom, garantissant que chaque image de votre diaporama est vivante et attrayante. Gr\u00e2ce \u00e0 l'intelligence artificielle, FotoMagico encadre intelligemment les \u00e9l\u00e9ments les plus importants de vos photos, rendant chaque transition transparente et percutante.<\/p><p>Que vous soyez un professionnel d\u00e9sireux d'ajouter une touche dynamique \u00e0 vos pr\u00e9sentations ou un amateur d\u00e9sireux de donner vie \u00e0 vos photos, l'outil d'analyse d'images AI s'adapte \u00e0 vos besoins. Vous pouvez laisser l'IA faire le gros du travail avec des animations enti\u00e8rement automatis\u00e9es ou intervenir et apporter votre touche cr\u00e9ative en peaufinant les animations manuellement. Ce m\u00e9lange d'automatisation et de personnalisation garantit que vos diaporamas ne sont pas seulement beaux, mais qu'ils sont aussi uniques.\u00a0<\/p><h4>Effet Ken Burns 2.0<\/h4><p style=\"border: 0px solid #e3e3e3; --tw-border-spacing-x: 0; --tw-border-spacing-y: 0; --tw-translate-x: 0; --tw-translate-y: 0; --tw-rotate: 0; --tw-skew-x: 0; --tw-skew-y: 0; --tw-scale-x: 1; --tw-scale-y: 1; --tw-scroll-snap-strictness: proximity; --tw-ring-offset-width: 0px; --tw-ring-offset-color: #fff; --tw-ring-color: rgba(69,89,164,.5); --tw-ring-offset-shadow: 0 0 transparent; --tw-ring-shadow: 0 0 transparent; --tw-shadow: 0 0 transparent; --tw-shadow-colored: 0 0 transparent; margin: 1.25em 0px; font-family: S\u00f6hne, ui-sans-serif, system-ui, -apple-system, 'Segoe UI', Roboto, Ubuntu, Cantarell, 'Noto Sans', sans-serif, 'Helvetica Neue', Arial, 'Apple Color Emoji', 'Segoe UI Emoji', 'Segoe UI Symbol', 'Noto Color Emoji'; white-space-collapse: preserve;\">Vous pourriez l'appeler Ken Burns 2.0, car il combine l'effet classique avec la technologie AI pour identifier les zones les plus int\u00e9ressantes de vos photos. Cette fonction innovante de FotoMagico 6.6 cr\u00e9e des mouvements de panoramique et de zoom fluides et dynamiques, donnant vie \u00e0 vos images avec une qualit\u00e9 cin\u00e9matographique.<\/p><p style=\"border: 0px solid #e3e3e3; --tw-border-spacing-x: 0; --tw-border-spacing-y: 0; --tw-translate-x: 0; --tw-translate-y: 0; --tw-rotate: 0; --tw-skew-x: 0; --tw-skew-y: 0; --tw-scale-x: 1; --tw-scale-y: 1; --tw-scroll-snap-strictness: proximity; --tw-ring-offset-width: 0px; --tw-ring-offset-color: #fff; --tw-ring-color: rgba(69,89,164,.5); --tw-ring-offset-shadow: 0 0 transparent; --tw-ring-shadow: 0 0 transparent; --tw-shadow: 0 0 transparent; --tw-shadow-colored: 0 0 transparent; margin: 1.25em 0px; font-family: S\u00f6hne, ui-sans-serif, system-ui, -apple-system, 'Segoe UI', Roboto, Ubuntu, Cantarell, 'Noto Sans', sans-serif, 'Helvetica Neue', Arial, 'Apple Color Emoji', 'Segoe UI Emoji', 'Segoe UI Symbol', 'Noto Color Emoji'; white-space-collapse: preserve;\">Qu'il s'agisse de souligner l'expression d'un sujet ou de capturer la grandeur d'un paysage, Ken Burns Effect 2.0 s'assure que chaque diapositive est attrayante et percutante. Personnalisez les animations en fonction de votre histoire ou laissez l'IA s'en charger pour vous. Am\u00e9liorez vos diaporamas gr\u00e2ce \u00e0 ce m\u00e9lange parfait d'art et de technologie.<\/p><div>\u00a0<\/div><p>Passez \u00e0 FotoMagico 6.7 d\u00e8s maintenant et exploitez la puissance de l'IA pour transformer vos projets photo et vid\u00e9o en exp\u00e9riences captivantes. Votre public va se r\u00e9galer avec des images \u00e9poustouflantes !<\/p><p>\u00a0<\/p>\t\t\t\t\t\t\t\t<\/div>\n\t\t\t\t<\/div>\n\t\t\t\t<div class=\"elementor-element elementor-element-553e534 elementor-align-center elementor-widget elementor-widget-button\" data-id=\"553e534\" data-element_type=\"widget\" data-e-type=\"widget\" data-widget_type=\"button.default\">\n\t\t\t\t<div class=\"elementor-widget-container\">\n\t\t\t\t\t\t\t\t\t<div class=\"elementor-button-wrapper\">\n\t\t\t\t\t<a class=\"elementor-button elementor-button-link elementor-size-sm\" href=\"https:\/\/fotomagico.com\/fr-fr\/telecharger\/essai-gratuit\/\">\n\t\t\t\t\t\t<span class=\"elementor-button-content-wrapper\">\n\t\t\t\t\t\t\t\t\t<span class=\"elementor-button-text\">Essayez la version compl\u00e8te pendant 14 jours.<\/span>\n\t\t\t\t\t<\/span>\n\t\t\t\t\t<\/a>\n\t\t\t\t<\/div>\n\t\t\t\t\t\t\t\t<\/div>\n\t\t\t\t<\/div>\n\t\t\t\t\t<\/div>\n\t\t\t\t<\/div>\n\t\t<div class=\"elementor-element elementor-element-8a2e26f e-flex e-con-boxed e-con e-parent\" data-id=\"8a2e26f\" data-element_type=\"container\" data-e-type=\"container\">\n\t\t\t\t\t<div class=\"e-con-inner\">\n\t\t\t\t<div class=\"elementor-element elementor-element-eb392c7 elementor-widget elementor-widget-heading\" data-id=\"eb392c7\" data-element_type=\"widget\" data-e-type=\"widget\" data-widget_type=\"heading.default\">\n\t\t\t\t<div class=\"elementor-widget-container\">\n\t\t\t\t\t<h3 class=\"elementor-heading-title elementor-size-default\">Suppression de l'arri\u00e8re-plan <sup>Ai<\/sup><\/h3>\t\t\t\t<\/div>\n\t\t\t\t<\/div>\n\t\t\t\t<div class=\"elementor-element elementor-element-30c5132 elementor-widget elementor-widget-image\" data-id=\"30c5132\" data-element_type=\"widget\" data-e-type=\"widget\" data-widget_type=\"image.default\">\n\t\t\t\t<div class=\"elementor-widget-container\">\n\t\t\t\t\t\t\t\t\t\t\t\t\t\t\t<img fetchpriority=\"high\" decoding=\"async\" width=\"738\" height=\"480\" src=\"https:\/\/fotomagico.com\/wp-content\/uploads\/2023\/03\/Background-Removal-Demo-V2-480p-gif.gif\" class=\"attachment-large size-large wp-image-5781\" alt=\"\" \/>\t\t\t\t\t\t\t\t\t\t\t\t\t\t\t<\/div>\n\t\t\t\t<\/div>\n\t\t\t\t<div class=\"elementor-element elementor-element-781d80f elementor-widget elementor-widget-text-editor\" data-id=\"781d80f\" data-element_type=\"widget\" data-e-type=\"widget\" data-widget_type=\"text-editor.default\">\n\t\t\t\t<div class=\"elementor-widget-container\">\n\t\t\t\t\t\t\t\t\t<p>Voici la nouvelle fonction r\u00e9volutionnaire de FotoMagico : la suppression automatique de l'arri\u00e8re-plan ! Dites adieu aux heures d'\u00e9dition fastidieuse et bonjour aux diaporamas d'un professionnalisme \u00e9poustouflant en quelques minutes seulement.<\/p><p>Avec cet outil de pointe, vous pouvez supprimer sans effort l'arri\u00e8re-plan de n'importe quelle image en quelques clics. Que vous cr\u00e9iez une pr\u00e9sentation, un album photo ou une vid\u00e9o, l'outil de suppression automatique de l'arri\u00e8re-plan de FotoMagico donnera \u00e0 votre projet un aspect poli et professionnel.<\/p><p>Imaginez pouvoir supprimer instantan\u00e9ment les \u00e9l\u00e9ments distrayants de vos photos et vous concentrer sur le sujet principal. Avec la suppression automatique de l'arri\u00e8re-plan de FotoMagico, c'est exactement ce que vous pouvez faire ! Vous serez \u00e9tonn\u00e9 de voir le temps et les efforts que vous \u00e9conomiserez, ce qui vous laissera plus de temps pour vous concentrer sur ce qui compte vraiment : cr\u00e9er des visuels \u00e9poustouflants qui captiveront votre public.<\/p><p>Alors pourquoi attendre ? Passez \u00e0 la derni\u00e8re version de FotoMagico d\u00e8s aujourd'hui et d\u00e9couvrez la puissance de la suppression automatique d'arri\u00e8re-plan. Votre public vous en remerciera !<\/p>\t\t\t\t\t\t\t\t<\/div>\n\t\t\t\t<\/div>\n\t\t\t\t<div class=\"elementor-element elementor-element-4e88cf2 elementor-align-center elementor-widget elementor-widget-button\" data-id=\"4e88cf2\" data-element_type=\"widget\" data-e-type=\"widget\" data-widget_type=\"button.default\">\n\t\t\t\t<div class=\"elementor-widget-container\">\n\t\t\t\t\t\t\t\t\t<div class=\"elementor-button-wrapper\">\n\t\t\t\t\t<a class=\"elementor-button elementor-button-link elementor-size-sm\" href=\"https:\/\/fotomagico.com\/fr-fr\/telecharger\/essai-gratuit\/\">\n\t\t\t\t\t\t<span class=\"elementor-button-content-wrapper\">\n\t\t\t\t\t\t\t\t\t<span class=\"elementor-button-text\">Essayez la version compl\u00e8te pendant 14 jours.<\/span>\n\t\t\t\t\t<\/span>\n\t\t\t\t\t<\/a>\n\t\t\t\t<\/div>\n\t\t\t\t\t\t\t\t<\/div>\n\t\t\t\t<\/div>\n\t\t\t\t\t<\/div>\n\t\t\t\t<\/div>\n\t\t\t\t<\/div>","protected":false},"excerpt":{"rendered":"<p>Ai Tools Looking for a way to save time and streamline your photo and video editing workflow? Dynamic Animations Ai https:\/\/fotomagico.com\/wp-content\/uploads\/2024\/05\/fotomagico_6_6_wordpress.mp4 AI Image Analysis for Dynamic Animations Elevate your slideshow creations with the latest breakthrough from FotoMagico: AI Image Analysis! This innovative feature enhances automatic pan and zoom animations, ensuring that every frame in your [&hellip;]<\/p>\n","protected":false},"author":1,"featured_media":0,"parent":0,"menu_order":0,"comment_status":"closed","ping_status":"closed","template":"","meta":{"_acf_changed":false,"footnotes":""},"class_list":["post-5776","page","type-page","status-publish","hentry"],"acf":[],"_links":{"self":[{"href":"https:\/\/fotomagico.com\/fr-fr\/wp-json\/wp\/v2\/pages\/5776","targetHints":{"allow":["GET"]}}],"collection":[{"href":"https:\/\/fotomagico.com\/fr-fr\/wp-json\/wp\/v2\/pages"}],"about":[{"href":"https:\/\/fotomagico.com\/fr-fr\/wp-json\/wp\/v2\/types\/page"}],"author":[{"embeddable":true,"href":"https:\/\/fotomagico.com\/fr-fr\/wp-json\/wp\/v2\/users\/1"}],"replies":[{"embeddable":true,"href":"https:\/\/fotomagico.com\/fr-fr\/wp-json\/wp\/v2\/comments?post=5776"}],"version-history":[{"count":5,"href":"https:\/\/fotomagico.com\/fr-fr\/wp-json\/wp\/v2\/pages\/5776\/revisions"}],"predecessor-version":[{"id":8335,"href":"https:\/\/fotomagico.com\/fr-fr\/wp-json\/wp\/v2\/pages\/5776\/revisions\/8335"}],"wp:attachment":[{"href":"https:\/\/fotomagico.com\/fr-fr\/wp-json\/wp\/v2\/media?parent=5776"}],"curies":[{"name":"wp","href":"https:\/\/api.w.org\/{rel}","templated":true}]}}