{"id":4871,"date":"2022-11-11T20:34:02","date_gmt":"2022-11-11T19:34:02","guid":{"rendered":"https:\/\/fotomagico.com\/?page_id=4871"},"modified":"2024-05-06T11:44:59","modified_gmt":"2024-05-06T09:44:59","slug":"licence-utilisateur-final-agreement-eula","status":"publish","type":"page","link":"https:\/\/fotomagico.com\/fr-fr\/end-user-license-agreement-eula\/","title":{"rendered":"Accord de licence de l'utilisateur final (EULA)"},"content":{"rendered":"<div data-elementor-type=\"wp-page\" data-elementor-id=\"4871\" class=\"elementor elementor-4871\" data-elementor-post-type=\"page\">\n\t\t\t\t<div class=\"elementor-element elementor-element-fe5723a e-flex e-con-boxed e-con e-parent\" data-id=\"fe5723a\" data-element_type=\"container\" data-e-type=\"container\">\n\t\t\t\t\t<div class=\"e-con-inner\">\n\t\t\t\t<div class=\"elementor-element elementor-element-4a80700 elementor-widget elementor-widget-text-editor\" data-id=\"4a80700\" data-element_type=\"widget\" data-e-type=\"widget\" data-widget_type=\"text-editor.default\">\n\t\t\t\t<div class=\"elementor-widget-container\">\n\t\t\t\t\t\t\t\t\t<p>Boinx Software International GmbH<br \/>Accord de licence de l'utilisateur final (EULA)<br \/>Le pr\u00e9sent contrat constitue un accord juridique entre vous (personne physique ou morale, \"le Licenci\u00e9\") et Boinx Software International GmbH (\"le Conc\u00e9dant\") pour le produit logiciel FotoMagico (\"le Produit\"). Le Produit consiste en plusieurs fichiers, dont une application, qui est distribu\u00e9e sous forme \u00e9lectronique par t\u00e9l\u00e9chargement sur Internet.<\/p><p>En installant ou en utilisant le Produit, vous acceptez d'\u00eatre li\u00e9 par les termes de ce Contrat de Licence. Si vous n'acceptez pas les termes de ce Contrat de licence, supprimez rapidement toutes les copies du Produit non utilis\u00e9es de vos p\u00e9riph\u00e9riques de stockage de masse. Le Produit est prot\u00e9g\u00e9 par les lois sur le droit d'auteur et les trait\u00e9s internationaux sur le droit d'auteur, ainsi que par d'autres lois et trait\u00e9s sur la propri\u00e9t\u00e9 intellectuelle.<\/p><p>Octroi de la licence<br \/>A. Boinx Software accorde au D\u00e9tenteur de la licence une licence non transf\u00e9rable pour utiliser le Produit sur tout produit de marque Apple fonctionnant sous Mac OS X, que vous poss\u00e9dez ou contr\u00f4lez et comme autoris\u00e9 par les \"R\u00e8gles d'utilisation\". Le Produit vous est conc\u00e9d\u00e9 sous licence et non vendu.<\/p><p>B. Cette licence ne vous permet pas d'utiliser le Produit sur un Appareil Apple que vous ne poss\u00e9dez pas ou ne contr\u00f4lez pas, et vous ne pouvez pas distribuer ou mettre le Produit \u00e0 disposition sur un r\u00e9seau. Vous ne pouvez pas louer, donner en cr\u00e9dit-bail, pr\u00eater, vendre, redistribuer ou accorder une sous-licence de l'Application sous licence. Vous ne pouvez pas copier, d\u00e9compiler, faire de l'ing\u00e9nierie inverse, d\u00e9sassembler, tenter de d\u00e9river le code source du Produit, modifier ou cr\u00e9er des \u0153uvres d\u00e9riv\u00e9es du Produit, des mises \u00e0 jour ou de toute partie de celui-ci. Toute tentative en ce sens constitue une violation des droits du Conc\u00e9dant et de ses conc\u00e9dants de licence.<\/p><p>R\u00e8gles d'utilisation<br \/>A. Si vous \u00eates un particulier agissant \u00e0 titre personnel, vous pouvez t\u00e9l\u00e9charger et utiliser le Produit \u00e0 des fins personnelles et non commerciales sur tout produit de la marque Apple fonctionnant sous Mac OS X (\" Ordinateur Mac \") que vous poss\u00e9dez ou contr\u00f4lez.<\/p><p>B. Si vous \u00eates une entreprise commerciale ou un \u00e9tablissement d'enseignement, vous pouvez t\u00e9l\u00e9charger le Produit pour qu'il soit utilis\u00e9 par (a) un seul individu sur chacun des ordinateurs Mac utilis\u00e9s par cet individu que vous poss\u00e9dez ou contr\u00f4lez ou (b) plusieurs individus sur un seul ordinateur Mac partag\u00e9 que vous poss\u00e9dez ou contr\u00f4lez. Par exemple, un seul employ\u00e9 peut utiliser un Produit sur son ordinateur Mac de bureau et son ordinateur Mac portable, ou plusieurs \u00e9tudiants peuvent utiliser en s\u00e9rie un Produit sur un seul ordinateur Mac situ\u00e9 dans un centre de ressources ou une biblioth\u00e8que. Pour des raisons de clart\u00e9, chaque ordinateur Mac utilis\u00e9 en s\u00e9rie par plusieurs utilisateurs n\u00e9cessite une licence distincte.<\/p><p>Consentement \u00e0 l'utilisation des donn\u00e9es<br \/>Vous acceptez que le Conc\u00e9dant puisse collecter et utiliser des donn\u00e9es techniques et des informations connexes - y compris, mais sans s'y limiter, des informations techniques sur votre appareil, le syst\u00e8me et le logiciel d'application, et les p\u00e9riph\u00e9riques - qui sont recueillies p\u00e9riodiquement pour faciliter la fourniture de mises \u00e0 jour logicielles, d'une assistance produit et d'autres services (le cas \u00e9ch\u00e9ant) li\u00e9s au Produit. Le Conc\u00e9dant peut utiliser ces informations, tant qu'elles sont sous une forme ne permettant pas de vous identifier personnellement, pour am\u00e9liorer ses produits ou vous fournir des services ou des technologies.<\/p><p>Garantie et responsabilit\u00e9 du produit<br \/>LE TITULAIRE DE LA LICENCE RECONNA\u00ceT QUE LE PRODUIT EST DIFFUS\u00c9 \"TEL QUEL\" ET QU'IL N'EXISTE AUCUNE GARANTIE, EXPRESSE OU IMPLICITE, QUANT AU FONCTIONNEMENT, \u00c0 LA S\u00c9CURIT\u00c9, AUX PERFORMANCES OU AUX EFFETS SUR D'AUTRES LOGICIELS OU MAT\u00c9RIELS. LE CONC\u00c9DANT N'EST PAS TENU DE FOURNIR UNE MAINTENANCE, UN SUPPORT OU UNE R\u00c9VISION DU PRODUIT. IL N'EXISTE AUCUNE GARANTIE OU CONDITION, EXPRESSE OU IMPLICITE, L\u00c9GALE OU AUTRE, APPLICABLE AU PRODUIT, Y COMPRIS, MAIS SANS S'Y LIMITER, TOUTE GARANTIE EXPRESSE OU IMPLICITE CONCERNANT LA QUALIT\u00c9 MARCHANDE OU L'AD\u00c9QUATION \u00c0 UN USAGE PARTICULIER. EN AUCUN CAS, LE CONC\u00c9DANT NE SERA RESPONSABLE DE DOMMAGES SP\u00c9CIAUX, INDIRECTS, DIRECTS, PUNITIFS, CONS\u00c9CUTIFS OU DE TOUT AUTRE TYPE DE DOMMAGES, Y COMPRIS LA PERTE DE PROFITS, LA PERTE D'UTILISATION OU LA PERTE DE DONN\u00c9ES. LE PRENEUR DE LICENCE ACCEPTE QUE NI LE DONNEUR DE LICENCE NI LES PERSONNES RESPONSABLES DU D\u00c9VELOPPEMENT DU PRODUIT NE SOIENT RESPONSABLES ENVERS LE PRENEUR DE LICENCE DE TOUTE PERTE, CO\u00dbT OU DOMMAGE DE QUELQUE NATURE QUE CE SOIT SUBI PAR LE PRENEUR DE LICENCE ET POUVANT R\u00c9SULTER DE L'UTILISATION, DE L'ALT\u00c9RATION OU DE LA DISTRIBUTION DE L'\u0152UVRE, ET LE PRENEUR DE LICENCE ACCEPTE D'INDEMNISER ET DE D\u00c9GAGER DE TOUTE RESPONSABILIT\u00c9 LE DONNEUR DE LICENCE, SES DIRIGEANTS ET EMPLOY\u00c9S DE TOUTE R\u00c9CLAMATION DE CE TYPE.<\/p><p>Si vous utilisez FotoMagico pour t\u00e9l\u00e9charger des vid\u00e9os sur YouTube, vous acceptez d'\u00eatre li\u00e9 par les conditions de service de YouTube.<\/p><p>Le pr\u00e9sent contrat constitue l'int\u00e9gralit\u00e9 de l'accord entre les parties et ne peut \u00eatre modifi\u00e9 que par \u00e9crit par le conc\u00e9dant. Le pr\u00e9sent contrat est r\u00e9gi par les lois de l'Allemagne.<\/p><p>Cr\u00e9dits de tiers<br \/>Voici la liste des cr\u00e9dits pour l'utilisation des composants tiers respectifs dans le code source de FotoMagico.<\/p><p>PromiseKit<\/p><p>Copyright 2016-pr\u00e9sent, Max Howell ; mxcl@me.com<\/p><p>L'autorisation est accord\u00e9e par la pr\u00e9sente, gratuitement, \u00e0 toute personne obtenant une copie de ce logiciel et des fichiers de documentation associ\u00e9s (le \"logiciel\"), de traiter le logiciel sans restriction, y compris, mais sans s'y limiter, les droits d'utilisation, de copie, de modification, de fusion, de publication, de distribution, de sous-licence et\/ou de vente de copies du logiciel, et d'autoriser les personnes \u00e0 qui le logiciel est fourni \u00e0 le faire, sous r\u00e9serve des conditions suivantes : L'avis de copyright ci-dessus et cet avis d'autorisation doivent \u00eatre inclus dans toutes les copies ou parties substantielles du logiciel.<\/p><p>LE LOGICIEL EST FOURNI \"EN L'\u00c9TAT\", SANS GARANTIE D'AUCUNE SORTE, EXPRESSE OU IMPLICITE, Y COMPRIS, MAIS SANS S'Y LIMITER, LES GARANTIES DE QUALIT\u00c9 MARCHANDE, D'AD\u00c9QUATION \u00c0 UN USAGE PARTICULIER ET DE NON-VIOLATION. EN AUCUN CAS, LES AUTEURS OU LES D\u00c9TENTEURS DE DROITS D'AUTEUR NE POURRONT \u00caTRE TENUS RESPONSABLES DE TOUTE R\u00c9CLAMATION, DE TOUT DOMMAGE OU DE TOUTE AUTRE RESPONSABILIT\u00c9, QUE CE SOIT DANS LE CADRE D'UNE ACTION CONTRACTUELLE, D\u00c9LICTUELLE OU AUTRE, D\u00c9COULANT DE OU LI\u00c9E AU LOGICIEL OU \u00c0 SON UTILISATION OU \u00c0 D'AUTRES TRANSACTIONS.<\/p><p>SwiftyStoreKit<\/p><p>Copyright @2015-2016 Andrea Bizzotto<\/p><p>L'autorisation est accord\u00e9e par la pr\u00e9sente, gratuitement, \u00e0 toute personne obtenant une copie de ce logiciel et des fichiers de documentation associ\u00e9s (le \"logiciel\"), de traiter le logiciel sans restriction, y compris, sans s'y limiter, les droits d'utilisation, de copie, de modification, de fusion, de publication, de distribution, de sous-licence et\/ou de vente de copies du logiciel, et d'autoriser les personnes \u00e0 qui le logiciel est fourni \u00e0 le faire, sous r\u00e9serve des conditions suivantes :<\/p><p>L'avis de copyright ci-dessus et cet avis d'autorisation doivent \u00eatre inclus dans toutes les copies ou parties substantielles du logiciel.<\/p><p>LE LOGICIEL EST FOURNI \"EN L'\u00c9TAT\", SANS GARANTIE D'AUCUNE SORTE, EXPRESSE OU IMPLICITE, Y COMPRIS, MAIS SANS S'Y LIMITER, LES GARANTIES DE QUALIT\u00c9 MARCHANDE, D'AD\u00c9QUATION \u00c0 UN USAGE PARTICULIER ET DE NON-VIOLATION. EN AUCUN CAS, LES AUTEURS OU LES D\u00c9TENTEURS DE DROITS D'AUTEUR NE POURRONT \u00caTRE TENUS RESPONSABLES DE TOUTE R\u00c9CLAMATION, DE TOUT DOMMAGE OU DE TOUTE AUTRE RESPONSABILIT\u00c9, QUE CE SOIT DANS LE CADRE D'UNE ACTION CONTRACTUELLE, D\u00c9LICTUELLE OU AUTRE, D\u00c9COULANT DE OU LI\u00c9E AU LOGICIEL OU \u00c0 SON UTILISATION OU \u00c0 D'AUTRES TRANSACTIONS.<\/p><p>Fondation ZIPF<\/p><p>Copyright (c) 2017-2021 Thomas Zoechling (https:\/\/www.peakstep.com) Par la pr\u00e9sente, l'autorisation est accord\u00e9e, gratuitement, \u00e0 toute personne obtenant une copie de ce logiciel et des fichiers de documentation associ\u00e9s (le \"logiciel\"), de traiter le logiciel sans restriction, y compris, sans limitation, les droits d'utilisation, de copie, de modification, de fusion, de publication, de distribution, de sous-licence et\/ou de vente de copies du logiciel, et d'autoriser les personnes \u00e0 qui le logiciel est fourni \u00e0 le faire, sous r\u00e9serve des conditions suivantes :<\/p><p>L'avis de copyright ci-dessus et cet avis d'autorisation doivent \u00eatre inclus dans toutes les copies ou parties substantielles du logiciel.<\/p><p>LE LOGICIEL EST FOURNI \"EN L'\u00c9TAT\", SANS GARANTIE D'AUCUNE SORTE, EXPRESSE OU IMPLICITE, Y COMPRIS, MAIS SANS S'Y LIMITER, LES GARANTIES DE QUALIT\u00c9 MARCHANDE, D'AD\u00c9QUATION \u00c0 UN USAGE PARTICULIER ET DE NON-VIOLATION. EN AUCUN CAS, LES AUTEURS OU LES D\u00c9TENTEURS DE DROITS D'AUTEUR NE POURRONT \u00caTRE TENUS RESPONSABLES DE TOUTE R\u00c9CLAMATION, DE TOUT DOMMAGE OU DE TOUTE AUTRE RESPONSABILIT\u00c9, QUE CE SOIT DANS LE CADRE D'UNE ACTION CONTRACTUELLE, D\u00c9LICTUELLE OU AUTRE, D\u00c9COULANT DE OU LI\u00c9E AU LOGICIEL OU \u00c0 SON UTILISATION OU \u00c0 D'AUTRES TRANSACTIONS.<\/p><p>iMedia Browser<\/p><p>Copyright \u00a92005-2013 par Karelia Software et al. Copyright \u00a92010-2020 par J\u00f6rg Jacobsen Copyright \u00a92010-2021 par Peter Baumgartner Copyright \u00a92010-2021 par Pierre Bernard<\/p><p>iMedia Browser est bas\u00e9 sur un code d\u00e9velopp\u00e9 \u00e0 l'origine par Jason Terhorst, puis d\u00e9velopp\u00e9 pour Sandvox par Greg Hulands, Dan Wood et Terrence Talbot. La nouvelle architecture de la version 2.0 a \u00e9t\u00e9 d\u00e9velopp\u00e9e par Peter Baumgartner. Des contributions ont \u00e9galement \u00e9t\u00e9 apport\u00e9es par Matt Gough, Martin Wennerberg et d'autres, comme indiqu\u00e9 dans les fichiers sources. L'iMedia Browser Framework fait l'objet d'une licence selon les termes suivants :<\/p><p>L'autorisation est accord\u00e9e par la pr\u00e9sente, gratuitement, \u00e0 toute personne obtenant une copie de ce logiciel et des fichiers de documentation associ\u00e9s (le \"logiciel\"), de traiter la totalit\u00e9 ou des parties substantielles du logiciel sans restriction, y compris, mais sans s'y limiter, les droits d'utilisation, de copie, de modification, de fusion, de publication, de distribution, de sous-licence et\/ou de vente de copies du logiciel, et d'autoriser les personnes \u00e0 qui le logiciel est fourni \u00e0 le faire, sous r\u00e9serve des conditions suivantes :<\/p><p>Les redistributions de code source doivent conserver les conditions originales \u00e9nonc\u00e9es ici, y compris la pr\u00e9sente liste de conditions, la clause de non-responsabilit\u00e9 mentionn\u00e9e ci-dessous et l'avis de copyright suivant : Copyright (c) 2005-2012 par Karelia Software et al. Les redistributions sous forme binaire doivent inclure, d'une mani\u00e8re visible pour l'utilisateur final, par exemple dans la fen\u00eatre \" \u00c0 propos \", la fen\u00eatre \" Remerciements \" ou une autre fen\u00eatre similaire, soit a) les conditions originales \u00e9nonc\u00e9es ici, y compris la pr\u00e9sente liste de conditions, la clause de non-responsabilit\u00e9 mentionn\u00e9e ci-dessous et l'avis de droit d'auteur susmentionn\u00e9, soit b) l'avis de droit d'auteur susmentionn\u00e9 et un lien vers karelia.com\/imedia. Ni le nom de Karelia Software, ni Sandvox, ni les noms des contributeurs d'iMedia Browser ne peuvent \u00eatre utilis\u00e9s pour soutenir ou promouvoir des produits d\u00e9riv\u00e9s du logiciel sans l'autorisation \u00e9crite pr\u00e9alable et expresse de Karelia Software ou des contributeurs individuels, selon le cas.<\/p><p>Avis de non-responsabilit\u00e9 : LE LOGICIEL EST FOURNI PAR LE D\u00c9TENTEUR DES DROITS D'AUTEUR ET LES CONTRIBUTEURS \" EN L'\u00c9TAT \", SANS GARANTIE D'AUCUNE SORTE, EXPRESSE OU IMPLICITE, Y COMPRIS, MAIS SANS S'Y LIMITER, LES GARANTIES DE QUALIT\u00c9 MARCHANDE, D'ADAPTATION \u00c0 UN USAGE PARTICULIER ET D'ABSENCE DE CONTREFA\u00c7ON. EN AUCUN CAS, LES AUTEURS OU LES D\u00c9TENTEURS DE DROITS D'AUTEUR NE POURRONT \u00caTRE TENUS RESPONSABLES DE TOUTE R\u00c9CLAMATION, DE TOUT DOMMAGE OU DE TOUTE AUTRE RESPONSABILIT\u00c9, QUE CE SOIT DANS LE CADRE D'UNE ACTION CONTRACTUELLE, D\u00c9LICTUELLE OU AUTRE, D\u00c9COULANT DE OU EN RELATION AVEC LE LOGICIEL OU L'UTILISATION DU LOGICIEL OU D'AUTRES TRANSACTIONS LI\u00c9ES AU LOGICIEL. \u00a92004-2013 par Karelia Software<\/p><p>CoreGPX<\/p><p>Copyright (c) 2018 Vincent Neo<\/p><p>L'autorisation est accord\u00e9e par la pr\u00e9sente, gratuitement, \u00e0 toute personne obtenant une copie de ce logiciel et des fichiers de documentation associ\u00e9s (le \"logiciel\"), de traiter le logiciel sans restriction, y compris, sans s'y limiter, les droits d'utilisation, de copie, de modification, de fusion, de publication, de distribution, de sous-licence et\/ou de vente de copies du logiciel, et d'autoriser les personnes \u00e0 qui le logiciel est fourni \u00e0 le faire, sous r\u00e9serve des conditions suivantes :<\/p><p>L'avis de copyright ci-dessus et cet avis d'autorisation doivent \u00eatre inclus dans toutes les copies ou parties substantielles du logiciel.<\/p><p>LE LOGICIEL EST FOURNI \"EN L'\u00c9TAT\", SANS GARANTIE D'AUCUNE SORTE, EXPRESSE OU IMPLICITE, Y COMPRIS, MAIS SANS S'Y LIMITER, LES GARANTIES DE QUALIT\u00c9 MARCHANDE, D'AD\u00c9QUATION \u00c0 UN USAGE PARTICULIER ET DE NON-VIOLATION. EN AUCUN CAS, LES AUTEURS OU LES D\u00c9TENTEURS DE DROITS D'AUTEUR NE POURRONT \u00caTRE TENUS RESPONSABLES DE TOUTE R\u00c9CLAMATION, DE TOUT DOMMAGE OU DE TOUTE AUTRE RESPONSABILIT\u00c9, QUE CE SOIT DANS LE CADRE D'UNE ACTION CONTRACTUELLE, D\u00c9LICTUELLE OU AUTRE, D\u00c9COULANT DE OU LI\u00c9E AU LOGICIEL OU \u00c0 SON UTILISATION OU \u00c0 D'AUTRES TRANSACTIONS.<\/p><p>\u00c9tincelle<\/p><p>Copyright (c) 2006-2013 Andy Matuschak. Copyright (c) 2009-2013 Elgato Systems GmbH. Copyright (c) 2011-2014 Kornel Lesi\u0144ski. Copyright (c) 2015-2017 Mayur Pawashe. Copyright (c) 2014 C.W. Betts. Copyright (c) 2014 Petroules Corporation. Copyright (c) 2014 Big Nerd Ranch. Tous droits r\u00e9serv\u00e9s.<\/p><p>L'autorisation est accord\u00e9e par la pr\u00e9sente, gratuitement, \u00e0 toute personne obtenant une copie de ce logiciel et des fichiers de documentation associ\u00e9s (le \"logiciel\"), de traiter le logiciel sans restriction, y compris, sans s'y limiter, les droits d'utilisation, de copie, de modification, de fusion, de publication, de distribution, de sous-licence et\/ou de vente de copies du logiciel, et d'autoriser les personnes \u00e0 qui le logiciel est fourni \u00e0 le faire, sous r\u00e9serve des conditions suivantes :<\/p><p>L'avis de copyright ci-dessus et cet avis d'autorisation doivent \u00eatre inclus dans toutes les copies ou parties substantielles du logiciel.<\/p><p>LE LOGICIEL EST FOURNI \"EN L'\u00c9TAT\", SANS GARANTIE D'AUCUNE SORTE, EXPRESSE OU IMPLICITE, Y COMPRIS, MAIS SANS S'Y LIMITER, LES GARANTIES DE QUALIT\u00c9 MARCHANDE, D'AD\u00c9QUATION \u00c0 UN USAGE PARTICULIER ET DE NON-VIOLATION. EN AUCUN CAS, LES AUTEURS OU LES D\u00c9TENTEURS DE DROITS D'AUTEUR NE POURRONT \u00caTRE TENUS RESPONSABLES DE TOUTE R\u00c9CLAMATION, DE TOUT DOMMAGE OU DE TOUTE AUTRE RESPONSABILIT\u00c9, QUE CE SOIT DANS LE CADRE D'UNE ACTION CONTRACTUELLE, D\u00c9LICTUELLE OU AUTRE, D\u00c9COULANT DE OU LI\u00c9E AU LOGICIEL OU \u00c0 SON UTILISATION OU \u00c0 D'AUTRES TRANSACTIONS.<\/p><p>RxSwift<\/p><p>Copyright \u00a9 2015 Krunoslav Zaher, Tous droits r\u00e9serv\u00e9s.<\/p><p>L'autorisation est accord\u00e9e par la pr\u00e9sente, gratuitement, \u00e0 toute personne obtenant une copie de ce logiciel et des fichiers de documentation associ\u00e9s (le \"logiciel\"), de traiter le logiciel sans restriction, y compris, sans s'y limiter, les droits d'utilisation, de copie, de modification, de fusion, de publication, de distribution, de sous-licence et\/ou de vente de copies du logiciel, et d'autoriser les personnes \u00e0 qui le logiciel est fourni \u00e0 le faire, sous r\u00e9serve des conditions suivantes :<\/p><p>L'avis de copyright ci-dessus et cet avis d'autorisation doivent \u00eatre inclus dans toutes les copies ou parties substantielles du logiciel.<\/p><p>LE LOGICIEL EST FOURNI \"EN L'\u00c9TAT\", SANS GARANTIE D'AUCUNE SORTE, EXPRESSE OU IMPLICITE, Y COMPRIS, MAIS SANS S'Y LIMITER, LES GARANTIES DE QUALIT\u00c9 MARCHANDE, D'AD\u00c9QUATION \u00c0 UN USAGE PARTICULIER ET DE NON-VIOLATION. EN AUCUN CAS, LES AUTEURS OU LES D\u00c9TENTEURS DE DROITS D'AUTEUR NE POURRONT \u00caTRE TENUS RESPONSABLES DE TOUTE R\u00c9CLAMATION, DE TOUT DOMMAGE OU DE TOUTE AUTRE RESPONSABILIT\u00c9, QUE CE SOIT DANS LE CADRE D'UNE ACTION CONTRACTUELLE, D\u00c9LICTUELLE OU AUTRE, D\u00c9COULANT DE OU LI\u00c9E AU LOGICIEL OU \u00c0 SON UTILISATION OU \u00c0 D'AUTRES TRANSACTIONS.<\/p><p>Starscream<\/p><p>Copyright (c) 2014-2016 Dalton Cherry.<\/p><p>Starscream est soumis \u00e0 la licence Apache v2.<\/p><p>swift-nio-zlib-support<\/p><p>Copyright 2018, Apple Inc.<\/p><p>Sous licence Apache License, Version 2.0 (la \"Licence\") ; vous ne pouvez utiliser ce fichier qu'en conformit\u00e9 avec la Licence. Vous pouvez obtenir une copie de la licence \u00e0 l'adresse http:\/\/www.apache.org\/licenses\/LICENSE-2.0.<\/p><p>\u00c0 moins que la loi applicable ne l'exige ou que cela ne fasse l'objet d'un accord \u00e9crit, le logiciel distribu\u00e9 sous la Licence est distribu\u00e9 \" EN L'\u00c9TAT \", SANS GARANTIES NI CONDITIONS DE QUELQUE NATURE QUE CE SOIT, explicites ou implicites. Voir la Licence pour les termes sp\u00e9cifiques r\u00e9gissant les permissions et les limitations de la Licence.<\/p><p>SPDX-License-Identifier : Apache-2.0<\/p><p>Client SwiftPhoenix<\/p><p>Copyright (c) 2015 David Stump<\/p><p>L'autorisation est accord\u00e9e par la pr\u00e9sente, gratuitement, \u00e0 toute personne obtenant une copie de ce logiciel et des fichiers de documentation associ\u00e9s (le \"logiciel\"), de traiter le logiciel sans restriction, y compris, sans s'y limiter, les droits d'utilisation, de copie, de modification, de fusion, de publication, de distribution, de sous-licence et\/ou de vente de copies du logiciel, et d'autoriser les personnes \u00e0 qui le logiciel est fourni \u00e0 le faire, sous r\u00e9serve des conditions suivantes :<\/p><p>L'avis de copyright ci-dessus et cet avis d'autorisation doivent \u00eatre inclus dans toutes les copies ou parties substantielles du logiciel.<\/p><p>LE LOGICIEL EST FOURNI \"EN L'\u00c9TAT\", SANS GARANTIE D'AUCUNE SORTE, EXPRESSE OU IMPLICITE, Y COMPRIS, MAIS SANS S'Y LIMITER, LES GARANTIES DE QUALIT\u00c9 MARCHANDE, D'AD\u00c9QUATION \u00c0 UN USAGE PARTICULIER ET DE NON-VIOLATION. EN AUCUN CAS, LES AUTEURS OU LES D\u00c9TENTEURS DE DROITS D'AUTEUR NE POURRONT \u00caTRE TENUS RESPONSABLES DE TOUTE R\u00c9CLAMATION, DE TOUT DOMMAGE OU DE TOUTE AUTRE RESPONSABILIT\u00c9, QUE CE SOIT DANS LE CADRE D'UNE ACTION CONTRACTUELLE, D\u00c9LICTUELLE OU AUTRE, D\u00c9COULANT DE OU LI\u00c9E AU LOGICIEL OU \u00c0 SON UTILISATION OU \u00c0 D'AUTRES TRANSACTIONS.<\/p><p>BeatDetect<\/p><p>Utilis\u00e9 sous licence MIT avec la permission de Daniel Iglesia.<\/p><p>Copyright (c) 2021 Daniel Iglesia<\/p><p>L'autorisation est accord\u00e9e par la pr\u00e9sente, gratuitement, \u00e0 toute personne obtenant une copie de ce logiciel et des fichiers de documentation associ\u00e9s (le \"logiciel\"), de traiter le logiciel sans restriction, y compris, mais sans s'y limiter, les droits d'utilisation, de copie, de modification, de fusion, de publication, de distribution, de sous-licence et\/ou de vente de copies du logiciel, et d'autoriser les personnes \u00e0 qui le logiciel est fourni \u00e0 le faire, sous r\u00e9serve des conditions suivantes : L'avis de copyright ci-dessus et cet avis d'autorisation doivent \u00eatre inclus dans toutes les copies ou parties substantielles du logiciel. LE LOGICIEL EST FOURNI \" EN L'\u00c9TAT \", SANS GARANTIE D'AUCUNE SORTE, EXPRESSE OU IMPLICITE, Y COMPRIS, MAIS SANS S'Y LIMITER, LES GARANTIES DE QUALIT\u00c9 MARCHANDE, D'AD\u00c9QUATION \u00c0 UN USAGE PARTICULIER ET DE NON-VIOLATION. EN AUCUN CAS, LES AUTEURS OU LES D\u00c9TENTEURS DE DROITS D'AUTEUR NE POURRONT \u00caTRE TENUS RESPONSABLES DE TOUTE R\u00c9CLAMATION, DE TOUT DOMMAGE OU DE TOUTE AUTRE RESPONSABILIT\u00c9, QUE CE SOIT DANS LE CADRE D'UNE ACTION CONTRACTUELLE, D\u00c9LICTUELLE OU AUTRE, D\u00c9COULANT DE OU LI\u00c9E AU LOGICIEL OU \u00c0 SON UTILISATION OU \u00c0 D'AUTRES TRANSACTIONS.<\/p>\t\t\t\t\t\t\t\t<\/div>\n\t\t\t\t<\/div>\n\t\t\t\t\t<\/div>\n\t\t\t\t<\/div>\n\t\t\t\t<\/div>","protected":false},"excerpt":{"rendered":"<p>Boinx Software International GmbHEnd User License Agreement (EULA)This Agreement is a legal agreement between you (either an individual or a legal entity, &#8220;The Licensee&#8221;) and Boinx Software International GmbH (&#8220;The Licensor&#8221;) for the software product FotoMagico (&#8220;The Product&#8221;). The Product consists of several files including an application which is distributed in electronic form by download [&hellip;]<\/p>\n","protected":false},"author":1,"featured_media":0,"parent":0,"menu_order":0,"comment_status":"closed","ping_status":"closed","template":"","meta":{"_acf_changed":false,"footnotes":""},"class_list":["post-4871","page","type-page","status-publish","hentry"],"acf":[],"_links":{"self":[{"href":"https:\/\/fotomagico.com\/fr-fr\/wp-json\/wp\/v2\/pages\/4871","targetHints":{"allow":["GET"]}}],"collection":[{"href":"https:\/\/fotomagico.com\/fr-fr\/wp-json\/wp\/v2\/pages"}],"about":[{"href":"https:\/\/fotomagico.com\/fr-fr\/wp-json\/wp\/v2\/types\/page"}],"author":[{"embeddable":true,"href":"https:\/\/fotomagico.com\/fr-fr\/wp-json\/wp\/v2\/users\/1"}],"replies":[{"embeddable":true,"href":"https:\/\/fotomagico.com\/fr-fr\/wp-json\/wp\/v2\/comments?post=4871"}],"version-history":[{"count":5,"href":"https:\/\/fotomagico.com\/fr-fr\/wp-json\/wp\/v2\/pages\/4871\/revisions"}],"predecessor-version":[{"id":8298,"href":"https:\/\/fotomagico.com\/fr-fr\/wp-json\/wp\/v2\/pages\/4871\/revisions\/8298"}],"wp:attachment":[{"href":"https:\/\/fotomagico.com\/fr-fr\/wp-json\/wp\/v2\/media?parent=4871"}],"curies":[{"name":"wp","href":"https:\/\/api.w.org\/{rel}","templated":true}]}}