{"id":1653,"date":"2021-10-25T09:34:55","date_gmt":"2021-10-25T07:34:55","guid":{"rendered":"https:\/\/fotomagico.com\/?page_id=1653"},"modified":"2021-10-25T09:34:55","modified_gmt":"2021-10-25T07:34:55","slug":"mise-a-niveau","status":"publish","type":"page","link":"https:\/\/fotomagico.com\/fr-fr\/support\/upgrade\/","title":{"rendered":"Mise \u00e0 niveau"},"content":{"rendered":"<div data-elementor-type=\"wp-page\" data-elementor-id=\"1653\" class=\"elementor elementor-1653\" data-elementor-post-type=\"page\">\n\t\t\t\t\t\t<section class=\"elementor-section elementor-top-section elementor-element elementor-element-5629150 elementor-section-boxed elementor-section-height-default elementor-section-height-default\" data-id=\"5629150\" data-element_type=\"section\" data-e-type=\"section\">\n\t\t\t\t\t\t<div class=\"elementor-container elementor-column-gap-default\">\n\t\t\t\t\t<div class=\"elementor-column elementor-col-100 elementor-top-column elementor-element elementor-element-e35002d\" data-id=\"e35002d\" data-element_type=\"column\" data-e-type=\"column\">\n\t\t\t<div class=\"elementor-widget-wrap elementor-element-populated\">\n\t\t\t\t\t\t<div class=\"elementor-element elementor-element-e706914 elementor-widget elementor-widget-heading\" data-id=\"e706914\" data-element_type=\"widget\" data-e-type=\"widget\" data-widget_type=\"heading.default\">\n\t\t\t\t<div class=\"elementor-widget-container\">\n\t\t\t\t\t<h1 class=\"elementor-heading-title elementor-size-default\">Politique de mise \u00e0 niveau et de mise \u00e0 jour<\/h1>\t\t\t\t<\/div>\n\t\t\t\t<\/div>\n\t\t\t\t<div class=\"elementor-element elementor-element-fd9882a elementor-widget elementor-widget-text-editor\" data-id=\"fd9882a\" data-element_type=\"widget\" data-e-type=\"widget\" data-widget_type=\"text-editor.default\">\n\t\t\t\t<div class=\"elementor-widget-container\">\n\t\t\t\t\t\t\t\t\t<h3>Versions ou mises \u00e0 jour majeures<\/h3><p>Une version majeure, \u00e9galement connue sous le nom de mise \u00e0 jour, est une version g\u00e9n\u00e9ralement disponible du logiciel qui contient des am\u00e9liorations et des extensions fonctionnelles, des corrections de bogues de haute gravit\u00e9 et de haute priorit\u00e9, et qui est d\u00e9sign\u00e9e par Boinx Software au moyen d'un changement du chiffre \u00e0 gauche de la premi\u00e8re d\u00e9cimale. FotoMagico 6 est une version majeure. Pour passer d'une version pr\u00e9c\u00e9dente \u00e0 une autre, une mise \u00e0 jour est obligatoire.\u00a0<\/p>\t\t\t\t\t\t\t\t<\/div>\n\t\t\t\t<\/div>\n\t\t\t\t<div class=\"elementor-element elementor-element-ce07e8f elementor-widget elementor-widget-text-editor\" data-id=\"ce07e8f\" data-element_type=\"widget\" data-e-type=\"widget\" data-widget_type=\"text-editor.default\">\n\t\t\t\t<div class=\"elementor-widget-container\">\n\t\t\t\t\t\t\t\t\t<h3><span style=\"letter-spacing: 0px;\">L'avenir des mises \u00e0 jour et des mises \u00e0 niveau<\/span><\/h3><p><span style=\"color: #333333; font-size: 20px; font-weight: 200; letter-spacing: 0px;\">FotoMagico 6 est la derni\u00e8re mise \u00e0 jour majeure. A partir de FotoMagico 6, il n'y aura plus de mises \u00e0 jour majeures. FotoMagico 6 devient FotoMagico.<\/span><\/p><p><span style=\"color: #333333; font-size: 20px; font-weight: 200; letter-spacing: 0px;\">Le nouvel abonnement contient toujours la licence de la derni\u00e8re version. Les clients peuvent toujours travailler avec la derni\u00e8re version. Des mises \u00e0 jour r\u00e9guli\u00e8res augmenteront les fonctionnalit\u00e9s, la s\u00e9curit\u00e9 et maintiendront la stabilit\u00e9 ainsi que la compatibilit\u00e9 avec les derniers macOS et iOS. Le nouvel abonnement est un mod\u00e8le de licence sans risque pour les clients et apporte de nombreux avantages. En savoir plus sur le <a href=\"https:\/\/fotomagico.com\/fr-fr\/benefits-of-subscription-license\/\">avantages des avantages de l'abonnement de licence<\/a>.<\/span><\/p>\t\t\t\t\t\t\t\t<\/div>\n\t\t\t\t<\/div>\n\t\t\t\t\t<\/div>\n\t\t<\/div>\n\t\t\t\t\t<\/div>\n\t\t<\/section>\n\t\t\t\t<\/div>","protected":false},"excerpt":{"rendered":"<p>Upgrade and Update Policy Major Releases or Upgrades A Major Release, also known as an Upgrade, is a generally available release of the Software that contains functional enhancements and extensions, fixes for high severity and high priority bugs, and is designated by Boinx Software by means of a change in the digit to the left [&hellip;]<\/p>\n","protected":false},"author":2,"featured_media":0,"parent":457,"menu_order":0,"comment_status":"closed","ping_status":"closed","template":"","meta":{"_acf_changed":false,"footnotes":""},"class_list":["post-1653","page","type-page","status-publish","hentry"],"acf":[],"_links":{"self":[{"href":"https:\/\/fotomagico.com\/fr-fr\/wp-json\/wp\/v2\/pages\/1653","targetHints":{"allow":["GET"]}}],"collection":[{"href":"https:\/\/fotomagico.com\/fr-fr\/wp-json\/wp\/v2\/pages"}],"about":[{"href":"https:\/\/fotomagico.com\/fr-fr\/wp-json\/wp\/v2\/types\/page"}],"author":[{"embeddable":true,"href":"https:\/\/fotomagico.com\/fr-fr\/wp-json\/wp\/v2\/users\/2"}],"replies":[{"embeddable":true,"href":"https:\/\/fotomagico.com\/fr-fr\/wp-json\/wp\/v2\/comments?post=1653"}],"version-history":[{"count":0,"href":"https:\/\/fotomagico.com\/fr-fr\/wp-json\/wp\/v2\/pages\/1653\/revisions"}],"up":[{"embeddable":true,"href":"https:\/\/fotomagico.com\/fr-fr\/wp-json\/wp\/v2\/pages\/457"}],"wp:attachment":[{"href":"https:\/\/fotomagico.com\/fr-fr\/wp-json\/wp\/v2\/media?parent=1653"}],"curies":[{"name":"wp","href":"https:\/\/api.w.org\/{rel}","templated":true}]}}