{"id":8684,"date":"2024-07-05T16:32:05","date_gmt":"2024-07-05T14:32:05","guid":{"rendered":"https:\/\/fotomagico.com\/?page_id=8684"},"modified":"2024-10-16T11:10:34","modified_gmt":"2024-10-16T09:10:34","slug":"fotomagico-remote-app","status":"publish","type":"page","link":"https:\/\/fotomagico.com\/es-es\/fotomagico-remote-app\/","title":{"rendered":"FotoMagico Remote App"},"content":{"rendered":"<div data-elementor-type=\"wp-page\" data-elementor-id=\"8684\" class=\"elementor elementor-8684\" data-elementor-post-type=\"page\">\n\t\t\t\t<div class=\"elementor-element elementor-element-9aea2e7 e-flex e-con-boxed e-con e-parent\" data-id=\"9aea2e7\" data-element_type=\"container\" data-e-type=\"container\">\n\t\t\t\t\t<div class=\"e-con-inner\">\n\t\t\t\t<div class=\"elementor-element elementor-element-a6c8730 translation-block elementor-widget elementor-widget-text-editor\" data-id=\"a6c8730\" data-element_type=\"widget\" data-e-type=\"widget\" data-widget_type=\"text-editor.default\">\n\t\t\t\t<div class=\"elementor-widget-container\">\n\t\t\t\t\t\t\t\t\t<p>Eleve sus presentaciones de diapositivas con la aplicaci\u00f3n FotoMagico Remote App, dise\u00f1ada para mejorar su experiencia con FotoMagico. Esta intuitiva aplicaci\u00f3n le permite controlar sus pases de diapositivas directamente desde su iPhone o iPad, proporcion\u00e1ndole una navegaci\u00f3n fluida a trav\u00e9s de las diapositivas, funciones de inicio\/parada sencillas y acceso a las notas de su presentaci\u00f3n. Con\u00e9ctela de forma inal\u00e1mbrica a su Mac para disfrutar de una experiencia de presentaci\u00f3n profesional y sin complicaciones, d\u00e1ndole la libertad de centrarse en atraer a su p\u00fablico.<\/p> <\/div> <div>\n\t\t\t\t<\/div>\n\t\t\t\t<div class=\"elementor-element elementor-element-89265bb elementor-widget elementor-widget-image\" data-id=\"89265bb\" data-element_type=\"widget\" data-e-type=\"widget\" data-widget_type=\"image.default\">\n\t\t\t\t<div class=\"elementor-widget-container\">\n\t\t\t\t\t\t\t\t\t\t\t\t\t\t\t<picture><source srcset=\"https:\/\/fotomagico.com\/wp-content\/uploads\/2024\/08\/ipad-laptop-Remote-1-1024x682.jpg.webp 1024w, https:\/\/fotomagico.com\/wp-content\/uploads\/2024\/08\/ipad-laptop-Remote-1-300x200.jpg.webp 300w, https:\/\/fotomagico.com\/wp-content\/uploads\/2024\/08\/ipad-laptop-Remote-1-768x512.jpg.webp 768w, https:\/\/fotomagico.com\/wp-content\/uploads\/2024\/08\/ipad-laptop-Remote-1-18x12.jpg.webp 18w, https:\/\/fotomagico.com\/wp-content\/uploads\/2024\/08\/ipad-laptop-Remote-1.jpg.webp 1400w\" sizes=\"(max-width: 800px) 100vw, 800px\" type=\"image\/webp\"><img fetchpriority=\"high\" decoding=\"async\" width=\"800\" height=\"533\" src=\"https:\/\/fotomagico.com\/wp-content\/uploads\/2024\/08\/ipad-laptop-Remote-1-1024x682.jpg\" class=\"attachment-large size-large wp-image-8734 webpexpress-processed\" alt=\"\" srcset=\"https:\/\/fotomagico.com\/wp-content\/uploads\/2024\/08\/ipad-laptop-Remote-1-1024x682.jpg 1024w, https:\/\/fotomagico.com\/wp-content\/uploads\/2024\/08\/ipad-laptop-Remote-1-300x200.jpg 300w, https:\/\/fotomagico.com\/wp-content\/uploads\/2024\/08\/ipad-laptop-Remote-1-768x512.jpg 768w, https:\/\/fotomagico.com\/wp-content\/uploads\/2024\/08\/ipad-laptop-Remote-1-18x12.jpg 18w, https:\/\/fotomagico.com\/wp-content\/uploads\/2024\/08\/ipad-laptop-Remote-1.jpg 1400w\" sizes=\"(max-width: 800px) 100vw, 800px\"><\/picture>\t\t\t\t\t\t\t\t\t\t\t\t\t\t\t<\/div>\n\t\t\t\t<\/div>\n\t\t\t\t\t<\/div>\n\t\t\t\t<\/div>\n\t\t<div class=\"elementor-element elementor-element-286770b e-flex e-con-boxed e-con e-parent\" data-id=\"286770b\" data-element_type=\"container\" data-e-type=\"container\">\n\t\t\t\t\t<div class=\"e-con-inner\">\n\t\t<div class=\"elementor-element elementor-element-63329a6 e-con-full e-flex e-con e-child\" data-id=\"63329a6\" data-element_type=\"container\" data-e-type=\"container\">\n\t\t\t\t<div class=\"elementor-element elementor-element-6b22a22 elementor-widget elementor-widget-heading\" data-id=\"6b22a22\" data-element_type=\"widget\" data-e-type=\"widget\" data-widget_type=\"heading.default\">\n\t\t\t\t<div class=\"elementor-widget-container\">\n\t\t\t\t\t<h2 class=\"elementor-heading-title elementor-size-default\">Acerca de la aplicaci\u00f3n<\/h2>\t\t\t\t<\/div>\n\t\t\t\t<\/div>\n\t\t\t\t<div class=\"elementor-element elementor-element-74d6684 translation-block elementor-widget elementor-widget-text-editor\" data-id=\"74d6684\" data-element_type=\"widget\" data-e-type=\"widget\" data-widget_type=\"text-editor.default\">\n\t\t\t\t<div class=\"elementor-widget-container\">\n\t\t\t\t\t\t\t\t\t<p><b>\u00a1Experimente el control definitivo con FotoMagico Remote!<\/b><\/p><p><span style=\"font-weight: 400\">FotoMagico Remote es una potente y gratuita aplicaci\u00f3n complementaria para FotoMagico, el aclamado editor de presentaciones de diapositivas para Mac.<\/span><\/p><p><span style=\"font-weight: 400\">Tome el control total de sus presentaciones de diapositivas directamente desde su iPhone o iPad. Con FotoMagico Remote, podr\u00e1:<\/span><\/p><p> <\/p><ul><li style=\"font-weight: 400\"><b>Navegar por las diapositivas:<\/b><span style=\"font-weight: 400\">Saltar sin esfuerzo a cualquier diapositiva o pasar a la siguiente o a la anterior con un solo toque.<\/span><\/li><li style=\"font-weight: 400\"><b>Inicie y detenga presentaciones:<\/b><span style=\"font-weight: 400\">Inicie su presentaci\u00f3n de diapositivas desde cualquier lugar y p\u00f3ngala en pausa siempre que lo necesite.<\/span><\/li><li style=\"font-weight: 400\"><b>Teleprompter integrado:<\/b><span style=\"font-weight: 400\"> Mant\u00e9ngase al d\u00eda con las notas de su presentaci\u00f3n mostradas directamente en su dispositivo. Vea las notas tanto de la diapositiva actual como de las siguientes, y ajuste el tama\u00f1o de la fuente para una perfecta legibilidad<\/span><\/li><li style=\"font-weight: 400\"><b>Conveniencia a distancia:<\/b><span style=\"font-weight: 400\">Controle su presentaci\u00f3n con un simple toque. Pase a la diapositiva siguiente o vuelva a la anterior sin esfuerzo.<\/span><\/li><\/ul><p> <\/p><p><span style=\"font-weight: 400\">Transforme sus presentaciones de diapositivas con la comodidad y flexibilidad de FotoMagico Remote. Desc\u00e1rguelo ahora y haga que sus presentaciones sean m\u00e1s fluidas, profesionales y sin estr\u00e9s!<\/span><\/p> <\/div> <div>\n\t\t\t\t<\/div>\n\t\t\t\t<div class=\"elementor-element elementor-element-ddfc7c1 elementor-widget elementor-widget-heading\" data-id=\"ddfc7c1\" data-element_type=\"widget\" data-e-type=\"widget\" data-widget_type=\"heading.default\">\n\t\t\t\t<div class=\"elementor-widget-container\">\n\t\t\t\t\t<h2 class=\"elementor-heading-title elementor-size-default\">Caracter\u00edsticas <\/h2>\t\t\t\t<\/div>\n\t\t\t\t<\/div>\n\t\t\t\t<div class=\"elementor-element elementor-element-7969f63 translation-block elementor-widget elementor-widget-text-editor\" data-id=\"7969f63\" data-element_type=\"widget\" data-e-type=\"widget\" data-widget_type=\"text-editor.default\">\n\t\t\t\t<div class=\"elementor-widget-container\">\n\t\t\t\t\t\t\t\t\t<ul><li><span style=\"font-weight: 400\">Controle su pase de diapositivas desde su iPhone o iPad<\/span><\/li><li><span style=\"font-weight: 400\">Inicie su pase de diapositivas basado en Mac desde cualquier diapositiva<\/span><\/li><li><span style=\"font-weight: 400\">Despl\u00e1cese a la diapositiva siguiente o anterior con facilidad.<\/span><\/li><li><span style=\"font-weight: 400\">Salte a cualquier diapositiva al instante.<\/span><\/li><li><span style=\"font-weight: 400\">Pause o detenga su presentaci\u00f3n siempre que lo necesite.<\/span><\/li><li><span style=\"font-weight: 400\">Muestre las notas de la diapositiva actual y de las siguientes.<\/span><\/li><li><span style=\"font-weight: 400\">Desplace autom\u00e1ticamente las notas a la diapositiva actual.<\/span><\/li><li><span style=\"font-weight: 400\">Tama\u00f1o de fuente ajustable para una legibilidad personalizada.<\/span><\/li><li><span style=\"font-weight: 400\">La aplicaci\u00f3n utiliza wifi para conectarse a su Mac con la \u00faltima versi\u00f3n de FotoMagico. <\/span><\/li><\/ul> <\/div> <\/div> <div>La aplicaci\u00f3n utiliza wifi para conectarse a su Mac con la \u00faltima versi\u00f3n de FotoMagico.\n\t\t\t\t<\/div>\n\t\t\t\t<\/div>\n\t\t<div class=\"elementor-element elementor-element-f402117 e-con-full e-flex e-con e-child\" data-id=\"f402117\" data-element_type=\"container\" data-e-type=\"container\">\n\t\t<div class=\"elementor-element elementor-element-0917fd3 e-con-full e-flex e-con e-child\" data-id=\"0917fd3\" data-element_type=\"container\" data-e-type=\"container\">\n\t\t\t\t<div class=\"elementor-element elementor-element-58b6b0b elementor-widget elementor-widget-image\" data-id=\"58b6b0b\" data-element_type=\"widget\" data-e-type=\"widget\" data-widget_type=\"image.default\">\n\t\t\t\t<div class=\"elementor-widget-container\">\n\t\t\t\t\t\t\t\t\t\t\t\t\t\t\t\t<a href=\"https:\/\/apps.apple.com\/app\/fotomagico-remote\/id6504674409\" target=\"_blank\" rel=\"noopener\">\n\t\t\t\t\t\t\t<picture><source srcset=\"https:\/\/fotomagico.com\/wp-content\/uploads\/2024\/08\/FM-Remote-512.png.webp 512w, https:\/\/fotomagico.com\/wp-content\/uploads\/2024\/08\/FM-Remote-512-300x300.png.webp 300w, https:\/\/fotomagico.com\/wp-content\/uploads\/2024\/08\/FM-Remote-512-150x150.png.webp 150w, https:\/\/fotomagico.com\/wp-content\/uploads\/2024\/08\/FM-Remote-512-12x12.png.webp 12w\" sizes=\"(max-width: 512px) 100vw, 512px\" type=\"image\/webp\"><img decoding=\"async\" width=\"512\" height=\"512\" src=\"https:\/\/fotomagico.com\/wp-content\/uploads\/2024\/08\/FM-Remote-512.png\" class=\"attachment-medium_large size-medium_large wp-image-8756 webpexpress-processed\" alt=\"\" srcset=\"https:\/\/fotomagico.com\/wp-content\/uploads\/2024\/08\/FM-Remote-512.png 512w, https:\/\/fotomagico.com\/wp-content\/uploads\/2024\/08\/FM-Remote-512-300x300.png 300w, https:\/\/fotomagico.com\/wp-content\/uploads\/2024\/08\/FM-Remote-512-150x150.png 150w, https:\/\/fotomagico.com\/wp-content\/uploads\/2024\/08\/FM-Remote-512-12x12.png 12w\" sizes=\"(max-width: 512px) 100vw, 512px\"><\/picture>\t\t\t\t\t\t\t\t<\/a>\n\t\t\t\t\t\t\t\t\t\t\t\t\t\t\t<\/div>\n\t\t\t\t<\/div>\n\t\t\t\t<div class=\"elementor-element elementor-element-d51e318 elementor-widget elementor-widget-image\" data-id=\"d51e318\" data-element_type=\"widget\" data-e-type=\"widget\" data-widget_type=\"image.default\">\n\t\t\t\t<div class=\"elementor-widget-container\">\n\t\t\t\t\t\t\t\t\t\t\t\t\t\t\t<picture><source srcset=\"https:\/\/fotomagico.com\/wp-content\/uploads\/2024\/08\/FotoMagico-Hand-Holding-iPhone-14-Pro.jpg.webp 900w, https:\/\/fotomagico.com\/wp-content\/uploads\/2024\/08\/FotoMagico-Hand-Holding-iPhone-14-Pro-300x300.jpg.webp 300w, https:\/\/fotomagico.com\/wp-content\/uploads\/2024\/08\/FotoMagico-Hand-Holding-iPhone-14-Pro-150x150.jpg.webp 150w, https:\/\/fotomagico.com\/wp-content\/uploads\/2024\/08\/FotoMagico-Hand-Holding-iPhone-14-Pro-768x768.jpg.webp 768w, https:\/\/fotomagico.com\/wp-content\/uploads\/2024\/08\/FotoMagico-Hand-Holding-iPhone-14-Pro-12x12.jpg.webp 12w\" sizes=\"(max-width: 800px) 100vw, 800px\" type=\"image\/webp\"><img decoding=\"async\" width=\"800\" height=\"800\" src=\"https:\/\/fotomagico.com\/wp-content\/uploads\/2024\/08\/FotoMagico-Hand-Holding-iPhone-14-Pro.jpg\" class=\"attachment-large size-large wp-image-8747 webpexpress-processed\" alt=\"FotoMagico Remote App\" srcset=\"https:\/\/fotomagico.com\/wp-content\/uploads\/2024\/08\/FotoMagico-Hand-Holding-iPhone-14-Pro.jpg 900w, https:\/\/fotomagico.com\/wp-content\/uploads\/2024\/08\/FotoMagico-Hand-Holding-iPhone-14-Pro-300x300.jpg 300w, https:\/\/fotomagico.com\/wp-content\/uploads\/2024\/08\/FotoMagico-Hand-Holding-iPhone-14-Pro-150x150.jpg 150w, https:\/\/fotomagico.com\/wp-content\/uploads\/2024\/08\/FotoMagico-Hand-Holding-iPhone-14-Pro-768x768.jpg 768w, https:\/\/fotomagico.com\/wp-content\/uploads\/2024\/08\/FotoMagico-Hand-Holding-iPhone-14-Pro-12x12.jpg 12w\" sizes=\"(max-width: 800px) 100vw, 800px\"><\/picture>\t\t\t\t\t\t\t\t\t\t\t\t\t\t\t<\/div>\n\t\t\t\t<\/div>\n\t\t\t\t<\/div>\n\t\t\t\t<\/div>\n\t\t\t\t\t<\/div>\n\t\t\t\t<\/div>\n\t\t<div class=\"elementor-element elementor-element-e780b0d e-flex e-con-boxed e-con e-parent\" data-id=\"e780b0d\" data-element_type=\"container\" data-e-type=\"container\">\n\t\t\t\t\t<div class=\"e-con-inner\">\n\t\t\t\t<div class=\"elementor-element elementor-element-664d950 elementor-widget elementor-widget-heading\" data-id=\"664d950\" data-element_type=\"widget\" data-e-type=\"widget\" data-widget_type=\"heading.default\">\n\t\t\t\t<div class=\"elementor-widget-container\">\n\t\t\t\t\t<h1 class=\"elementor-heading-title elementor-size-default\">Descargar aplicaci\u00f3n<\/h1>\t\t\t\t<\/div>\n\t\t\t\t<\/div>\n\t\t\t\t<div class=\"elementor-element elementor-element-2678522 elementor-view-default elementor-widget elementor-widget-icon\" data-id=\"2678522\" data-element_type=\"widget\" data-e-type=\"widget\" data-widget_type=\"icon.default\">\n\t\t\t\t<div class=\"elementor-widget-container\">\n\t\t\t\t\t\t\t<div class=\"elementor-icon-wrapper\">\n\t\t\t<a class=\"elementor-icon\" href=\"https:\/\/apps.apple.com\/app\/fotomagico-remote\/id6504674409\" target=\"_blank\" rel=\"noopener\">\n\t\t\t<svg xmlns=\"http:\/\/www.w3.org\/2000\/svg\" xmlns:xlink=\"http:\/\/www.w3.org\/1999\/xlink\" id=\"US_UK_Download_on_the\" x=\"0px\" y=\"0px\" width=\"135px\" height=\"40px\" viewbox=\"0 0 135 40\" xml:space=\"preserve\"><g>\t<path fill=\"#A6A6A6\" d=\"M130.197,40H4.729C2.122,40,0,37.872,0,35.267V4.726C0,2.12,2.122,0,4.729,0h125.468  C132.803,0,135,2.12,135,4.726v30.541C135,37.872,132.803,40,130.197,40L130.197,40z\"><\/path>\t<path d=\"M134.032,35.268c0,2.116-1.714,3.83-3.834,3.83H4.729c-2.119,0-3.839-1.714-3.839-3.83V4.725  c0-2.115,1.72-3.835,3.839-3.835h125.468c2.121,0,3.834,1.72,3.834,3.835L134.032,35.268L134.032,35.268z\"><\/path>\t<g>\t\t<g>\t\t\t<path fill=\"#FFFFFF\" d=\"M30.128,19.784c-0.029-3.223,2.639-4.791,2.761-4.864c-1.511-2.203-3.853-2.504-4.676-2.528    c-1.967-0.207-3.875,1.177-4.877,1.177c-1.022,0-2.565-1.157-4.228-1.123c-2.14,0.033-4.142,1.272-5.24,3.196    c-2.266,3.923-0.576,9.688,1.595,12.859c1.086,1.553,2.355,3.287,4.016,3.226c1.625-0.067,2.232-1.036,4.193-1.036    c1.943,0,2.513,1.036,4.207,0.997c1.744-0.028,2.842-1.56,3.89-3.127c1.255-1.78,1.759-3.533,1.779-3.623    C33.507,24.924,30.161,23.647,30.128,19.784z\"><\/path>\t\t\t<path fill=\"#FFFFFF\" d=\"M26.928,10.306c0.874-1.093,1.472-2.58,1.306-4.089c-1.265,0.056-2.847,0.875-3.758,1.944    c-0.806,0.942-1.526,2.486-1.34,3.938C24.557,12.205,26.016,11.382,26.928,10.306z\"><\/path>\t\t<\/g>\t<\/g>\t<g>\t\t<path fill=\"#FFFFFF\" d=\"M53.645,31.504h-2.271l-1.244-3.909h-4.324l-1.185,3.909h-2.211l4.284-13.308h2.646L53.645,31.504z    M49.755,25.955L48.63,22.48c-0.119-0.355-0.342-1.191-0.671-2.507h-0.04c-0.131,0.566-0.342,1.402-0.632,2.507l-1.105,3.475   H49.755z\"><\/path>\t\t<path fill=\"#FFFFFF\" d=\"M64.662,26.588c0,1.632-0.441,2.922-1.323,3.869c-0.79,0.843-1.771,1.264-2.942,1.264   c-1.264,0-2.172-0.454-2.725-1.362h-0.04v5.055h-2.132V25.067c0-1.026-0.027-2.079-0.079-3.159h1.875l0.119,1.521h0.04   c0.711-1.146,1.79-1.718,3.238-1.718c1.132,0,2.077,0.447,2.833,1.342C64.284,23.949,64.662,25.127,64.662,26.588z M62.49,26.666   c0-0.934-0.21-1.704-0.632-2.31c-0.461-0.632-1.08-0.948-1.856-0.948c-0.526,0-1.004,0.176-1.431,0.523   c-0.428,0.35-0.708,0.807-0.839,1.373c-0.066,0.264-0.099,0.48-0.099,0.65v1.6c0,0.698,0.214,1.287,0.642,1.768   s0.984,0.721,1.668,0.721c0.803,0,1.428-0.31,1.875-0.928C62.266,28.496,62.49,27.68,62.49,26.666z\"><\/path>\t\t<path fill=\"#FFFFFF\" d=\"M75.699,26.588c0,1.632-0.441,2.922-1.324,3.869c-0.789,0.843-1.77,1.264-2.941,1.264   c-1.264,0-2.172-0.454-2.724-1.362H68.67v5.055h-2.132V25.067c0-1.026-0.027-2.079-0.079-3.159h1.875l0.119,1.521h0.04   c0.71-1.146,1.789-1.718,3.238-1.718c1.131,0,2.076,0.447,2.834,1.342C75.32,23.949,75.699,25.127,75.699,26.588z M73.527,26.666   c0-0.934-0.211-1.704-0.633-2.31c-0.461-0.632-1.078-0.948-1.855-0.948c-0.527,0-1.004,0.176-1.432,0.523   c-0.428,0.35-0.707,0.807-0.838,1.373c-0.065,0.264-0.099,0.48-0.099,0.65v1.6c0,0.698,0.214,1.287,0.64,1.768   c0.428,0.48,0.984,0.721,1.67,0.721c0.803,0,1.428-0.31,1.875-0.928C73.303,28.496,73.527,27.68,73.527,26.666z\"><\/path>\t\t<path fill=\"#FFFFFF\" d=\"M88.039,27.772c0,1.132-0.393,2.053-1.182,2.764c-0.867,0.777-2.074,1.165-3.625,1.165   c-1.432,0-2.58-0.276-3.449-0.829l0.494-1.777c0.936,0.566,1.963,0.85,3.082,0.85c0.803,0,1.428-0.182,1.877-0.544   c0.447-0.362,0.67-0.848,0.67-1.454c0-0.54-0.184-0.995-0.553-1.364c-0.367-0.369-0.98-0.712-1.836-1.029   c-2.33-0.869-3.494-2.142-3.494-3.816c0-1.094,0.408-1.991,1.225-2.689c0.814-0.699,1.9-1.048,3.258-1.048   c1.211,0,2.217,0.211,3.02,0.632l-0.533,1.738c-0.75-0.408-1.598-0.612-2.547-0.612c-0.75,0-1.336,0.185-1.756,0.553   c-0.355,0.329-0.533,0.73-0.533,1.205c0,0.526,0.203,0.961,0.611,1.303c0.355,0.316,1,0.658,1.936,1.027   c1.145,0.461,1.986,1,2.527,1.618C87.77,26.081,88.039,26.852,88.039,27.772z\"><\/path>\t\t<path fill=\"#FFFFFF\" d=\"M95.088,23.508h-2.35v4.659c0,1.185,0.414,1.777,1.244,1.777c0.381,0,0.697-0.033,0.947-0.099l0.059,1.619   c-0.42,0.157-0.973,0.236-1.658,0.236c-0.842,0-1.5-0.257-1.975-0.77c-0.473-0.514-0.711-1.376-0.711-2.587v-4.837h-1.4v-1.6h1.4   v-1.757l2.094-0.632v2.389h2.35V23.508z\"><\/path>\t\t<path fill=\"#FFFFFF\" d=\"M105.691,26.627c0,1.475-0.422,2.686-1.264,3.633c-0.883,0.975-2.055,1.461-3.516,1.461   c-1.408,0-2.529-0.467-3.365-1.401s-1.254-2.113-1.254-3.534c0-1.487,0.43-2.705,1.293-3.652c0.861-0.948,2.023-1.422,3.484-1.422   c1.408,0,2.541,0.467,3.396,1.402C105.283,24.021,105.691,25.192,105.691,26.627z M103.479,26.696   c0-0.885-0.189-1.644-0.572-2.277c-0.447-0.766-1.086-1.148-1.914-1.148c-0.857,0-1.508,0.383-1.955,1.148   c-0.383,0.634-0.572,1.405-0.572,2.317c0,0.885,0.189,1.644,0.572,2.276c0.461,0.766,1.105,1.148,1.936,1.148   c0.814,0,1.453-0.39,1.914-1.168C103.281,28.347,103.479,27.58,103.479,26.696z\"><\/path>\t\t<path fill=\"#FFFFFF\" d=\"M112.621,23.783c-0.211-0.039-0.436-0.059-0.672-0.059c-0.75,0-1.33,0.283-1.738,0.85   c-0.355,0.5-0.533,1.132-0.533,1.895v5.035h-2.131l0.02-6.574c0-1.106-0.027-2.113-0.08-3.021h1.857l0.078,1.836h0.059   c0.225-0.631,0.58-1.139,1.066-1.52c0.475-0.343,0.988-0.514,1.541-0.514c0.197,0,0.375,0.014,0.533,0.039V23.783z\"><\/path>\t\t<path fill=\"#FFFFFF\" d=\"M122.156,26.252c0,0.382-0.025,0.704-0.078,0.967h-6.396c0.025,0.948,0.334,1.673,0.928,2.173   c0.539,0.447,1.236,0.671,2.092,0.671c0.947,0,1.811-0.151,2.588-0.454l0.334,1.48c-0.908,0.396-1.98,0.593-3.217,0.593   c-1.488,0-2.656-0.438-3.506-1.313c-0.848-0.875-1.273-2.05-1.273-3.524c0-1.447,0.395-2.652,1.186-3.613   c0.828-1.026,1.947-1.539,3.355-1.539c1.383,0,2.43,0.513,3.141,1.539C121.873,24.047,122.156,25.055,122.156,26.252z    M120.123,25.699c0.014-0.632-0.125-1.178-0.414-1.639c-0.369-0.593-0.936-0.889-1.699-0.889c-0.697,0-1.264,0.289-1.697,0.869   c-0.355,0.461-0.566,1.014-0.631,1.658H120.123z\"><\/path>\t<\/g>\t<g>\t\t<g>\t\t\t<path fill=\"#FFFFFF\" d=\"M49.05,10.009c0,1.177-0.353,2.063-1.058,2.658c-0.653,0.549-1.581,0.824-2.783,0.824    c-0.596,0-1.106-0.026-1.533-0.078V6.982c0.557-0.09,1.157-0.136,1.805-0.136c1.145,0,2.008,0.249,2.59,0.747    C48.723,8.156,49.05,8.961,49.05,10.009z M47.945,10.038c0-0.763-0.202-1.348-0.606-1.756c-0.404-0.407-0.994-0.611-1.771-0.611    c-0.33,0-0.611,0.022-0.844,0.068v4.889c0.129,0.02,0.365,0.029,0.708,0.029c0.802,0,1.421-0.223,1.857-0.669    S47.945,10.892,47.945,10.038z\"><\/path>\t\t\t<path fill=\"#FFFFFF\" d=\"M54.909,11.037c0,0.725-0.207,1.319-0.621,1.785c-0.434,0.479-1.009,0.718-1.727,0.718    c-0.692,0-1.243-0.229-1.654-0.689c-0.41-0.459-0.615-1.038-0.615-1.736c0-0.73,0.211-1.329,0.635-1.794s0.994-0.698,1.712-0.698    c0.692,0,1.248,0.229,1.669,0.688C54.708,9.757,54.909,10.333,54.909,11.037z M53.822,11.071c0-0.435-0.094-0.808-0.281-1.119    c-0.22-0.376-0.533-0.564-0.94-0.564c-0.421,0-0.741,0.188-0.961,0.564c-0.188,0.311-0.281,0.69-0.281,1.138    c0,0.435,0.094,0.808,0.281,1.119c0.227,0.376,0.543,0.564,0.951,0.564c0.4,0,0.714-0.191,0.94-0.574    C53.725,11.882,53.822,11.506,53.822,11.071z\"><\/path>\t\t\t<path fill=\"#FFFFFF\" d=\"M62.765,8.719l-1.475,4.714h-0.96l-0.611-2.047c-0.155-0.511-0.281-1.019-0.379-1.523h-0.019    c-0.091,0.518-0.217,1.025-0.379,1.523l-0.649,2.047h-0.971l-1.387-4.714h1.077l0.533,2.241c0.129,0.53,0.235,1.035,0.32,1.513    h0.019c0.078-0.394,0.207-0.896,0.389-1.503l0.669-2.25h0.854l0.641,2.202c0.155,0.537,0.281,1.054,0.378,1.552h0.029    c0.071-0.485,0.178-1.002,0.32-1.552l0.572-2.202H62.765z\"><\/path>\t\t\t<path fill=\"#FFFFFF\" d=\"M68.198,13.433H67.15v-2.7c0-0.832-0.316-1.248-0.95-1.248c-0.311,0-0.562,0.114-0.757,0.343    c-0.193,0.229-0.291,0.499-0.291,0.808v2.796h-1.048v-3.366c0-0.414-0.013-0.863-0.038-1.349h0.921l0.049,0.737h0.029    c0.122-0.229,0.304-0.418,0.543-0.569c0.284-0.176,0.602-0.265,0.95-0.265c0.44,0,0.806,0.142,1.097,0.427    c0.362,0.349,0.543,0.87,0.543,1.562V13.433z\"><\/path>\t\t\t<path fill=\"#FFFFFF\" d=\"M71.088,13.433h-1.047V6.556h1.047V13.433z\"><\/path>\t\t\t<path fill=\"#FFFFFF\" d=\"M77.258,11.037c0,0.725-0.207,1.319-0.621,1.785c-0.434,0.479-1.01,0.718-1.727,0.718    c-0.693,0-1.244-0.229-1.654-0.689c-0.41-0.459-0.615-1.038-0.615-1.736c0-0.73,0.211-1.329,0.635-1.794s0.994-0.698,1.711-0.698    c0.693,0,1.248,0.229,1.67,0.688C77.057,9.757,77.258,10.333,77.258,11.037z M76.17,11.071c0-0.435-0.094-0.808-0.281-1.119    c-0.219-0.376-0.533-0.564-0.939-0.564c-0.422,0-0.742,0.188-0.961,0.564c-0.188,0.311-0.281,0.69-0.281,1.138    c0,0.435,0.094,0.808,0.281,1.119c0.227,0.376,0.543,0.564,0.951,0.564c0.4,0,0.713-0.191,0.939-0.574    C76.074,11.882,76.17,11.506,76.17,11.071z\"><\/path>\t\t\t<path fill=\"#FFFFFF\" d=\"M82.33,13.433h-0.941l-0.078-0.543h-0.029c-0.322,0.433-0.781,0.65-1.377,0.65    c-0.445,0-0.805-0.143-1.076-0.427c-0.246-0.258-0.369-0.579-0.369-0.96c0-0.576,0.24-1.015,0.723-1.319    c0.482-0.304,1.16-0.453,2.033-0.446V10.3c0-0.621-0.326-0.931-0.979-0.931c-0.465,0-0.875,0.117-1.229,0.349l-0.213-0.688    c0.438-0.271,0.979-0.407,1.617-0.407c1.232,0,1.85,0.65,1.85,1.95v1.736C82.262,12.78,82.285,13.155,82.33,13.433z     M81.242,11.813v-0.727c-1.156-0.02-1.734,0.297-1.734,0.95c0,0.246,0.066,0.43,0.201,0.553c0.135,0.123,0.307,0.184,0.512,0.184    c0.23,0,0.445-0.073,0.641-0.218c0.197-0.146,0.318-0.331,0.363-0.558C81.236,11.946,81.242,11.884,81.242,11.813z\"><\/path>\t\t\t<path fill=\"#FFFFFF\" d=\"M88.285,13.433h-0.93l-0.049-0.757h-0.029c-0.297,0.576-0.803,0.864-1.514,0.864    c-0.568,0-1.041-0.223-1.416-0.669s-0.562-1.025-0.562-1.736c0-0.763,0.203-1.381,0.611-1.853c0.395-0.44,0.879-0.66,1.455-0.66    c0.633,0,1.076,0.213,1.328,0.64h0.02V6.556h1.049v5.607C88.248,12.622,88.26,13.045,88.285,13.433z M87.199,11.445v-0.786    c0-0.136-0.01-0.246-0.029-0.33c-0.059-0.252-0.186-0.464-0.379-0.635c-0.195-0.171-0.43-0.257-0.701-0.257    c-0.391,0-0.697,0.155-0.922,0.466c-0.223,0.311-0.336,0.708-0.336,1.193c0,0.466,0.107,0.844,0.322,1.135    c0.227,0.31,0.533,0.465,0.916,0.465c0.344,0,0.619-0.129,0.828-0.388C87.1,12.069,87.199,11.781,87.199,11.445z\"><\/path>\t\t\t<path fill=\"#FFFFFF\" d=\"M97.248,11.037c0,0.725-0.207,1.319-0.621,1.785c-0.434,0.479-1.008,0.718-1.727,0.718    c-0.691,0-1.242-0.229-1.654-0.689c-0.41-0.459-0.615-1.038-0.615-1.736c0-0.73,0.211-1.329,0.635-1.794s0.994-0.698,1.713-0.698    c0.691,0,1.248,0.229,1.668,0.688C97.047,9.757,97.248,10.333,97.248,11.037z M96.162,11.071c0-0.435-0.094-0.808-0.281-1.119    c-0.221-0.376-0.533-0.564-0.941-0.564c-0.42,0-0.74,0.188-0.961,0.564c-0.188,0.311-0.281,0.69-0.281,1.138    c0,0.435,0.094,0.808,0.281,1.119c0.227,0.376,0.543,0.564,0.951,0.564c0.4,0,0.715-0.191,0.941-0.574    C96.064,11.882,96.162,11.506,96.162,11.071z\"><\/path>\t\t\t<path fill=\"#FFFFFF\" d=\"M102.883,13.433h-1.047v-2.7c0-0.832-0.316-1.248-0.951-1.248c-0.311,0-0.562,0.114-0.756,0.343    s-0.291,0.499-0.291,0.808v2.796h-1.049v-3.366c0-0.414-0.012-0.863-0.037-1.349h0.92l0.049,0.737h0.029    c0.123-0.229,0.305-0.418,0.543-0.569c0.285-0.176,0.602-0.265,0.951-0.265c0.439,0,0.805,0.142,1.096,0.427    c0.363,0.349,0.543,0.87,0.543,1.562V13.433z\"><\/path>\t\t\t<path fill=\"#FFFFFF\" d=\"M109.936,9.504h-1.154v2.29c0,0.582,0.205,0.873,0.611,0.873c0.188,0,0.344-0.016,0.467-0.049    l0.027,0.795c-0.207,0.078-0.479,0.117-0.814,0.117c-0.414,0-0.736-0.126-0.969-0.378c-0.234-0.252-0.35-0.676-0.35-1.271V9.504    h-0.689V8.719h0.689V7.855l1.027-0.31v1.173h1.154V9.504z\"><\/path>\t\t\t<path fill=\"#FFFFFF\" d=\"M115.484,13.433h-1.049v-2.68c0-0.845-0.316-1.268-0.949-1.268c-0.486,0-0.818,0.245-1,0.735    c-0.031,0.103-0.049,0.229-0.049,0.377v2.835h-1.047V6.556h1.047v2.841h0.02c0.33-0.517,0.803-0.775,1.416-0.775    c0.434,0,0.793,0.142,1.078,0.427c0.355,0.355,0.533,0.883,0.533,1.581V13.433z\"><\/path>\t\t\t<path fill=\"#FFFFFF\" d=\"M121.207,10.853c0,0.188-0.014,0.346-0.039,0.475h-3.143c0.014,0.466,0.164,0.821,0.455,1.067    c0.266,0.22,0.609,0.33,1.029,0.33c0.465,0,0.889-0.074,1.271-0.223l0.164,0.728c-0.447,0.194-0.973,0.291-1.582,0.291    c-0.73,0-1.305-0.215-1.721-0.645c-0.418-0.43-0.625-1.007-0.625-1.731c0-0.711,0.193-1.303,0.582-1.775    c0.406-0.504,0.955-0.756,1.648-0.756c0.678,0,1.193,0.252,1.541,0.756C121.068,9.77,121.207,10.265,121.207,10.853z     M120.207,10.582c0.008-0.311-0.061-0.579-0.203-0.805c-0.182-0.291-0.459-0.437-0.834-0.437c-0.342,0-0.621,0.142-0.834,0.427    c-0.174,0.227-0.277,0.498-0.311,0.815H120.207z\"><\/path>\t\t<\/g>\t<\/g><\/g><\/svg>\t\t\t<\/a>\n\t\t<\/div>\n\t\t\t\t\t\t<\/div>\n\t\t\t\t<\/div>\n\t\t\t\t\t<\/div>\n\t\t\t\t<\/div>\n\t\t\t\t<\/div>","protected":false},"excerpt":{"rendered":"<p>Elevate your slideshow presentations with the FotoMagico Remote App, designed to enhance your FotoMagico experience. This intuitive app allows you to control your slideshows directly from your iPhone or iPad, providing seamless navigation through slides, easy start\/stop functions, and access to your presentation notes. Connect wirelessly to your Mac for a professional, hassle-free presentation experience, [&hellip;]<\/p>\n","protected":false},"author":1,"featured_media":0,"parent":0,"menu_order":0,"comment_status":"closed","ping_status":"closed","template":"","meta":{"_acf_changed":false,"footnotes":""},"class_list":["post-8684","page","type-page","status-publish","hentry"],"acf":[],"_links":{"self":[{"href":"https:\/\/fotomagico.com\/es-es\/wp-json\/wp\/v2\/pages\/8684","targetHints":{"allow":["GET"]}}],"collection":[{"href":"https:\/\/fotomagico.com\/es-es\/wp-json\/wp\/v2\/pages"}],"about":[{"href":"https:\/\/fotomagico.com\/es-es\/wp-json\/wp\/v2\/types\/page"}],"author":[{"embeddable":true,"href":"https:\/\/fotomagico.com\/es-es\/wp-json\/wp\/v2\/users\/1"}],"replies":[{"embeddable":true,"href":"https:\/\/fotomagico.com\/es-es\/wp-json\/wp\/v2\/comments?post=8684"}],"version-history":[{"count":8,"href":"https:\/\/fotomagico.com\/es-es\/wp-json\/wp\/v2\/pages\/8684\/revisions"}],"predecessor-version":[{"id":8881,"href":"https:\/\/fotomagico.com\/es-es\/wp-json\/wp\/v2\/pages\/8684\/revisions\/8881"}],"wp:attachment":[{"href":"https:\/\/fotomagico.com\/es-es\/wp-json\/wp\/v2\/media?parent=8684"}],"curies":[{"name":"wp","href":"https:\/\/api.w.org\/{rel}","templated":true}]}}