{"id":8044,"date":"2024-04-17T11:33:29","date_gmt":"2024-04-17T09:33:29","guid":{"rendered":"https:\/\/fotomagico.com\/?page_id=8044"},"modified":"2024-04-17T11:34:27","modified_gmt":"2024-04-17T09:34:27","slug":"condiciones-de-servicio-fotomagico","status":"publish","type":"page","link":"https:\/\/fotomagico.com\/es-es\/terms-of-service-fotomagico\/","title":{"rendered":"Condiciones del servicio FotoMagico"},"content":{"rendered":"<div data-elementor-type=\"wp-page\" data-elementor-id=\"8044\" class=\"elementor elementor-8044\" data-elementor-post-type=\"page\">\n\t\t\t\t<div class=\"elementor-element elementor-element-71682e4 e-flex e-con-boxed e-con e-parent\" data-id=\"71682e4\" data-element_type=\"container\" data-e-type=\"container\">\n\t\t\t\t\t<div class=\"e-con-inner\">\n\t\t<div class=\"elementor-element elementor-element-37cd8e5 e-flex e-con-boxed e-con e-child\" data-id=\"37cd8e5\" data-element_type=\"container\" data-e-type=\"container\">\n\t\t\t\t\t<div class=\"e-con-inner\">\n\t\t\t\t<div class=\"elementor-element elementor-element-18fb8e1 elementor-widget elementor-widget-text-editor\" data-id=\"18fb8e1\" data-element_type=\"widget\" data-e-type=\"widget\" data-widget_type=\"text-editor.default\">\n\t\t\t\t<div class=\"elementor-widget-container\">\n\t\t\t\t\t\t\t\t\t<header><span class=\"headline\">Condiciones de servicio de FotoMagico<\/span><\/header><div class=\"text\"><h1>Acuerdo de licencia de usuario final de Boinx<\/h1><p>El presente Contrato es un acuerdo legal entre usted (ya sea una persona f\u00edsica o jur\u00eddica, \"El Licenciatario\") y Boinx Software International GmbH (\"El Licenciante\") para el producto de software FotoMagico (\"El Producto\"). El Producto consta de varios archivos, incluida una aplicaci\u00f3n que se distribuye en formato electr\u00f3nico mediante descarga desde Internet.<\/p><p>Al instalar o utilizar de cualquier otro modo el Producto, usted acepta los t\u00e9rminos de este Contrato de Licencia. Si no est\u00e1 de acuerdo con los t\u00e9rminos de este Contrato de Licencia, borre inmediatamente todas las copias del Producto no utilizadas de sus dispositivos de almacenamiento masivo. El Producto est\u00e1 protegido por las leyes y tratados internacionales sobre derechos de autor, as\u00ed como por otras leyes y tratados sobre propiedad intelectual.<\/p><h2>Concesi\u00f3n de licencia<\/h2><p>A. Boinx Software concede al Licenciatario una licencia intransferible para usar el Producto en cualquier producto de la marca Apple que ejecute Mac OS X, que usted posea o controle y seg\u00fan lo permitido por las \"Reglas de Uso\". El Producto se le concede bajo licencia, no se le vende<\/p><p>B. Esta licencia no le permite utilizar el Producto en ning\u00fan Dispositivo Apple que no sea de su propiedad o no est\u00e9 bajo su control, y no podr\u00e1 distribuir ni poner a disposici\u00f3n el Producto a trav\u00e9s de una red. Usted no puede alquilar, arrendar, prestar, vender, redistribuir o sublicenciar la Aplicaci\u00f3n Licenciada. No est\u00e1 permitido copiar, descompilar, realizar ingenier\u00eda inversa, desensamblar, intentar obtener el c\u00f3digo fuente, modificar o crear trabajos derivados del Producto, sus actualizaciones o cualquier parte del mismo. Cualquier intento de hacerlo constituye una violaci\u00f3n de los derechos del Licenciante y de sus licenciantes.<\/p><h2>Normas de uso<\/h2><p>A. Si usted es un particular que act\u00faa a t\u00edtulo personal, puede descargar y utilizar el Producto para uso personal y no comercial en cualquier producto de la marca Apple que ejecute Mac OS X (\"Ordenador Mac\") de su propiedad o bajo su control.<\/p><p>B. Si usted es una empresa comercial o una instituci\u00f3n educativa, puede descargar el Producto para su uso por (a) una \u00fanica persona en cada uno de los ordenadores Mac utilizados por dicha persona que usted posea o controle o (b) varias personas en un \u00fanico ordenador Mac compartido que usted posea o controle. Por ejemplo, un solo empleado puede utilizar un Producto tanto en su Ordenador Mac de sobremesa como en su Ordenador Mac port\u00e1til, o varios estudiantes pueden utilizar en serie un Producto en un \u00fanico Ordenador Mac ubicado en un centro de recursos o biblioteca. En aras de la claridad, cada Ordenador Mac utilizado en serie por varios usuarios requiere una licencia independiente.<\/p><h2>Consentimiento para el uso de datos<\/h2><p>Ud. acepta que el Licenciante pueda recabar y utilizar datos t\u00e9cnicos e informaci\u00f3n relacionada -incluyendo, a t\u00edtulo meramente enunciativo y no limitativo, informaci\u00f3n t\u00e9cnica sobre su dispositivo, sistema y software de aplicaci\u00f3n y perif\u00e9ricos- que se recopile peri\u00f3dicamente para facilitar el suministro de actualizaciones de software, soporte del producto y otros servicios a Ud. (en su caso) relacionados con el Producto. El Licenciante podr\u00e1 utilizar esta informaci\u00f3n, siempre y cuando est\u00e9 en una forma que no le identifique personalmente, para mejorar sus productos o para proporcionarle servicios o tecnolog\u00edas.<\/p><h2>Garant\u00eda y responsabilidad del producto<\/h2><p>EL LICENCIATARIO RECONOCE QUE EL PRODUCTO SE COMERCIALIZA \"TAL CUAL\" Y QUE NO EXISTE NINGUNA GARANT\u00cdA EXPRESA O IMPL\u00cdCITA EN CUANTO A SU FUNCIONAMIENTO, SEGURIDAD, RENDIMIENTO O EFECTO SOBRE OTRO SOFTWARE O HARDWARE. EL LICENCIANTE NO EST\u00c1 OBLIGADO A PROPORCIONAR MANTENIMIENTO, SOPORTE O REVISI\u00d3N DEL PRODUCTO. NO EXISTEN GARANT\u00cdAS NI CONDICIONES, EXPRESAS O IMPL\u00cdCITAS, LEGALES O DE OTRO TIPO, APLICABLES AL PRODUCTO, INCLUIDA, A T\u00cdTULO MERAMENTE ENUNCIATIVO Y NO LIMITATIVO, CUALQUIER GARANT\u00cdA EXPRESA O IMPL\u00cdCITA CON RESPECTO A LA COMERCIABILIDAD O IDONEIDAD PARA UN FIN DETERMINADO. EN NING\u00daN CASO EL LICENCIANTE SER\u00c1 RESPONSABLE POR DA\u00d1OS ESPECIALES, INDIRECTOS, DIRECTOS, PUNITIVOS, CONSECUENTES O DE CUALQUIER OTRO TIPO, INCLUYENDO P\u00c9RDIDA DE BENEFICIOS, P\u00c9RDIDA DE USO O P\u00c9RDIDA DE DATOS. EL LICENCIATARIO ACEPTA QUE NI EL LICENCIANTE NI LAS PERSONAS RESPONSABLES DEL DESARROLLO DEL PRODUCTO SER\u00c1N RESPONSABLES ANTE EL LICENCIATARIO DE CUALQUIER P\u00c9RDIDA, COSTE O DA\u00d1O DE CUALQUIER TIPO SUFRIDO POR EL LICENCIATARIO QUE PUEDA DERIVARSE DEL USO, ALTERACI\u00d3N O DISTRIBUCI\u00d3N DE LA OBRA Y EL LICENCIATARIO ACEPTA INDEMNIZAR Y MANTENER INDEMNE AL LICENCIANTE, SUS DIRECTIVOS Y EMPLEADOS DE CUALQUIER RECLAMACI\u00d3N DE ESTE TIPO.<\/p><p>Si utiliza FotoMagico para subir v\u00eddeos a YouTube, acepta quedar vinculado por la\u00a0<a href=\"https:\/\/www.youtube.com\/t\/terms\" target=\"_blank\" rel=\"noopener\">Condiciones de servicio de YouTube<\/a>.<\/p><p>El presente Contrato constituye el acuerdo \u00edntegro de las partes y no podr\u00e1 ser modificado salvo por escrito por El Licenciante. El presente Contrato se regir\u00e1 por las leyes de Alemania.<\/p><h2>Cr\u00e9ditos de terceros<\/h2><p>A continuaci\u00f3n figura una lista de cr\u00e9ditos por el uso de los respectivos componentes de terceros en el c\u00f3digo fuente de FotoMagico.<\/p><p>PromiseKit<\/p><p>Copyright 2016-presente, Max Howell; mxcl@me.com<\/p><p>Por la presente se concede permiso, de forma gratuita, a cualquier persona que obtenga una copia de este software y de los archivos de documentaci\u00f3n asociados (el \"Software\"), para comerciar con el Software sin restricciones, incluyendo, sin limitaci\u00f3n, los derechos de uso, copia, modificaci\u00f3n, fusi\u00f3n, publicaci\u00f3n, distribuci\u00f3n, sublicencia y\/o venta de copias del Software, y para permitir que las personas a las que se proporcione el Software lo hagan, sujeto a las siguientes condiciones: El aviso de copyright anterior y este aviso de permiso se incluir\u00e1n en todas las copias o partes sustanciales del Software.<\/p><p>EL SOFTWARE SE PROPORCIONA \"TAL CUAL\", SIN GARANT\u00cdA DE NING\u00daN TIPO, EXPRESA O IMPL\u00cdCITA, INCLUIDAS, ENTRE OTRAS, LAS GARANT\u00cdAS DE COMERCIABILIDAD, IDONEIDAD PARA UN FIN DETERMINADO Y NO INFRACCI\u00d3N. EN NING\u00daN CASO LOS AUTORES O LOS TITULARES DE LOS DERECHOS DE AUTOR SER\u00c1N RESPONSABLES DE NINGUNA RECLAMACI\u00d3N, DA\u00d1O U OTRA RESPONSABILIDAD, YA SEA EN UNA ACCI\u00d3N CONTRACTUAL, EXTRACONTRACTUAL O DE OTRO TIPO, QUE SURJA DE, O EST\u00c9 RELACIONADA CON EL SOFTWARE O EL USO U OTRAS OPERACIONES CON EL SOFTWARE.<\/p><p>SwiftyStoreKit<\/p><p>Copyright @2015-2016 Andrea Bizzotto<\/p><p>Por la presente se concede permiso, de forma gratuita, a cualquier persona que obtenga una copia de este software y de los archivos de documentaci\u00f3n asociados (el \"Software\"), para comerciar con el Software sin restricciones, incluyendo sin limitaci\u00f3n los derechos de uso, copia, modificaci\u00f3n, fusi\u00f3n, publicaci\u00f3n, distribuci\u00f3n, sublicencia y\/o venta de copias del Software, y para permitir a las personas a las que se proporcione el Software que lo hagan, sujeto a las siguientes condiciones:<\/p><p>El aviso de copyright anterior y este aviso de permiso se incluir\u00e1n en todas las copias o partes sustanciales del Software.<\/p><p>EL SOFTWARE SE PROPORCIONA \"TAL CUAL\", SIN GARANT\u00cdA DE NING\u00daN TIPO, EXPRESA O IMPL\u00cdCITA, INCLUIDAS, ENTRE OTRAS, LAS GARANT\u00cdAS DE COMERCIABILIDAD, IDONEIDAD PARA UN FIN DETERMINADO Y NO INFRACCI\u00d3N. EN NING\u00daN CASO LOS AUTORES O LOS TITULARES DE LOS DERECHOS DE AUTOR SER\u00c1N RESPONSABLES DE NINGUNA RECLAMACI\u00d3N, DA\u00d1O U OTRA RESPONSABILIDAD, YA SEA EN UNA ACCI\u00d3N CONTRACTUAL, EXTRACONTRACTUAL O DE OTRO TIPO, QUE SURJA DE, O EST\u00c9 RELACIONADA CON EL SOFTWARE O EL USO U OTRAS OPERACIONES CON EL SOFTWARE.<\/p><p>Fundaci\u00f3n ZIP<\/p><p>Copyright (c) 2017-2021 Thomas Zoechling (<a href=\"https:\/\/www.peakstep.com\/\" target=\"_blank\" rel=\"noopener\">https:\/\/www.peakstep.com<\/a>) Por la presente se concede permiso, sin cargo alguno, a cualquier persona que obtenga una copia de este software y de los archivos de documentaci\u00f3n asociados (el \"Software\"), para comerciar con el Software sin restricciones, incluyendo sin limitaci\u00f3n los derechos de uso, copia, modificaci\u00f3n, fusi\u00f3n, publicaci\u00f3n, distribuci\u00f3n, sublicencia y\/o venta de copias del Software, y para permitir a las personas a las que se proporcione el Software que lo hagan, sujeto a las siguientes condiciones:<\/p><p>El aviso de copyright anterior y este aviso de permiso se incluir\u00e1n en todas las copias o partes sustanciales del Software.<\/p><p>EL SOFTWARE SE PROPORCIONA \"TAL CUAL\", SIN GARANT\u00cdA DE NING\u00daN TIPO, EXPRESA O IMPL\u00cdCITA, INCLUIDAS, ENTRE OTRAS, LAS GARANT\u00cdAS DE COMERCIABILIDAD, IDONEIDAD PARA UN FIN DETERMINADO Y NO INFRACCI\u00d3N. EN NING\u00daN CASO LOS AUTORES O LOS TITULARES DE LOS DERECHOS DE AUTOR SER\u00c1N RESPONSABLES DE NINGUNA RECLAMACI\u00d3N, DA\u00d1O U OTRA RESPONSABILIDAD, YA SEA EN UNA ACCI\u00d3N CONTRACTUAL, EXTRACONTRACTUAL O DE OTRO TIPO, QUE SURJA DE, O EST\u00c9 RELACIONADA CON EL SOFTWARE O EL USO U OTRAS OPERACIONES CON EL SOFTWARE.<\/p><p>Navegador iMedia<\/p><p>Copyright \u00a92005-2013 by Karelia Software et al. Copyright \u00a92010-2020 by J\u00f6rg Jacobsen Copyright \u00a92010-2021 by Peter Baumgartner Copyright \u00a92010-2021 by Pierre Bernard<\/p><p>iMedia Browser se basa en un c\u00f3digo desarrollado originalmente por Jason Terhorst y perfeccionado para Sandvox por Greg Hulands, Dan Wood y Terrence Talbot. La nueva arquitectura de la versi\u00f3n 2.0 fue desarrollada por Peter Baumgartner. Tambi\u00e9n han contribuido Matt Gough, Martin Wennerberg y otros, como se indica en los archivos fuente. iMedia Browser Framework est\u00e1 licenciado bajo los siguientes t\u00e9rminos:<\/p><p>Por la presente se concede permiso, de forma gratuita, a cualquier persona que obtenga una copia de este software y de los archivos de documentaci\u00f3n asociados (el \"Software\"), para comerciar con la totalidad o partes sustanciales del Software sin restricciones, incluidos, sin limitaci\u00f3n, los derechos de uso, copia, modificaci\u00f3n, fusi\u00f3n, publicaci\u00f3n, distribuci\u00f3n, sublicencia y\/o venta de copias del Software, y para permitir que las personas a las que se proporcione el Software lo hagan, con sujeci\u00f3n a las siguientes condiciones:<\/p><p>Las redistribuciones del c\u00f3digo fuente deben conservar los t\u00e9rminos originales aqu\u00ed expuestos, incluida esta lista de condiciones, la cl\u00e1usula de exenci\u00f3n de responsabilidad indicada a continuaci\u00f3n y el siguiente aviso de copyright: Copyright (c) 2005-2012 by Karelia Software et al. Las redistribuciones en formato binario deben incluir, de forma visible para el usuario final, por ejemplo, en la ventana Acerca de, la ventana de Agradecimientos o similar, a) los t\u00e9rminos originales aqu\u00ed expuestos, incluida esta lista de condiciones, la exenci\u00f3n de responsabilidad indicada a continuaci\u00f3n y el aviso de copyright antes mencionado, o b) el aviso de copyright antes mencionado y un enlace a karelia.com\/imedia. Ni el nombre de Karelia Software, ni el de Sandvox, ni los nombres de los colaboradores del Navegador iMedia pueden utilizarse para respaldar o promocionar productos derivados del Software sin el permiso previo y expreso por escrito de Karelia Software o de los colaboradores individuales, seg\u00fan corresponda.<\/p><p>Descargo de responsabilidad: EL SOFTWARE ES PROPORCIONADO POR EL TITULAR DE LOS DERECHOS DE AUTOR Y LOS COLABORADORES \"TAL CUAL\", SIN GARANT\u00cdA DE NING\u00daN TIPO, EXPRESA O IMPL\u00cdCITA, INCLUIDAS, ENTRE OTRAS, LAS GARANT\u00cdAS DE COMERCIABILIDAD, IDONEIDAD PARA UN FIN PARTICULAR Y NO VIOLACI\u00d3N. EN NING\u00daN CASO LOS AUTORES O LOS TITULARES DE LOS DERECHOS DE AUTOR SER\u00c1N RESPONSABLES DE NINGUNA RECLAMACI\u00d3N, DA\u00d1O U OTRA RESPONSABILIDAD, YA SEA EN UNA ACCI\u00d3N CONTRACTUAL, EXTRACONTRACTUAL O DE OTRO TIPO, QUE SURJA DE, O EST\u00c9 RELACIONADA CON, EL SOFTWARE O EL USO U OTRAS OPERACIONES CON EL SOFTWARE. 2004-2013 por Karelia Software<\/p><p>CoreGPX<\/p><p>Copyright (c) 2018 Vincent Neo<\/p><p>Por la presente se concede permiso, de forma gratuita, a cualquier persona que obtenga una copia de este software y de los archivos de documentaci\u00f3n asociados (el \"Software\"), para comerciar con el Software sin restricciones, incluyendo sin limitaci\u00f3n los derechos de uso, copia, modificaci\u00f3n, fusi\u00f3n, publicaci\u00f3n, distribuci\u00f3n, sublicencia y\/o venta de copias del Software, y para permitir a las personas a las que se proporcione el Software que lo hagan, sujeto a las siguientes condiciones:<\/p><p>El aviso de copyright anterior y este aviso de permiso se incluir\u00e1n en todas las copias o partes sustanciales del Software.<\/p><p>EL SOFTWARE SE PROPORCIONA \"TAL CUAL\", SIN GARANT\u00cdA DE NING\u00daN TIPO, EXPRESA O IMPL\u00cdCITA, INCLUIDAS, ENTRE OTRAS, LAS GARANT\u00cdAS DE COMERCIABILIDAD, IDONEIDAD PARA UN FIN DETERMINADO Y NO INFRACCI\u00d3N. EN NING\u00daN CASO LOS AUTORES O LOS TITULARES DE LOS DERECHOS DE AUTOR SER\u00c1N RESPONSABLES DE NINGUNA RECLAMACI\u00d3N, DA\u00d1O U OTRA RESPONSABILIDAD, YA SEA EN UNA ACCI\u00d3N CONTRACTUAL, EXTRACONTRACTUAL O DE OTRO TIPO, QUE SURJA DE, O EST\u00c9 RELACIONADA CON EL SOFTWARE O EL USO U OTRAS OPERACIONES CON EL SOFTWARE.<\/p><p>Destello<\/p><p>Copyright (c) 2006-2013 Andy Matuschak. Copyright (c) 2009-2013 Elgato Systems GmbH. Derechos de autor (c) 2011-2014 Kornel Lesi\u0144ski. Derechos de autor (c) 2015-2017 Mayur Pawashe. Derechos de autor (c) 2014 C.W. Betts. Copyright (c) 2014 Petroules Corporation. Copyright (c) 2014 Big Nerd Ranch. Todos los derechos reservados.<\/p><p>Por la presente se concede permiso, de forma gratuita, a cualquier persona que obtenga una copia de este software y de los archivos de documentaci\u00f3n asociados (el \"Software\"), para comerciar con el Software sin restricciones, incluyendo sin limitaci\u00f3n los derechos de uso, copia, modificaci\u00f3n, fusi\u00f3n, publicaci\u00f3n, distribuci\u00f3n, sublicencia y\/o venta de copias del Software, y para permitir a las personas a las que se proporcione el Software que lo hagan, sujeto a las siguientes condiciones:<\/p><p>El aviso de copyright anterior y este aviso de permiso se incluir\u00e1n en todas las copias o partes sustanciales del Software.<\/p><p>EL SOFTWARE SE PROPORCIONA \"TAL CUAL\", SIN GARANT\u00cdA DE NING\u00daN TIPO, EXPRESA O IMPL\u00cdCITA, INCLUIDAS, ENTRE OTRAS, LAS GARANT\u00cdAS DE COMERCIABILIDAD, IDONEIDAD PARA UN FIN DETERMINADO Y NO INFRACCI\u00d3N. EN NING\u00daN CASO LOS AUTORES O LOS TITULARES DE LOS DERECHOS DE AUTOR SER\u00c1N RESPONSABLES DE NINGUNA RECLAMACI\u00d3N, DA\u00d1O U OTRA RESPONSABILIDAD, YA SEA EN UNA ACCI\u00d3N CONTRACTUAL, EXTRACONTRACTUAL O DE OTRO TIPO, QUE SURJA DE, O EST\u00c9 RELACIONADA CON EL SOFTWARE O EL USO U OTRAS OPERACIONES CON EL SOFTWARE.<\/p><p>RxSwift<\/p><p>Copyright \u00a9 2015 Krunoslav Zaher, Todos los derechos reservados.<\/p><p>Por la presente se concede permiso, de forma gratuita, a cualquier persona que obtenga una copia de este software y de los archivos de documentaci\u00f3n asociados (el \"Software\"), para comerciar con el Software sin restricciones, incluyendo sin limitaci\u00f3n los derechos de uso, copia, modificaci\u00f3n, fusi\u00f3n, publicaci\u00f3n, distribuci\u00f3n, sublicencia y\/o venta de copias del Software, y para permitir a las personas a las que se proporcione el Software que lo hagan, sujeto a las siguientes condiciones:<\/p><p>El aviso de copyright anterior y este aviso de permiso se incluir\u00e1n en todas las copias o partes sustanciales del Software.<\/p><p>EL SOFTWARE SE PROPORCIONA \"TAL CUAL\", SIN GARANT\u00cdA DE NING\u00daN TIPO, EXPRESA O IMPL\u00cdCITA, INCLUIDAS, ENTRE OTRAS, LAS GARANT\u00cdAS DE COMERCIABILIDAD, IDONEIDAD PARA UN FIN DETERMINADO Y NO INFRACCI\u00d3N. EN NING\u00daN CASO LOS AUTORES O LOS TITULARES DE LOS DERECHOS DE AUTOR SER\u00c1N RESPONSABLES DE NINGUNA RECLAMACI\u00d3N, DA\u00d1O U OTRA RESPONSABILIDAD, YA SEA EN UNA ACCI\u00d3N CONTRACTUAL, EXTRACONTRACTUAL O DE OTRO TIPO, QUE SURJA DE, O EST\u00c9 RELACIONADA CON EL SOFTWARE O EL USO U OTRAS OPERACIONES CON EL SOFTWARE.<\/p><p>Starscream<\/p><p>Derechos de autor (c) 2014-2016 Dalton Cherry.<\/p><p>Starscream est\u00e1 bajo licencia Apache v2 License.<\/p><p>soporte swift-nio-zlib<\/p><p>Copyright 2018, Apple Inc.<\/p><p>Licenciado bajo la Licencia Apache, Versi\u00f3n 2.0 (la \"Licencia\"); no puede utilizar este archivo salvo de conformidad con la Licencia. Puede obtener una copia de la Licencia en\u00a0<a href=\"http:\/\/www.apache.org\/licenses\/LICENSE-2.0\" target=\"_blank\" rel=\"noopener\">http:\/\/www.apache.org\/licenses\/LICENSE-2.0<\/a><\/p><p>A menos que lo exija la legislaci\u00f3n aplicable o se acuerde por escrito, el software distribuido bajo la Licencia se distribuye \"TAL CUAL\", SIN GARANT\u00cdAS NI CONDICIONES DE NING\u00daN TIPO, ya sean expresas o impl\u00edcitas. Consulte la Licencia para conocer el lenguaje espec\u00edfico que rige los permisos y limitaciones bajo la Licencia.<\/p><p>SPDX-Licencia-Identificador: Apache-2.0<\/p><p>SwiftPhoenixClient<\/p><p>Copyright (c) 2015 David Stump<\/p><p>Por la presente se concede permiso, de forma gratuita, a cualquier persona que obtenga una copia de este software y de los archivos de documentaci\u00f3n asociados (el \"Software\"), para comerciar con el Software sin restricciones, incluyendo sin limitaci\u00f3n los derechos de uso, copia, modificaci\u00f3n, fusi\u00f3n, publicaci\u00f3n, distribuci\u00f3n, sublicencia y\/o venta de copias del Software, y para permitir a las personas a las que se proporcione el Software que lo hagan, sujeto a las siguientes condiciones:<\/p><p>El aviso de copyright anterior y este aviso de permiso se incluir\u00e1n en todas las copias o partes sustanciales del Software.<\/p><p>EL SOFTWARE SE PROPORCIONA \"TAL CUAL\", SIN GARANT\u00cdA DE NING\u00daN TIPO, EXPRESA O IMPL\u00cdCITA, INCLUIDAS, ENTRE OTRAS, LAS GARANT\u00cdAS DE COMERCIABILIDAD, IDONEIDAD PARA UN FIN DETERMINADO Y NO INFRACCI\u00d3N. EN NING\u00daN CASO LOS AUTORES O LOS TITULARES DE LOS DERECHOS DE AUTOR SER\u00c1N RESPONSABLES DE NINGUNA RECLAMACI\u00d3N, DA\u00d1O U OTRA RESPONSABILIDAD, YA SEA EN UNA ACCI\u00d3N CONTRACTUAL, EXTRACONTRACTUAL O DE OTRO TIPO, QUE SURJA DE, O EST\u00c9 RELACIONADA CON EL SOFTWARE O EL USO U OTRAS OPERACIONES CON EL SOFTWARE.<\/p><p>BeatDetect<\/p><p>Utilizado bajo licencia MIT con permiso de Daniel Iglesia<\/p><p>Copyright (c) 2021 Daniel Iglesia<\/p><p>Por la presente se concede permiso, de forma gratuita, a cualquier persona que obtenga una copia de este software y de los archivos de documentaci\u00f3n asociados (el \"Software\"), para comerciar con el Software sin restricciones, incluidos, entre otros, los derechos de uso, copia, modificaci\u00f3n, fusi\u00f3n, publicaci\u00f3n, distribuci\u00f3n, sublicencia y\/o venta de copias del Software, y para permitir que las personas a las que se proporcione el Software lo hagan, con sujeci\u00f3n a las siguientes condiciones: El aviso de copyright anterior y este aviso de permiso se incluir\u00e1n en todas las copias o partes sustanciales del Software. EL SOFTWARE SE SUMINISTRA \"TAL CUAL\", SIN GARANT\u00cdA DE NING\u00daN TIPO, EXPRESA O IMPL\u00cdCITA, INCLUIDAS, ENTRE OTRAS, LAS GARANT\u00cdAS DE COMERCIABILIDAD, IDONEIDAD PARA UN FIN DETERMINADO Y NO INFRACCI\u00d3N. EN NING\u00daN CASO LOS AUTORES O LOS TITULARES DE LOS DERECHOS DE AUTOR SER\u00c1N RESPONSABLES DE NINGUNA RECLAMACI\u00d3N, DA\u00d1O U OTRA RESPONSABILIDAD, YA SEA EN UNA ACCI\u00d3N CONTRACTUAL, EXTRACONTRACTUAL O DE OTRO TIPO, QUE SURJA DE, O EST\u00c9 RELACIONADA CON EL SOFTWARE O EL USO U OTRAS OPERACIONES CON EL SOFTWARE.<\/p><p class=\"pull-right\">Creado el 1 de mayo de 2021<\/p><\/div>\t\t\t\t\t\t\t\t<\/div>\n\t\t\t\t<\/div>\n\t\t\t\t\t<\/div>\n\t\t\t\t<\/div>\n\t\t\t\t\t<\/div>\n\t\t\t\t<\/div>\n\t\t\t\t<\/div>","protected":false},"excerpt":{"rendered":"<p>FotoMagico Terms of Service Boinx End User License Agreement This Agreement is a legal agreement between you (either an individual or a legal entity, &#8220;The Licensee&#8221;) and Boinx Software International GmbH (&#8220;The Licensor&#8221;) for the software product FotoMagico (&#8220;The Product&#8221;). The Product consists of several files including an application which is distributed in electronic form [&hellip;]<\/p>\n","protected":false},"author":1,"featured_media":0,"parent":0,"menu_order":0,"comment_status":"closed","ping_status":"closed","template":"","meta":{"_acf_changed":false,"footnotes":""},"class_list":["post-8044","page","type-page","status-publish","hentry"],"acf":[],"_links":{"self":[{"href":"https:\/\/fotomagico.com\/es-es\/wp-json\/wp\/v2\/pages\/8044","targetHints":{"allow":["GET"]}}],"collection":[{"href":"https:\/\/fotomagico.com\/es-es\/wp-json\/wp\/v2\/pages"}],"about":[{"href":"https:\/\/fotomagico.com\/es-es\/wp-json\/wp\/v2\/types\/page"}],"author":[{"embeddable":true,"href":"https:\/\/fotomagico.com\/es-es\/wp-json\/wp\/v2\/users\/1"}],"replies":[{"embeddable":true,"href":"https:\/\/fotomagico.com\/es-es\/wp-json\/wp\/v2\/comments?post=8044"}],"version-history":[{"count":4,"href":"https:\/\/fotomagico.com\/es-es\/wp-json\/wp\/v2\/pages\/8044\/revisions"}],"predecessor-version":[{"id":8048,"href":"https:\/\/fotomagico.com\/es-es\/wp-json\/wp\/v2\/pages\/8044\/revisions\/8048"}],"wp:attachment":[{"href":"https:\/\/fotomagico.com\/es-es\/wp-json\/wp\/v2\/media?parent=8044"}],"curies":[{"name":"wp","href":"https:\/\/api.w.org\/{rel}","templated":true}]}}