{"id":5776,"date":"2023-03-01T19:31:55","date_gmt":"2023-03-01T18:31:55","guid":{"rendered":"https:\/\/fotomagico.com\/?page_id=5776"},"modified":"2024-05-14T15:19:07","modified_gmt":"2024-05-14T13:19:07","slug":"ai-tools","status":"publish","type":"page","link":"https:\/\/fotomagico.com\/es-es\/ai-tools\/","title":{"rendered":"Herramientas Ai"},"content":{"rendered":"<div data-elementor-type=\"wp-page\" data-elementor-id=\"5776\" class=\"elementor elementor-5776\" data-elementor-post-type=\"page\">\n\t\t\t\t<div class=\"elementor-element elementor-element-84f9474 e-flex e-con-boxed e-con e-parent\" data-id=\"84f9474\" data-element_type=\"container\" data-e-type=\"container\">\n\t\t\t\t\t<div class=\"e-con-inner\">\n\t\t<div class=\"elementor-element elementor-element-fb70a3e e-con-full e-flex e-con e-child\" data-id=\"fb70a3e\" data-element_type=\"container\" data-e-type=\"container\">\n\t\t\t\t<div class=\"elementor-element elementor-element-8f2c781 elementor-widget elementor-widget-heading\" data-id=\"8f2c781\" data-element_type=\"widget\" data-e-type=\"widget\" data-widget_type=\"heading.default\">\n\t\t\t\t<div class=\"elementor-widget-container\">\n\t\t\t\t\t<h1 class=\"elementor-heading-title elementor-size-default\">Herramientas Ai<\/h1>\t\t\t\t<\/div>\n\t\t\t\t<\/div>\n\t\t\t\t<div class=\"elementor-element elementor-element-0444eee elementor-widget elementor-widget-heading\" data-id=\"0444eee\" data-element_type=\"widget\" data-e-type=\"widget\" data-widget_type=\"heading.default\">\n\t\t\t\t<div class=\"elementor-widget-container\">\n\t\t\t\t\t<h4 class=\"elementor-heading-title elementor-size-default\">\u00bfBuscas una forma de ahorrar tiempo y agilizar tu flujo de trabajo de edici\u00f3n de fotos y v\u00eddeos? <\/h4>\t\t\t\t<\/div>\n\t\t\t\t<\/div>\n\t\t\t\t<\/div>\n\t\t\t\t\t<\/div>\n\t\t\t\t<\/div>\n\t\t<div class=\"elementor-element elementor-element-0f6578c e-flex e-con-boxed e-con e-parent\" data-id=\"0f6578c\" data-element_type=\"container\" data-e-type=\"container\">\n\t\t\t\t\t<div class=\"e-con-inner\">\n\t\t\t\t<div class=\"elementor-element elementor-element-067d84f elementor-widget elementor-widget-heading\" data-id=\"067d84f\" data-element_type=\"widget\" data-e-type=\"widget\" data-widget_type=\"heading.default\">\n\t\t\t\t<div class=\"elementor-widget-container\">\n\t\t\t\t\t<h3 class=\"elementor-heading-title elementor-size-default\">Animaciones din\u00e1micas\n <sup>Ai<\/sup><\/h3>\t\t\t\t<\/div>\n\t\t\t\t<\/div>\n\t\t<div class=\"elementor-element elementor-element-54cb190 e-flex e-con-boxed e-con e-child\" data-id=\"54cb190\" data-element_type=\"container\" data-e-type=\"container\">\n\t\t\t\t\t<div class=\"e-con-inner\">\n\t\t\t\t<div class=\"elementor-element elementor-element-e375ae4 elementor-widget elementor-widget-video\" data-id=\"e375ae4\" data-element_type=\"widget\" data-e-type=\"widget\" data-settings=\"{&quot;video_type&quot;:&quot;hosted&quot;,&quot;autoplay&quot;:&quot;yes&quot;,&quot;mute&quot;:&quot;yes&quot;,&quot;loop&quot;:&quot;yes&quot;}\" data-widget_type=\"video.default\">\n\t\t\t\t<div class=\"elementor-widget-container\">\n\t\t\t\t\t\t\t<div class=\"e-hosted-video elementor-wrapper elementor-open-inline\">\n\t\t\t\t\t<video class=\"elementor-video\" src=\"https:\/\/fotomagico.com\/wp-content\/uploads\/2024\/05\/fotomagico_6_6_wordpress.mp4\" autoplay=\"\" loop=\"\" muted=\"muted\" controlslist=\"nodownload\" poster=\"https:\/\/fotomagico.com\/wp-content\/uploads\/2024\/05\/fotomagico_6_6_wordpress-Cover.jpg\"><\/video>\n\t\t\t\t<\/div>\n\t\t\t\t\t\t<\/div>\n\t\t\t\t<\/div>\n\t\t\t\t\t<\/div>\n\t\t\t\t<\/div>\n\t\t\t\t<div class=\"elementor-element elementor-element-f33559f elementor-widget elementor-widget-text-editor\" data-id=\"f33559f\" data-element_type=\"widget\" data-e-type=\"widget\" data-widget_type=\"text-editor.default\">\n\t\t\t\t<div class=\"elementor-widget-container\">\n\t\t\t\t\t\t\t\t\t<h4>An\u00e1lisis de im\u00e1genes AI para animaciones din\u00e1micas<\/h4><p class=\"translation-block\">Eleve sus creaciones de pases de diapositivas con el \u00faltimo avance de FotoMagico: <b>\u00a1An\u00e1lisis de im\u00e1genes de IA!<\/b> Esta innovadora funci\u00f3n mejora las animaciones autom\u00e1ticas de panor\u00e1mica y zoom, asegurando que cada fotograma de su pase de diapositivas se sienta vivo y atractivo. Gracias a la inteligencia artificial, FotoMagico encuadra de forma inteligente los elementos m\u00e1s importantes de sus fotos, haciendo que cada transici\u00f3n sea fluida e impactante.<\/p><p>Tanto si es un profesional que busca a\u00f1adir un toque din\u00e1mico a sus presentaciones como si es un aficionado deseoso de dar vida a sus historias fotogr\u00e1ficas, la herramienta de an\u00e1lisis de im\u00e1genes de la IA se adapta a sus necesidades. Puede dejar que la IA haga el trabajo pesado con animaciones totalmente automatizadas o intervenir y aplicar su toque creativo ajustando las animaciones manualmente. Esta mezcla de automatizaci\u00f3n y personalizaci\u00f3n garantiza que sus presentaciones de diapositivas no s\u00f3lo sean bellas, sino tambi\u00e9n exclusivamente suyas.\u00a0<\/p><h4>Efecto Ken Burns 2.0<\/h4><p style=\"border: 0px solid #e3e3e3; --tw-border-spacing-x: 0; --tw-border-spacing-y: 0; --tw-translate-x: 0; --tw-translate-y: 0; --tw-rotate: 0; --tw-skew-x: 0; --tw-skew-y: 0; --tw-scale-x: 1; --tw-scale-y: 1; --tw-scroll-snap-strictness: proximity; --tw-ring-offset-width: 0px; --tw-ring-offset-color: #fff; --tw-ring-color: rgba(69,89,164,.5); --tw-ring-offset-shadow: 0 0 transparent; --tw-ring-shadow: 0 0 transparent; --tw-shadow: 0 0 transparent; --tw-shadow-colored: 0 0 transparent; margin: 1.25em 0px; font-family: S\u00f6hne, ui-sans-serif, system-ui, -apple-system, 'Segoe UI', Roboto, Ubuntu, Cantarell, 'Noto Sans', sans-serif, 'Helvetica Neue', Arial, 'Apple Color Emoji', 'Segoe UI Emoji', 'Segoe UI Symbol', 'Noto Color Emoji'; white-space-collapse: preserve;\">Podr\u00eda llamarlo Ken Burns 2.0 porque combina el efecto cl\u00e1sico con la tecnolog\u00eda de IA para identificar las zonas m\u00e1s interesantes de sus fotos. Esta innovadora funci\u00f3n de FotoMagico 6.6 crea movimientos suaves y din\u00e1micos de panor\u00e1mica y zoom, dando vida a sus im\u00e1genes con calidad cinematogr\u00e1fica.<\/p><p style=\"border: 0px solid #e3e3e3; --tw-border-spacing-x: 0; --tw-border-spacing-y: 0; --tw-translate-x: 0; --tw-translate-y: 0; --tw-rotate: 0; --tw-skew-x: 0; --tw-skew-y: 0; --tw-scale-x: 1; --tw-scale-y: 1; --tw-scroll-snap-strictness: proximity; --tw-ring-offset-width: 0px; --tw-ring-offset-color: #fff; --tw-ring-color: rgba(69,89,164,.5); --tw-ring-offset-shadow: 0 0 transparent; --tw-ring-shadow: 0 0 transparent; --tw-shadow: 0 0 transparent; --tw-shadow-colored: 0 0 transparent; margin: 1.25em 0px; font-family: S\u00f6hne, ui-sans-serif, system-ui, -apple-system, 'Segoe UI', Roboto, Ubuntu, Cantarell, 'Noto Sans', sans-serif, 'Helvetica Neue', Arial, 'Apple Color Emoji', 'Segoe UI Emoji', 'Segoe UI Symbol', 'Noto Color Emoji'; white-space-collapse: preserve;\">Ya sea resaltando la expresi\u00f3n de un sujeto o capturando la grandeza de un paisaje, el Efecto Ken Burns 2.0 garantiza que cada diapositiva sea atractiva e impactante. Personalice las animaciones para que se adapten a su historia, o deje que la IA lo haga por usted. Eleve sus presentaciones de diapositivas con esta mezcla perfecta de arte y tecnolog\u00eda.<\/p><div>\u00a0<\/div><p>Actualice ahora a FotoMagico 6.7 y aproveche el poder de la IA para transformar sus proyectos fotogr\u00e1ficos y de v\u00eddeo en experiencias cautivadoras. \u00a1Su p\u00fablico disfrutar\u00e1 de un placer visual impresionante!<\/p><p>\u00a0<\/p>\t\t\t\t\t\t\t\t<\/div>\n\t\t\t\t<\/div>\n\t\t\t\t<div class=\"elementor-element elementor-element-553e534 elementor-align-center elementor-widget elementor-widget-button\" data-id=\"553e534\" data-element_type=\"widget\" data-e-type=\"widget\" data-widget_type=\"button.default\">\n\t\t\t\t<div class=\"elementor-widget-container\">\n\t\t\t\t\t\t\t\t\t<div class=\"elementor-button-wrapper\">\n\t\t\t\t\t<a class=\"elementor-button elementor-button-link elementor-size-sm\" href=\"https:\/\/fotomagico.com\/es-es\/descargar\/prueba-gratuita-2\/\">\n\t\t\t\t\t\t<span class=\"elementor-button-content-wrapper\">\n\t\t\t\t\t\t\t\t\t<span class=\"elementor-button-text\">Pruebe la versi\u00f3n completa durante 14 d\u00edas.<\/span>\n\t\t\t\t\t<\/span>\n\t\t\t\t\t<\/a>\n\t\t\t\t<\/div>\n\t\t\t\t\t\t\t\t<\/div>\n\t\t\t\t<\/div>\n\t\t\t\t\t<\/div>\n\t\t\t\t<\/div>\n\t\t<div class=\"elementor-element elementor-element-8a2e26f e-flex e-con-boxed e-con e-parent\" data-id=\"8a2e26f\" data-element_type=\"container\" data-e-type=\"container\">\n\t\t\t\t\t<div class=\"e-con-inner\">\n\t\t\t\t<div class=\"elementor-element elementor-element-eb392c7 elementor-widget elementor-widget-heading\" data-id=\"eb392c7\" data-element_type=\"widget\" data-e-type=\"widget\" data-widget_type=\"heading.default\">\n\t\t\t\t<div class=\"elementor-widget-container\">\n\t\t\t\t\t<h3 class=\"elementor-heading-title elementor-size-default\">Eliminaci\u00f3n de antecedentes <sup>Ai<\/sup><\/h3>\t\t\t\t<\/div>\n\t\t\t\t<\/div>\n\t\t\t\t<div class=\"elementor-element elementor-element-30c5132 elementor-widget elementor-widget-image\" data-id=\"30c5132\" data-element_type=\"widget\" data-e-type=\"widget\" data-widget_type=\"image.default\">\n\t\t\t\t<div class=\"elementor-widget-container\">\n\t\t\t\t\t\t\t\t\t\t\t\t\t\t\t<img fetchpriority=\"high\" decoding=\"async\" width=\"738\" height=\"480\" src=\"https:\/\/fotomagico.com\/wp-content\/uploads\/2023\/03\/Background-Removal-Demo-V2-480p-gif.gif\" class=\"attachment-large size-large wp-image-5781\" alt=\"\" \/>\t\t\t\t\t\t\t\t\t\t\t\t\t\t\t<\/div>\n\t\t\t\t<\/div>\n\t\t\t\t<div class=\"elementor-element elementor-element-781d80f elementor-widget elementor-widget-text-editor\" data-id=\"781d80f\" data-element_type=\"widget\" data-e-type=\"widget\" data-widget_type=\"text-editor.default\">\n\t\t\t\t<div class=\"elementor-widget-container\">\n\t\t\t\t\t\t\t\t\t<p>Presentamos la nueva y revolucionaria funci\u00f3n de FotoMagico: \u00a1eliminaci\u00f3n autom\u00e1tica de fondos! Diga adi\u00f3s a horas de tediosa edici\u00f3n y hola a impresionantes presentaciones de diapositivas profesionales en cuesti\u00f3n de minutos.<\/p><p>Con esta herramienta de vanguardia, puedes eliminar sin esfuerzo el fondo de cualquier imagen con s\u00f3lo unos clics. Tanto si est\u00e1 creando una presentaci\u00f3n, un \u00e1lbum de fotos o un v\u00eddeo, la herramienta de eliminaci\u00f3n autom\u00e1tica de fondos de FotoMagico dar\u00e1 a su proyecto un aspecto pulido y profesional.<\/p><p>Imagina poder eliminar al instante los elementos de distracci\u00f3n de tus fotos y centrarte en el sujeto principal. Con la eliminaci\u00f3n autom\u00e1tica de fondos de FotoMagico, \u00a1podr\u00e1s hacerlo! Se sorprender\u00e1 de la cantidad de tiempo y esfuerzo que ahorrar\u00e1, dej\u00e1ndole m\u00e1s tiempo para centrarse en lo que realmente importa - la creaci\u00f3n de impresionantes im\u00e1genes que cautivan a su p\u00fablico.<\/p><p>\u00bfPor qu\u00e9 esperar? Actualice hoy mismo a la \u00faltima versi\u00f3n de FotoMagico y descubra el poder de la eliminaci\u00f3n autom\u00e1tica de fondos. \u00a1Su p\u00fablico se lo agradecer\u00e1!<\/p>\t\t\t\t\t\t\t\t<\/div>\n\t\t\t\t<\/div>\n\t\t\t\t<div class=\"elementor-element elementor-element-4e88cf2 elementor-align-center elementor-widget elementor-widget-button\" data-id=\"4e88cf2\" data-element_type=\"widget\" data-e-type=\"widget\" data-widget_type=\"button.default\">\n\t\t\t\t<div class=\"elementor-widget-container\">\n\t\t\t\t\t\t\t\t\t<div class=\"elementor-button-wrapper\">\n\t\t\t\t\t<a class=\"elementor-button elementor-button-link elementor-size-sm\" href=\"https:\/\/fotomagico.com\/es-es\/descargar\/prueba-gratuita-2\/\">\n\t\t\t\t\t\t<span class=\"elementor-button-content-wrapper\">\n\t\t\t\t\t\t\t\t\t<span class=\"elementor-button-text\">Pruebe la versi\u00f3n completa durante 14 d\u00edas.<\/span>\n\t\t\t\t\t<\/span>\n\t\t\t\t\t<\/a>\n\t\t\t\t<\/div>\n\t\t\t\t\t\t\t\t<\/div>\n\t\t\t\t<\/div>\n\t\t\t\t\t<\/div>\n\t\t\t\t<\/div>\n\t\t\t\t<\/div>","protected":false},"excerpt":{"rendered":"<p>Ai Tools Looking for a way to save time and streamline your photo and video editing workflow? Dynamic Animations Ai https:\/\/fotomagico.com\/wp-content\/uploads\/2024\/05\/fotomagico_6_6_wordpress.mp4 AI Image Analysis for Dynamic Animations Elevate your slideshow creations with the latest breakthrough from FotoMagico: AI Image Analysis! This innovative feature enhances automatic pan and zoom animations, ensuring that every frame in your [&hellip;]<\/p>\n","protected":false},"author":1,"featured_media":0,"parent":0,"menu_order":0,"comment_status":"closed","ping_status":"closed","template":"","meta":{"_acf_changed":false,"footnotes":""},"class_list":["post-5776","page","type-page","status-publish","hentry"],"acf":[],"_links":{"self":[{"href":"https:\/\/fotomagico.com\/es-es\/wp-json\/wp\/v2\/pages\/5776","targetHints":{"allow":["GET"]}}],"collection":[{"href":"https:\/\/fotomagico.com\/es-es\/wp-json\/wp\/v2\/pages"}],"about":[{"href":"https:\/\/fotomagico.com\/es-es\/wp-json\/wp\/v2\/types\/page"}],"author":[{"embeddable":true,"href":"https:\/\/fotomagico.com\/es-es\/wp-json\/wp\/v2\/users\/1"}],"replies":[{"embeddable":true,"href":"https:\/\/fotomagico.com\/es-es\/wp-json\/wp\/v2\/comments?post=5776"}],"version-history":[{"count":5,"href":"https:\/\/fotomagico.com\/es-es\/wp-json\/wp\/v2\/pages\/5776\/revisions"}],"predecessor-version":[{"id":8335,"href":"https:\/\/fotomagico.com\/es-es\/wp-json\/wp\/v2\/pages\/5776\/revisions\/8335"}],"wp:attachment":[{"href":"https:\/\/fotomagico.com\/es-es\/wp-json\/wp\/v2\/media?parent=5776"}],"curies":[{"name":"wp","href":"https:\/\/api.w.org\/{rel}","templated":true}]}}