{"id":1653,"date":"2021-10-25T09:34:55","date_gmt":"2021-10-25T07:34:55","guid":{"rendered":"https:\/\/fotomagico.com\/?page_id=1653"},"modified":"2021-10-25T09:34:55","modified_gmt":"2021-10-25T07:34:55","slug":"actualizar","status":"publish","type":"page","link":"https:\/\/fotomagico.com\/es-es\/support\/upgrade\/","title":{"rendered":"Actualizar"},"content":{"rendered":"<div data-elementor-type=\"wp-page\" data-elementor-id=\"1653\" class=\"elementor elementor-1653\" data-elementor-post-type=\"page\">\n\t\t\t\t\t\t<section class=\"elementor-section elementor-top-section elementor-element elementor-element-5629150 elementor-section-boxed elementor-section-height-default elementor-section-height-default\" data-id=\"5629150\" data-element_type=\"section\" data-e-type=\"section\">\n\t\t\t\t\t\t<div class=\"elementor-container elementor-column-gap-default\">\n\t\t\t\t\t<div class=\"elementor-column elementor-col-100 elementor-top-column elementor-element elementor-element-e35002d\" data-id=\"e35002d\" data-element_type=\"column\" data-e-type=\"column\">\n\t\t\t<div class=\"elementor-widget-wrap elementor-element-populated\">\n\t\t\t\t\t\t<div class=\"elementor-element elementor-element-e706914 elementor-widget elementor-widget-heading\" data-id=\"e706914\" data-element_type=\"widget\" data-e-type=\"widget\" data-widget_type=\"heading.default\">\n\t\t\t\t<div class=\"elementor-widget-container\">\n\t\t\t\t\t<h1 class=\"elementor-heading-title elementor-size-default\">Pol\u00edtica de actualizaci\u00f3n<\/h1>\t\t\t\t<\/div>\n\t\t\t\t<\/div>\n\t\t\t\t<div class=\"elementor-element elementor-element-fd9882a elementor-widget elementor-widget-text-editor\" data-id=\"fd9882a\" data-element_type=\"widget\" data-e-type=\"widget\" data-widget_type=\"text-editor.default\">\n\t\t\t\t<div class=\"elementor-widget-container\">\n\t\t\t\t\t\t\t\t\t<h3>Lanzamientos o actualizaciones importantes<\/h3><p>Una versi\u00f3n principal, tambi\u00e9n conocida como actualizaci\u00f3n, es una versi\u00f3n generalmente disponible del software que contiene mejoras y extensiones funcionales, correcciones de errores de alta gravedad y alta prioridad, y es designada por Boinx Software mediante un cambio en el d\u00edgito situado a la izquierda del primer punto decimal. FotoMagico 6 es una versi\u00f3n mayor. Para pasar de versiones anteriores es obligatoria una actualizaci\u00f3n.\u00a0<\/p>\t\t\t\t\t\t\t\t<\/div>\n\t\t\t\t<\/div>\n\t\t\t\t<div class=\"elementor-element elementor-element-ce07e8f elementor-widget elementor-widget-text-editor\" data-id=\"ce07e8f\" data-element_type=\"widget\" data-e-type=\"widget\" data-widget_type=\"text-editor.default\">\n\t\t\t\t<div class=\"elementor-widget-container\">\n\t\t\t\t\t\t\t\t\t<h3><span style=\"letter-spacing: 0px;\">El futuro de las actualizaciones<\/span><\/h3><p><span style=\"color: #333333; font-size: 20px; font-weight: 200; letter-spacing: 0px;\">FotoMagico 6 es la \u00faltima actualizaci\u00f3n importante. A partir de FotoMagico 6 no habr\u00e1 m\u00e1s actualizaciones importantes. FotoMagico 6 se convierte en FotoMagico.<\/span><\/p><p><span style=\"color: #333333; font-size: 20px; font-weight: 200; letter-spacing: 0px;\">La nueva suscripci\u00f3n contiene siempre la licencia de la \u00faltima versi\u00f3n. Los clientes pueden trabajar siempre con la \u00faltima versi\u00f3n. Las actualizaciones peri\u00f3dicas aumentar\u00e1n las funciones, la seguridad y mantendr\u00e1n la estabilidad, as\u00ed como la compatibilidad con la \u00faltima versi\u00f3n de macOS e iOS. La nueva suscripci\u00f3n es un modelo de licencia sin riesgos para los clientes y aporta muchas ventajas. M\u00e1s informaci\u00f3n <a href=\"https:\/\/fotomagico.com\/es-es\/benefits-of-subscription-license\/\">ventajas de las licencias de suscripci\u00f3n<\/a>.<\/span><\/p>\t\t\t\t\t\t\t\t<\/div>\n\t\t\t\t<\/div>\n\t\t\t\t\t<\/div>\n\t\t<\/div>\n\t\t\t\t\t<\/div>\n\t\t<\/section>\n\t\t\t\t<\/div>","protected":false},"excerpt":{"rendered":"<p>Upgrade and Update Policy Major Releases or Upgrades A Major Release, also known as an Upgrade, is a generally available release of the Software that contains functional enhancements and extensions, fixes for high severity and high priority bugs, and is designated by Boinx Software by means of a change in the digit to the left [&hellip;]<\/p>\n","protected":false},"author":2,"featured_media":0,"parent":457,"menu_order":0,"comment_status":"closed","ping_status":"closed","template":"","meta":{"_acf_changed":false,"footnotes":""},"class_list":["post-1653","page","type-page","status-publish","hentry"],"acf":[],"_links":{"self":[{"href":"https:\/\/fotomagico.com\/es-es\/wp-json\/wp\/v2\/pages\/1653","targetHints":{"allow":["GET"]}}],"collection":[{"href":"https:\/\/fotomagico.com\/es-es\/wp-json\/wp\/v2\/pages"}],"about":[{"href":"https:\/\/fotomagico.com\/es-es\/wp-json\/wp\/v2\/types\/page"}],"author":[{"embeddable":true,"href":"https:\/\/fotomagico.com\/es-es\/wp-json\/wp\/v2\/users\/2"}],"replies":[{"embeddable":true,"href":"https:\/\/fotomagico.com\/es-es\/wp-json\/wp\/v2\/comments?post=1653"}],"version-history":[{"count":0,"href":"https:\/\/fotomagico.com\/es-es\/wp-json\/wp\/v2\/pages\/1653\/revisions"}],"up":[{"embeddable":true,"href":"https:\/\/fotomagico.com\/es-es\/wp-json\/wp\/v2\/pages\/457"}],"wp:attachment":[{"href":"https:\/\/fotomagico.com\/es-es\/wp-json\/wp\/v2\/media?parent=1653"}],"curies":[{"name":"wp","href":"https:\/\/api.w.org\/{rel}","templated":true}]}}