{"id":1323,"date":"2021-10-20T12:01:49","date_gmt":"2021-10-20T10:01:49","guid":{"rendered":"https:\/\/fotomagico.com\/?page_id=1323"},"modified":"2024-08-09T10:44:40","modified_gmt":"2024-08-09T08:44:40","slug":"ventajas-de-la-licencia-de-abono","status":"publish","type":"page","link":"https:\/\/fotomagico.com\/es-es\/benefits-of-access-based-licences\/","title":{"rendered":"Ventajas de las licencias basadas en el acceso"},"content":{"rendered":"<div data-elementor-type=\"wp-page\" data-elementor-id=\"1323\" class=\"elementor elementor-1323\" data-elementor-post-type=\"page\">\n\t\t\t\t<div class=\"elementor-element elementor-element-87dd49c e-flex e-con-boxed e-con e-parent\" data-id=\"87dd49c\" data-element_type=\"container\" data-e-type=\"container\">\n\t\t\t\t\t<div class=\"e-con-inner\">\n\t\t<div class=\"elementor-element elementor-element-10c9c3a e-con-full e-flex e-con e-child\" data-id=\"10c9c3a\" data-element_type=\"container\" data-e-type=\"container\">\n\t\t\t\t<div class=\"elementor-element elementor-element-a35297b elementor-widget elementor-widget-heading\" data-id=\"a35297b\" data-element_type=\"widget\" data-e-type=\"widget\" data-widget_type=\"heading.default\">\n\t\t\t\t<div class=\"elementor-widget-container\">\n\t\t\t\t\t<h1 class=\"elementor-heading-title elementor-size-default\">Ventajas de las licencias basadas en el acceso<\/h1>\t\t\t\t<\/div>\n\t\t\t\t<\/div>\n\t\t\t\t<div class=\"elementor-element elementor-element-6f743df elementor-widget elementor-widget-text-editor\" data-id=\"6f743df\" data-element_type=\"widget\" data-e-type=\"widget\" data-widget_type=\"text-editor.default\">\n\t\t\t\t<div class=\"elementor-widget-container\">\n\t\t\t\t\t\t\t\t\t<p>Nos complace anunciar el lanzamiento de FotoMagico 6, que incluye una gran variedad de nuevas funciones. Queremos aprovechar la oportunidad para explicar por qu\u00e9 hemos optado por pasar a un modelo de licencia basado en el acceso.&nbsp;<\/p>\t\t\t\t\t\t\t\t<\/div>\n\t\t\t\t<\/div>\n\t\t\t\t<div class=\"elementor-element elementor-element-c620281 elementor-widget elementor-widget-heading\" data-id=\"c620281\" data-element_type=\"widget\" data-e-type=\"widget\" data-widget_type=\"heading.default\">\n\t\t\t\t<div class=\"elementor-widget-container\">\n\t\t\t\t\t<h3 class=\"elementor-heading-title elementor-size-default\">Descubra las ventajas de pagar por acceder a FotoMagico s\u00f3lo cuando lo necesite: El modelo \u00f3ptimo para los usuarios<\/h3>\t\t\t\t<\/div>\n\t\t\t\t<\/div>\n\t\t\t\t<div class=\"elementor-element elementor-element-f2cf732 elementor-widget elementor-widget-text-editor\" data-id=\"f2cf732\" data-element_type=\"widget\" data-e-type=\"widget\" data-widget_type=\"text-editor.default\">\n\t\t\t\t<div class=\"elementor-widget-container\">\n\t\t\t\t\t\t\t\t\t<p data-renderer-start-pos=\"1\">En los \u00faltimos a\u00f1os se ha producido un cambio en los modelos de concesi\u00f3n de licencias de software. El antiguo modelo, basado en la distribuci\u00f3n de soportes de almacenamiento de datos y manuales en papel para aplicaciones relativamente peque\u00f1as y sencillas, depend\u00eda de ciclos de actualizaci\u00f3n pagados con frecuencia para ofrecer a los usuarios nuevas funciones, correcciones de errores y actualizaciones de compatibilidad mediante el env\u00edo f\u00edsico de nuevos CD instaladores.\u00a0<\/p>\n<h4>Se acab\u00f3 pagar actualizaciones, volver a comprar y el miedo a perderse nuevas funciones<\/h4>\n<p data-renderer-start-pos=\"356\">Hoy en d\u00eda, Internet ofrece una forma r\u00e1pida y eficaz de distribuir actualizaciones que pueden ser m\u00e1s regulares, proporcionando a los usuarios correcciones de errores, nuevas funciones y compatibilidad con nuevo hardware, sistemas operativos y software a medida que est\u00e1n disponibles. Esto tambi\u00e9n es necesario, ya que su entorno inform\u00e1tico es mucho m\u00e1s complejo y cambia mucho m\u00e1s r\u00e1pido que nunca.\u00a0<\/p>\n<p data-renderer-start-pos=\"703\">Las suscripciones de pago por uso son el modelo de negocio que sustenta este nuevo mundo y hay muchas formas en las que ustedes, los usuarios, se benefician de este nuevo modelo:<\/p>\n<h4 data-renderer-start-pos=\"859\">S\u00f3lo pagas por el tiempo que utilizas el software<\/h4>\n<p data-renderer-start-pos=\"907\">Si eres un usuario habitual, la suscripci\u00f3n te garantizar\u00e1 que siempre tengas una licencia v\u00e1lida y acceso a las \u00faltimas versiones de la aplicaci\u00f3n, manteni\u00e9ndote al d\u00eda con las actualizaciones de tu sistema, el nuevo hardware y los cambios en las plataformas en l\u00ednea que utilices.\u00a0<\/p>\n<p data-renderer-start-pos=\"1162\">Si s\u00f3lo utilizas la aplicaci\u00f3n ocasionalmente, puedes ahorrarte mucho dinero comprando una licencia s\u00f3lo para el tiempo que realmente utilizas el software.<\/p>\n<p data-renderer-start-pos=\"1313\">Todo se reduce a: Es m\u00e1s barato pagar por uso que por adelantado durante un tiempo indeterminado.<\/p>\n<h4 data-renderer-start-pos=\"1422\">Usted ahorra gracias a un modelo de distribuci\u00f3n m\u00e1s eficiente<\/h4>\n<p data-renderer-start-pos=\"1475\">Ya no hay que pagar por el canal de distribuci\u00f3n, la impresi\u00f3n, el embalaje, la producci\u00f3n de discos o CD, etc\u00e9tera. Esto sol\u00eda suponer m\u00e1s del 50% del precio de venta al p\u00fablico en algunos casos.<\/p>\n<p data-renderer-start-pos=\"1657\">Tambi\u00e9n se pagan unos gastos generales mucho menores por el procesamiento real de los pagos, ya que las empresas de tarjetas de cr\u00e9dito se han adaptado a un mayor volumen de procesamiento de pagos m\u00e1s peque\u00f1os. Todo esto hace que el uso del software sea mucho m\u00e1s asequible hoy en d\u00eda.<\/p>\n<h4 data-renderer-start-pos=\"1875\">Siempre al d\u00eda de las \u00faltimas tecnolog\u00edas\u00a0<\/h4>\n<p data-renderer-start-pos=\"1929\">Puedes estar seguro de que el software sigue tu ritmo actualizando otras aplicaciones, las plataformas en l\u00ednea en constante cambio, tu sistema operativo y tu equipo. De hecho, ya no existe la versi\u00f3n 6 de FotoMagico. Con un modelo de suscripci\u00f3n usted compra la \u00faltima versi\u00f3n y siempre se queda con lo \u00faltimo. No hay versiones 7 y 8 por las que tengas que actualizarte y pagar. S\u00f3lo contamos el n\u00famero de versi\u00f3n con cada lanzamiento, para fines de documentaci\u00f3n, soporte y correcci\u00f3n de errores, y usted se mantiene siempre actualizado con la \u00faltima versi\u00f3n.\u00a0<\/p>\n<h4 data-renderer-start-pos=\"2116\">El riesgo es menor<\/h4>\n<p data-renderer-start-pos=\"2140\">Si el proveedor de una aplicaci\u00f3n ya no es capaz de proporcionar actualizaciones, puedes dejar de usar la aplicaci\u00f3n y ya no pagar\u00e1s por ella. No habr\u00e1s hecho una gran inversi\u00f3n inicial que nunca llegar\u00e1s a utilizar.<\/p>\n<h4 data-renderer-start-pos=\"2342\">Sus costes son previsibles<\/h4>\n<p data-renderer-start-pos=\"2370\">Con el modelo de suscripci\u00f3n de pago por uso, sabes cu\u00e1ndo hay que hacer el siguiente (peque\u00f1o) pago, no hay costes ocultos en forma de tarifas de actualizaci\u00f3n sorpresa para hacer que la aplicaci\u00f3n funcione en un nuevo sistema operativo o sea compatible con una nueva c\u00e1mara. Las licencias \"de por vida\" nunca han existido. Cuando se actualizaba a un nuevo sistema operativo o a un nuevo ordenador, para tener una versi\u00f3n funcional de la aplicaci\u00f3n hab\u00eda que comprar una actualizaci\u00f3n. Los costes de esta actualizaci\u00f3n a menudo se desconoc\u00edan de antemano y llegaban a intervalos aleatorios.<\/p>\n<p data-renderer-start-pos=\"2868\">Esto es a\u00fan mejor si tienes un negocio. Distribuir los costes a lo largo del periodo de uso de un activo ayuda a planificar la tesorer\u00eda y el negocio.<\/p>\n<h4 data-renderer-start-pos=\"3010\">Muchas otras cosas en tu vida funcionan as\u00ed, incluyendo, muy probablemente, tus propios ingresos<\/h4>\n<p data-renderer-start-pos=\"3096\">Ya tienes muchas otras cosas en tu vida que son de pago por uso. Alquilar una casa o pagar una hipoteca, conducir un coche (pagando la gasolina o la electricidad sobre la marcha), Netflix, tu televisi\u00f3n por cable, tu tel\u00e9fono, todas estas cosas las disfrutas mensualmente. Algunas personas incluso alquilan sus ordenadores para poder permitirse un sistema mejor y m\u00e1s r\u00e1pido.<\/p>\n<p data-renderer-start-pos=\"3447\">Y, por \u00faltimo, si tiene unos ingresos m\u00e1s o menos regulares, como la mayor\u00eda de la gente, tenga en cuenta tambi\u00e9n todas las ventajas que le reporta el hecho de cobrar usted mismo \"por uso\".<\/p>\t\t\t\t\t\t\t\t<\/div>\n\t\t\t\t<\/div>\n\t\t\t\t<\/div>\n\t\t\t\t\t<\/div>\n\t\t\t\t<\/div>\n\t\t\t\t<\/div>","protected":false},"excerpt":{"rendered":"<p>Benefits of Access-based licenses We are excited to announce the release of FotoMagico 6, which includes a variety of new features. We want to take the opportunity to explain why we have chosen to move towards a access-based license model.&nbsp; Discover the Benefits of only paying for access FotoMagico when you need it: The Optimal [&hellip;]<\/p>\n","protected":false},"author":2,"featured_media":0,"parent":0,"menu_order":0,"comment_status":"closed","ping_status":"closed","template":"","meta":{"_acf_changed":false,"footnotes":""},"class_list":["post-1323","page","type-page","status-publish","hentry"],"acf":[],"_links":{"self":[{"href":"https:\/\/fotomagico.com\/es-es\/wp-json\/wp\/v2\/pages\/1323","targetHints":{"allow":["GET"]}}],"collection":[{"href":"https:\/\/fotomagico.com\/es-es\/wp-json\/wp\/v2\/pages"}],"about":[{"href":"https:\/\/fotomagico.com\/es-es\/wp-json\/wp\/v2\/types\/page"}],"author":[{"embeddable":true,"href":"https:\/\/fotomagico.com\/es-es\/wp-json\/wp\/v2\/users\/2"}],"replies":[{"embeddable":true,"href":"https:\/\/fotomagico.com\/es-es\/wp-json\/wp\/v2\/comments?post=1323"}],"version-history":[{"count":5,"href":"https:\/\/fotomagico.com\/es-es\/wp-json\/wp\/v2\/pages\/1323\/revisions"}],"predecessor-version":[{"id":8797,"href":"https:\/\/fotomagico.com\/es-es\/wp-json\/wp\/v2\/pages\/1323\/revisions\/8797"}],"wp:attachment":[{"href":"https:\/\/fotomagico.com\/es-es\/wp-json\/wp\/v2\/media?parent=1323"}],"curies":[{"name":"wp","href":"https:\/\/api.w.org\/{rel}","templated":true}]}}