{"id":9367,"date":"2026-05-08T00:00:29","date_gmt":"2026-05-07T22:00:29","guid":{"rendered":"https:\/\/fotomagico.com\/free-trial\/"},"modified":"2026-05-08T00:00:29","modified_gmt":"2026-05-07T22:00:29","slug":"kostenlose-testversion-2","status":"publish","type":"page","link":"https:\/\/fotomagico.com\/de-de\/free-trial\/","title":{"rendered":"Testversion"},"content":{"rendered":"<div data-elementor-type=\"wp-page\" data-elementor-id=\"9367\" class=\"elementor elementor-9367\" data-elementor-post-type=\"page\">\n\t\t\t\t<div class=\"elementor-element elementor-element-ftrl0001 e-flex e-con-boxed e-con e-parent\" data-id=\"ftrl0001\" data-element_type=\"container\" data-e-type=\"container\" data-settings=\"{&quot;background_background&quot;:&quot;classic&quot;}\">\n\t\t\t\t\t<div class=\"e-con-inner\">\n\t\t<div class=\"elementor-element elementor-element-ftrl0002 e-flex e-con-boxed e-con e-child\" data-id=\"ftrl0002\" data-element_type=\"container\" data-e-type=\"container\">\n\t\t\t\t\t<div class=\"e-con-inner\">\n\t\t\t\t<div class=\"elementor-element elementor-element-ftrl0003 elementor-widget elementor-widget-heading\" data-id=\"ftrl0003\" data-element_type=\"widget\" data-e-type=\"widget\" data-widget_type=\"heading.default\">\n\t\t\t\t<div class=\"elementor-widget-container\">\n\t\t\t\t\t<h1 class=\"elementor-heading-title elementor-size-default\">Testen Sie FotoMagico kostenlos<\/h1>\t\t\t\t<\/div>\n\t\t\t\t<\/div>\n\t\t\t\t<div class=\"elementor-element elementor-element-ftrl0004 elementor-widget elementor-widget-heading\" data-id=\"ftrl0004\" data-element_type=\"widget\" data-e-type=\"widget\" data-widget_type=\"heading.default\">\n\t\t\t\t<div class=\"elementor-widget-container\">\n\t\t\t\t\t<h2 class=\"elementor-heading-title elementor-size-default\">14-Tage-Testversion - f\u00fcr immer kostenlos als Diashow-Player.<\/h2>\t\t\t\t<\/div>\n\t\t\t\t<\/div>\n\t\t\t\t<div class=\"elementor-element elementor-element-ftrl0005 elementor-widget elementor-widget-html\" data-id=\"ftrl0005\" data-element_type=\"widget\" data-e-type=\"widget\" data-widget_type=\"html.default\">\n\t\t\t\t<div class=\"elementor-widget-container\">\n\t\t\t\t\t<div class=\"fm-trial-cta\">\n<a href=\"https:\/\/cdn.boinx.com\/software\/fotomagico\/FotoMagico-6.9-Boinx-(1016650).app.zip\" class=\"fm-trial-button\" target=\"_self\" rel=\"noopener\">Kostenloser Download <svg width=\"16\" height=\"16\" viewbox=\"0 0 24 24\" fill=\"none\" stroke=\"currentColor\" stroke-width=\"2.5\" stroke-linecap=\"round\" stroke-linejoin=\"round\" style=\"vertical-align:-2px;margin-left:6px;\"><path d=\"M12 5v14M5 12l7 7 7-7\"\/><\/svg><\/a>\n<\/div>\t\t\t\t<\/div>\n\t\t\t\t<\/div>\n\t\t\t\t<div class=\"elementor-element elementor-element-ftrl0006 elementor-widget elementor-widget-html\" data-id=\"ftrl0006\" data-element_type=\"widget\" data-e-type=\"widget\" data-widget_type=\"html.default\">\n\t\t\t\t<div class=\"elementor-widget-container\">\n\t\t\t\t\t<p class=\"fm-eula translation-block\">Mit dem Herunterladen der Software stimmen Sie den <a href=\"https:\/\/fotomagico.com\/de-de\/end-user-license-agreement-eula\/\" target=\"_blank\" rel=\"noopener\">Nutzungsbestimmungen<\/a> der Boinx Software International GmbH zu.<\/p>\t\t\t\t<\/div>\n\t\t\t\t<\/div>\n\t\t\t\t<div class=\"elementor-element elementor-element-ftrl0007 elementor-widget elementor-widget-text-editor\" data-id=\"ftrl0007\" data-element_type=\"widget\" data-e-type=\"widget\" data-widget_type=\"text-editor.default\">\n\t\t\t\t<div class=\"elementor-widget-container\">\n\t\t\t\t\t\t\t\t\t<p style=\"text-align:center;max-width:640px;margin:0 auto 40px;font-family:'SF Pro Text',sans-serif;font-size:17px;line-height:1.6;color:#1A1A1A;\">Nutzen Sie den vollen Funktionsumfang von FotoMagico 6 w\u00e4hrend der 14-t\u00e4gigen Testphase. Nach der Testphase spielt FotoMagico Ihre Diashows weiter ab - f\u00fcr immer, kostenlos.<\/p>\t\t\t\t\t\t\t\t<\/div>\n\t\t\t\t<\/div>\n\t\t\t\t<div class=\"elementor-element elementor-element-ftrl0008 elementor-widget elementor-widget-html\" data-id=\"ftrl0008\" data-element_type=\"widget\" data-e-type=\"widget\" data-widget_type=\"html.default\">\n\t\t\t\t<div class=\"elementor-widget-container\">\n\t\t\t\t\t<div class=\"fm-trial-video\">\n <div class=\"brlbs-cmpnt-container brlbs-cmpnt-content-blocker brlbs-cmpnt-with-individual-styles\" data-borlabs-cookie-content-blocker-id=\"youtube-content-blocker\" data-borlabs-cookie-content=\"PGlmcmFtZSB3aWR0aD0iMTAwJSIgaGVpZ2h0PSIxMDAlIiBzcmM9Imh0dHBzOi8vd3d3LnlvdXR1YmUtbm9jb29raWUuY29tL2VtYmVkL1pXQjE5YlUzaUo4IiB0aXRsZT0iRm90b01hZ2ljbyBUdXRvcmlhbCIgZnJhbWVib3JkZXI9IjAiIGFsbG93PSJhY2NlbGVyb21ldGVyOyBhdXRvcGxheTsgY2xpcGJvYXJkLXdyaXRlOyBlbmNyeXB0ZWQtbWVkaWE7IGd5cm9zY29wZTsgcGljdHVyZS1pbi1waWN0dXJlIiBhbGxvd2Z1bGxzY3JlZW4+PC9pZnJhbWU+\"><div class=\"brlbs-cmpnt-cb-preset-c brlbs-cmpnt-cb-youtube\"> <div class=\"brlbs-cmpnt-cb-thumbnail\" style=\"background-image: url('https:\/\/fotomagico.com\/wp-content\/uploads\/borlabs-cookie\/1\/yt_ZWB19bU3iJ8_hqdefault.jpg')\"><\/div> <div class=\"brlbs-cmpnt-cb-main\"> <div class=\"brlbs-cmpnt-cb-play-button\"><\/div> <div class=\"brlbs-cmpnt-cb-content\"> <p class=\"brlbs-cmpnt-cb-description\">Sie sehen gerade einen Platzhalterinhalt von <strong>YouTube<\/strong>. Um auf den eigentlichen Inhalt zuzugreifen, klicken Sie auf die Schaltfl\u00e4che unten. Bitte beachten Sie, dass dabei Daten an Drittanbieter weitergegeben werden.<\/p> <a class=\"brlbs-cmpnt-cb-provider-toggle\" href=\"#\" data-borlabs-cookie-show-provider-information role=\"button\">Mehr Informationen<\/a> <\/div> <div class=\"brlbs-cmpnt-cb-buttons\"> <a class=\"brlbs-cmpnt-cb-btn\" href=\"#\" data-borlabs-cookie-unblock role=\"button\">Inhalt entsperren<\/a> <a class=\"brlbs-cmpnt-cb-btn\" href=\"#\" data-borlabs-cookie-accept-service role=\"button\" style=\"display: inherit\">Akzeptieren Sie den gew\u00fcnschten Dienst und entsperren Sie den Inhalt<\/a> <\/div> <\/div> <\/div><\/div>\n<\/div>\t\t\t\t<\/div>\n\t\t\t\t<\/div>\n\t\t\t\t<div class=\"elementor-element elementor-element-ftrl0009 elementor-widget elementor-widget-html\" data-id=\"ftrl0009\" data-element_type=\"widget\" data-e-type=\"widget\" data-widget_type=\"html.default\">\n\t\t\t\t<div class=\"elementor-widget-container\">\n\t\t\t\t\t<div class=\"fm-getting-started\"><a class=\"bxlinks\" href=\"https:\/\/fotomagico.com\/de-de\/einstiegsmoglichkeiten\/\">Handbuch \u2192 Erste Schritte<\/a><\/div>\t\t\t\t<\/div>\n\t\t\t\t<\/div>\n\t\t\t\t\t<\/div>\n\t\t\t\t<\/div>\n\t\t\t\t\t<\/div>\n\t\t\t\t<\/div>\n\t\t\t\t<\/div>","protected":false},"excerpt":{"rendered":"","protected":false},"author":0,"featured_media":0,"parent":0,"menu_order":0,"comment_status":"closed","ping_status":"closed","template":"","meta":{"_acf_changed":false,"footnotes":""},"class_list":["post-9367","page","type-page","status-publish","hentry"],"acf":[],"_links":{"self":[{"href":"https:\/\/fotomagico.com\/de-de\/wp-json\/wp\/v2\/pages\/9367","targetHints":{"allow":["GET"]}}],"collection":[{"href":"https:\/\/fotomagico.com\/de-de\/wp-json\/wp\/v2\/pages"}],"about":[{"href":"https:\/\/fotomagico.com\/de-de\/wp-json\/wp\/v2\/types\/page"}],"replies":[{"embeddable":true,"href":"https:\/\/fotomagico.com\/de-de\/wp-json\/wp\/v2\/comments?post=9367"}],"version-history":[{"count":0,"href":"https:\/\/fotomagico.com\/de-de\/wp-json\/wp\/v2\/pages\/9367\/revisions"}],"wp:attachment":[{"href":"https:\/\/fotomagico.com\/de-de\/wp-json\/wp\/v2\/media?parent=9367"}],"curies":[{"name":"wp","href":"https:\/\/api.w.org\/{rel}","templated":true}]}}