{"id":8044,"date":"2024-04-17T11:33:29","date_gmt":"2024-04-17T09:33:29","guid":{"rendered":"https:\/\/fotomagico.com\/?page_id=8044"},"modified":"2024-04-17T11:34:27","modified_gmt":"2024-04-17T09:34:27","slug":"dienstleistungsbedingungen-fotomagico","status":"publish","type":"page","link":"https:\/\/fotomagico.com\/de-de\/terms-of-service-fotomagico\/","title":{"rendered":"Nutzungsbedingungen FotoMagico"},"content":{"rendered":"<div data-elementor-type=\"wp-page\" data-elementor-id=\"8044\" class=\"elementor elementor-8044\" data-elementor-post-type=\"page\">\n\t\t\t\t<div class=\"elementor-element elementor-element-71682e4 e-flex e-con-boxed e-con e-parent\" data-id=\"71682e4\" data-element_type=\"container\" data-e-type=\"container\">\n\t\t\t\t\t<div class=\"e-con-inner\">\n\t\t<div class=\"elementor-element elementor-element-37cd8e5 e-flex e-con-boxed e-con e-child\" data-id=\"37cd8e5\" data-element_type=\"container\" data-e-type=\"container\">\n\t\t\t\t\t<div class=\"e-con-inner\">\n\t\t\t\t<div class=\"elementor-element elementor-element-18fb8e1 elementor-widget elementor-widget-text-editor\" data-id=\"18fb8e1\" data-element_type=\"widget\" data-e-type=\"widget\" data-widget_type=\"text-editor.default\">\n\t\t\t\t<div class=\"elementor-widget-container\">\n\t\t\t\t\t\t\t\t\t<header><span class=\"headline\">FotoMagico Nutzungsbedingungen<\/span><\/header><div class=\"text\"><h1>Boinx Endbenutzer-Lizenzvertrag<\/h1><p>Dieser Vertrag ist ein rechtsg\u00fcltiger Vertrag zwischen Ihnen (entweder eine nat\u00fcrliche oder eine juristische Person, \"der Lizenznehmer\") und Boinx Software International GmbH (\"der Lizenzgeber\") f\u00fcr das Softwareprodukt FotoMagico (\"das Produkt\"). Das Produkt besteht aus mehreren Dateien einschlie\u00dflich einer Anwendung, die in elektronischer Form durch Herunterladen aus dem Internet vertrieben wird.<\/p><p>Indem Sie das Produkt installieren oder anderweitig nutzen, erkl\u00e4ren Sie sich mit den Bedingungen dieser Lizenzvereinbarung einverstanden. Wenn Sie den Bedingungen dieser Lizenzvereinbarung nicht zustimmen, l\u00f6schen Sie unverz\u00fcglich alle Kopien des nicht verwendeten Produkts von Ihren Massenspeichern. Das Produkt ist durch Urheberrechtsgesetze und internationale Urheberrechtsvertr\u00e4ge sowie durch andere Gesetze und Vertr\u00e4ge \u00fcber geistiges Eigentum gesch\u00fctzt.<\/p><h2>Erteilung der Lizenz<\/h2><p>A. Boinx Software gew\u00e4hrt dem Lizenznehmer eine nicht \u00fcbertragbare Lizenz zur Nutzung des Produkts auf allen Produkten der Marke Apple, die unter Mac OS X laufen, die Sie besitzen oder kontrollieren und die gem\u00e4\u00df den \"Nutzungsregeln\" zul\u00e4ssig sind. Das Produkt wird lizenziert, nicht verkauft, an Sie<\/p><p>B. Diese Lizenz erlaubt Ihnen nicht, das Produkt auf einem Apple Ger\u00e4t zu verwenden, das Sie nicht besitzen oder kontrollieren, und Sie d\u00fcrfen das Produkt nicht \u00fcber ein Netzwerk verteilen oder verf\u00fcgbar machen. Sie d\u00fcrfen die lizenzierte Anwendung nicht vermieten, verleasen, verleihen, verkaufen, weiterverteilen oder unterlizenzieren. Es ist Ihnen nicht gestattet, das Produkt, Updates oder Teile davon zu kopieren, zu dekompilieren, zur\u00fcckzuentwickeln, zu zerlegen, zu versuchen, den Quellcode abzuleiten, zu modifizieren oder davon abgeleitete Werke zu erstellen. Jeder Versuch, dies zu tun, stellt einen Versto\u00df gegen die Rechte des Lizenzgebers und seiner Lizenzgeber dar.<\/p><h2>Verwendungsregeln<\/h2><p>A. Wenn Sie eine Einzelperson sind, die in ihrer pers\u00f6nlichen Eigenschaft handelt, d\u00fcrfen Sie das Produkt f\u00fcr den pers\u00f6nlichen, nicht-kommerziellen Gebrauch auf jedem Apple-Produkt mit Mac OS X (\"Mac Computer\"), das Sie besitzen oder kontrollieren, herunterladen und verwenden.<\/p><p>B. Wenn Sie ein kommerzielles Unternehmen oder eine Bildungseinrichtung sind, k\u00f6nnen Sie das Produkt entweder (a) f\u00fcr eine einzelne Person auf jedem der von dieser Person verwendeten Mac Computer, die Sie besitzen oder kontrollieren, oder (b) f\u00fcr mehrere Personen auf einem einzigen gemeinsamen Mac Computer, den Sie besitzen oder kontrollieren, herunterladen. Beispielsweise kann ein einzelner Mitarbeiter ein Produkt sowohl auf seinem Desktop-Mac-Computer als auch auf seinem Laptop-Mac-Computer verwenden, oder mehrere Studenten k\u00f6nnen ein Produkt seriell auf einem einzigen Mac-Computer in einem Ressourcenzentrum oder einer Bibliothek verwenden. Aus Gr\u00fcnden der Klarheit ist f\u00fcr jeden Mac Computer, der von mehreren Benutzern seriell genutzt wird, eine separate Lizenz erforderlich.<\/p><h2>Zustimmung zur Verwendung der Daten<\/h2><p>Sie erkl\u00e4ren sich damit einverstanden, dass der Lizenzgeber technische Daten und damit zusammenh\u00e4ngende Informationen - einschlie\u00dflich, aber nicht beschr\u00e4nkt auf technische Informationen \u00fcber Ihr Ger\u00e4t, Ihre System- und Anwendungssoftware und Peripherieger\u00e4te -, die in regelm\u00e4\u00dfigen Abst\u00e4nden gesammelt werden, um die Bereitstellung von Software-Updates, Produktsupport und anderen Dienstleistungen f\u00fcr Sie (falls zutreffend) im Zusammenhang mit dem Produkt zu erleichtern, erfassen und verwenden darf. Der Lizenzgeber kann diese Informationen, solange sie in einer Form vorliegen, die Sie nicht pers\u00f6nlich identifiziert, zur Verbesserung seiner Produkte oder zur Bereitstellung von Dienstleistungen oder Technologien f\u00fcr Sie verwenden.<\/p><h2>Produktgarantie und Haftung<\/h2><p>DER LIZENZNEHMER ERKENNT AN, DASS DAS PRODUKT OHNE M\u00c4NGELGEW\u00c4HR FREIGEGEBEN WIRD UND DASS ES KEINE AUSDR\u00dcCKLICHE ODER STILLSCHWEIGENDE GARANTIE F\u00dcR DIE FUNKTION, SICHERHEIT, LEISTUNG ODER AUSWIRKUNGEN AUF ANDERE SOFTWARE ODER HARDWARE GIBT. DER LIZENZGEBER IST NICHT VERPFLICHTET, WARTUNG, SUPPORT ODER REVISIONEN DES PRODUKTS ANZUBIETEN. ES GIBT KEINE GARANTIEN ODER BEDINGUNGEN, WEDER AUSDR\u00dcCKLICH NOCH STILLSCHWEIGEND, GESETZLICH ODER ANDERWEITIG, DIE AUF DAS PRODUKT ANWENDBAR SIND, EINSCHLIESSLICH, ABER NICHT BESCHR\u00c4NKT AUF JEGLICHE AUSDR\u00dcCKLICHE ODER STILLSCHWEIGENDE GARANTIE IN BEZUG AUF DIE MARKTG\u00c4NGIGKEIT ODER EIGNUNG F\u00dcR EINEN BESTIMMTEN ZWECK. IN KEINEM FALL HAFTET DER LIZENZGEBER F\u00dcR BESONDERE, INDIREKTE, DIREKTE, STRAFENDE, FOLGE- ODER ANDERE SCH\u00c4DEN, EINSCHLIESSLICH ENTGANGENEM GEWINN, NUTZUNGSAUSFALL ODER DATENVERLUST. DER LIZENZNEHMER ERKL\u00c4RT SICH DAMIT EINVERSTANDEN, DASS WEDER DER LIZENZGEBER NOCH DIE F\u00dcR DIE ENTWICKLUNG DES PRODUKTS VERANTWORTLICHEN PERSONEN GEGEN\u00dcBER DEM LIZENZNEHMER F\u00dcR VERLUSTE, KOSTEN ODER SCH\u00c4DEN JEGLICHER ART HAFTEN, DIE DEM LIZENZNEHMER AUS DER NUTZUNG, VER\u00c4NDERUNG ODER VERBREITUNG DES WERKS ENTSTEHEN, UND DER LIZENZNEHMER ERKL\u00c4RT SICH DAMIT EINVERSTANDEN, DEN LIZENZGEBER, SEINE LEITENDEN ANGESTELLTEN UND MITARBEITER VON SOLCHEN ANSPR\u00dcCHEN FREIZUSTELLEN.<\/p><p>Wenn Sie FotoMagico nutzen, um Videos auf YouTube hochzuladen, erkl\u00e4ren Sie sich mit den\u00a0<a href=\"https:\/\/www.youtube.com\/t\/terms\" target=\"_blank\" rel=\"noopener\">YouTube-Nutzungsbedingungen<\/a>.<\/p><p>Dieser Vertrag stellt die gesamte Vereinbarung zwischen den Parteien dar und kann nur schriftlich durch den Lizenzgeber ge\u00e4ndert werden. Diese Vereinbarung unterliegt dem Recht der Bundesrepublik Deutschland.<\/p><h2>Kredite von Dritten<\/h2><p>Nachfolgend finden Sie eine Liste der Credits f\u00fcr die Verwendung der jeweiligen Komponenten von Drittanbietern im Quellcode von FotoMagico.<\/p><p>PromiseKit<\/p><p>Copyright 2016-present, Max Howell; mxcl@me.com<\/p><p>Hiermit wird jeder Person, die eine Kopie dieser Software und der zugeh\u00f6rigen Dokumentationsdateien (die \"Software\") erwirbt, kostenlos die Erlaubnis erteilt, uneingeschr\u00e4nkt mit der Software zu handeln, einschlie\u00dflich und ohne Einschr\u00e4nkung der Rechte, Kopien der Software zu verwenden, zu kopieren, zu modifizieren, zusammenzuf\u00fchren, zu ver\u00f6ffentlichen, zu vertreiben, zu unterlizenzieren und\/oder zu verkaufen, und Personen, denen die Software zur Verf\u00fcgung gestellt wird, dies unter den folgenden Bedingungen zu gestatten: Der obige Urheberrechtsvermerk und dieser Genehmigungsvermerk m\u00fcssen in allen Kopien oder wesentlichen Teilen der Software enthalten sein.<\/p><p>DIE SOFTWARE WIRD OHNE M\u00c4NGELGEW\u00c4HR UND OHNE JEGLICHE AUSDR\u00dcCKLICHE ODER STILLSCHWEIGENDE GARANTIE ZUR VERF\u00dcGUNG GESTELLT, EINSCHLIESSLICH, ABER NICHT BESCHR\u00c4NKT AUF DIE GARANTIE DER MARKTG\u00c4NGIGKEIT, DER EIGNUNG F\u00dcR EINEN BESTIMMTEN ZWECK UND DER NICHTVERLETZUNG VON RECHTEN. IN KEINEM FALL HAFTEN DIE AUTOREN ODER URHEBERRECHTSINHABER F\u00dcR JEGLICHE ANSPR\u00dcCHE, SCH\u00c4DEN ODER ANDERE HAFTUNGEN, SEI ES DURCH VERTRAG, UNERLAUBTE HANDLUNGEN ODER ANDERWEITIG, DIE SICH AUS DER SOFTWARE ODER DER NUTZUNG ODER DEM SONSTIGEN UMGANG MIT DER SOFTWARE ERGEBEN ODER DAMIT ZUSAMMENH\u00c4NGEN.<\/p><p>SwiftyStoreKit<\/p><p>Urheberrecht @2015-2016 Andrea Bizzotto<\/p><p>Hiermit wird jeder Person, die eine Kopie dieser Software und der zugeh\u00f6rigen Dokumentationsdateien (die \"Software\") erwirbt, kostenlos die Erlaubnis erteilt, uneingeschr\u00e4nkt mit der Software zu handeln, einschlie\u00dflich und ohne Einschr\u00e4nkung der Rechte, Kopien der Software zu verwenden, zu kopieren, zu modifizieren, zusammenzuf\u00fchren, zu ver\u00f6ffentlichen, zu vertreiben, zu unterlizenzieren und\/oder zu verkaufen, und Personen, denen die Software zur Verf\u00fcgung gestellt wird, dies unter den folgenden Bedingungen zu gestatten:<\/p><p>Der obige Copyright-Hinweis und dieser Genehmigungshinweis m\u00fcssen in allen Kopien oder wesentlichen Teilen der Software enthalten sein.<\/p><p>DIE SOFTWARE WIRD OHNE M\u00c4NGELGEW\u00c4HR UND OHNE JEGLICHE AUSDR\u00dcCKLICHE ODER STILLSCHWEIGENDE GARANTIE ZUR VERF\u00dcGUNG GESTELLT, EINSCHLIESSLICH, ABER NICHT BESCHR\u00c4NKT AUF DIE GARANTIE DER MARKTG\u00c4NGIGKEIT, DER EIGNUNG F\u00dcR EINEN BESTIMMTEN ZWECK UND DER NICHTVERLETZUNG VON RECHTEN. IN KEINEM FALL HAFTEN DIE AUTOREN ODER URHEBERRECHTSINHABER F\u00dcR JEGLICHE ANSPR\u00dcCHE, SCH\u00c4DEN ODER ANDERE HAFTUNGEN, SEI ES DURCH VERTRAG, UNERLAUBTE HANDLUNGEN ODER ANDERWEITIG, DIE SICH AUS DER SOFTWARE ODER DER NUTZUNG ODER DEM SONSTIGEN UMGANG MIT DER SOFTWARE ERGEBEN ODER DAMIT ZUSAMMENH\u00c4NGEN.<\/p><p>ZIPFoundation<\/p><p>Copyright (c) 2017-2021 Thomas Zoechling (<a href=\"https:\/\/www.peakstep.com\/\" target=\"_blank\" rel=\"noopener\">https:\/\/www.peakstep.com<\/a>) Hiermit wird jeder Person, die eine Kopie dieser Software und der zugeh\u00f6rigen Dokumentationsdateien (die \"Software\") erwirbt, kostenlos die Erlaubnis erteilt, uneingeschr\u00e4nkt mit der Software zu handeln, einschlie\u00dflich und ohne Einschr\u00e4nkung der Rechte, Kopien der Software zu verwenden, zu kopieren, zu modifizieren, zusammenzuf\u00fchren, zu ver\u00f6ffentlichen, zu vertreiben, zu unterlizenzieren und\/oder zu verkaufen, und Personen, denen die Software zur Verf\u00fcgung gestellt wird, dies unter den folgenden Bedingungen zu gestatten:<\/p><p>Der obige Copyright-Hinweis und dieser Genehmigungshinweis m\u00fcssen in allen Kopien oder wesentlichen Teilen der Software enthalten sein.<\/p><p>DIE SOFTWARE WIRD OHNE M\u00c4NGELGEW\u00c4HR UND OHNE JEGLICHE AUSDR\u00dcCKLICHE ODER STILLSCHWEIGENDE GARANTIE ZUR VERF\u00dcGUNG GESTELLT, EINSCHLIESSLICH, ABER NICHT BESCHR\u00c4NKT AUF DIE GARANTIE DER MARKTG\u00c4NGIGKEIT, DER EIGNUNG F\u00dcR EINEN BESTIMMTEN ZWECK UND DER NICHTVERLETZUNG VON RECHTEN. IN KEINEM FALL HAFTEN DIE AUTOREN ODER URHEBERRECHTSINHABER F\u00dcR JEGLICHE ANSPR\u00dcCHE, SCH\u00c4DEN ODER ANDERE HAFTUNGEN, SEI ES DURCH VERTRAG, UNERLAUBTE HANDLUNGEN ODER ANDERWEITIG, DIE SICH AUS DER SOFTWARE ODER DER NUTZUNG ODER DEM SONSTIGEN UMGANG MIT DER SOFTWARE ERGEBEN ODER DAMIT ZUSAMMENH\u00c4NGEN.<\/p><p>iMedia-Browser<\/p><p>Copyright \u00a92005-2013 by Karelia Software et al. Copyright \u00a92010-2020 by J\u00f6rg Jacobsen Copyright \u00a92010-2021 by Peter Baumgartner Copyright \u00a92010-2021 by Pierre Bernard<\/p><p>iMedia Browser basiert auf dem urspr\u00fcnglich von Jason Terhorst entwickelten Code, der von Greg Hulands, Dan Wood und Terrence Talbot f\u00fcr Sandvox weiterentwickelt wurde. Die neue Architektur f\u00fcr Version 2.0 wurde von Peter Baumgartner entwickelt. Beitr\u00e4ge wurden auch von Matt Gough, Martin Wennerberg und anderen geleistet, wie in den Quelldateien angegeben. Das iMedia Browser Framework ist unter den folgenden Bedingungen lizenziert:<\/p><p>Hiermit wird jeder Person, die eine Kopie dieser Software und der zugeh\u00f6rigen Dokumentationsdateien (die \"Software\") erwirbt, kostenlos die Erlaubnis erteilt, mit der gesamten Software oder wesentlichen Teilen davon ohne Einschr\u00e4nkung zu handeln, einschlie\u00dflich des Rechts, Kopien der Software zu verwenden, zu kopieren, zu modifizieren, zusammenzuf\u00fchren, zu ver\u00f6ffentlichen, zu vertreiben, zu unterlizenzieren und\/oder zu verkaufen, und Personen, denen die Software zur Verf\u00fcgung gestellt wird, dies unter den folgenden Bedingungen zu erlauben:<\/p><p>Weiterverteilungen des Quellcodes m\u00fcssen die hier genannten Originalbedingungen, einschlie\u00dflich dieser Liste von Bedingungen, des unten aufgef\u00fchrten Haftungsausschlusses und des folgenden Copyright-Hinweises, beibehalten: Copyright (c) 2005-2012 by Karelia Software et al. Weiterverteilungen in Bin\u00e4rform m\u00fcssen in einer f\u00fcr den Endbenutzer sichtbaren Weise, z. B. im Fenster \"\u00dcber\", im Fenster \"Danksagung\" oder \u00e4hnlichem, entweder a) die hier genannten Originalbedingungen, einschlie\u00dflich dieser Liste von Bedingungen, des unten genannten Haftungsausschlusses und des oben genannten Copyright-Hinweises, oder b) den oben genannten Copyright-Hinweis und einen Link zu karelia.com\/imedia enthalten. Weder der Name von Karelia Software, noch Sandvox, noch die Namen der Mitwirkenden an iMedia Browser d\u00fcrfen ohne vorherige und ausdr\u00fcckliche schriftliche Genehmigung von Karelia Software bzw. der einzelnen Mitwirkenden verwendet werden, um von der Software abgeleitete Produkte zu unterst\u00fctzen oder zu bewerben.<\/p><p>Haftungsausschluss: DIE SOFTWARE WIRD VON DEN URHEBERN UND BETEILIGERN \"WIE SIE IST\" UND OHNE JEGLICHE GEW\u00c4HRLEISTUNG, AUSDR\u00dcCKLICH ODER STILLSCHWEIGEND, ZUR VERF\u00dcGUNG GESTELLT, EINSCHLIESSLICH, ABER NICHT BESCHR\u00c4NKT AUF DIE GEW\u00c4HRLEISTUNG DER HANDELS\u00dcBLICHKEIT, EIGNUNG F\u00dcR EINEN BESTIMMTEN ZWECK UND NICHTVERLETZUNG. IN KEINEM FALL HAFTEN DIE AUTOREN ODER URHEBERRECHTSINHABER F\u00dcR JEGLICHE ANSPR\u00dcCHE, SCH\u00c4DEN ODER SONSTIGE HAFTUNG, SEI ES AUS VERTRAG, UNERLAUBTER HANDLUNG ODER ANDERWEITIG, DIE SICH AUS DER SOFTWARE ODER DER NUTZUNG DER SOFTWARE ODER DEM SONSTIGEN UMGANG MIT DER SOFTWARE ERGEBEN ODER DAMIT ZUSAMMENH\u00c4NGEN. \u00a92004-2013 von Karelia Software<\/p><p>CoreGPX<\/p><p>Copyright (c) 2018 Vincent Neo<\/p><p>Hiermit wird jeder Person, die eine Kopie dieser Software und der zugeh\u00f6rigen Dokumentationsdateien (die \"Software\") erwirbt, kostenlos die Erlaubnis erteilt, uneingeschr\u00e4nkt mit der Software zu handeln, einschlie\u00dflich und ohne Einschr\u00e4nkung der Rechte, Kopien der Software zu verwenden, zu kopieren, zu modifizieren, zusammenzuf\u00fchren, zu ver\u00f6ffentlichen, zu vertreiben, zu unterlizenzieren und\/oder zu verkaufen, und Personen, denen die Software zur Verf\u00fcgung gestellt wird, dies unter den folgenden Bedingungen zu gestatten:<\/p><p>Der obige Copyright-Hinweis und dieser Genehmigungshinweis m\u00fcssen in allen Kopien oder wesentlichen Teilen der Software enthalten sein.<\/p><p>DIE SOFTWARE WIRD OHNE M\u00c4NGELGEW\u00c4HR UND OHNE JEGLICHE AUSDR\u00dcCKLICHE ODER STILLSCHWEIGENDE GARANTIE ZUR VERF\u00dcGUNG GESTELLT, EINSCHLIESSLICH, ABER NICHT BESCHR\u00c4NKT AUF DIE GARANTIE DER MARKTG\u00c4NGIGKEIT, DER EIGNUNG F\u00dcR EINEN BESTIMMTEN ZWECK UND DER NICHTVERLETZUNG VON RECHTEN. IN KEINEM FALL HAFTEN DIE AUTOREN ODER URHEBERRECHTSINHABER F\u00dcR JEGLICHE ANSPR\u00dcCHE, SCH\u00c4DEN ODER ANDERE HAFTUNGEN, SEI ES DURCH VERTRAG, UNERLAUBTE HANDLUNGEN ODER ANDERWEITIG, DIE SICH AUS DER SOFTWARE ODER DER NUTZUNG ODER DEM SONSTIGEN UMGANG MIT DER SOFTWARE ERGEBEN ODER DAMIT ZUSAMMENH\u00c4NGEN.<\/p><p>Funkeln<\/p><p>Copyright (c) 2006-2013 Andy Matuschak. Urheberrecht (c) 2009-2013 Elgato Systems GmbH. Copyright (c) 2011-2014 Kornel Lesi\u0144ski. Copyright (c) 2015-2017 Mayur Pawashe. Copyright (c) 2014 C.W. Betts. Copyright (c) 2014 Petroules Corporation. Copyright (c) 2014 Big Nerd Ranch. Alle Rechte vorbehalten.<\/p><p>Hiermit wird jeder Person, die eine Kopie dieser Software und der zugeh\u00f6rigen Dokumentationsdateien (die \"Software\") erwirbt, kostenlos die Erlaubnis erteilt, uneingeschr\u00e4nkt mit der Software zu handeln, einschlie\u00dflich und ohne Einschr\u00e4nkung der Rechte, Kopien der Software zu verwenden, zu kopieren, zu modifizieren, zusammenzuf\u00fchren, zu ver\u00f6ffentlichen, zu vertreiben, zu unterlizenzieren und\/oder zu verkaufen, und Personen, denen die Software zur Verf\u00fcgung gestellt wird, dies unter den folgenden Bedingungen zu gestatten:<\/p><p>Der obige Copyright-Hinweis und dieser Genehmigungshinweis m\u00fcssen in allen Kopien oder wesentlichen Teilen der Software enthalten sein.<\/p><p>DIE SOFTWARE WIRD OHNE M\u00c4NGELGEW\u00c4HR UND OHNE JEGLICHE AUSDR\u00dcCKLICHE ODER STILLSCHWEIGENDE GARANTIE ZUR VERF\u00dcGUNG GESTELLT, EINSCHLIESSLICH, ABER NICHT BESCHR\u00c4NKT AUF DIE GARANTIE DER MARKTG\u00c4NGIGKEIT, DER EIGNUNG F\u00dcR EINEN BESTIMMTEN ZWECK UND DER NICHTVERLETZUNG VON RECHTEN. IN KEINEM FALL HAFTEN DIE AUTOREN ODER URHEBERRECHTSINHABER F\u00dcR JEGLICHE ANSPR\u00dcCHE, SCH\u00c4DEN ODER ANDERE HAFTUNGEN, SEI ES DURCH VERTRAG, UNERLAUBTE HANDLUNGEN ODER ANDERWEITIG, DIE SICH AUS DER SOFTWARE ODER DER NUTZUNG ODER DEM SONSTIGEN UMGANG MIT DER SOFTWARE ERGEBEN ODER DAMIT ZUSAMMENH\u00c4NGEN.<\/p><p>RxSwift<\/p><p>Copyright \u00a9 2015 Krunoslav Zaher, Alle Rechte vorbehalten.<\/p><p>Hiermit wird jeder Person, die eine Kopie dieser Software und der zugeh\u00f6rigen Dokumentationsdateien (die \"Software\") erwirbt, kostenlos die Erlaubnis erteilt, uneingeschr\u00e4nkt mit der Software zu handeln, einschlie\u00dflich und ohne Einschr\u00e4nkung der Rechte, Kopien der Software zu verwenden, zu kopieren, zu modifizieren, zusammenzuf\u00fchren, zu ver\u00f6ffentlichen, zu vertreiben, zu unterlizenzieren und\/oder zu verkaufen, und Personen, denen die Software zur Verf\u00fcgung gestellt wird, dies unter den folgenden Bedingungen zu gestatten:<\/p><p>Der obige Copyright-Hinweis und dieser Genehmigungshinweis m\u00fcssen in allen Kopien oder wesentlichen Teilen der Software enthalten sein.<\/p><p>DIE SOFTWARE WIRD OHNE M\u00c4NGELGEW\u00c4HR UND OHNE JEGLICHE AUSDR\u00dcCKLICHE ODER STILLSCHWEIGENDE GARANTIE ZUR VERF\u00dcGUNG GESTELLT, EINSCHLIESSLICH, ABER NICHT BESCHR\u00c4NKT AUF DIE GARANTIE DER MARKTG\u00c4NGIGKEIT, DER EIGNUNG F\u00dcR EINEN BESTIMMTEN ZWECK UND DER NICHTVERLETZUNG VON RECHTEN. IN KEINEM FALL HAFTEN DIE AUTOREN ODER URHEBERRECHTSINHABER F\u00dcR JEGLICHE ANSPR\u00dcCHE, SCH\u00c4DEN ODER ANDERE HAFTUNGEN, SEI ES DURCH VERTRAG, UNERLAUBTE HANDLUNGEN ODER ANDERWEITIG, DIE SICH AUS DER SOFTWARE ODER DER NUTZUNG ODER DEM SONSTIGEN UMGANG MIT DER SOFTWARE ERGEBEN ODER DAMIT ZUSAMMENH\u00c4NGEN.<\/p><p>Starscream<\/p><p>Copyright (c) 2014-2016 Dalton Cherry.<\/p><p>Starscream ist lizenziert unter der Apache v2 License.<\/p><p>swift-nio-zlib-unterst\u00fctzung<\/p><p>Copyright 2018, Apple Inc.<\/p><p>Lizenziert unter der Apache License, Version 2.0 (die \"Lizenz\"); Sie d\u00fcrfen diese Datei nur in \u00dcbereinstimmung mit der Lizenz verwenden. Sie k\u00f6nnen eine Kopie der Lizenz erhalten unter\u00a0<a href=\"http:\/\/www.apache.org\/licenses\/LICENSE-2.0\" target=\"_blank\" rel=\"noopener\">http:\/\/www.apache.org\/licenses\/LICENSE-2.0<\/a><\/p><p>Sofern nicht durch geltendes Recht vorgeschrieben oder schriftlich vereinbart, wird Software, die unter der Lizenz vertrieben wird, auf einer \"AS IS\"-Basis vertrieben, OHNE GARANTIEN ODER BEDINGUNGEN JEGLICHER ART, weder ausdr\u00fccklich noch stillschweigend. Siehe die Lizenz f\u00fcr die spezifische Sprache, die die Erlaubnisse und Beschr\u00e4nkungen unter der Lizenz regelt.<\/p><p>SPDX-Lizenz-Kennzeichnung: Apache-2.0<\/p><p>SwiftPhoenixClient<\/p><p>Copyright (c) 2015 David Stump<\/p><p>Hiermit wird jeder Person, die eine Kopie dieser Software und der zugeh\u00f6rigen Dokumentationsdateien (die \"Software\") erwirbt, kostenlos die Erlaubnis erteilt, uneingeschr\u00e4nkt mit der Software zu handeln, einschlie\u00dflich und ohne Einschr\u00e4nkung der Rechte, Kopien der Software zu verwenden, zu kopieren, zu modifizieren, zusammenzuf\u00fchren, zu ver\u00f6ffentlichen, zu vertreiben, zu unterlizenzieren und\/oder zu verkaufen, und Personen, denen die Software zur Verf\u00fcgung gestellt wird, dies unter den folgenden Bedingungen zu gestatten:<\/p><p>Der obige Copyright-Hinweis und dieser Genehmigungshinweis m\u00fcssen in allen Kopien oder wesentlichen Teilen der Software enthalten sein.<\/p><p>DIE SOFTWARE WIRD OHNE M\u00c4NGELGEW\u00c4HR UND OHNE JEGLICHE AUSDR\u00dcCKLICHE ODER STILLSCHWEIGENDE GARANTIE ZUR VERF\u00dcGUNG GESTELLT, EINSCHLIESSLICH, ABER NICHT BESCHR\u00c4NKT AUF DIE GARANTIE DER MARKTG\u00c4NGIGKEIT, DER EIGNUNG F\u00dcR EINEN BESTIMMTEN ZWECK UND DER NICHTVERLETZUNG VON RECHTEN. IN KEINEM FALL HAFTEN DIE AUTOREN ODER URHEBERRECHTSINHABER F\u00dcR JEGLICHE ANSPR\u00dcCHE, SCH\u00c4DEN ODER ANDERE HAFTUNGEN, SEI ES DURCH VERTRAG, UNERLAUBTE HANDLUNGEN ODER ANDERWEITIG, DIE SICH AUS DER SOFTWARE ODER DER NUTZUNG ODER DEM SONSTIGEN UMGANG MIT DER SOFTWARE ERGEBEN ODER DAMIT ZUSAMMENH\u00c4NGEN.<\/p><p>BeatDetect<\/p><p>Verwendet unter MIT-Lizenz mit Genehmigung von Daniel Iglesia<\/p><p>Urheberrecht (c) 2021 Daniel Iglesia<\/p><p>Hiermit wird jeder Person, die eine Kopie dieser Software und der zugeh\u00f6rigen Dokumentationsdateien (die \"Software\") erwirbt, kostenlos die Erlaubnis erteilt, uneingeschr\u00e4nkt mit der Software zu handeln, einschlie\u00dflich und ohne Einschr\u00e4nkung der Rechte, Kopien der Software zu verwenden, zu kopieren, zu modifizieren, zusammenzuf\u00fchren, zu ver\u00f6ffentlichen, zu vertreiben, zu unterlizenzieren und\/oder zu verkaufen, und Personen, denen die Software zur Verf\u00fcgung gestellt wird, dies unter den folgenden Bedingungen zu gestatten: Der obige Copyright-Hinweis und dieser Genehmigungshinweis m\u00fcssen in allen Kopien oder wesentlichen Teilen der Software enthalten sein. DIE SOFTWARE WIRD OHNE M\u00c4NGELGEW\u00c4HR UND OHNE JEGLICHE AUSDR\u00dcCKLICHE ODER STILLSCHWEIGENDE GARANTIE ZUR VERF\u00dcGUNG GESTELLT, EINSCHLIESSLICH, ABER NICHT BESCHR\u00c4NKT AUF DIE GARANTIE DER MARKTG\u00c4NGIGKEIT, DER EIGNUNG F\u00dcR EINEN BESTIMMTEN ZWECK UND DER NICHTVERLETZUNG VON RECHTEN. IN KEINEM FALL HAFTEN DIE AUTOREN ODER URHEBERRECHTSINHABER F\u00dcR JEGLICHE ANSPR\u00dcCHE, SCH\u00c4DEN ODER SONSTIGE HAFTUNG, SEI ES AUS VERTRAG, UNERLAUBTER HANDLUNG ODER ANDERWEITIG, DIE SICH AUS DER SOFTWARE ODER DER NUTZUNG ODER DEM SONSTIGEN UMGANG MIT DER SOFTWARE ERGEBEN ODER DAMIT ZUSAMMENH\u00c4NGEN.<\/p><p class=\"pull-right\">Erstellt am 1. Mai 2021<\/p><\/div>\t\t\t\t\t\t\t\t<\/div>\n\t\t\t\t<\/div>\n\t\t\t\t\t<\/div>\n\t\t\t\t<\/div>\n\t\t\t\t\t<\/div>\n\t\t\t\t<\/div>\n\t\t\t\t<\/div>","protected":false},"excerpt":{"rendered":"<p>FotoMagico Terms of Service Boinx End User License Agreement This Agreement is a legal agreement between you (either an individual or a legal entity, &#8220;The Licensee&#8221;) and Boinx Software International GmbH (&#8220;The Licensor&#8221;) for the software product FotoMagico (&#8220;The Product&#8221;). The Product consists of several files including an application which is distributed in electronic form [&hellip;]<\/p>\n","protected":false},"author":1,"featured_media":0,"parent":0,"menu_order":0,"comment_status":"closed","ping_status":"closed","template":"","meta":{"_acf_changed":false,"footnotes":""},"class_list":["post-8044","page","type-page","status-publish","hentry"],"acf":[],"_links":{"self":[{"href":"https:\/\/fotomagico.com\/de-de\/wp-json\/wp\/v2\/pages\/8044","targetHints":{"allow":["GET"]}}],"collection":[{"href":"https:\/\/fotomagico.com\/de-de\/wp-json\/wp\/v2\/pages"}],"about":[{"href":"https:\/\/fotomagico.com\/de-de\/wp-json\/wp\/v2\/types\/page"}],"author":[{"embeddable":true,"href":"https:\/\/fotomagico.com\/de-de\/wp-json\/wp\/v2\/users\/1"}],"replies":[{"embeddable":true,"href":"https:\/\/fotomagico.com\/de-de\/wp-json\/wp\/v2\/comments?post=8044"}],"version-history":[{"count":4,"href":"https:\/\/fotomagico.com\/de-de\/wp-json\/wp\/v2\/pages\/8044\/revisions"}],"predecessor-version":[{"id":8048,"href":"https:\/\/fotomagico.com\/de-de\/wp-json\/wp\/v2\/pages\/8044\/revisions\/8048"}],"wp:attachment":[{"href":"https:\/\/fotomagico.com\/de-de\/wp-json\/wp\/v2\/media?parent=8044"}],"curies":[{"name":"wp","href":"https:\/\/api.w.org\/{rel}","templated":true}]}}