{"id":5776,"date":"2023-03-01T19:31:55","date_gmt":"2023-03-01T18:31:55","guid":{"rendered":"https:\/\/fotomagico.com\/?page_id=5776"},"modified":"2024-05-14T15:19:07","modified_gmt":"2024-05-14T13:19:07","slug":"ai-tools","status":"publish","type":"page","link":"https:\/\/fotomagico.com\/de-de\/ai-tools\/","title":{"rendered":"Ai Tools"},"content":{"rendered":"<div data-elementor-type=\"wp-page\" data-elementor-id=\"5776\" class=\"elementor elementor-5776\" data-elementor-post-type=\"page\">\n\t\t\t\t<div class=\"elementor-element elementor-element-84f9474 e-flex e-con-boxed e-con e-parent\" data-id=\"84f9474\" data-element_type=\"container\" data-e-type=\"container\">\n\t\t\t\t\t<div class=\"e-con-inner\">\n\t\t<div class=\"elementor-element elementor-element-fb70a3e e-con-full e-flex e-con e-child\" data-id=\"fb70a3e\" data-element_type=\"container\" data-e-type=\"container\">\n\t\t\t\t<div class=\"elementor-element elementor-element-8f2c781 elementor-widget elementor-widget-heading\" data-id=\"8f2c781\" data-element_type=\"widget\" data-e-type=\"widget\" data-widget_type=\"heading.default\">\n\t\t\t\t<div class=\"elementor-widget-container\">\n\t\t\t\t\t<h1 class=\"elementor-heading-title elementor-size-default\">Ai Tools<\/h1>\t\t\t\t<\/div>\n\t\t\t\t<\/div>\n\t\t\t\t<div class=\"elementor-element elementor-element-0444eee elementor-widget elementor-widget-heading\" data-id=\"0444eee\" data-element_type=\"widget\" data-e-type=\"widget\" data-widget_type=\"heading.default\">\n\t\t\t\t<div class=\"elementor-widget-container\">\n\t\t\t\t\t<h4 class=\"elementor-heading-title elementor-size-default\">Suchen Sie nach einer M\u00f6glichkeit, Zeit zu sparen und Ihren Foto- und Videobearbeitungs-Workflow zu optimieren? <\/h4>\t\t\t\t<\/div>\n\t\t\t\t<\/div>\n\t\t\t\t<\/div>\n\t\t\t\t\t<\/div>\n\t\t\t\t<\/div>\n\t\t<div class=\"elementor-element elementor-element-0f6578c e-flex e-con-boxed e-con e-parent\" data-id=\"0f6578c\" data-element_type=\"container\" data-e-type=\"container\">\n\t\t\t\t\t<div class=\"e-con-inner\">\n\t\t\t\t<div class=\"elementor-element elementor-element-067d84f elementor-widget elementor-widget-heading\" data-id=\"067d84f\" data-element_type=\"widget\" data-e-type=\"widget\" data-widget_type=\"heading.default\">\n\t\t\t\t<div class=\"elementor-widget-container\">\n\t\t\t\t\t<h3 class=\"elementor-heading-title elementor-size-default\">Dynamische Animationen\n <sup>Ai<\/sup><\/h3>\t\t\t\t<\/div>\n\t\t\t\t<\/div>\n\t\t<div class=\"elementor-element elementor-element-54cb190 e-flex e-con-boxed e-con e-child\" data-id=\"54cb190\" data-element_type=\"container\" data-e-type=\"container\">\n\t\t\t\t\t<div class=\"e-con-inner\">\n\t\t\t\t<div class=\"elementor-element elementor-element-e375ae4 elementor-widget elementor-widget-video\" data-id=\"e375ae4\" data-element_type=\"widget\" data-e-type=\"widget\" data-settings=\"{&quot;video_type&quot;:&quot;hosted&quot;,&quot;autoplay&quot;:&quot;yes&quot;,&quot;mute&quot;:&quot;yes&quot;,&quot;loop&quot;:&quot;yes&quot;}\" data-widget_type=\"video.default\">\n\t\t\t\t<div class=\"elementor-widget-container\">\n\t\t\t\t\t\t\t<div class=\"e-hosted-video elementor-wrapper elementor-open-inline\">\n\t\t\t\t\t<video class=\"elementor-video\" src=\"https:\/\/fotomagico.com\/wp-content\/uploads\/2024\/05\/fotomagico_6_6_wordpress.mp4\" autoplay=\"\" loop=\"\" muted=\"muted\" controlslist=\"nodownload\" poster=\"https:\/\/fotomagico.com\/wp-content\/uploads\/2024\/05\/fotomagico_6_6_wordpress-Cover.jpg\"><\/video>\n\t\t\t\t<\/div>\n\t\t\t\t\t\t<\/div>\n\t\t\t\t<\/div>\n\t\t\t\t\t<\/div>\n\t\t\t\t<\/div>\n\t\t\t\t<div class=\"elementor-element elementor-element-f33559f elementor-widget elementor-widget-text-editor\" data-id=\"f33559f\" data-element_type=\"widget\" data-e-type=\"widget\" data-widget_type=\"text-editor.default\">\n\t\t\t\t<div class=\"elementor-widget-container\">\n\t\t\t\t\t\t\t\t\t<h4>KI-Bildanalyse f\u00fcr dynamische Animationen<\/h4><p class=\"translation-block\">Verbessern Sie Ihre Diashow-Kreationen mit dem neuesten Durchbruch von FotoMagico: <b>KI-Bildanalyse!<\/b> Diese innovative Funktion verbessert die automatischen Schwenk- und Zoom-Animationen und sorgt daf\u00fcr, dass jedes Bild in Ihrer Diashow lebendig und ansprechend wirkt. Dank KI-gest\u00fctzter Erkenntnisse rahmt FotoMagico auf intelligente Weise die wichtigsten Elemente Ihrer Fotos ein, so dass jeder \u00dcbergang nahtlos und wirkungsvoll ist.<\/p><p>Ganz gleich, ob Sie ein Profi sind, der seinen Pr\u00e4sentationen einen dynamischen Touch verleihen m\u00f6chte, oder ein Hobbyist, der seine Fotogeschichten zum Leben erwecken will, das KI-Bildanalyse-Tool passt sich Ihren Bed\u00fcrfnissen an. Sie k\u00f6nnen die KI mit vollautomatischen Animationen die schwere Arbeit machen lassen oder selbst kreativ werden, indem Sie die Animationen manuell fein abstimmen. Diese Mischung aus Automatisierung und individueller Anpassung sorgt daf\u00fcr, dass Ihre Diashows nicht nur sch\u00f6n, sondern auch einzigartig sind.\u00a0<\/p><h4>Ken Burns Effekt 2.0<\/h4><p style=\"border: 0px solid #e3e3e3; --tw-border-spacing-x: 0; --tw-border-spacing-y: 0; --tw-translate-x: 0; --tw-translate-y: 0; --tw-rotate: 0; --tw-skew-x: 0; --tw-skew-y: 0; --tw-scale-x: 1; --tw-scale-y: 1; --tw-scroll-snap-strictness: proximity; --tw-ring-offset-width: 0px; --tw-ring-offset-color: #fff; --tw-ring-color: rgba(69,89,164,.5); --tw-ring-offset-shadow: 0 0 transparent; --tw-ring-shadow: 0 0 transparent; --tw-shadow: 0 0 transparent; --tw-shadow-colored: 0 0 transparent; margin: 1.25em 0px; font-family: S\u00f6hne, ui-sans-serif, system-ui, -apple-system, 'Segoe UI', Roboto, Ubuntu, Cantarell, 'Noto Sans', sans-serif, 'Helvetica Neue', Arial, 'Apple Color Emoji', 'Segoe UI Emoji', 'Segoe UI Symbol', 'Noto Color Emoji'; white-space-collapse: preserve;\">Man k\u00f6nnte es Ken Burns 2.0 nennen, denn es kombiniert den klassischen Effekt mit KI-Technologie, um die interessantesten Bereiche Ihrer Fotos zu identifizieren. Diese innovative Funktion in FotoMagico 6.6 erzeugt flie\u00dfende, dynamische Schwenk- und Zoom-Bewegungen und erweckt Ihre Bilder mit filmischer Qualit\u00e4t zum Leben.<\/p><p style=\"border: 0px solid #e3e3e3; --tw-border-spacing-x: 0; --tw-border-spacing-y: 0; --tw-translate-x: 0; --tw-translate-y: 0; --tw-rotate: 0; --tw-skew-x: 0; --tw-skew-y: 0; --tw-scale-x: 1; --tw-scale-y: 1; --tw-scroll-snap-strictness: proximity; --tw-ring-offset-width: 0px; --tw-ring-offset-color: #fff; --tw-ring-color: rgba(69,89,164,.5); --tw-ring-offset-shadow: 0 0 transparent; --tw-ring-shadow: 0 0 transparent; --tw-shadow: 0 0 transparent; --tw-shadow-colored: 0 0 transparent; margin: 1.25em 0px; font-family: S\u00f6hne, ui-sans-serif, system-ui, -apple-system, 'Segoe UI', Roboto, Ubuntu, Cantarell, 'Noto Sans', sans-serif, 'Helvetica Neue', Arial, 'Apple Color Emoji', 'Segoe UI Emoji', 'Segoe UI Symbol', 'Noto Color Emoji'; white-space-collapse: preserve;\">Ganz gleich, ob Sie den Ausdruck eines Motivs hervorheben oder die Gro\u00dfartigkeit einer Landschaft einfangen, Ken Burns Effect 2.0 sorgt daf\u00fcr, dass jede Folie fesselnd und eindrucksvoll ist. Passen Sie die Animationen an Ihre Geschichte an oder lassen Sie die KI das f\u00fcr Sie erledigen. Peppen Sie Ihre Diashows mit dieser perfekten Mischung aus Kunst und Technologie auf.<\/p><div>\u00a0<\/div><p>F\u00fchren Sie jetzt ein Upgrade auf FotoMagico 6.7 durch und nutzen Sie die Macht der KI, um Ihre Foto- und Videoprojekte in fesselnde Erlebnisse zu verwandeln. Ihr Publikum kann sich auf einen visuell beeindruckenden Genuss freuen!<\/p><p>\u00a0<\/p>\t\t\t\t\t\t\t\t<\/div>\n\t\t\t\t<\/div>\n\t\t\t\t<div class=\"elementor-element elementor-element-553e534 elementor-align-center elementor-widget elementor-widget-button\" data-id=\"553e534\" data-element_type=\"widget\" data-e-type=\"widget\" data-widget_type=\"button.default\">\n\t\t\t\t<div class=\"elementor-widget-container\">\n\t\t\t\t\t\t\t\t\t<div class=\"elementor-button-wrapper\">\n\t\t\t\t\t<a class=\"elementor-button elementor-button-link elementor-size-sm\" href=\"https:\/\/fotomagico.com\/de-de\/herunterladen\/kostenlose-testversion-2\/\">\n\t\t\t\t\t\t<span class=\"elementor-button-content-wrapper\">\n\t\t\t\t\t\t\t\t\t<span class=\"elementor-button-text\">Teste die Vollversion kostenlos f\u00fcr 14 Tage.<\/span>\n\t\t\t\t\t<\/span>\n\t\t\t\t\t<\/a>\n\t\t\t\t<\/div>\n\t\t\t\t\t\t\t\t<\/div>\n\t\t\t\t<\/div>\n\t\t\t\t\t<\/div>\n\t\t\t\t<\/div>\n\t\t<div class=\"elementor-element elementor-element-8a2e26f e-flex e-con-boxed e-con e-parent\" data-id=\"8a2e26f\" data-element_type=\"container\" data-e-type=\"container\">\n\t\t\t\t\t<div class=\"e-con-inner\">\n\t\t\t\t<div class=\"elementor-element elementor-element-eb392c7 elementor-widget elementor-widget-heading\" data-id=\"eb392c7\" data-element_type=\"widget\" data-e-type=\"widget\" data-widget_type=\"heading.default\">\n\t\t\t\t<div class=\"elementor-widget-container\">\n\t\t\t\t\t<h3 class=\"elementor-heading-title elementor-size-default\">Entfernung des Hintergrunds <sup>Ai<\/sup><\/h3>\t\t\t\t<\/div>\n\t\t\t\t<\/div>\n\t\t\t\t<div class=\"elementor-element elementor-element-30c5132 elementor-widget elementor-widget-image\" data-id=\"30c5132\" data-element_type=\"widget\" data-e-type=\"widget\" data-widget_type=\"image.default\">\n\t\t\t\t<div class=\"elementor-widget-container\">\n\t\t\t\t\t\t\t\t\t\t\t\t\t\t\t<img fetchpriority=\"high\" decoding=\"async\" width=\"738\" height=\"480\" src=\"https:\/\/fotomagico.com\/wp-content\/uploads\/2023\/03\/Background-Removal-Demo-V2-480p-gif.gif\" class=\"attachment-large size-large wp-image-5781\" alt=\"\" \/>\t\t\t\t\t\t\t\t\t\t\t\t\t\t\t<\/div>\n\t\t\t\t<\/div>\n\t\t\t\t<div class=\"elementor-element elementor-element-781d80f elementor-widget elementor-widget-text-editor\" data-id=\"781d80f\" data-element_type=\"widget\" data-e-type=\"widget\" data-widget_type=\"text-editor.default\">\n\t\t\t\t<div class=\"elementor-widget-container\">\n\t\t\t\t\t\t\t\t\t<p>Die revolution\u00e4re neue Funktion von FotoMagico: Automatische Hintergrundentfernung! Verabschieden Sie sich von stundenlanger, m\u00fchsamer Bearbeitung und freuen Sie sich auf atemberaubende, professionelle Diashows in nur wenigen Minuten.<\/p><p>Mit diesem hochmodernen Tool k\u00f6nnen Sie den Hintergrund eines jeden Bildes mit nur wenigen Klicks m\u00fchelos entfernen. Ganz gleich, ob Sie eine Pr\u00e4sentation, ein Fotoalbum oder ein Video erstellen, das automatische Hintergrundentfernungswerkzeug von FotoMagico verleiht Ihrem Projekt einen ausgefeilten und professionellen Look.<\/p><p>Stellen Sie sich vor, Sie k\u00f6nnten ablenkende Elemente sofort aus Ihren Fotos entfernen und sich auf das Hauptmotiv konzentrieren. Mit der automatischen Hintergrundentfernung von FotoMagico k\u00f6nnen Sie genau das tun! Sie werden erstaunt sein, wie viel Zeit und M\u00fche Sie sparen, so dass Sie mehr Zeit haben, sich auf das Wesentliche zu konzentrieren - die Erstellung beeindruckender Bilder, die Ihr Publikum in ihren Bann ziehen.<\/p><p>Warum also warten? Aktualisieren Sie noch heute auf die neueste Version von FotoMagico und entdecken Sie die M\u00f6glichkeiten der automatischen Hintergrundentfernung. Ihr Publikum wird es Ihnen danken!<\/p>\t\t\t\t\t\t\t\t<\/div>\n\t\t\t\t<\/div>\n\t\t\t\t<div class=\"elementor-element elementor-element-4e88cf2 elementor-align-center elementor-widget elementor-widget-button\" data-id=\"4e88cf2\" data-element_type=\"widget\" data-e-type=\"widget\" data-widget_type=\"button.default\">\n\t\t\t\t<div class=\"elementor-widget-container\">\n\t\t\t\t\t\t\t\t\t<div class=\"elementor-button-wrapper\">\n\t\t\t\t\t<a class=\"elementor-button elementor-button-link elementor-size-sm\" href=\"https:\/\/fotomagico.com\/de-de\/herunterladen\/kostenlose-testversion-2\/\">\n\t\t\t\t\t\t<span class=\"elementor-button-content-wrapper\">\n\t\t\t\t\t\t\t\t\t<span class=\"elementor-button-text\">Teste die Vollversion kostenlos f\u00fcr 14 Tage.<\/span>\n\t\t\t\t\t<\/span>\n\t\t\t\t\t<\/a>\n\t\t\t\t<\/div>\n\t\t\t\t\t\t\t\t<\/div>\n\t\t\t\t<\/div>\n\t\t\t\t\t<\/div>\n\t\t\t\t<\/div>\n\t\t\t\t<\/div>","protected":false},"excerpt":{"rendered":"<p>Ai Tools Looking for a way to save time and streamline your photo and video editing workflow? Dynamic Animations Ai https:\/\/fotomagico.com\/wp-content\/uploads\/2024\/05\/fotomagico_6_6_wordpress.mp4 AI Image Analysis for Dynamic Animations Elevate your slideshow creations with the latest breakthrough from FotoMagico: AI Image Analysis! This innovative feature enhances automatic pan and zoom animations, ensuring that every frame in your [&hellip;]<\/p>\n","protected":false},"author":1,"featured_media":0,"parent":0,"menu_order":0,"comment_status":"closed","ping_status":"closed","template":"","meta":{"_acf_changed":false,"footnotes":""},"class_list":["post-5776","page","type-page","status-publish","hentry"],"acf":[],"_links":{"self":[{"href":"https:\/\/fotomagico.com\/de-de\/wp-json\/wp\/v2\/pages\/5776","targetHints":{"allow":["GET"]}}],"collection":[{"href":"https:\/\/fotomagico.com\/de-de\/wp-json\/wp\/v2\/pages"}],"about":[{"href":"https:\/\/fotomagico.com\/de-de\/wp-json\/wp\/v2\/types\/page"}],"author":[{"embeddable":true,"href":"https:\/\/fotomagico.com\/de-de\/wp-json\/wp\/v2\/users\/1"}],"replies":[{"embeddable":true,"href":"https:\/\/fotomagico.com\/de-de\/wp-json\/wp\/v2\/comments?post=5776"}],"version-history":[{"count":5,"href":"https:\/\/fotomagico.com\/de-de\/wp-json\/wp\/v2\/pages\/5776\/revisions"}],"predecessor-version":[{"id":8335,"href":"https:\/\/fotomagico.com\/de-de\/wp-json\/wp\/v2\/pages\/5776\/revisions\/8335"}],"wp:attachment":[{"href":"https:\/\/fotomagico.com\/de-de\/wp-json\/wp\/v2\/media?parent=5776"}],"curies":[{"name":"wp","href":"https:\/\/api.w.org\/{rel}","templated":true}]}}