{"id":310,"date":"2021-06-16T16:06:39","date_gmt":"2021-06-16T14:06:39","guid":{"rendered":"https:\/\/fotomagico.com\/?page_id=310"},"modified":"2025-06-27T21:15:04","modified_gmt":"2025-06-27T19:15:04","slug":"impressum","status":"publish","type":"page","link":"https:\/\/fotomagico.com\/de-de\/imprint\/","title":{"rendered":"Impressum"},"content":{"rendered":"<div data-elementor-type=\"wp-page\" data-elementor-id=\"310\" class=\"elementor elementor-310\" data-elementor-post-type=\"page\">\n\t\t\t\t\t\t<section class=\"elementor-section elementor-top-section elementor-element elementor-element-4704cf7 elementor-section-boxed elementor-section-height-default elementor-section-height-default\" data-id=\"4704cf7\" data-element_type=\"section\" data-e-type=\"section\">\n\t\t\t\t\t\t<div class=\"elementor-container elementor-column-gap-default\">\n\t\t\t\t\t<div class=\"elementor-column elementor-col-100 elementor-top-column elementor-element elementor-element-daf42c8\" data-id=\"daf42c8\" data-element_type=\"column\" data-e-type=\"column\">\n\t\t\t<div class=\"elementor-widget-wrap elementor-element-populated\">\n\t\t\t\t\t\t<div class=\"elementor-element elementor-element-618aee2 elementor-widget elementor-widget-heading\" data-id=\"618aee2\" data-element_type=\"widget\" data-e-type=\"widget\" data-widget_type=\"heading.default\">\n\t\t\t\t<div class=\"elementor-widget-container\">\n\t\t\t\t\t<h1 class=\"elementor-heading-title elementor-size-default\">Impressum \/ Impressum<\/h1>\t\t\t\t<\/div>\n\t\t\t\t<\/div>\n\t\t\t\t<div class=\"elementor-element elementor-element-40fc16f elementor-widget elementor-widget-heading\" data-id=\"40fc16f\" data-element_type=\"widget\" data-e-type=\"widget\" data-widget_type=\"heading.default\">\n\t\t\t\t<div class=\"elementor-widget-container\">\n\t\t\t\t\t<h3 class=\"elementor-heading-title elementor-size-default\">\u00dcber das Unternehmen<\/h3>\t\t\t\t<\/div>\n\t\t\t\t<\/div>\n\t\t\t\t<div class=\"elementor-element elementor-element-0761286 elementor-widget elementor-widget-text-editor\" data-id=\"0761286\" data-element_type=\"widget\" data-e-type=\"widget\" data-widget_type=\"text-editor.default\">\n\t\t\t\t<div class=\"elementor-widget-container\">\n\t\t\t\t\t\t\t\t\t<p data-renderer-start-pos=\"22\"><strong data-renderer-mark=\"true\">Boinx Software International GmbH<\/strong> ist ein deutsches Unternehmen f\u00fcr Computersoftware mit Sitz in Germering im Gro\u00dfraum M\u00fcnchen. Boinx hat sich in der Vergangenheit auf Software f\u00fcr Plattformen von Apple Inc. spezialisiert. Boinx Software wurde 1996 von den Br\u00fcdern Achim und Oliver Breidenbach gegr\u00fcndet, die ihrer Leidenschaft f\u00fcr Mac-basierte Software folgten. Die Wurzeln des Unternehmens reichen bis ins Jahr 1976 zur\u00fcck, als ihr Vater die ersten Apple I Computer nach Europa brachte, nachdem er Steve Jobs getroffen hatte.<\/p><p data-renderer-start-pos=\"501\">Boinx Software hat durch den Gewinn mehrerer Apple Design Awards f\u00fcr Anwendungen wie BoinxTV, mimoLive, iStopMotion und FotoMagico \u00f6ffentliche Aufmerksamkeit erlangt.<\/p>\t\t\t\t\t\t\t\t<\/div>\n\t\t\t\t<\/div>\n\t\t\t\t<div class=\"elementor-element elementor-element-1ac87b1 elementor-widget elementor-widget-heading\" data-id=\"1ac87b1\" data-element_type=\"widget\" data-e-type=\"widget\" data-widget_type=\"heading.default\">\n\t\t\t\t<div class=\"elementor-widget-container\">\n\t\t\t\t\t<h3 class=\"elementor-heading-title elementor-size-default\">Kontakt<\/h3>\t\t\t\t<\/div>\n\t\t\t\t<\/div>\n\t\t\t\t<div class=\"elementor-element elementor-element-d362aa9 elementor-widget elementor-widget-text-editor\" data-id=\"d362aa9\" data-element_type=\"widget\" data-e-type=\"widget\" data-widget_type=\"text-editor.default\">\n\t\t\t\t<div class=\"elementor-widget-container\">\n\t\t\t\t\t\t\t\t\t<p>Boinx Software International GmbH<br \/>Industriestr. 9<br \/>82110 Germering<br \/>Deutschland<\/p><p><strong>Handelsregister \/ Trade Register<\/strong><br \/>Registergericht M\u00fcnchen, HRB 247307<br \/>Gesch\u00e4ftsf\u00fchrer (CEO): Oliver Breidenbach<\/p><p><strong><br \/>Urheberrecht<br \/><\/strong>Das gesamte Material auf dieser Website ist Copyright \u00a9 by Boinx Software International GmbH.<br \/>Alle Rechte vorbehalten.<br \/><strong><br \/>Markenzeichen<\/strong><\/p><p>Boinx Software und das Boinx Software Logo sind Warenzeichen der Boinx Software International GmbH. Mac und das Mac-Logo sind Marken von Apple Computer, Inc. und in den USA und anderen L\u00e4ndern eingetragen. Apple und das Apple-Logo sind in den USA und anderen L\u00e4ndern eingetragene Warenzeichen von Apple Computer, Inc. und werden mit Genehmigung verwendet.<\/p>\t\t\t\t\t\t\t\t<\/div>\n\t\t\t\t<\/div>\n\t\t\t\t\t<\/div>\n\t\t<\/div>\n\t\t\t\t\t<\/div>\n\t\t<\/section>\n\t\t\t\t<section class=\"elementor-section elementor-top-section elementor-element elementor-element-55af328 elementor-section-boxed elementor-section-height-default elementor-section-height-default\" data-id=\"55af328\" data-element_type=\"section\" data-e-type=\"section\">\n\t\t\t\t\t\t<div class=\"elementor-container elementor-column-gap-default\">\n\t\t\t\t\t<div class=\"elementor-column elementor-col-100 elementor-top-column elementor-element elementor-element-3dd5697\" data-id=\"3dd5697\" data-element_type=\"column\" data-e-type=\"column\">\n\t\t\t<div class=\"elementor-widget-wrap elementor-element-populated\">\n\t\t\t\t\t\t<div class=\"elementor-element elementor-element-9aff0f3 elementor-widget elementor-widget-heading\" data-id=\"9aff0f3\" data-element_type=\"widget\" data-e-type=\"widget\" data-widget_type=\"heading.default\">\n\t\t\t\t<div class=\"elementor-widget-container\">\n\t\t\t\t\t<h3 class=\"elementor-heading-title elementor-size-default\">Konzept &amp; Realisierung<\/h3>\t\t\t\t<\/div>\n\t\t\t\t<\/div>\n\t\t\t\t<div class=\"elementor-element elementor-element-f46a850 elementor-widget elementor-widget-text-editor\" data-id=\"f46a850\" data-element_type=\"widget\" data-e-type=\"widget\" data-widget_type=\"text-editor.default\">\n\t\t\t\t<div class=\"elementor-widget-container\">\n\t\t\t\t\t\t\t\t\t<p>Steffen Skopp<\/p><p><a href=\"https:\/\/klartext-tacheles.de\" target=\"_blank\" rel=\"noopener\">klartext-tacheles.de<\/a><\/p><p>\u00a0<\/p>\t\t\t\t\t\t\t\t<\/div>\n\t\t\t\t<\/div>\n\t\t\t\t<div class=\"elementor-element elementor-element-0541ed7 elementor-widget elementor-widget-heading\" data-id=\"0541ed7\" data-element_type=\"widget\" data-e-type=\"widget\" data-widget_type=\"heading.default\">\n\t\t\t\t<div class=\"elementor-widget-container\">\n\t\t\t\t\t<h3 class=\"elementor-heading-title elementor-size-default\">Gestaltung<\/h3>\t\t\t\t<\/div>\n\t\t\t\t<\/div>\n\t\t\t\t<div class=\"elementor-element elementor-element-b790005 elementor-widget elementor-widget-text-editor\" data-id=\"b790005\" data-element_type=\"widget\" data-e-type=\"widget\" data-widget_type=\"text-editor.default\">\n\t\t\t\t<div class=\"elementor-widget-container\">\n\t\t\t\t\t\t\t\t\t<p>Peter Schlossnikel<\/p><p><a href=\"http:\/\/petriografie.de\" target=\"_blank\" rel=\"noopener\">http:\/\/petriografie.de<\/a><\/p>\t\t\t\t\t\t\t\t<\/div>\n\t\t\t\t<\/div>\n\t\t\t\t\t<\/div>\n\t\t<\/div>\n\t\t\t\t\t<\/div>\n\t\t<\/section>\n\t\t\t\t<\/div>","protected":false},"excerpt":{"rendered":"<p>Imprint \/ Impressum About the company Boinx Software International GmbH is a German computer software company, incorporated in Germering, in the greater Munich metropolitan area. Boinx has been historically specialized in software for Apple Inc. platforms. In 1996 Boinx Software was founded by the brothers Achim and Oliver Breidenbach, following their passion for mac-based software. [&hellip;]<\/p>\n","protected":false},"author":2,"featured_media":0,"parent":0,"menu_order":0,"comment_status":"closed","ping_status":"closed","template":"elementor_header_footer","meta":{"_acf_changed":false,"footnotes":""},"class_list":["post-310","page","type-page","status-publish","hentry"],"acf":[],"_links":{"self":[{"href":"https:\/\/fotomagico.com\/de-de\/wp-json\/wp\/v2\/pages\/310","targetHints":{"allow":["GET"]}}],"collection":[{"href":"https:\/\/fotomagico.com\/de-de\/wp-json\/wp\/v2\/pages"}],"about":[{"href":"https:\/\/fotomagico.com\/de-de\/wp-json\/wp\/v2\/types\/page"}],"author":[{"embeddable":true,"href":"https:\/\/fotomagico.com\/de-de\/wp-json\/wp\/v2\/users\/2"}],"replies":[{"embeddable":true,"href":"https:\/\/fotomagico.com\/de-de\/wp-json\/wp\/v2\/comments?post=310"}],"version-history":[{"count":10,"href":"https:\/\/fotomagico.com\/de-de\/wp-json\/wp\/v2\/pages\/310\/revisions"}],"predecessor-version":[{"id":9325,"href":"https:\/\/fotomagico.com\/de-de\/wp-json\/wp\/v2\/pages\/310\/revisions\/9325"}],"wp:attachment":[{"href":"https:\/\/fotomagico.com\/de-de\/wp-json\/wp\/v2\/media?parent=310"}],"curies":[{"name":"wp","href":"https:\/\/api.w.org\/{rel}","templated":true}]}}