{"id":1653,"date":"2021-10-25T09:34:55","date_gmt":"2021-10-25T07:34:55","guid":{"rendered":"https:\/\/fotomagico.com\/?page_id=1653"},"modified":"2021-10-25T09:34:55","modified_gmt":"2021-10-25T07:34:55","slug":"aktualisieren","status":"publish","type":"page","link":"https:\/\/fotomagico.com\/de-de\/support\/upgrade\/","title":{"rendered":"Upgrade"},"content":{"rendered":"<div data-elementor-type=\"wp-page\" data-elementor-id=\"1653\" class=\"elementor elementor-1653\" data-elementor-post-type=\"page\">\n\t\t\t\t\t\t<section class=\"elementor-section elementor-top-section elementor-element elementor-element-5629150 elementor-section-boxed elementor-section-height-default elementor-section-height-default\" data-id=\"5629150\" data-element_type=\"section\" data-e-type=\"section\">\n\t\t\t\t\t\t<div class=\"elementor-container elementor-column-gap-default\">\n\t\t\t\t\t<div class=\"elementor-column elementor-col-100 elementor-top-column elementor-element elementor-element-e35002d\" data-id=\"e35002d\" data-element_type=\"column\" data-e-type=\"column\">\n\t\t\t<div class=\"elementor-widget-wrap elementor-element-populated\">\n\t\t\t\t\t\t<div class=\"elementor-element elementor-element-e706914 elementor-widget elementor-widget-heading\" data-id=\"e706914\" data-element_type=\"widget\" data-e-type=\"widget\" data-widget_type=\"heading.default\">\n\t\t\t\t<div class=\"elementor-widget-container\">\n\t\t\t\t\t<h1 class=\"elementor-heading-title elementor-size-default\">Upgrade- und Update-Richtlinie<\/h1>\t\t\t\t<\/div>\n\t\t\t\t<\/div>\n\t\t\t\t<div class=\"elementor-element elementor-element-fd9882a elementor-widget elementor-widget-text-editor\" data-id=\"fd9882a\" data-element_type=\"widget\" data-e-type=\"widget\" data-widget_type=\"text-editor.default\">\n\t\t\t\t<div class=\"elementor-widget-container\">\n\t\t\t\t\t\t\t\t\t<h3>Wichtige Releases oder Upgrades<\/h3><p>Ein Major Release, auch bekannt als Upgrade, ist eine allgemein verf\u00fcgbare Version der Software, die funktionale Verbesserungen und Erweiterungen sowie Korrekturen f\u00fcr Fehler mit hohem Schweregrad und hoher Priorit\u00e4t enth\u00e4lt und von Boinx Software durch eine \u00c4nderung der Ziffer links vom ersten Dezimalpunkt gekennzeichnet wird. FotoMagico 6 ist eine Hauptversion. F\u00fcr den Umstieg von fr\u00fcheren Versionen ist ein Upgrade obligatorisch.\u00a0<\/p>\t\t\t\t\t\t\t\t<\/div>\n\t\t\t\t<\/div>\n\t\t\t\t<div class=\"elementor-element elementor-element-ce07e8f elementor-widget elementor-widget-text-editor\" data-id=\"ce07e8f\" data-element_type=\"widget\" data-e-type=\"widget\" data-widget_type=\"text-editor.default\">\n\t\t\t\t<div class=\"elementor-widget-container\">\n\t\t\t\t\t\t\t\t\t<h3><span style=\"letter-spacing: 0px;\">Die Zukunft von Updates und Upgrades<\/span><\/h3><p><span style=\"color: #333333; font-size: 20px; font-weight: 200; letter-spacing: 0px;\">FotoMagico 6 ist das letzte gro\u00dfe Update. Ab FotoMagico 6 wird es keine gr\u00f6\u00dferen Upgrades mehr geben. FotoMagico 6 wird zu FotoMagico.<\/span><\/p><p><span style=\"color: #333333; font-size: 20px; font-weight: 200; letter-spacing: 0px;\">Das neue Abonnement enth\u00e4lt immer die Lizenz der neuesten Version. Kunden k\u00f6nnen immer mit der aktuellsten Version arbeiten. Regelm\u00e4\u00dfige Updates erh\u00f6hen den Funktionsumfang, die Sicherheit und erhalten die Stabilit\u00e4t sowie die Kompatibilit\u00e4t mit dem neuesten macOS und iOS. Das neue Abonnement ist ein risikofreies Lizenzmodell f\u00fcr Kunden und bringt viele Vorteile. Lesen Sie mehr \u00fcber das <a href=\"https:\/\/fotomagico.com\/de-de\/benefits-of-subscription-license\/\">Vorteile von Abonnementlizenzen<\/a>.<\/span><\/p>\t\t\t\t\t\t\t\t<\/div>\n\t\t\t\t<\/div>\n\t\t\t\t\t<\/div>\n\t\t<\/div>\n\t\t\t\t\t<\/div>\n\t\t<\/section>\n\t\t\t\t<\/div>","protected":false},"excerpt":{"rendered":"<p>Upgrade and Update Policy Major Releases or Upgrades A Major Release, also known as an Upgrade, is a generally available release of the Software that contains functional enhancements and extensions, fixes for high severity and high priority bugs, and is designated by Boinx Software by means of a change in the digit to the left [&hellip;]<\/p>\n","protected":false},"author":2,"featured_media":0,"parent":457,"menu_order":0,"comment_status":"closed","ping_status":"closed","template":"","meta":{"_acf_changed":false,"footnotes":""},"class_list":["post-1653","page","type-page","status-publish","hentry"],"acf":[],"_links":{"self":[{"href":"https:\/\/fotomagico.com\/de-de\/wp-json\/wp\/v2\/pages\/1653","targetHints":{"allow":["GET"]}}],"collection":[{"href":"https:\/\/fotomagico.com\/de-de\/wp-json\/wp\/v2\/pages"}],"about":[{"href":"https:\/\/fotomagico.com\/de-de\/wp-json\/wp\/v2\/types\/page"}],"author":[{"embeddable":true,"href":"https:\/\/fotomagico.com\/de-de\/wp-json\/wp\/v2\/users\/2"}],"replies":[{"embeddable":true,"href":"https:\/\/fotomagico.com\/de-de\/wp-json\/wp\/v2\/comments?post=1653"}],"version-history":[{"count":0,"href":"https:\/\/fotomagico.com\/de-de\/wp-json\/wp\/v2\/pages\/1653\/revisions"}],"up":[{"embeddable":true,"href":"https:\/\/fotomagico.com\/de-de\/wp-json\/wp\/v2\/pages\/457"}],"wp:attachment":[{"href":"https:\/\/fotomagico.com\/de-de\/wp-json\/wp\/v2\/media?parent=1653"}],"curies":[{"name":"wp","href":"https:\/\/api.w.org\/{rel}","templated":true}]}}