{"id":1323,"date":"2021-10-20T12:01:49","date_gmt":"2021-10-20T10:01:49","guid":{"rendered":"https:\/\/fotomagico.com\/?page_id=1323"},"modified":"2024-08-09T10:44:40","modified_gmt":"2024-08-09T08:44:40","slug":"vorteile-der-abonnement-lizenz","status":"publish","type":"page","link":"https:\/\/fotomagico.com\/de-de\/benefits-of-access-based-licences\/","title":{"rendered":"Vorteile von Access-Based-Lizenzen"},"content":{"rendered":"<div data-elementor-type=\"wp-page\" data-elementor-id=\"1323\" class=\"elementor elementor-1323\" data-elementor-post-type=\"page\">\n\t\t\t\t<div class=\"elementor-element elementor-element-87dd49c e-flex e-con-boxed e-con e-parent\" data-id=\"87dd49c\" data-element_type=\"container\" data-e-type=\"container\">\n\t\t\t\t\t<div class=\"e-con-inner\">\n\t\t<div class=\"elementor-element elementor-element-10c9c3a e-con-full e-flex e-con e-child\" data-id=\"10c9c3a\" data-element_type=\"container\" data-e-type=\"container\">\n\t\t\t\t<div class=\"elementor-element elementor-element-a35297b elementor-widget elementor-widget-heading\" data-id=\"a35297b\" data-element_type=\"widget\" data-e-type=\"widget\" data-widget_type=\"heading.default\">\n\t\t\t\t<div class=\"elementor-widget-container\">\n\t\t\t\t\t<h1 class=\"elementor-heading-title elementor-size-default\">Vorteile von Access-basierten Lizenzen<\/h1>\t\t\t\t<\/div>\n\t\t\t\t<\/div>\n\t\t\t\t<div class=\"elementor-element elementor-element-6f743df elementor-widget elementor-widget-text-editor\" data-id=\"6f743df\" data-element_type=\"widget\" data-e-type=\"widget\" data-widget_type=\"text-editor.default\">\n\t\t\t\t<div class=\"elementor-widget-container\">\n\t\t\t\t\t\t\t\t\t<p>Wir freuen uns, die Ver\u00f6ffentlichung von FotoMagico 6 ank\u00fcndigen zu k\u00f6nnen, das eine Vielzahl neuer Funktionen enth\u00e4lt. Wir m\u00f6chten die Gelegenheit nutzen, um zu erkl\u00e4ren, warum wir uns f\u00fcr ein zugangsbasiertes Lizenzmodell entschieden haben.&nbsp;<\/p>\t\t\t\t\t\t\t\t<\/div>\n\t\t\t\t<\/div>\n\t\t\t\t<div class=\"elementor-element elementor-element-c620281 elementor-widget elementor-widget-heading\" data-id=\"c620281\" data-element_type=\"widget\" data-e-type=\"widget\" data-widget_type=\"heading.default\">\n\t\t\t\t<div class=\"elementor-widget-container\">\n\t\t\t\t\t<h3 class=\"elementor-heading-title elementor-size-default\">Entdecken Sie die Vorteile, nur f\u00fcr den Zugang zu FotoMagico zu zahlen, wenn Sie ihn brauchen: Das optimale Modell f\u00fcr Nutzer<\/h3>\t\t\t\t<\/div>\n\t\t\t\t<\/div>\n\t\t\t\t<div class=\"elementor-element elementor-element-f2cf732 elementor-widget elementor-widget-text-editor\" data-id=\"f2cf732\" data-element_type=\"widget\" data-e-type=\"widget\" data-widget_type=\"text-editor.default\">\n\t\t\t\t<div class=\"elementor-widget-container\">\n\t\t\t\t\t\t\t\t\t<p data-renderer-start-pos=\"1\">In den letzten Jahren haben sich die Lizenzierungsmodelle f\u00fcr Software ver\u00e4ndert. Das alte Modell, das auf der Verteilung von Datentr\u00e4gern und Handb\u00fcchern in Papierform f\u00fcr relativ kleine und einfache Anwendungen basierte, st\u00fctzte sich auf h\u00e4ufig bezahlte Aktualisierungszyklen, um den Benutzern neue Funktionen, Fehlerbehebungen und Kompatibilit\u00e4tsaktualisierungen \u00fcber den physischen Versand neuer Installations-CDs zur Verf\u00fcgung zu stellen.\u00a0<\/p>\n<h4>Keine kostenpflichtigen Upgrades mehr, kein erneuter Kauf und keine Angst, neue Funktionen zu verpassen<\/h4>\n<p data-renderer-start-pos=\"356\">Heutzutage bietet das Internet eine schnelle und effiziente M\u00f6glichkeit zur Verteilung von Updates, die regelm\u00e4\u00dfiger durchgef\u00fchrt werden k\u00f6nnen und die Benutzer mit Fehlerbehebungen, neuen Funktionen und Unterst\u00fctzung f\u00fcr neue Hardware, Betriebssysteme und Software versorgen, sobald diese verf\u00fcgbar sind. Dies ist auch notwendig, da Ihre Computerumgebung viel komplexer ist und sich viel schneller als je zuvor \u00e4ndert.\u00a0<\/p>\n<p data-renderer-start-pos=\"703\">Pay-per-Use-Abonnements sind das Gesch\u00e4ftsmodell, das diese neue Welt aufrechterh\u00e4lt, und es gibt viele M\u00f6glichkeiten, wie Sie, die Nutzer, von diesem neuen Modell profitieren k\u00f6nnen:<\/p>\n<h4 data-renderer-start-pos=\"859\">Sie zahlen nur f\u00fcr die Zeit, in der Sie die Software nutzen<\/h4>\n<p data-renderer-start-pos=\"907\">Wenn Sie ein regelm\u00e4\u00dfiger Nutzer sind, stellt das Abonnement sicher, dass Sie immer eine g\u00fcltige Lizenz und Zugang zu den neuesten Versionen der Anwendung haben und mit Ihren System-Updates, neuer Hardware und \u00c4nderungen an den von Ihnen verwendeten Online-Plattformen Schritt halten k\u00f6nnen.\u00a0<\/p>\n<p data-renderer-start-pos=\"1162\">Wenn Sie die Anwendung nur gelegentlich nutzen, k\u00f6nnen Sie viel Geld sparen, indem Sie nur eine Lizenz f\u00fcr die Zeit erwerben, in der Sie die Software tats\u00e4chlich nutzen.<\/p>\n<p data-renderer-start-pos=\"1313\">Es l\u00e4uft alles darauf hinaus: Es ist billiger, pro Nutzung zu zahlen als im Voraus f\u00fcr einen unbestimmten Zeitraum.<\/p>\n<h4 data-renderer-start-pos=\"1422\">Sie sparen durch das effizientere Vertriebsmodell<\/h4>\n<p data-renderer-start-pos=\"1475\">Sie zahlen nicht mehr f\u00fcr den Vertriebsweg, den Druck, die Verpackung, die Produktion von Disketten oder CDs usw. Dies machte fr\u00fcher in manchen F\u00e4llen mehr als 50% des Einzelhandelspreises aus.<\/p>\n<p data-renderer-start-pos=\"1657\">Au\u00dferdem sind die Kosten f\u00fcr die eigentliche Zahlungsabwicklung wesentlich geringer, da sich die Kreditkartenunternehmen auf die Bearbeitung kleinerer Zahlungen in gr\u00f6\u00dferem Umfang eingestellt haben. All dies macht die Nutzung der Software heutzutage sehr viel erschwinglicher.<\/p>\n<h4 data-renderer-start-pos=\"1875\">Sie sind immer auf dem neuesten Stand der Technik\u00a0<\/h4>\n<p data-renderer-start-pos=\"1929\">Sie k\u00f6nnen sicher sein, dass die Software mit der Aktualisierung anderer Anwendungen, der sich st\u00e4ndig \u00e4ndernden Online-Plattformen, Ihres Betriebssystems und Ihrer Ausr\u00fcstung Schritt h\u00e4lt. Tats\u00e4chlich gibt es sogar keine FotoMagico Version 6 mehr! Mit einem Abo-Modell erwerben Sie die neueste Version und bleiben immer auf dem neuesten Stand. Es gibt keine kommende Version 7 oder 8, f\u00fcr die Sie upgraden und bezahlen m\u00fcssen. Wir z\u00e4hlen nur die Versionsnummer bei jeder Ver\u00f6ffentlichung, f\u00fcr Dokumentations-, Support- und Fehlerbehebungszwecke, und Sie bleiben immer auf dem neuesten Stand.\u00a0<\/p>\n<h4 data-renderer-start-pos=\"2116\">Sie tragen ein geringeres Risiko<\/h4>\n<p data-renderer-start-pos=\"2140\">Wenn der Anbieter einer Anwendung nicht mehr in der Lage ist, Aktualisierungen bereitzustellen, k\u00f6nnen Sie die Anwendung nicht mehr nutzen und m\u00fcssen auch nicht mehr daf\u00fcr bezahlen. Sie haben also keine gro\u00dfe Vorabinvestition get\u00e4tigt, die Sie nie nutzen k\u00f6nnen.<\/p>\n<h4 data-renderer-start-pos=\"2342\">Ihre Kosten sind vorhersehbar<\/h4>\n<p data-renderer-start-pos=\"2370\">Mit dem Pay-per-Use-Abonnementmodell wissen Sie, wann die n\u00e4chste (kleine) Zahlung f\u00e4llig ist, und es gibt keine versteckten Kosten in Form von \u00fcberraschenden Upgrade-Geb\u00fchren, damit die App mit einem neuen Betriebssystem funktioniert oder eine neue Kamera unterst\u00fctzt. \"Lizenzen auf Lebenszeit\" gab es nie wirklich. Wenn man auf ein neues Betriebssystem oder einen neuen Computer umstieg, musste man ein Upgrade kaufen, um eine funktionierende Version der Anwendung zu erhalten. Die Kosten f\u00fcr dieses Upgrade waren oft im Voraus nicht bekannt und wurden in unregelm\u00e4\u00dfigen Abst\u00e4nden erhoben.<\/p>\n<p data-renderer-start-pos=\"2868\">Dies ist umso besser, wenn Sie ein Unternehmen haben. Die Verteilung der Kosten \u00fcber die Nutzungsdauer einer Anlage hilft beim Cashflow und bei der Unternehmensplanung.<\/p>\n<h4 data-renderer-start-pos=\"3010\">Viele andere Dinge in Ihrem Leben funktionieren auf diese Weise, wahrscheinlich auch Ihr eigenes Einkommen.<\/h4>\n<p data-renderer-start-pos=\"3096\">Sie haben bereits viele andere Dinge in Ihrem Leben, die nach Verbrauch bezahlt werden. Sie mieten eine Wohnung oder zahlen eine Hypothek, Sie fahren ein Auto (und zahlen f\u00fcr Benzin oder Strom w\u00e4hrend der Fahrt), Netflix, Ihr Kabelfernsehen, Ihr Telefon - all diese Dinge genie\u00dfen Sie auf monatlicher Basis. Manche Leute leasen sogar ihre Computer, um sich ein besseres und schnelleres System leisten zu k\u00f6nnen.<\/p>\n<p data-renderer-start-pos=\"3447\">Und schlie\u00dflich, wenn Sie wie die meisten Menschen ein mehr oder weniger regelm\u00e4\u00dfiges Einkommen haben, bedenken Sie bitte auch alle Vorteile, die Sie haben, wenn Sie selbst \"nach Verbrauch\" bezahlt werden.<\/p>\t\t\t\t\t\t\t\t<\/div>\n\t\t\t\t<\/div>\n\t\t\t\t<\/div>\n\t\t\t\t\t<\/div>\n\t\t\t\t<\/div>\n\t\t\t\t<\/div>","protected":false},"excerpt":{"rendered":"<p>Benefits of Access-based licenses We are excited to announce the release of FotoMagico 6, which includes a variety of new features. We want to take the opportunity to explain why we have chosen to move towards a access-based license model.&nbsp; Discover the Benefits of only paying for access FotoMagico when you need it: The Optimal [&hellip;]<\/p>\n","protected":false},"author":2,"featured_media":0,"parent":0,"menu_order":0,"comment_status":"closed","ping_status":"closed","template":"","meta":{"_acf_changed":false,"footnotes":""},"class_list":["post-1323","page","type-page","status-publish","hentry"],"acf":[],"_links":{"self":[{"href":"https:\/\/fotomagico.com\/de-de\/wp-json\/wp\/v2\/pages\/1323","targetHints":{"allow":["GET"]}}],"collection":[{"href":"https:\/\/fotomagico.com\/de-de\/wp-json\/wp\/v2\/pages"}],"about":[{"href":"https:\/\/fotomagico.com\/de-de\/wp-json\/wp\/v2\/types\/page"}],"author":[{"embeddable":true,"href":"https:\/\/fotomagico.com\/de-de\/wp-json\/wp\/v2\/users\/2"}],"replies":[{"embeddable":true,"href":"https:\/\/fotomagico.com\/de-de\/wp-json\/wp\/v2\/comments?post=1323"}],"version-history":[{"count":5,"href":"https:\/\/fotomagico.com\/de-de\/wp-json\/wp\/v2\/pages\/1323\/revisions"}],"predecessor-version":[{"id":8797,"href":"https:\/\/fotomagico.com\/de-de\/wp-json\/wp\/v2\/pages\/1323\/revisions\/8797"}],"wp:attachment":[{"href":"https:\/\/fotomagico.com\/de-de\/wp-json\/wp\/v2\/media?parent=1323"}],"curies":[{"name":"wp","href":"https:\/\/api.w.org\/{rel}","templated":true}]}}